{"id":21209,"date":"2025-02-10T12:54:31","date_gmt":"2025-02-10T11:54:31","guid":{"rendered":"https:\/\/starmodul.com\/?post_type=product&#038;p=21209"},"modified":"2025-11-17T11:04:18","modified_gmt":"2025-11-17T10:04:18","slug":"alpendre-4-x-4-metros-1-pendente-pilares-tubo-10x10-copia-copia-2","status":"publish","type":"product","link":"https:\/\/starmodul.com\/pt-pt\/alpendre-4-x-4-metros-1-pendente-pilares-tubo-10x10-copia-copia-2\/","title":{"rendered":"Amplia\u00e7\u00e3o &#8211; 1 Pista &#8211; Pilares (Tubo 10&#215;10)"},"content":{"rendered":"<p><span style=\"font-weight: 400;\">O teu <\/span><b>Kit de inicia\u00e7\u00e3o<\/b><span style=\"font-weight: 400;\"> inclui tudo o que precisas para montar uma estrutura b\u00e1sica e funcional numa s\u00f3 \u00e1gua, com materiais de alta qualidade e um design optimizado para facilitar a instala\u00e7\u00e3o.<\/span><\/p>\n<h4><b>Componentes do kit de inicia\u00e7\u00e3o:<\/b><\/h4>\n<ul>\n<li style=\"font-weight: 400;\" aria-level=\"1\"><b>Juntas patenteadas Starmodul<\/b><span style=\"font-weight: 400;\">: Concebidas para garantir uma liga\u00e7\u00e3o firme sem necessidade de soldadura.<\/span><\/li>\n<li style=\"font-weight: 400;\" aria-level=\"1\"><b>Perfis estruturais<\/b><span style=\"font-weight: 400;\">Fabricados em a\u00e7o galvanizado de alta resist\u00eancia, cortados \u00e0 medida.<\/span><\/li>\n<li style=\"font-weight: 400;\" aria-level=\"1\"><b>Parafusos de fixa\u00e7\u00e3o<\/b><span style=\"font-weight: 400;\">Inclui todos os elementos necess\u00e1rios para a montagem da estrutura.<\/span><\/li>\n<li style=\"font-weight: 400;\" aria-level=\"1\"><b>Instru\u00e7\u00f5es de montagem<\/b><span style=\"font-weight: 400;\">Um guia passo a passo para garantir uma montagem r\u00e1pida e eficiente.<\/span><\/li>\n<\/ul>\n","protected":false},"excerpt":{"rendered":"<div class=\"shortcode-left\">\n<div class=\"shortcode\">[3d_viewer id=\"21137\"]<\/div>\n<\/div>\n","protected":false},"featured_media":21216,"comment_status":"open","ping_status":"closed","template":"","meta":[],"product_brand":[],"product_cat":[276,262,261],"product_tag":[],"class_list":{"0":"post-21209","1":"product","2":"type-product","3":"status-publish","4":"has-post-thumbnail","6":"product_cat-inclinacao-da-estrutura-1","7":"product_cat-kit-perfis-10x10-cm","8":"product_cat-kit-de-estruturas","10":"first","11":"instock","12":"taxable","13":"shipping-taxable","14":"purchasable","15":"product-type-easy_product_bundle"},"_links":{"self":[{"href":"https:\/\/starmodul.com\/pt-pt\/wp-json\/wp\/v2\/product\/21209","targetHints":{"allow":["GET"]}}],"collection":[{"href":"https:\/\/starmodul.com\/pt-pt\/wp-json\/wp\/v2\/product"}],"about":[{"href":"https:\/\/starmodul.com\/pt-pt\/wp-json\/wp\/v2\/types\/product"}],"replies":[{"embeddable":true,"href":"https:\/\/starmodul.com\/pt-pt\/wp-json\/wp\/v2\/comments?post=21209"}],"version-history":[{"count":0,"href":"https:\/\/starmodul.com\/pt-pt\/wp-json\/wp\/v2\/product\/21209\/revisions"}],"wp:featuredmedia":[{"embeddable":true,"href":"https:\/\/starmodul.com\/pt-pt\/wp-json\/wp\/v2\/media\/21216"}],"wp:attachment":[{"href":"https:\/\/starmodul.com\/pt-pt\/wp-json\/wp\/v2\/media?parent=21209"}],"wp:term":[{"taxonomy":"product_brand","embeddable":true,"href":"https:\/\/starmodul.com\/pt-pt\/wp-json\/wp\/v2\/product_brand?post=21209"},{"taxonomy":"product_cat","embeddable":true,"href":"https:\/\/starmodul.com\/pt-pt\/wp-json\/wp\/v2\/product_cat?post=21209"},{"taxonomy":"product_tag","embeddable":true,"href":"https:\/\/starmodul.com\/pt-pt\/wp-json\/wp\/v2\/product_tag?post=21209"}],"curies":[{"name":"wp","href":"https:\/\/api.w.org\/{rel}","templated":true}]}}