{"id":11851,"date":"2023-01-05T03:54:42","date_gmt":"2023-01-05T02:54:42","guid":{"rendered":"https:\/\/starmodul.com\/0055-06-peca-de-uniao-tipo-t-saida-reta-5x5cm\/"},"modified":"2024-02-09T13:25:53","modified_gmt":"2024-02-09T12:25:53","slug":"0055-06-peca-de-uniao-tipo-t-saida-reta-5x5cm","status":"publish","type":"product","link":"https:\/\/starmodul.com\/pt-pt\/0055-06-peca-de-uniao-tipo-t-saida-reta-5x5cm\/","title":{"rendered":"0055-06 Pe\u00e7a de uni\u00e3o tipo T &#8211; Sa\u00edda reta &#8211; 5x5cm"},"content":{"rendered":"<p>0055-06 Pe\u00e7a de uni\u00e3o tipo T &#8211; Sa\u00edda reta \/ Tamanho do tubo: 5,00 cm x 5,00 cm<\/p>\n","protected":false},"excerpt":{"rendered":"[3d_viewer id=\"3954\"]\n","protected":false},"featured_media":1438,"comment_status":"open","ping_status":"closed","template":"","meta":[],"product_brand":[],"product_cat":[204,193,180],"product_tag":[],"class_list":{"0":"post-11851","1":"product","2":"type-product","3":"status-publish","4":"has-post-thumbnail","6":"product_cat-acessorios-para-tubos-5x5-cm-com-alhetas","7":"product_cat-juntas-aparafusadas-com-aletas","8":"product_cat-juntas-aparafusadas-para-estruturas-de-aco","10":"first","11":"instock","12":"taxable","13":"shipping-taxable","14":"purchasable","15":"product-type-simple"},"_links":{"self":[{"href":"https:\/\/starmodul.com\/pt-pt\/wp-json\/wp\/v2\/product\/11851","targetHints":{"allow":["GET"]}}],"collection":[{"href":"https:\/\/starmodul.com\/pt-pt\/wp-json\/wp\/v2\/product"}],"about":[{"href":"https:\/\/starmodul.com\/pt-pt\/wp-json\/wp\/v2\/types\/product"}],"replies":[{"embeddable":true,"href":"https:\/\/starmodul.com\/pt-pt\/wp-json\/wp\/v2\/comments?post=11851"}],"version-history":[{"count":0,"href":"https:\/\/starmodul.com\/pt-pt\/wp-json\/wp\/v2\/product\/11851\/revisions"}],"wp:featuredmedia":[{"embeddable":true,"href":"https:\/\/starmodul.com\/pt-pt\/wp-json\/wp\/v2\/media\/1438"}],"wp:attachment":[{"href":"https:\/\/starmodul.com\/pt-pt\/wp-json\/wp\/v2\/media?parent=11851"}],"wp:term":[{"taxonomy":"product_brand","embeddable":true,"href":"https:\/\/starmodul.com\/pt-pt\/wp-json\/wp\/v2\/product_brand?post=11851"},{"taxonomy":"product_cat","embeddable":true,"href":"https:\/\/starmodul.com\/pt-pt\/wp-json\/wp\/v2\/product_cat?post=11851"},{"taxonomy":"product_tag","embeddable":true,"href":"https:\/\/starmodul.com\/pt-pt\/wp-json\/wp\/v2\/product_tag?post=11851"}],"curies":[{"name":"wp","href":"https:\/\/api.w.org\/{rel}","templated":true}]}}