{"id":11770,"date":"2023-01-05T03:54:54","date_gmt":"2023-01-05T02:54:54","guid":{"rendered":"https:\/\/starmodul.com\/0105-10-junta-em-t-duplo-inclinacao-de-saida-reta-10x5cm-a-pedido\/"},"modified":"2024-02-09T13:22:39","modified_gmt":"2024-02-09T12:22:39","slug":"0105-10-junta-em-t-duplo-inclinacao-de-saida-reta-10x5cm-a-pedido","status":"publish","type":"product","link":"https:\/\/starmodul.com\/pt-pt\/0105-10-junta-em-t-duplo-inclinacao-de-saida-reta-10x5cm-a-pedido\/","title":{"rendered":"0105-10 Junta em T duplo &#8211; Inclina\u00e7\u00e3o de sa\u00edda reta &#8211; 10x5cm (a pedido)"},"content":{"rendered":"<p>0105-10 T\u00ea duplo &#8211; Inclina\u00e7\u00e3o de sa\u00edda reta. \/ Tamanho do tubo: 10cmx5cm<\/p>\n","protected":false},"excerpt":{"rendered":"[3d_viewer id=\"4381\"]\n","protected":false},"featured_media":1488,"comment_status":"open","ping_status":"closed","template":"","meta":[],"product_brand":[],"product_cat":[200,193,180],"product_tag":[],"class_list":{"0":"post-11770","1":"product","2":"type-product","3":"status-publish","4":"has-post-thumbnail","6":"product_cat-conectores-de-tubo-10x5-cm-com-alhetas","7":"product_cat-juntas-aparafusadas-com-aletas","8":"product_cat-juntas-aparafusadas-para-estruturas-de-aco","10":"first","11":"instock","12":"taxable","13":"shipping-taxable","14":"purchasable","15":"product-type-simple"},"_links":{"self":[{"href":"https:\/\/starmodul.com\/pt-pt\/wp-json\/wp\/v2\/product\/11770","targetHints":{"allow":["GET"]}}],"collection":[{"href":"https:\/\/starmodul.com\/pt-pt\/wp-json\/wp\/v2\/product"}],"about":[{"href":"https:\/\/starmodul.com\/pt-pt\/wp-json\/wp\/v2\/types\/product"}],"replies":[{"embeddable":true,"href":"https:\/\/starmodul.com\/pt-pt\/wp-json\/wp\/v2\/comments?post=11770"}],"version-history":[{"count":0,"href":"https:\/\/starmodul.com\/pt-pt\/wp-json\/wp\/v2\/product\/11770\/revisions"}],"wp:featuredmedia":[{"embeddable":true,"href":"https:\/\/starmodul.com\/pt-pt\/wp-json\/wp\/v2\/media\/1488"}],"wp:attachment":[{"href":"https:\/\/starmodul.com\/pt-pt\/wp-json\/wp\/v2\/media?parent=11770"}],"wp:term":[{"taxonomy":"product_brand","embeddable":true,"href":"https:\/\/starmodul.com\/pt-pt\/wp-json\/wp\/v2\/product_brand?post=11770"},{"taxonomy":"product_cat","embeddable":true,"href":"https:\/\/starmodul.com\/pt-pt\/wp-json\/wp\/v2\/product_cat?post=11770"},{"taxonomy":"product_tag","embeddable":true,"href":"https:\/\/starmodul.com\/pt-pt\/wp-json\/wp\/v2\/product_tag?post=11770"}],"curies":[{"name":"wp","href":"https:\/\/api.w.org\/{rel}","templated":true}]}}