{"id":11598,"date":"2023-01-05T03:55:16","date_gmt":"2023-01-05T02:55:16","guid":{"rendered":"https:\/\/starmodul.com\/1010-21-peca-de-juncao-de-tubos-10x10cm\/"},"modified":"2024-02-09T13:17:06","modified_gmt":"2024-02-09T12:17:06","slug":"1010-21-peca-de-juncao-de-tubos-10x10cm","status":"publish","type":"product","link":"https:\/\/starmodul.com\/pt-pt\/1010-21-peca-de-juncao-de-tubos-10x10cm\/","title":{"rendered":"1010-21 Pe\u00e7a de jun\u00e7\u00e3o de tubos &#8211; 10x10cm"},"content":{"rendered":"<p>1010-21 Conector de tubo \/ Tamanho do tubo: 10,00 cm x 10,00 cm<\/p>\n","protected":false},"excerpt":{"rendered":"[3d_viewer id=\"4326\"]\n","protected":false},"featured_media":1596,"comment_status":"open","ping_status":"closed","template":"","meta":[],"product_brand":[],"product_cat":[194,193,180],"product_tag":[],"class_list":{"0":"post-11598","1":"product","2":"type-product","3":"status-publish","4":"has-post-thumbnail","6":"product_cat-conectores-de-tubo-10x10-cm-com-alhetas","7":"product_cat-juntas-aparafusadas-com-aletas","8":"product_cat-juntas-aparafusadas-para-estruturas-de-aco","10":"first","11":"instock","12":"taxable","13":"shipping-taxable","14":"purchasable","15":"product-type-simple"},"_links":{"self":[{"href":"https:\/\/starmodul.com\/pt-pt\/wp-json\/wp\/v2\/product\/11598","targetHints":{"allow":["GET"]}}],"collection":[{"href":"https:\/\/starmodul.com\/pt-pt\/wp-json\/wp\/v2\/product"}],"about":[{"href":"https:\/\/starmodul.com\/pt-pt\/wp-json\/wp\/v2\/types\/product"}],"replies":[{"embeddable":true,"href":"https:\/\/starmodul.com\/pt-pt\/wp-json\/wp\/v2\/comments?post=11598"}],"version-history":[{"count":0,"href":"https:\/\/starmodul.com\/pt-pt\/wp-json\/wp\/v2\/product\/11598\/revisions"}],"wp:featuredmedia":[{"embeddable":true,"href":"https:\/\/starmodul.com\/pt-pt\/wp-json\/wp\/v2\/media\/1596"}],"wp:attachment":[{"href":"https:\/\/starmodul.com\/pt-pt\/wp-json\/wp\/v2\/media?parent=11598"}],"wp:term":[{"taxonomy":"product_brand","embeddable":true,"href":"https:\/\/starmodul.com\/pt-pt\/wp-json\/wp\/v2\/product_brand?post=11598"},{"taxonomy":"product_cat","embeddable":true,"href":"https:\/\/starmodul.com\/pt-pt\/wp-json\/wp\/v2\/product_cat?post=11598"},{"taxonomy":"product_tag","embeddable":true,"href":"https:\/\/starmodul.com\/pt-pt\/wp-json\/wp\/v2\/product_tag?post=11598"}],"curies":[{"name":"wp","href":"https:\/\/api.w.org\/{rel}","templated":true}]}}