{"id":11597,"date":"2023-01-05T03:55:17","date_gmt":"2023-01-05T02:55:17","guid":{"rendered":"https:\/\/starmodul.com\/1010-24-tubo-superior-pendente-tipo-t-de-peca-de-uniao-10x10cm\/"},"modified":"2024-02-09T13:14:06","modified_gmt":"2024-02-09T12:14:06","slug":"1010-24-tubo-superior-pendente-tipo-t-de-peca-de-uniao-10x10cm","status":"publish","type":"product","link":"https:\/\/starmodul.com\/pt-pt\/1010-24-tubo-superior-pendente-tipo-t-de-peca-de-uniao-10x10cm\/","title":{"rendered":"1010-24 Tubo superior pendente tipo T de pe\u00e7a de uni\u00e3o &#8211; 10x10cm"},"content":{"rendered":"<p>1010-24 Tubo superior pendente tipo T de pe\u00e7a de uni\u00e3o \/ Tamanho do tubo: 10,00 cm x 10,00 cm<\/p>\n","protected":false},"excerpt":{"rendered":"[3d_viewer id=\"4333\"]\n","protected":false},"featured_media":1602,"comment_status":"open","ping_status":"closed","template":"","meta":[],"product_brand":[],"product_cat":[194,193,180],"product_tag":[],"class_list":{"0":"post-11597","1":"product","2":"type-product","3":"status-publish","4":"has-post-thumbnail","6":"product_cat-conectores-de-tubo-10x10-cm-com-alhetas","7":"product_cat-juntas-aparafusadas-com-aletas","8":"product_cat-juntas-aparafusadas-para-estruturas-de-aco","10":"first","11":"instock","12":"taxable","13":"shipping-taxable","14":"purchasable","15":"product-type-simple"},"_links":{"self":[{"href":"https:\/\/starmodul.com\/pt-pt\/wp-json\/wp\/v2\/product\/11597","targetHints":{"allow":["GET"]}}],"collection":[{"href":"https:\/\/starmodul.com\/pt-pt\/wp-json\/wp\/v2\/product"}],"about":[{"href":"https:\/\/starmodul.com\/pt-pt\/wp-json\/wp\/v2\/types\/product"}],"replies":[{"embeddable":true,"href":"https:\/\/starmodul.com\/pt-pt\/wp-json\/wp\/v2\/comments?post=11597"}],"version-history":[{"count":0,"href":"https:\/\/starmodul.com\/pt-pt\/wp-json\/wp\/v2\/product\/11597\/revisions"}],"wp:featuredmedia":[{"embeddable":true,"href":"https:\/\/starmodul.com\/pt-pt\/wp-json\/wp\/v2\/media\/1602"}],"wp:attachment":[{"href":"https:\/\/starmodul.com\/pt-pt\/wp-json\/wp\/v2\/media?parent=11597"}],"wp:term":[{"taxonomy":"product_brand","embeddable":true,"href":"https:\/\/starmodul.com\/pt-pt\/wp-json\/wp\/v2\/product_brand?post=11597"},{"taxonomy":"product_cat","embeddable":true,"href":"https:\/\/starmodul.com\/pt-pt\/wp-json\/wp\/v2\/product_cat?post=11597"},{"taxonomy":"product_tag","embeddable":true,"href":"https:\/\/starmodul.com\/pt-pt\/wp-json\/wp\/v2\/product_tag?post=11597"}],"curies":[{"name":"wp","href":"https:\/\/api.w.org\/{rel}","templated":true}]}}