{"id":11580,"date":"2023-01-05T03:55:23","date_gmt":"2023-01-05T02:55:23","guid":{"rendered":"https:\/\/starmodul.com\/sl25-06-junta-em-t-saida-reta-25cmx25cm\/"},"modified":"2025-11-17T10:57:23","modified_gmt":"2025-11-17T09:57:23","slug":"sl25-06-junta-em-t-saida-reta-25cmx25cm","status":"publish","type":"product","link":"https:\/\/starmodul.com\/pt-pt\/sl25-06-junta-em-t-saida-reta-25cmx25cm\/","title":{"rendered":"SL25-06 Junta em T &#8211; Sa\u00edda reta &#8211; 2,5cmx2,5cm"},"content":{"rendered":"<p>SL25-06 Pe\u00e7a de uni\u00e3o tipo T &#8211; Sa\u00edda reta \/ Tamanho do tubo:: 2,50 cm x 2,50 cm<\/p>\n","protected":false},"excerpt":{"rendered":"[3d_viewer id=\"4533\"]\n","protected":false},"featured_media":12972,"comment_status":"closed","ping_status":"closed","template":"","meta":[],"product_brand":[],"product_cat":[188,180,181],"product_tag":[],"class_list":{"0":"post-11580","1":"product","2":"type-product","3":"status-publish","4":"has-post-thumbnail","6":"product_cat-conectores-de-tubo-25x25-cm-sem-alhetas","7":"product_cat-juntas-aparafusadas-para-estruturas-de-aco","8":"product_cat-juntas-aparafusadas-sem-alhetas","10":"first","11":"instock","12":"taxable","13":"shipping-taxable","14":"purchasable","15":"product-type-simple"},"_links":{"self":[{"href":"https:\/\/starmodul.com\/pt-pt\/wp-json\/wp\/v2\/product\/11580","targetHints":{"allow":["GET"]}}],"collection":[{"href":"https:\/\/starmodul.com\/pt-pt\/wp-json\/wp\/v2\/product"}],"about":[{"href":"https:\/\/starmodul.com\/pt-pt\/wp-json\/wp\/v2\/types\/product"}],"replies":[{"embeddable":true,"href":"https:\/\/starmodul.com\/pt-pt\/wp-json\/wp\/v2\/comments?post=11580"}],"version-history":[{"count":0,"href":"https:\/\/starmodul.com\/pt-pt\/wp-json\/wp\/v2\/product\/11580\/revisions"}],"wp:featuredmedia":[{"embeddable":true,"href":"https:\/\/starmodul.com\/pt-pt\/wp-json\/wp\/v2\/media\/12972"}],"wp:attachment":[{"href":"https:\/\/starmodul.com\/pt-pt\/wp-json\/wp\/v2\/media?parent=11580"}],"wp:term":[{"taxonomy":"product_brand","embeddable":true,"href":"https:\/\/starmodul.com\/pt-pt\/wp-json\/wp\/v2\/product_brand?post=11580"},{"taxonomy":"product_cat","embeddable":true,"href":"https:\/\/starmodul.com\/pt-pt\/wp-json\/wp\/v2\/product_cat?post=11580"},{"taxonomy":"product_tag","embeddable":true,"href":"https:\/\/starmodul.com\/pt-pt\/wp-json\/wp\/v2\/product_tag?post=11580"}],"curies":[{"name":"wp","href":"https:\/\/api.w.org\/{rel}","templated":true}]}}