{"id":11572,"date":"2023-01-05T03:55:22","date_gmt":"2023-01-05T02:55:22","guid":{"rendered":"https:\/\/starmodul.com\/sl25-03i-peca-de-uniao-tipo-l-esquerda-pendente-25cmx25cm\/"},"modified":"2024-02-09T13:14:04","modified_gmt":"2024-02-09T12:14:04","slug":"sl25-03i-peca-de-uniao-tipo-l-esquerda-pendente-25cmx25cm","status":"publish","type":"product","link":"https:\/\/starmodul.com\/pt-pt\/sl25-03i-peca-de-uniao-tipo-l-esquerda-pendente-25cmx25cm\/","title":{"rendered":"SL25-03I Pe\u00e7a de Uni\u00e3o Tipo L Esquerda &#8211; Pendente &#8211; 2,5cmx2,5cm"},"content":{"rendered":"<p>SL25-I3 Pe\u00e7a de uni\u00e3o Tipo L Inclina\u00e7\u00e3o esquerda \/ Tamanho do tubo: 2,50cm x 2,50cm<\/p>\n","protected":false},"excerpt":{"rendered":"[3d_viewer id=\"4523\"]\n","protected":false},"featured_media":1620,"comment_status":"open","ping_status":"closed","template":"","meta":[],"product_brand":[],"product_cat":[188,180,181],"product_tag":[],"class_list":{"0":"post-11572","1":"product","2":"type-product","3":"status-publish","4":"has-post-thumbnail","6":"product_cat-conectores-de-tubo-25x25-cm-sem-alhetas","7":"product_cat-juntas-aparafusadas-para-estruturas-de-aco","8":"product_cat-juntas-aparafusadas-sem-alhetas","10":"first","11":"instock","12":"taxable","13":"shipping-taxable","14":"purchasable","15":"product-type-simple"},"_links":{"self":[{"href":"https:\/\/starmodul.com\/pt-pt\/wp-json\/wp\/v2\/product\/11572","targetHints":{"allow":["GET"]}}],"collection":[{"href":"https:\/\/starmodul.com\/pt-pt\/wp-json\/wp\/v2\/product"}],"about":[{"href":"https:\/\/starmodul.com\/pt-pt\/wp-json\/wp\/v2\/types\/product"}],"replies":[{"embeddable":true,"href":"https:\/\/starmodul.com\/pt-pt\/wp-json\/wp\/v2\/comments?post=11572"}],"version-history":[{"count":0,"href":"https:\/\/starmodul.com\/pt-pt\/wp-json\/wp\/v2\/product\/11572\/revisions"}],"wp:featuredmedia":[{"embeddable":true,"href":"https:\/\/starmodul.com\/pt-pt\/wp-json\/wp\/v2\/media\/1620"}],"wp:attachment":[{"href":"https:\/\/starmodul.com\/pt-pt\/wp-json\/wp\/v2\/media?parent=11572"}],"wp:term":[{"taxonomy":"product_brand","embeddable":true,"href":"https:\/\/starmodul.com\/pt-pt\/wp-json\/wp\/v2\/product_brand?post=11572"},{"taxonomy":"product_cat","embeddable":true,"href":"https:\/\/starmodul.com\/pt-pt\/wp-json\/wp\/v2\/product_cat?post=11572"},{"taxonomy":"product_tag","embeddable":true,"href":"https:\/\/starmodul.com\/pt-pt\/wp-json\/wp\/v2\/product_tag?post=11572"}],"curies":[{"name":"wp","href":"https:\/\/api.w.org\/{rel}","templated":true}]}}