{"id":11527,"date":"2023-01-05T03:55:27","date_gmt":"2023-01-05T02:55:27","guid":{"rendered":"https:\/\/starmodul.com\/sl25-18-peca-de-uniao-de-arranque-de-cumeeira-25cmx25cm\/"},"modified":"2024-02-09T13:04:28","modified_gmt":"2024-02-09T12:04:28","slug":"sl25-18-peca-de-uniao-de-arranque-de-cumeeira-25cmx25cm","status":"publish","type":"product","link":"https:\/\/starmodul.com\/pt-pt\/sl25-18-peca-de-uniao-de-arranque-de-cumeeira-25cmx25cm\/","title":{"rendered":"SL25-18 Pe\u00e7a de uni\u00e3o de arranque de cumeeira &#8211; 2,5cmx2,5cm"},"content":{"rendered":"<p>SL25-18 Pe\u00e7a de uni\u00e3o Ridge-Start \/ Tamanho do tubo: 2,50 cm x 2,50 cm<\/p>\n","protected":false},"excerpt":{"rendered":"[3d_viewer id=\"4562\"]\n","protected":false},"featured_media":1646,"comment_status":"open","ping_status":"closed","template":"","meta":[],"product_brand":[],"product_cat":[188,180,181],"product_tag":[],"class_list":{"0":"post-11527","1":"product","2":"type-product","3":"status-publish","4":"has-post-thumbnail","6":"product_cat-conectores-de-tubo-25x25-cm-sem-alhetas","7":"product_cat-juntas-aparafusadas-para-estruturas-de-aco","8":"product_cat-juntas-aparafusadas-sem-alhetas","10":"first","11":"instock","12":"taxable","13":"shipping-taxable","14":"purchasable","15":"product-type-simple"},"_links":{"self":[{"href":"https:\/\/starmodul.com\/pt-pt\/wp-json\/wp\/v2\/product\/11527","targetHints":{"allow":["GET"]}}],"collection":[{"href":"https:\/\/starmodul.com\/pt-pt\/wp-json\/wp\/v2\/product"}],"about":[{"href":"https:\/\/starmodul.com\/pt-pt\/wp-json\/wp\/v2\/types\/product"}],"replies":[{"embeddable":true,"href":"https:\/\/starmodul.com\/pt-pt\/wp-json\/wp\/v2\/comments?post=11527"}],"version-history":[{"count":0,"href":"https:\/\/starmodul.com\/pt-pt\/wp-json\/wp\/v2\/product\/11527\/revisions"}],"wp:featuredmedia":[{"embeddable":true,"href":"https:\/\/starmodul.com\/pt-pt\/wp-json\/wp\/v2\/media\/1646"}],"wp:attachment":[{"href":"https:\/\/starmodul.com\/pt-pt\/wp-json\/wp\/v2\/media?parent=11527"}],"wp:term":[{"taxonomy":"product_brand","embeddable":true,"href":"https:\/\/starmodul.com\/pt-pt\/wp-json\/wp\/v2\/product_brand?post=11527"},{"taxonomy":"product_cat","embeddable":true,"href":"https:\/\/starmodul.com\/pt-pt\/wp-json\/wp\/v2\/product_cat?post=11527"},{"taxonomy":"product_tag","embeddable":true,"href":"https:\/\/starmodul.com\/pt-pt\/wp-json\/wp\/v2\/product_tag?post=11527"}],"curies":[{"name":"wp","href":"https:\/\/api.w.org\/{rel}","templated":true}]}}