{"id":11501,"date":"2023-01-05T03:55:28","date_gmt":"2023-01-05T02:55:28","guid":{"rendered":"https:\/\/starmodul.com\/sl55-03i-peca-de-uniao-tipo-l-esquerda-pendente-5x5cm\/"},"modified":"2025-11-17T10:57:26","modified_gmt":"2025-11-17T09:57:26","slug":"sl55-03i-peca-de-uniao-tipo-l-esquerda-pendente-5x5cm","status":"publish","type":"product","link":"https:\/\/starmodul.com\/pt-pt\/sl55-03i-peca-de-uniao-tipo-l-esquerda-pendente-5x5cm\/","title":{"rendered":"SL55-03I Pe\u00e7a de Uni\u00e3o Tipo L Esquerda &#8211; Pendente &#8211; 5x5cm"},"content":{"rendered":"<p>SL55-03 Pe\u00e7a de uni\u00e3o Tipo L Esquerda &#8211; Pendente \/ Tamanho do tubo:5,00cm x 5,00cm<\/p>\n","protected":false},"excerpt":{"rendered":"[3d_viewer id=\"4590\"]\n","protected":false},"featured_media":13014,"comment_status":"open","ping_status":"closed","template":"","meta":[],"product_brand":[],"product_cat":[182,180,181],"product_tag":[],"class_list":{"0":"post-11501","1":"product","2":"type-product","3":"status-publish","4":"has-post-thumbnail","6":"product_cat-acessorios-para-tubos-de-5x5-cm-sem-alhetas","7":"product_cat-juntas-aparafusadas-para-estruturas-de-aco","8":"product_cat-juntas-aparafusadas-sem-alhetas","10":"first","11":"instock","12":"taxable","13":"shipping-taxable","14":"purchasable","15":"product-type-simple"},"_links":{"self":[{"href":"https:\/\/starmodul.com\/pt-pt\/wp-json\/wp\/v2\/product\/11501","targetHints":{"allow":["GET"]}}],"collection":[{"href":"https:\/\/starmodul.com\/pt-pt\/wp-json\/wp\/v2\/product"}],"about":[{"href":"https:\/\/starmodul.com\/pt-pt\/wp-json\/wp\/v2\/types\/product"}],"replies":[{"embeddable":true,"href":"https:\/\/starmodul.com\/pt-pt\/wp-json\/wp\/v2\/comments?post=11501"}],"version-history":[{"count":0,"href":"https:\/\/starmodul.com\/pt-pt\/wp-json\/wp\/v2\/product\/11501\/revisions"}],"wp:featuredmedia":[{"embeddable":true,"href":"https:\/\/starmodul.com\/pt-pt\/wp-json\/wp\/v2\/media\/13014"}],"wp:attachment":[{"href":"https:\/\/starmodul.com\/pt-pt\/wp-json\/wp\/v2\/media?parent=11501"}],"wp:term":[{"taxonomy":"product_brand","embeddable":true,"href":"https:\/\/starmodul.com\/pt-pt\/wp-json\/wp\/v2\/product_brand?post=11501"},{"taxonomy":"product_cat","embeddable":true,"href":"https:\/\/starmodul.com\/pt-pt\/wp-json\/wp\/v2\/product_cat?post=11501"},{"taxonomy":"product_tag","embeddable":true,"href":"https:\/\/starmodul.com\/pt-pt\/wp-json\/wp\/v2\/product_tag?post=11501"}],"curies":[{"name":"wp","href":"https:\/\/api.w.org\/{rel}","templated":true}]}}