{"id":11482,"date":"2023-01-05T03:55:28","date_gmt":"2023-01-05T02:55:28","guid":{"rendered":"https:\/\/starmodul.com\/sl55-02-peca-de-uniao-tipo-l-5x5cm\/"},"modified":"2024-02-09T13:03:42","modified_gmt":"2024-02-09T12:03:42","slug":"sl55-02-peca-de-uniao-tipo-l-5x5cm","status":"publish","type":"product","link":"https:\/\/starmodul.com\/pt-pt\/sl55-02-peca-de-uniao-tipo-l-5x5cm\/","title":{"rendered":"SL55-02 Pe\u00e7a de uni\u00e3o tipo L &#8211; 5x5cm"},"content":{"rendered":"<p>SL55-02 Pe\u00e7a de uni\u00e3o tipo L \/ Tamanho do tubo: 5,00 cm x 5,00 cm<\/p>\n","protected":false},"excerpt":{"rendered":"[3d_viewer id=\"4569\"]\n","protected":false},"featured_media":1652,"comment_status":"open","ping_status":"closed","template":"","meta":[],"product_brand":[],"product_cat":[182,180,181],"product_tag":[],"class_list":{"0":"post-11482","1":"product","2":"type-product","3":"status-publish","4":"has-post-thumbnail","6":"product_cat-acessorios-para-tubos-de-5x5-cm-sem-alhetas","7":"product_cat-juntas-aparafusadas-para-estruturas-de-aco","8":"product_cat-juntas-aparafusadas-sem-alhetas","10":"first","11":"instock","12":"taxable","13":"shipping-taxable","14":"purchasable","15":"product-type-simple"},"_links":{"self":[{"href":"https:\/\/starmodul.com\/pt-pt\/wp-json\/wp\/v2\/product\/11482","targetHints":{"allow":["GET"]}}],"collection":[{"href":"https:\/\/starmodul.com\/pt-pt\/wp-json\/wp\/v2\/product"}],"about":[{"href":"https:\/\/starmodul.com\/pt-pt\/wp-json\/wp\/v2\/types\/product"}],"replies":[{"embeddable":true,"href":"https:\/\/starmodul.com\/pt-pt\/wp-json\/wp\/v2\/comments?post=11482"}],"version-history":[{"count":0,"href":"https:\/\/starmodul.com\/pt-pt\/wp-json\/wp\/v2\/product\/11482\/revisions"}],"wp:featuredmedia":[{"embeddable":true,"href":"https:\/\/starmodul.com\/pt-pt\/wp-json\/wp\/v2\/media\/1652"}],"wp:attachment":[{"href":"https:\/\/starmodul.com\/pt-pt\/wp-json\/wp\/v2\/media?parent=11482"}],"wp:term":[{"taxonomy":"product_brand","embeddable":true,"href":"https:\/\/starmodul.com\/pt-pt\/wp-json\/wp\/v2\/product_brand?post=11482"},{"taxonomy":"product_cat","embeddable":true,"href":"https:\/\/starmodul.com\/pt-pt\/wp-json\/wp\/v2\/product_cat?post=11482"},{"taxonomy":"product_tag","embeddable":true,"href":"https:\/\/starmodul.com\/pt-pt\/wp-json\/wp\/v2\/product_tag?post=11482"}],"curies":[{"name":"wp","href":"https:\/\/api.w.org\/{rel}","templated":true}]}}