{"id":11241,"date":"2022-11-25T00:06:59","date_gmt":"2022-11-24T23:06:59","guid":{"rendered":"https:\/\/starmodul.com\/lavagens-de-automoveis\/"},"modified":"2026-02-17T12:55:40","modified_gmt":"2026-02-17T11:55:40","slug":"lavagens-de-automoveis","status":"publish","type":"page","link":"https:\/\/starmodul.com\/pt-pt\/lavagens-de-automoveis\/","title":{"rendered":"Lavagens de autom\u00f3veis"},"content":{"rendered":"\t\t<div data-elementor-type=\"wp-page\" data-elementor-id=\"11241\" class=\"elementor elementor-11241 elementor-293\" data-elementor-post-type=\"page\">\n\t\t\t\t\t\t<section class=\"elementor-section elementor-top-section elementor-element elementor-element-cf728e3 elementor-section-full_width elementor-section-height-min-height elementor-section-items-stretch elementor-section-height-default\" data-id=\"cf728e3\" data-element_type=\"section\" data-e-type=\"section\" data-settings=\"{&quot;background_background&quot;:&quot;classic&quot;,&quot;jet_parallax_layout_list&quot;:[]}\">\n\t\t\t\t\t\t<div class=\"elementor-container elementor-column-gap-default\">\n\t\t\t\t\t<div class=\"elementor-column elementor-col-50 elementor-top-column elementor-element elementor-element-0225b3b\" data-id=\"0225b3b\" data-element_type=\"column\" data-e-type=\"column\">\n\t\t\t<div class=\"elementor-widget-wrap elementor-element-populated\">\n\t\t\t\t\t\t<div class=\"elementor-element elementor-element-6263ab5 elementor-widget elementor-widget-heading\" data-id=\"6263ab5\" data-element_type=\"widget\" data-e-type=\"widget\" data-widget_type=\"heading.default\">\n\t\t\t\t<div class=\"elementor-widget-container\">\n\t\t\t\t\t<h1 class=\"elementor-heading-title elementor-size-default\">Sistema de estrutura met\u00e1lica sem costuras para lavagem de autom\u00f3veis<\/h1>\t\t\t\t<\/div>\n\t\t\t\t<\/div>\n\t\t\t\t<div class=\"elementor-element elementor-element-c2cb9b4 elementor-widget__width-initial elementor-widget elementor-widget-text-editor\" data-id=\"c2cb9b4\" data-element_type=\"widget\" data-e-type=\"widget\" data-widget_type=\"text-editor.default\">\n\t\t\t\t<div class=\"elementor-widget-container\">\n\t\t\t\t\t\t\t\t\t<p data-path-to-node=\"3\">O sistema de constru\u00e7\u00e3o StarModul representa uma revolu\u00e7\u00e3o log\u00edstica e econ\u00f3mica para a instala\u00e7\u00e3o de empresas de lavagem de autom\u00f3veis. A nossa tecnologia permite fabricar <b data-path-to-node=\"3\" data-index-in-node=\"174\">conjuntos estruturais leves<\/b> em a\u00e7o galvanizado que optimizam ao m\u00e1ximo o transporte: como perfis concebidos para serem montados no destino, \u00e9 poss\u00edvel deslocar um grande n\u00famero de metros quadrados de estrutura numa \u00fanica viagem, reduzindo drasticamente a pegada de carbono e os custos de transporte. <\/p><p data-path-to-node=\"4\">No local de instala\u00e7\u00e3o, o impacto \u00e9 m\u00ednimo. Por se tratar de um sistema 100% aparafusado que n\u00e3o necessita de soldadura ou corte no local, a log\u00edstica de instala\u00e7\u00e3o \u00e9 muito simplificada, eliminando a necessidade de maquinaria pesada ou longos tempos de espera. Isto traduz-se numa execu\u00e7\u00e3o r\u00e1pida, limpa e segura, oferecendo um <b data-path-to-node=\"4\" data-index-in-node=\"339\">pre\u00e7o sem concorr\u00eancia<\/b> no mercado atual para quem procura um retorno imediato do seu investimento.  <\/p><p>O StarModul permite montagens leves, que podem ser transportadas em grandes quantidades, e um impacto e uma log\u00edstica m\u00ednimos no local de montagem &#8230; E a um pre\u00e7o imbat\u00edvel.<\/p>\t\t\t\t\t\t\t\t<\/div>\n\t\t\t\t<\/div>\n\t\t\t\t<div class=\"elementor-element elementor-element-232fcf0 elementor-align-justify elementor-widget elementor-widget-button\" data-id=\"232fcf0\" data-element_type=\"widget\" data-e-type=\"widget\" data-widget_type=\"button.default\">\n\t\t\t\t<div class=\"elementor-widget-container\">\n\t\t\t\t\t\t\t\t\t<div class=\"elementor-button-wrapper\">\n\t\t\t\t\t<a class=\"elementor-button elementor-button-link elementor-size-lg\" href=\"https:\/\/starmodul.com\/calculadora\/\" target=\"_blank\">\n\t\t\t\t\t\t<span class=\"elementor-button-content-wrapper\">\n\t\t\t\t\t\t\t\t\t<span class=\"elementor-button-text\">Utilizar a calculadora 3D<\/span>\n\t\t\t\t\t<\/span>\n\t\t\t\t\t<\/a>\n\t\t\t\t<\/div>\n\t\t\t\t\t\t\t\t<\/div>\n\t\t\t\t<\/div>\n\t\t\t\t\t<\/div>\n\t\t<\/div>\n\t\t\t\t<div class=\"elementor-column elementor-col-50 elementor-top-column elementor-element elementor-element-27076f8\" data-id=\"27076f8\" data-element_type=\"column\" data-e-type=\"column\">\n\t\t\t<div class=\"elementor-widget-wrap elementor-element-populated\">\n\t\t\t\t\t\t<div class=\"elementor-element elementor-element-7a894ef elementor-widget elementor-widget-image\" data-id=\"7a894ef\" data-element_type=\"widget\" data-e-type=\"widget\" data-widget_type=\"image.default\">\n\t\t\t\t<div class=\"elementor-widget-container\">\n\t\t\t\t\t\t\t\t\t\t\t\t\t\t\t<img fetchpriority=\"high\" decoding=\"async\" width=\"800\" height=\"440\" src=\"https:\/\/starmodul.com\/wp-content\/uploads\/2022\/11\/10-Marquesina-a-1024x563.jpg\" class=\"attachment-large size-large wp-image-11258\" alt=\"\" srcset=\"https:\/\/starmodul.com\/wp-content\/uploads\/2022\/11\/10-Marquesina-a-1024x563.jpg 1024w, https:\/\/starmodul.com\/wp-content\/uploads\/2022\/11\/10-Marquesina-a-300x165.jpg 300w, https:\/\/starmodul.com\/wp-content\/uploads\/2022\/11\/10-Marquesina-a-768x422.jpg 768w, https:\/\/starmodul.com\/wp-content\/uploads\/2022\/11\/10-Marquesina-a-1536x844.jpg 1536w, https:\/\/starmodul.com\/wp-content\/uploads\/2022\/11\/10-Marquesina-a-600x330.jpg 600w, https:\/\/starmodul.com\/wp-content\/uploads\/2022\/11\/10-Marquesina-a.jpg 2048w\" sizes=\"(max-width: 800px) 100vw, 800px\" title=\"\">\t\t\t\t\t\t\t\t\t\t\t\t\t\t\t<\/div>\n\t\t\t\t<\/div>\n\t\t\t\t\t<\/div>\n\t\t<\/div>\n\t\t\t\t\t<\/div>\n\t\t<\/section>\n\t\t\t\t<section class=\"elementor-section elementor-top-section elementor-element elementor-element-1cfd26bb elementor-section-boxed elementor-section-height-default elementor-section-height-default\" data-id=\"1cfd26bb\" data-element_type=\"section\" data-e-type=\"section\" data-settings=\"{&quot;background_background&quot;:&quot;classic&quot;,&quot;jet_parallax_layout_list&quot;:[]}\">\n\t\t\t\t\t\t<div class=\"elementor-container elementor-column-gap-default\">\n\t\t\t\t\t<div class=\"elementor-column elementor-col-50 elementor-top-column elementor-element elementor-element-299a844a\" data-id=\"299a844a\" data-element_type=\"column\" data-e-type=\"column\">\n\t\t\t<div class=\"elementor-widget-wrap elementor-element-populated\">\n\t\t\t\t\t\t<section class=\"elementor-section elementor-inner-section elementor-element elementor-element-342aa26e elementor-section-boxed elementor-section-height-default elementor-section-height-default\" data-id=\"342aa26e\" data-element_type=\"section\" data-e-type=\"section\" data-settings=\"{&quot;jet_parallax_layout_list&quot;:[]}\">\n\t\t\t\t\t\t<div class=\"elementor-container elementor-column-gap-default\">\n\t\t\t\t\t<div class=\"elementor-column elementor-col-100 elementor-inner-column elementor-element elementor-element-11b82544\" data-id=\"11b82544\" data-element_type=\"column\" data-e-type=\"column\">\n\t\t\t<div class=\"elementor-widget-wrap elementor-element-populated\">\n\t\t\t\t\t\t<div class=\"elementor-element elementor-element-6a6f8a64 elementor-widget__width-initial elementor-widget elementor-widget-jet-carousel\" data-id=\"6a6f8a64\" data-element_type=\"widget\" data-e-type=\"widget\" data-settings=\"{&quot;slides_to_show&quot;:&quot;1&quot;,&quot;slides_to_scroll&quot;:&quot;1&quot;}\" data-widget_type=\"jet-carousel.default\">\n\t\t\t\t<div class=\"elementor-widget-container\">\n\t\t\t\t\t<div class=\"elementor-jet-carousel jet-elements\"><div class=\"jet-carousel-wrap jet-equal-cols\">\n\t<div class=\"jet-carousel\" data-slider_options=\"{&quot;autoplaySpeed&quot;:5000,&quot;autoplay&quot;:false,&quot;infinite&quot;:true,&quot;centerMode&quot;:false,&quot;centerPadding&quot;:&quot;30px&quot;,&quot;pauseOnHover&quot;:false,&quot;speed&quot;:200,&quot;arrows&quot;:true,&quot;dots&quot;:true,&quot;variableWidth&quot;:false,&quot;prevArrow&quot;:&quot;.jet-carousel__prev-arrow-6a6f8a64&quot;,&quot;nextArrow&quot;:&quot;.jet-carousel__next-arrow-6a6f8a64&quot;,&quot;rtl&quot;:false,&quot;fractionNav&quot;:false,&quot;fade&quot;:false}\" dir=\"ltr\">\n\t<div class=\"elementor-slick-slider\">\n\n<div class=\"jet-carousel__item\">\n\t<div class=\"jet-carousel__item-inner\"><img decoding=\"async\" data-src=\"https:\/\/starmodul.com\/wp-content\/uploads\/2022\/11\/07-lavadero-02-b.jpg\" class=\"jet-carousel__item-img lazyload\" alt=\"07 lavadero 02 b\" title=\"\" src=\"data:image\/svg+xml;base64,PHN2ZyB3aWR0aD0iMSIgaGVpZ2h0PSIxIiB4bWxucz0iaHR0cDovL3d3dy53My5vcmcvMjAwMC9zdmciPjwvc3ZnPg==\" style=\"--smush-placeholder-width: 1950px; --smush-placeholder-aspect-ratio: 1950\/1536;\"><div class=\"jet-carousel__content\"><\/div><\/div>\n<\/div>\n\n<div class=\"jet-carousel__item\">\n\t<div class=\"jet-carousel__item-inner\"><img decoding=\"async\" data-src=\"https:\/\/starmodul.com\/wp-content\/uploads\/2022\/11\/09-Lavadero-03-a.jpg\" class=\"jet-carousel__item-img lazyload\" alt=\"Lavaderos de coches con estructura met\u00e1lica\" title=\"\" src=\"data:image\/svg+xml;base64,PHN2ZyB3aWR0aD0iMSIgaGVpZ2h0PSIxIiB4bWxucz0iaHR0cDovL3d3dy53My5vcmcvMjAwMC9zdmciPjwvc3ZnPg==\" style=\"--smush-placeholder-width: 1934px; --smush-placeholder-aspect-ratio: 1934\/1207;\"><div class=\"jet-carousel__content\"><\/div><\/div>\n<\/div>\n<\/div><div class=\"jet-carousel__prev-arrow-6a6f8a64 jet-arrow prev-arrow\"><svg aria-hidden=\"true\" class=\"e-font-icon-svg e-fas-angle-left\" viewBox=\"0 0 256 512\" xmlns=\"http:\/\/www.w3.org\/2000\/svg\"><path d=\"M31.7 239l136-136c9.4-9.4 24.6-9.4 33.9 0l22.6 22.6c9.4 9.4 9.4 24.6 0 33.9L127.9 256l96.4 96.4c9.4 9.4 9.4 24.6 0 33.9L201.7 409c-9.4 9.4-24.6 9.4-33.9 0l-136-136c-9.5-9.4-9.5-24.6-.1-34z\"><\/path><\/svg><\/div><div class=\"jet-carousel__next-arrow-6a6f8a64 jet-arrow next-arrow\"><svg aria-hidden=\"true\" class=\"e-font-icon-svg e-fas-angle-right\" viewBox=\"0 0 256 512\" xmlns=\"http:\/\/www.w3.org\/2000\/svg\"><path d=\"M224.3 273l-136 136c-9.4 9.4-24.6 9.4-33.9 0l-22.6-22.6c-9.4-9.4-9.4-24.6 0-33.9l96.4-96.4-96.4-96.4c-9.4-9.4-9.4-24.6 0-33.9L54.3 103c9.4-9.4 24.6-9.4 33.9 0l136 136c9.5 9.4 9.5 24.6.1 34z\"><\/path><\/svg><\/div><\/div>\n<\/div>\n<\/div>\t\t\t\t<\/div>\n\t\t\t\t<\/div>\n\t\t\t\t\t<\/div>\n\t\t<\/div>\n\t\t\t\t\t<\/div>\n\t\t<\/section>\n\t\t\t\t\t<\/div>\n\t\t<\/div>\n\t\t\t\t<div class=\"elementor-column elementor-col-50 elementor-top-column elementor-element elementor-element-50884c25\" data-id=\"50884c25\" data-element_type=\"column\" data-e-type=\"column\">\n\t\t\t<div class=\"elementor-widget-wrap elementor-element-populated\">\n\t\t\t\t\t\t<div class=\"elementor-element elementor-element-107a47f9 elementor-widget elementor-widget-heading\" data-id=\"107a47f9\" data-element_type=\"widget\" data-e-type=\"widget\" data-widget_type=\"heading.default\">\n\t\t\t\t<div class=\"elementor-widget-container\">\n\t\t\t\t\t<h2 class=\"elementor-heading-title elementor-size-default\">Exemplos de aplica\u00e7\u00e3o do StarModul em lavabos e cabinas<\/h2>\t\t\t\t<\/div>\n\t\t\t\t<\/div>\n\t\t\t\t<div class=\"elementor-element elementor-element-76a681c0 elementor-widget__width-initial elementor-widget elementor-widget-text-editor\" data-id=\"76a681c0\" data-element_type=\"widget\" data-e-type=\"widget\" data-widget_type=\"text-editor.default\">\n\t\t\t\t<div class=\"elementor-widget-container\">\n\t\t\t\t\t\t\t\t\t<div class=\"container\"><div id=\"model-response-message-contentr_e3ba410c7dff378c\" class=\"markdown markdown-main-panel stronger enable-updated-hr-color preserve-whitespaces-in-response\" dir=\"ltr\" aria-live=\"polite\" aria-busy=\"false\"><p data-path-to-node=\"6\">A versatilidade do nosso sistema torna-o a solu\u00e7\u00e3o ideal para a realiza\u00e7\u00e3o de <b data-path-to-node=\"6\" data-index-in-node=\"92\">estruturas<\/b> de cobertura exteriores <b data-path-to-node=\"6\" data-index-in-node=\"92\">autoportantes<\/b>, indispens\u00e1veis em qualquer centro de lavagem moderno. Gra\u00e7as \u00e0 resist\u00eancia do a\u00e7o e ao seu tratamento anti-corros\u00e3o, as nossas estruturas suportam perfeitamente a humidade constante e as condi\u00e7\u00f5es clim\u00e1ticas adversas sem se deteriorarem. <\/p><p data-path-to-node=\"7\">Quer seja para a constru\u00e7\u00e3o de <b data-path-to-node=\"7\" data-index-in-node=\"31\">coberturas<\/b> para zonas de aspira\u00e7\u00e3o, <b data-path-to-node=\"7\" data-index-in-node=\"67\">caixas de lavagem<\/b> sob press\u00e3o ou t\u00faneis de lavagem de autom\u00f3veis, a StarModul oferece o suporte ideal. A flexibilidade do design permite a cria\u00e7\u00e3o de espa\u00e7os abertos e funcionais, adapt\u00e1veis a qualquer configura\u00e7\u00e3o de local, assegurando que cada elemento destes equipamentos cumpre os regulamentos e oferece uma est\u00e9tica profissional e duradoura. <\/p><\/div><\/div>\t\t\t\t\t\t\t\t<\/div>\n\t\t\t\t<\/div>\n\t\t\t\t\t<\/div>\n\t\t<\/div>\n\t\t\t\t\t<\/div>\n\t\t<\/section>\n\t\t\t\t<\/div>\n\t\t","protected":false},"excerpt":{"rendered":"<p>Sistema de estrutura met\u00e1lica sem costuras para lavagem de autom\u00f3veis O sistema de constru\u00e7\u00e3o StarModul representa uma revolu\u00e7\u00e3o log\u00edstica e econ\u00f3mica para a instala\u00e7\u00e3o de empresas de lavagem de autom\u00f3veis. A nossa tecnologia permite fabricar conjuntos estruturais leves em a\u00e7o galvanizado que optimizam ao m\u00e1ximo o transporte: como perfis concebidos para serem montados no destino, [&hellip;]<\/p>\n","protected":false},"author":303,"featured_media":0,"parent":0,"menu_order":0,"comment_status":"closed","ping_status":"closed","template":"elementor_header_footer","meta":{"footnotes":""},"class_list":["post-11241","page","type-page","status-publish","hentry"],"_links":{"self":[{"href":"https:\/\/starmodul.com\/pt-pt\/wp-json\/wp\/v2\/pages\/11241","targetHints":{"allow":["GET"]}}],"collection":[{"href":"https:\/\/starmodul.com\/pt-pt\/wp-json\/wp\/v2\/pages"}],"about":[{"href":"https:\/\/starmodul.com\/pt-pt\/wp-json\/wp\/v2\/types\/page"}],"author":[{"embeddable":true,"href":"https:\/\/starmodul.com\/pt-pt\/wp-json\/wp\/v2\/users\/303"}],"replies":[{"embeddable":true,"href":"https:\/\/starmodul.com\/pt-pt\/wp-json\/wp\/v2\/comments?post=11241"}],"version-history":[{"count":0,"href":"https:\/\/starmodul.com\/pt-pt\/wp-json\/wp\/v2\/pages\/11241\/revisions"}],"wp:attachment":[{"href":"https:\/\/starmodul.com\/pt-pt\/wp-json\/wp\/v2\/media?parent=11241"}],"curies":[{"name":"wp","href":"https:\/\/api.w.org\/{rel}","templated":true}]}}