{"id":11146,"date":"2022-11-25T00:10:43","date_gmt":"2022-11-24T23:10:43","guid":{"rendered":"https:\/\/starmodul.com\/estruturas-de-aco-para-edificios-industriais\/"},"modified":"2024-01-09T11:10:16","modified_gmt":"2024-01-09T10:10:16","slug":"estruturas-de-aco-para-edificios-industriais","status":"publish","type":"page","link":"https:\/\/starmodul.com\/pt-pt\/estruturas-de-aco-para-edificios-industriais\/","title":{"rendered":"Estruturas de a\u00e7o para edif\u00edcios industriais"},"content":{"rendered":"\t\t<div data-elementor-type=\"wp-page\" data-elementor-id=\"11146\" class=\"elementor elementor-11146 elementor-310\" data-elementor-post-type=\"page\">\n\t\t\t\t\t\t<section class=\"elementor-section elementor-top-section elementor-element elementor-element-412afd3 elementor-section-full_width elementor-section-height-min-height elementor-section-items-stretch elementor-section-height-default\" data-id=\"412afd3\" data-element_type=\"section\" data-e-type=\"section\" data-settings=\"{&quot;background_background&quot;:&quot;classic&quot;,&quot;jet_parallax_layout_list&quot;:[]}\">\n\t\t\t\t\t\t<div class=\"elementor-container elementor-column-gap-default\">\n\t\t\t\t\t<div class=\"elementor-column elementor-col-50 elementor-top-column elementor-element elementor-element-befd7bb\" data-id=\"befd7bb\" data-element_type=\"column\" data-e-type=\"column\">\n\t\t\t<div class=\"elementor-widget-wrap elementor-element-populated\">\n\t\t\t\t\t\t<div class=\"elementor-element elementor-element-51d05b5 elementor-widget elementor-widget-heading\" data-id=\"51d05b5\" data-element_type=\"widget\" data-e-type=\"widget\" data-widget_type=\"heading.default\">\n\t\t\t\t<div class=\"elementor-widget-container\">\n\t\t\t\t\t<h1 class=\"elementor-heading-title elementor-size-default\">Sistema de estruturas met\u00e1licas para edif\u00edcios industriais<\/h1>\t\t\t\t<\/div>\n\t\t\t\t<\/div>\n\t\t\t\t<div class=\"elementor-element elementor-element-7011b53 elementor-widget__width-initial elementor-widget elementor-widget-text-editor\" data-id=\"7011b53\" data-element_type=\"widget\" data-e-type=\"widget\" data-widget_type=\"text-editor.default\">\n\t\t\t\t<div class=\"elementor-widget-container\">\n\t\t\t\t\t\t\t\t\t<p>O sistema StarModul dirige-se a qualquer sector industrial ou privado que necessite de edif\u00edcios leves, eficientes, r\u00e1pidos de montar e econ\u00f3micos.<\/p>\n<p>A nossa vasta experi\u00eancia em veda\u00e7\u00f5es, isolamentos e estruturas permite-nos adaptar o seu projeto ou ajud\u00e1-lo a faz\u00ea-lo&#8230; Para que tenha a melhor resposta \u00e0s suas necessidades.<\/p>\n<p>Quando se trata de construir um edif\u00edcio industrial, \u00e9 importante considerar todas as op\u00e7\u00f5es dispon\u00edveis em termos de materiais de constru\u00e7\u00e3o. Uma escolha popular para edif\u00edcios industriais s\u00e3o as estruturas met\u00e1licas. As estruturas met\u00e1licas oferecem muitas vantagens, como a durabilidade, a versatilidade e a acessibilidade econ\u00f3mica. Neste artigo, vamos explorar as vantagens da utiliza\u00e7\u00e3o de estruturas met\u00e1licas para edif\u00edcios industriais, os diferentes tipos de estruturas met\u00e1licas dispon\u00edveis e as considera\u00e7\u00f5es importantes aquando da sua instala\u00e7\u00e3o. No final deste artigo, ter\u00e1 uma melhor compreens\u00e3o das raz\u00f5es pelas quais as estruturas met\u00e1licas s\u00e3o uma excelente escolha para o seu projeto de constru\u00e7\u00e3o industrial.<\/p>\n\t\t\t\t\t\t\t\t<\/div>\n\t\t\t\t<\/div>\n\t\t\t\t<div class=\"elementor-element elementor-element-cfb56fd elementor-align-justify elementor-widget elementor-widget-button\" data-id=\"cfb56fd\" data-element_type=\"widget\" data-e-type=\"widget\" data-widget_type=\"button.default\">\n\t\t\t\t<div class=\"elementor-widget-container\">\n\t\t\t\t\t\t\t\t\t<div class=\"elementor-button-wrapper\">\n\t\t\t\t\t<a class=\"elementor-button elementor-button-link elementor-size-lg\" href=\"https:\/\/starmodul.com\/calculadora\/\" target=\"_blank\">\n\t\t\t\t\t\t<span class=\"elementor-button-content-wrapper\">\n\t\t\t\t\t\t\t\t\t<span class=\"elementor-button-text\">Utilizar a calculadora 3D<\/span>\n\t\t\t\t\t<\/span>\n\t\t\t\t\t<\/a>\n\t\t\t\t<\/div>\n\t\t\t\t\t\t\t\t<\/div>\n\t\t\t\t<\/div>\n\t\t\t\t\t<\/div>\n\t\t<\/div>\n\t\t\t\t<div class=\"elementor-column elementor-col-50 elementor-top-column elementor-element elementor-element-2fdedb2\" data-id=\"2fdedb2\" data-element_type=\"column\" data-e-type=\"column\">\n\t\t\t<div class=\"elementor-widget-wrap elementor-element-populated\">\n\t\t\t\t\t\t<div class=\"elementor-element elementor-element-c2be204 elementor-widget elementor-widget-image\" data-id=\"c2be204\" data-element_type=\"widget\" data-e-type=\"widget\" data-widget_type=\"image.default\">\n\t\t\t\t<div class=\"elementor-widget-container\">\n\t\t\t\t\t\t\t\t\t\t\t\t\t\t\t<img fetchpriority=\"high\" decoding=\"async\" width=\"800\" height=\"435\" src=\"https:\/\/starmodul.com\/wp-content\/uploads\/2022\/11\/11-Oficinas-a-1024x557.jpg\" class=\"attachment-large size-large wp-image-11163\" alt=\"Edif\u00edcios industriais com estrutura met\u00e1lica\" srcset=\"https:\/\/starmodul.com\/wp-content\/uploads\/2022\/11\/11-Oficinas-a-1024x557.jpg 1024w, https:\/\/starmodul.com\/wp-content\/uploads\/2022\/11\/11-Oficinas-a-300x163.jpg 300w, https:\/\/starmodul.com\/wp-content\/uploads\/2022\/11\/11-Oficinas-a-768x417.jpg 768w, https:\/\/starmodul.com\/wp-content\/uploads\/2022\/11\/11-Oficinas-a-1536x835.jpg 1536w, https:\/\/starmodul.com\/wp-content\/uploads\/2022\/11\/11-Oficinas-a-600x326.jpg 600w, https:\/\/starmodul.com\/wp-content\/uploads\/2022\/11\/11-Oficinas-a.jpg 2048w\" sizes=\"(max-width: 800px) 100vw, 800px\" title=\"\">\t\t\t\t\t\t\t\t\t\t\t\t\t\t\t<\/div>\n\t\t\t\t<\/div>\n\t\t\t\t\t<\/div>\n\t\t<\/div>\n\t\t\t\t\t<\/div>\n\t\t<\/section>\n\t\t\t\t<section class=\"elementor-section elementor-top-section elementor-element elementor-element-e5a8c11 elementor-section-full_width elementor-section-height-min-height elementor-section-items-stretch elementor-section-height-default\" data-id=\"e5a8c11\" data-element_type=\"section\" data-e-type=\"section\" data-settings=\"{&quot;background_background&quot;:&quot;classic&quot;,&quot;jet_parallax_layout_list&quot;:[]}\">\n\t\t\t\t\t\t<div class=\"elementor-container elementor-column-gap-default\">\n\t\t\t\t\t<div class=\"elementor-column elementor-col-50 elementor-top-column elementor-element elementor-element-29ade65\" data-id=\"29ade65\" data-element_type=\"column\" data-e-type=\"column\">\n\t\t\t<div class=\"elementor-widget-wrap elementor-element-populated\">\n\t\t\t\t\t\t<div class=\"elementor-element elementor-element-f36e372 elementor-widget elementor-widget-image\" data-id=\"f36e372\" data-element_type=\"widget\" data-e-type=\"widget\" data-widget_type=\"image.default\">\n\t\t\t\t<div class=\"elementor-widget-container\">\n\t\t\t\t\t\t\t\t\t\t\t\t\t\t\t<img fetchpriority=\"high\" decoding=\"async\" width=\"800\" height=\"435\" src=\"https:\/\/starmodul.com\/wp-content\/uploads\/2022\/11\/11-Oficinas-a-1024x557.jpg\" class=\"attachment-large size-large wp-image-11163\" alt=\"Edif\u00edcios industriais com estrutura met\u00e1lica\" srcset=\"https:\/\/starmodul.com\/wp-content\/uploads\/2022\/11\/11-Oficinas-a-1024x557.jpg 1024w, https:\/\/starmodul.com\/wp-content\/uploads\/2022\/11\/11-Oficinas-a-300x163.jpg 300w, https:\/\/starmodul.com\/wp-content\/uploads\/2022\/11\/11-Oficinas-a-768x417.jpg 768w, https:\/\/starmodul.com\/wp-content\/uploads\/2022\/11\/11-Oficinas-a-1536x835.jpg 1536w, https:\/\/starmodul.com\/wp-content\/uploads\/2022\/11\/11-Oficinas-a-600x326.jpg 600w, https:\/\/starmodul.com\/wp-content\/uploads\/2022\/11\/11-Oficinas-a.jpg 2048w\" sizes=\"(max-width: 800px) 100vw, 800px\" title=\"\">\t\t\t\t\t\t\t\t\t\t\t\t\t\t\t<\/div>\n\t\t\t\t<\/div>\n\t\t\t\t\t<\/div>\n\t\t<\/div>\n\t\t\t\t<div class=\"elementor-column elementor-col-50 elementor-top-column elementor-element elementor-element-dc10ccc\" data-id=\"dc10ccc\" data-element_type=\"column\" data-e-type=\"column\">\n\t\t\t<div class=\"elementor-widget-wrap elementor-element-populated\">\n\t\t\t\t\t\t<div class=\"elementor-element elementor-element-3cc28e0 elementor-widget elementor-widget-heading\" data-id=\"3cc28e0\" data-element_type=\"widget\" data-e-type=\"widget\" data-widget_type=\"heading.default\">\n\t\t\t\t<div class=\"elementor-widget-container\">\n\t\t\t\t\t<h1 class=\"elementor-heading-title elementor-size-default\">Vantagens das estruturas de a\u00e7o para edif\u00edcios industriais<\/h1>\t\t\t\t<\/div>\n\t\t\t\t<\/div>\n\t\t\t\t<div class=\"elementor-element elementor-element-48d5895 elementor-widget__width-initial elementor-widget elementor-widget-text-editor\" data-id=\"48d5895\" data-element_type=\"widget\" data-e-type=\"widget\" data-widget_type=\"text-editor.default\">\n\t\t\t\t<div class=\"elementor-widget-container\">\n\t\t\t\t\t\t\t\t\t<p>Os edif\u00edcios industriais est\u00e3o a optar cada vez mais por estruturas met\u00e1licas, gra\u00e7as \u00e0s suas in\u00fameras vantagens. Para al\u00e9m da sua durabilidade e resist\u00eancia \u00e0s intemp\u00e9ries, as estruturas met\u00e1licas requerem pouca manuten\u00e7\u00e3o e t\u00eam uma vida \u00fatil mais longa do que os materiais de constru\u00e7\u00e3o tradicionais, o que as torna uma solu\u00e7\u00e3o rent\u00e1vel a longo prazo.<\/p>\n<p>Al\u00e9m disso, as estruturas met\u00e1licas s\u00e3o altamente vers\u00e1teis e personaliz\u00e1veis, oferecendo uma gama de op\u00e7\u00f5es para satisfazer requisitos e prefer\u00eancias espec\u00edficos. Quer se trate de tamanho, forma ou cor, estas estruturas adaptam-se a todas as necessidades e podem ser modificadas ou ampliadas no futuro.<\/p>\n<p>Al\u00e9m disso, as estruturas met\u00e1licas oferecem uma efici\u00eancia energ\u00e9tica not\u00e1vel. Com excelentes propriedades de isolamento, podem reter o calor no frio e manter um interior fresco no ver\u00e3o. Isto reduz os custos de energia e cria um ambiente agrad\u00e1vel para os trabalhadores. Al\u00e9m disso, podem integrar sistemas de ilumina\u00e7\u00e3o e de ar condicionado que poupam energia, para uma maior poupan\u00e7a.<\/p>\n<p>Por \u00faltimo, as estruturas met\u00e1licas oferecem uma alternativa sustent\u00e1vel e amiga do ambiente aos materiais de constru\u00e7\u00e3o tradicionais. Recicl\u00e1veis, com menos res\u00edduos gerados durante o processo de constru\u00e7\u00e3o e menos emiss\u00f5es de carbono, as estruturas met\u00e1licas representam uma excelente op\u00e7\u00e3o para qualquer empresa que pretenda contribuir para um futuro mais ecol\u00f3gico.<\/p>\n\t\t\t\t\t\t\t\t<\/div>\n\t\t\t\t<\/div>\n\t\t\t\t<div class=\"elementor-element elementor-element-4c55b87 elementor-align-justify elementor-widget elementor-widget-button\" data-id=\"4c55b87\" data-element_type=\"widget\" data-e-type=\"widget\" data-widget_type=\"button.default\">\n\t\t\t\t<div class=\"elementor-widget-container\">\n\t\t\t\t\t\t\t\t\t<div class=\"elementor-button-wrapper\">\n\t\t\t\t\t<a class=\"elementor-button elementor-button-link elementor-size-lg\" href=\"https:\/\/starmodul.com\/calculadora\/\" target=\"_blank\">\n\t\t\t\t\t\t<span class=\"elementor-button-content-wrapper\">\n\t\t\t\t\t\t\t\t\t<span class=\"elementor-button-text\">Utilizar a calculadora 3D<\/span>\n\t\t\t\t\t<\/span>\n\t\t\t\t\t<\/a>\n\t\t\t\t<\/div>\n\t\t\t\t\t\t\t\t<\/div>\n\t\t\t\t<\/div>\n\t\t\t\t\t<\/div>\n\t\t<\/div>\n\t\t\t\t\t<\/div>\n\t\t<\/section>\n\t\t\t\t<section class=\"elementor-section elementor-top-section elementor-element elementor-element-7e0b7950 elementor-section-boxed elementor-section-height-default elementor-section-height-default\" data-id=\"7e0b7950\" data-element_type=\"section\" data-e-type=\"section\" data-settings=\"{&quot;background_background&quot;:&quot;classic&quot;,&quot;jet_parallax_layout_list&quot;:[]}\">\n\t\t\t\t\t\t<div class=\"elementor-container elementor-column-gap-default\">\n\t\t\t\t\t<div class=\"elementor-column elementor-col-50 elementor-top-column elementor-element elementor-element-166e7fe3\" data-id=\"166e7fe3\" data-element_type=\"column\" data-e-type=\"column\">\n\t\t\t<div class=\"elementor-widget-wrap elementor-element-populated\">\n\t\t\t\t\t\t<section class=\"elementor-section elementor-inner-section elementor-element elementor-element-21d06a2e elementor-section-boxed elementor-section-height-default elementor-section-height-default\" data-id=\"21d06a2e\" data-element_type=\"section\" data-e-type=\"section\" data-settings=\"{&quot;jet_parallax_layout_list&quot;:[]}\">\n\t\t\t\t\t\t<div class=\"elementor-container elementor-column-gap-default\">\n\t\t\t\t\t<div class=\"elementor-column elementor-col-100 elementor-inner-column elementor-element elementor-element-485db9e7\" data-id=\"485db9e7\" data-element_type=\"column\" data-e-type=\"column\">\n\t\t\t<div class=\"elementor-widget-wrap elementor-element-populated\">\n\t\t\t\t\t\t<div class=\"elementor-element elementor-element-4d1fada0 gallery-spacing-custom elementor-widget elementor-widget-image-gallery\" data-id=\"4d1fada0\" data-element_type=\"widget\" data-e-type=\"widget\" data-widget_type=\"image-gallery.default\">\n\t\t\t\t<div class=\"elementor-widget-container\">\n\t\t\t\t\t\t\t<div class=\"elementor-image-gallery\">\n\t\t\t<div id='gallery-1' class='gallery galleryid-11146 gallery-columns-3 gallery-size-large'><figure class='gallery-item'>\n\t\t\t<div class='gallery-icon landscape'>\n\t\t\t\t<a data-elementor-open-lightbox=\"yes\" data-elementor-lightbox-slideshow=\"4d1fada0\" data-elementor-lightbox-title=\"FAUR-24\" data-e-action-hash=\"#elementor-action%3Aaction%3Dlightbox%26settings%3DeyJpZCI6MTMyMzgsInVybCI6Imh0dHBzOlwvXC9zdGFybW9kdWwuY29tXC93cC1jb250ZW50XC91cGxvYWRzXC8yMDIzXC8wMlwvRkFVUi0yNC1zY2FsZWQuanBnIiwic2xpZGVzaG93IjoiNGQxZmFkYTAifQ%3D%3D\" href='https:\/\/starmodul.com\/wp-content\/uploads\/2023\/02\/FAUR-24-scaled.jpg'><img decoding=\"async\" width=\"800\" height=\"600\" data-src=\"https:\/\/starmodul.com\/wp-content\/uploads\/2023\/02\/FAUR-24-1024x768.jpg\" class=\"attachment-large size-large lazyload\" alt=\"\" data-srcset=\"https:\/\/starmodul.com\/wp-content\/uploads\/2023\/02\/FAUR-24-1024x768.jpg 1024w, https:\/\/starmodul.com\/wp-content\/uploads\/2023\/02\/FAUR-24-300x225.jpg 300w, https:\/\/starmodul.com\/wp-content\/uploads\/2023\/02\/FAUR-24-768x576.jpg 768w, https:\/\/starmodul.com\/wp-content\/uploads\/2023\/02\/FAUR-24-1536x1152.jpg 1536w, https:\/\/starmodul.com\/wp-content\/uploads\/2023\/02\/FAUR-24-2048x1536.jpg 2048w, https:\/\/starmodul.com\/wp-content\/uploads\/2023\/02\/FAUR-24-600x450.jpg 600w\" data-sizes=\"(max-width: 800px) 100vw, 800px\" title=\"\" src=\"data:image\/svg+xml;base64,PHN2ZyB3aWR0aD0iMSIgaGVpZ2h0PSIxIiB4bWxucz0iaHR0cDovL3d3dy53My5vcmcvMjAwMC9zdmciPjwvc3ZnPg==\" style=\"--smush-placeholder-width: 800px; --smush-placeholder-aspect-ratio: 800\/600;\"><\/a>\n\t\t\t<\/div><\/figure><figure class='gallery-item'>\n\t\t\t<div class='gallery-icon landscape'>\n\t\t\t\t<a data-elementor-open-lightbox=\"yes\" data-elementor-lightbox-slideshow=\"4d1fada0\" data-elementor-lightbox-title=\"FAUR-23\" data-e-action-hash=\"#elementor-action%3Aaction%3Dlightbox%26settings%3DeyJpZCI6MTMyNDEsInVybCI6Imh0dHBzOlwvXC9zdGFybW9kdWwuY29tXC93cC1jb250ZW50XC91cGxvYWRzXC8yMDIzXC8wMlwvRkFVUi0yMy1zY2FsZWQuanBnIiwic2xpZGVzaG93IjoiNGQxZmFkYTAifQ%3D%3D\" href='https:\/\/starmodul.com\/wp-content\/uploads\/2023\/02\/FAUR-23-scaled.jpg'><img decoding=\"async\" width=\"800\" height=\"600\" data-src=\"https:\/\/starmodul.com\/wp-content\/uploads\/2023\/02\/FAUR-23-1024x768.jpg\" class=\"attachment-large size-large lazyload\" alt=\"\" data-srcset=\"https:\/\/starmodul.com\/wp-content\/uploads\/2023\/02\/FAUR-23-1024x768.jpg 1024w, https:\/\/starmodul.com\/wp-content\/uploads\/2023\/02\/FAUR-23-300x225.jpg 300w, https:\/\/starmodul.com\/wp-content\/uploads\/2023\/02\/FAUR-23-768x576.jpg 768w, https:\/\/starmodul.com\/wp-content\/uploads\/2023\/02\/FAUR-23-1536x1152.jpg 1536w, https:\/\/starmodul.com\/wp-content\/uploads\/2023\/02\/FAUR-23-2048x1536.jpg 2048w, https:\/\/starmodul.com\/wp-content\/uploads\/2023\/02\/FAUR-23-600x450.jpg 600w\" data-sizes=\"(max-width: 800px) 100vw, 800px\" title=\"\" src=\"data:image\/svg+xml;base64,PHN2ZyB3aWR0aD0iMSIgaGVpZ2h0PSIxIiB4bWxucz0iaHR0cDovL3d3dy53My5vcmcvMjAwMC9zdmciPjwvc3ZnPg==\" style=\"--smush-placeholder-width: 800px; --smush-placeholder-aspect-ratio: 800\/600;\"><\/a>\n\t\t\t<\/div><\/figure><figure class='gallery-item'>\n\t\t\t<div class='gallery-icon landscape'>\n\t\t\t\t<a data-elementor-open-lightbox=\"yes\" data-elementor-lightbox-slideshow=\"4d1fada0\" data-elementor-lightbox-title=\"FAUR-22\" data-e-action-hash=\"#elementor-action%3Aaction%3Dlightbox%26settings%3DeyJpZCI6MTMyNDQsInVybCI6Imh0dHBzOlwvXC9zdGFybW9kdWwuY29tXC93cC1jb250ZW50XC91cGxvYWRzXC8yMDIzXC8wMlwvRkFVUi0yMi1zY2FsZWQuanBnIiwic2xpZGVzaG93IjoiNGQxZmFkYTAifQ%3D%3D\" href='https:\/\/starmodul.com\/wp-content\/uploads\/2023\/02\/FAUR-22-scaled.jpg'><img decoding=\"async\" width=\"800\" height=\"600\" data-src=\"https:\/\/starmodul.com\/wp-content\/uploads\/2023\/02\/FAUR-22-1024x768.jpg\" class=\"attachment-large size-large lazyload\" alt=\"\" data-srcset=\"https:\/\/starmodul.com\/wp-content\/uploads\/2023\/02\/FAUR-22-1024x768.jpg 1024w, https:\/\/starmodul.com\/wp-content\/uploads\/2023\/02\/FAUR-22-300x225.jpg 300w, https:\/\/starmodul.com\/wp-content\/uploads\/2023\/02\/FAUR-22-768x576.jpg 768w, https:\/\/starmodul.com\/wp-content\/uploads\/2023\/02\/FAUR-22-1536x1152.jpg 1536w, https:\/\/starmodul.com\/wp-content\/uploads\/2023\/02\/FAUR-22-2048x1536.jpg 2048w, https:\/\/starmodul.com\/wp-content\/uploads\/2023\/02\/FAUR-22-600x450.jpg 600w\" data-sizes=\"(max-width: 800px) 100vw, 800px\" title=\"\" src=\"data:image\/svg+xml;base64,PHN2ZyB3aWR0aD0iMSIgaGVpZ2h0PSIxIiB4bWxucz0iaHR0cDovL3d3dy53My5vcmcvMjAwMC9zdmciPjwvc3ZnPg==\" style=\"--smush-placeholder-width: 800px; --smush-placeholder-aspect-ratio: 800\/600;\"><\/a>\n\t\t\t<\/div><\/figure><figure class='gallery-item'>\n\t\t\t<div class='gallery-icon landscape'>\n\t\t\t\t<a data-elementor-open-lightbox=\"yes\" data-elementor-lightbox-slideshow=\"4d1fada0\" data-elementor-lightbox-title=\"FAUR-21\" data-e-action-hash=\"#elementor-action%3Aaction%3Dlightbox%26settings%3DeyJpZCI6MTMyNDcsInVybCI6Imh0dHBzOlwvXC9zdGFybW9kdWwuY29tXC93cC1jb250ZW50XC91cGxvYWRzXC8yMDIzXC8wMlwvRkFVUi0yMS1zY2FsZWQuanBnIiwic2xpZGVzaG93IjoiNGQxZmFkYTAifQ%3D%3D\" href='https:\/\/starmodul.com\/wp-content\/uploads\/2023\/02\/FAUR-21-scaled.jpg'><img decoding=\"async\" width=\"800\" height=\"600\" data-src=\"https:\/\/starmodul.com\/wp-content\/uploads\/2023\/02\/FAUR-21-1024x768.jpg\" class=\"attachment-large size-large lazyload\" alt=\"\" data-srcset=\"https:\/\/starmodul.com\/wp-content\/uploads\/2023\/02\/FAUR-21-1024x768.jpg 1024w, https:\/\/starmodul.com\/wp-content\/uploads\/2023\/02\/FAUR-21-300x225.jpg 300w, https:\/\/starmodul.com\/wp-content\/uploads\/2023\/02\/FAUR-21-768x576.jpg 768w, https:\/\/starmodul.com\/wp-content\/uploads\/2023\/02\/FAUR-21-1536x1152.jpg 1536w, https:\/\/starmodul.com\/wp-content\/uploads\/2023\/02\/FAUR-21-2048x1536.jpg 2048w, https:\/\/starmodul.com\/wp-content\/uploads\/2023\/02\/FAUR-21-600x450.jpg 600w\" data-sizes=\"(max-width: 800px) 100vw, 800px\" title=\"\" src=\"data:image\/svg+xml;base64,PHN2ZyB3aWR0aD0iMSIgaGVpZ2h0PSIxIiB4bWxucz0iaHR0cDovL3d3dy53My5vcmcvMjAwMC9zdmciPjwvc3ZnPg==\" style=\"--smush-placeholder-width: 800px; --smush-placeholder-aspect-ratio: 800\/600;\"><\/a>\n\t\t\t<\/div><\/figure><figure class='gallery-item'>\n\t\t\t<div class='gallery-icon landscape'>\n\t\t\t\t<a data-elementor-open-lightbox=\"yes\" data-elementor-lightbox-slideshow=\"4d1fada0\" data-elementor-lightbox-title=\"FAUR-14\" data-e-action-hash=\"#elementor-action%3Aaction%3Dlightbox%26settings%3DeyJpZCI6MTMyNTYsInVybCI6Imh0dHBzOlwvXC9zdGFybW9kdWwuY29tXC93cC1jb250ZW50XC91cGxvYWRzXC8yMDIzXC8wMlwvRkFVUi0xNC1zY2FsZWQuanBnIiwic2xpZGVzaG93IjoiNGQxZmFkYTAifQ%3D%3D\" href='https:\/\/starmodul.com\/wp-content\/uploads\/2023\/02\/FAUR-14-scaled.jpg'><img decoding=\"async\" width=\"800\" height=\"600\" data-src=\"https:\/\/starmodul.com\/wp-content\/uploads\/2023\/02\/FAUR-14-1024x768.jpg\" class=\"attachment-large size-large lazyload\" alt=\"\" data-srcset=\"https:\/\/starmodul.com\/wp-content\/uploads\/2023\/02\/FAUR-14-1024x768.jpg 1024w, https:\/\/starmodul.com\/wp-content\/uploads\/2023\/02\/FAUR-14-300x225.jpg 300w, https:\/\/starmodul.com\/wp-content\/uploads\/2023\/02\/FAUR-14-768x576.jpg 768w, https:\/\/starmodul.com\/wp-content\/uploads\/2023\/02\/FAUR-14-1536x1152.jpg 1536w, https:\/\/starmodul.com\/wp-content\/uploads\/2023\/02\/FAUR-14-2048x1536.jpg 2048w, https:\/\/starmodul.com\/wp-content\/uploads\/2023\/02\/FAUR-14-600x450.jpg 600w\" data-sizes=\"(max-width: 800px) 100vw, 800px\" title=\"\" src=\"data:image\/svg+xml;base64,PHN2ZyB3aWR0aD0iMSIgaGVpZ2h0PSIxIiB4bWxucz0iaHR0cDovL3d3dy53My5vcmcvMjAwMC9zdmciPjwvc3ZnPg==\" style=\"--smush-placeholder-width: 800px; --smush-placeholder-aspect-ratio: 800\/600;\"><\/a>\n\t\t\t<\/div><\/figure><figure class='gallery-item'>\n\t\t\t<div class='gallery-icon landscape'>\n\t\t\t\t<a data-elementor-open-lightbox=\"yes\" data-elementor-lightbox-slideshow=\"4d1fada0\" data-elementor-lightbox-title=\"FAUR-19\" data-e-action-hash=\"#elementor-action%3Aaction%3Dlightbox%26settings%3DeyJpZCI6MTMyNTMsInVybCI6Imh0dHBzOlwvXC9zdGFybW9kdWwuY29tXC93cC1jb250ZW50XC91cGxvYWRzXC8yMDIzXC8wMlwvRkFVUi0xOS1zY2FsZWQuanBnIiwic2xpZGVzaG93IjoiNGQxZmFkYTAifQ%3D%3D\" href='https:\/\/starmodul.com\/wp-content\/uploads\/2023\/02\/FAUR-19-scaled.jpg'><img decoding=\"async\" width=\"800\" height=\"600\" data-src=\"https:\/\/starmodul.com\/wp-content\/uploads\/2023\/02\/FAUR-19-1024x768.jpg\" class=\"attachment-large size-large lazyload\" alt=\"\" data-srcset=\"https:\/\/starmodul.com\/wp-content\/uploads\/2023\/02\/FAUR-19-1024x768.jpg 1024w, https:\/\/starmodul.com\/wp-content\/uploads\/2023\/02\/FAUR-19-300x225.jpg 300w, https:\/\/starmodul.com\/wp-content\/uploads\/2023\/02\/FAUR-19-768x576.jpg 768w, https:\/\/starmodul.com\/wp-content\/uploads\/2023\/02\/FAUR-19-1536x1152.jpg 1536w, https:\/\/starmodul.com\/wp-content\/uploads\/2023\/02\/FAUR-19-2048x1536.jpg 2048w, https:\/\/starmodul.com\/wp-content\/uploads\/2023\/02\/FAUR-19-600x450.jpg 600w\" data-sizes=\"(max-width: 800px) 100vw, 800px\" title=\"\" src=\"data:image\/svg+xml;base64,PHN2ZyB3aWR0aD0iMSIgaGVpZ2h0PSIxIiB4bWxucz0iaHR0cDovL3d3dy53My5vcmcvMjAwMC9zdmciPjwvc3ZnPg==\" style=\"--smush-placeholder-width: 800px; --smush-placeholder-aspect-ratio: 800\/600;\"><\/a>\n\t\t\t<\/div><\/figure>\n\t\t<\/div>\n\t\t<\/div>\n\t\t\t\t\t\t<\/div>\n\t\t\t\t<\/div>\n\t\t\t\t\t<\/div>\n\t\t<\/div>\n\t\t\t\t\t<\/div>\n\t\t<\/section>\n\t\t\t\t\t<\/div>\n\t\t<\/div>\n\t\t\t\t<div class=\"elementor-column elementor-col-50 elementor-top-column elementor-element elementor-element-36f4a3c1\" data-id=\"36f4a3c1\" data-element_type=\"column\" data-e-type=\"column\">\n\t\t\t<div class=\"elementor-widget-wrap elementor-element-populated\">\n\t\t\t\t\t\t<div class=\"elementor-element elementor-element-25fc3c66 elementor-widget elementor-widget-heading\" data-id=\"25fc3c66\" data-element_type=\"widget\" data-e-type=\"widget\" data-widget_type=\"heading.default\">\n\t\t\t\t<div class=\"elementor-widget-container\">\n\t\t\t\t\t<h2 class=\"elementor-heading-title elementor-size-default\">Edif\u00edcios industriais<\/h2>\t\t\t\t<\/div>\n\t\t\t\t<\/div>\n\t\t\t\t\t<\/div>\n\t\t<\/div>\n\t\t\t\t\t<\/div>\n\t\t<\/section>\n\t\t\t\t<\/div>\n\t\t","protected":false},"excerpt":{"rendered":"<p>Sistema de estruturas met\u00e1licas para edif\u00edcios industriais O sistema StarModul dirige-se a qualquer sector industrial ou privado que necessite de edif\u00edcios leves, eficientes, r\u00e1pidos de montar e econ\u00f3micos. A nossa vasta experi\u00eancia em veda\u00e7\u00f5es, isolamentos e estruturas permite-nos adaptar o seu projeto ou ajud\u00e1-lo a faz\u00ea-lo&#8230; Para que tenha a melhor resposta \u00e0s suas necessidades. [&hellip;]<\/p>\n","protected":false},"author":303,"featured_media":0,"parent":0,"menu_order":0,"comment_status":"closed","ping_status":"closed","template":"","meta":{"footnotes":""},"class_list":["post-11146","page","type-page","status-publish","hentry"],"_links":{"self":[{"href":"https:\/\/starmodul.com\/pt-pt\/wp-json\/wp\/v2\/pages\/11146","targetHints":{"allow":["GET"]}}],"collection":[{"href":"https:\/\/starmodul.com\/pt-pt\/wp-json\/wp\/v2\/pages"}],"about":[{"href":"https:\/\/starmodul.com\/pt-pt\/wp-json\/wp\/v2\/types\/page"}],"author":[{"embeddable":true,"href":"https:\/\/starmodul.com\/pt-pt\/wp-json\/wp\/v2\/users\/303"}],"replies":[{"embeddable":true,"href":"https:\/\/starmodul.com\/pt-pt\/wp-json\/wp\/v2\/comments?post=11146"}],"version-history":[{"count":0,"href":"https:\/\/starmodul.com\/pt-pt\/wp-json\/wp\/v2\/pages\/11146\/revisions"}],"wp:attachment":[{"href":"https:\/\/starmodul.com\/pt-pt\/wp-json\/wp\/v2\/media?parent=11146"}],"curies":[{"name":"wp","href":"https:\/\/api.w.org\/{rel}","templated":true}]}}