{"id":11142,"date":"2022-11-17T15:04:35","date_gmt":"2022-11-17T14:04:35","guid":{"rendered":"https:\/\/starmodul.com\/trolley\/"},"modified":"2025-01-08T15:46:36","modified_gmt":"2025-01-08T14:46:36","slug":"trolley","status":"publish","type":"page","link":"https:\/\/starmodul.com\/pt-pt\/trolley\/","title":{"rendered":"Trolley"},"content":{"rendered":"\t\t<div data-elementor-type=\"wp-page\" data-elementor-id=\"11142\" class=\"elementor elementor-11142 elementor-6\" data-elementor-post-type=\"page\">\n\t\t\t\t\t\t<section class=\"elementor-section elementor-top-section elementor-element elementor-element-55fc2a7 elementor-section-boxed elementor-section-height-default elementor-section-height-default\" data-id=\"55fc2a7\" data-element_type=\"section\" data-e-type=\"section\" data-settings=\"{&quot;jet_parallax_layout_list&quot;:[],&quot;background_background&quot;:&quot;classic&quot;}\">\n\t\t\t\t\t\t<div class=\"elementor-container elementor-column-gap-default\">\n\t\t\t\t\t<div class=\"elementor-column elementor-col-100 elementor-top-column elementor-element elementor-element-1f17ba7\" data-id=\"1f17ba7\" data-element_type=\"column\" data-e-type=\"column\">\n\t\t\t<div class=\"elementor-widget-wrap elementor-element-populated\">\n\t\t\t\t\t\t<div class=\"elementor-element elementor-element-d877f52 elementor-widget elementor-widget-heading\" data-id=\"d877f52\" data-element_type=\"widget\" data-e-type=\"widget\" data-widget_type=\"heading.default\">\n\t\t\t\t<div class=\"elementor-widget-container\">\n\t\t\t\t\t<span class=\"elementor-heading-title elementor-size-default\"><a href=\"https:\/\/starmodul.com\/tienda\/\">Voltar \u00e0 loja<\/a><\/span>\t\t\t\t<\/div>\n\t\t\t\t<\/div>\n\t\t\t\t<div class=\"elementor-element elementor-element-257e55c elementor-widget elementor-widget-heading\" data-id=\"257e55c\" data-element_type=\"widget\" data-e-type=\"widget\" data-widget_type=\"heading.default\">\n\t\t\t\t<div class=\"elementor-widget-container\">\n\t\t\t\t\t<h2 class=\"elementor-heading-title elementor-size-default\">O seu carrinho de compras<\/h2>\t\t\t\t<\/div>\n\t\t\t\t<\/div>\n\t\t\t\t<div class=\"elementor-element elementor-element-8f370e9 e-cart-layout-two-column elementor-widget elementor-widget-woocommerce-cart\" data-id=\"8f370e9\" data-element_type=\"widget\" data-e-type=\"widget\" data-widget_type=\"woocommerce-cart.default\">\n\t\t\t\t<div class=\"elementor-widget-container\">\n\t\t\t\t\t<div class=\"woocommerce\"><div class=\"woocommerce-notices-wrapper\"><\/div><div class=\"wc-empty-cart-message\">\n\t<div class=\"cart-empty woocommerce-info\" role=\"status\">\n\t\tO seu carrinho est\u00e1 vazio.\t<\/div>\n<\/div>\t<p class=\"return-to-shop\">\n\t\t<a class=\"button wc-backward\" href=\"https:\/\/starmodul.com\/pt-pt\/loja-online-de-pecas-e-estruturas-metalicas-sem-costura\/\">\n\t\t\tVoltar para a loja\t\t<\/a>\n\t<\/p>\n<\/div>\t\t\t\t<\/div>\n\t\t\t\t<\/div>\n\t\t\t\t\t<\/div>\n\t\t<\/div>\n\t\t\t\t\t<\/div>\n\t\t<\/section>\n\t\t\t\t<\/div>\n\t\t","protected":false},"excerpt":{"rendered":"<p>Voltar \u00e0 loja O seu carrinho de compras Tu carrito est\u00e1 vac\u00edo. Volver a la tienda<\/p>\n","protected":false},"author":303,"featured_media":0,"parent":0,"menu_order":0,"comment_status":"closed","ping_status":"closed","template":"elementor_header_footer","meta":{"footnotes":""},"class_list":["post-11142","page","type-page","status-publish","hentry"],"_links":{"self":[{"href":"https:\/\/starmodul.com\/pt-pt\/wp-json\/wp\/v2\/pages\/11142","targetHints":{"allow":["GET"]}}],"collection":[{"href":"https:\/\/starmodul.com\/pt-pt\/wp-json\/wp\/v2\/pages"}],"about":[{"href":"https:\/\/starmodul.com\/pt-pt\/wp-json\/wp\/v2\/types\/page"}],"author":[{"embeddable":true,"href":"https:\/\/starmodul.com\/pt-pt\/wp-json\/wp\/v2\/users\/303"}],"replies":[{"embeddable":true,"href":"https:\/\/starmodul.com\/pt-pt\/wp-json\/wp\/v2\/comments?post=11142"}],"version-history":[{"count":0,"href":"https:\/\/starmodul.com\/pt-pt\/wp-json\/wp\/v2\/pages\/11142\/revisions"}],"wp:attachment":[{"href":"https:\/\/starmodul.com\/pt-pt\/wp-json\/wp\/v2\/media?parent=11142"}],"curies":[{"name":"wp","href":"https:\/\/api.w.org\/{rel}","templated":true}]}}