{"id":11110,"date":"2022-11-26T18:33:39","date_gmt":"2022-11-26T17:33:39","guid":{"rendered":"https:\/\/starmodul.com\/estruturas-metalicas-para-bungalows\/"},"modified":"2026-02-17T12:56:30","modified_gmt":"2026-02-17T11:56:30","slug":"estruturas-metalicas-para-bungalows","status":"publish","type":"page","link":"https:\/\/starmodul.com\/pt-pt\/estruturas-metalicas-para-bungalows\/","title":{"rendered":"Estruturas met\u00e1licas para bungalows"},"content":{"rendered":"\t\t<div data-elementor-type=\"wp-page\" data-elementor-id=\"11110\" class=\"elementor elementor-11110 elementor-582\" data-elementor-post-type=\"page\">\n\t\t\t\t\t\t<section class=\"elementor-section elementor-top-section elementor-element elementor-element-d2bbf68 elementor-section-full_width elementor-section-height-min-height elementor-section-items-stretch elementor-section-height-default\" data-id=\"d2bbf68\" data-element_type=\"section\" data-e-type=\"section\" data-settings=\"{&quot;background_background&quot;:&quot;classic&quot;,&quot;jet_parallax_layout_list&quot;:[]}\">\n\t\t\t\t\t\t<div class=\"elementor-container elementor-column-gap-default\">\n\t\t\t\t\t<div class=\"elementor-column elementor-col-50 elementor-top-column elementor-element elementor-element-5954d7b\" data-id=\"5954d7b\" data-element_type=\"column\" data-e-type=\"column\">\n\t\t\t<div class=\"elementor-widget-wrap elementor-element-populated\">\n\t\t\t\t\t\t<div class=\"elementor-element elementor-element-8145ea1 elementor-widget elementor-widget-heading\" data-id=\"8145ea1\" data-element_type=\"widget\" data-e-type=\"widget\" data-widget_type=\"heading.default\">\n\t\t\t\t<div class=\"elementor-widget-container\">\n\t\t\t\t\t<h1 class=\"elementor-heading-title elementor-size-default\">Estruturas met\u00e1licas para bungalows e m\u00f3dulos pr\u00e9-fabricados<\/h1>\t\t\t\t<\/div>\n\t\t\t\t<\/div>\n\t\t\t\t<div class=\"elementor-element elementor-element-87b8e4b elementor-widget__width-initial elementor-widget elementor-widget-text-editor\" data-id=\"87b8e4b\" data-element_type=\"widget\" data-e-type=\"widget\" data-widget_type=\"text-editor.default\">\n\t\t\t\t<div class=\"elementor-widget-container\">\n\t\t\t\t\t\t\t\t\t<p data-path-to-node=\"3\">Na StarModul fabricamos e fornecemos componentes da mais alta qualidade para a constru\u00e7\u00e3o de bungalows, edif\u00edcios auxiliares e servi\u00e7os. O nosso sistema de <b data-path-to-node=\"3\" data-index-in-node=\"163\">kits de estrutura met\u00e1lica aparafusada<\/b> garante a m\u00e1xima fiabilidade e seguran\u00e7a estrutural, eliminando a necessidade de soldadura no local. <\/p><p data-path-to-node=\"4\">Esta solu\u00e7\u00e3o \u00e9 ideal para todos os tipos de instala\u00e7\u00f5es ligeiras, desde a constru\u00e7\u00e3o de telhados e armaz\u00e9ns at\u00e9 \u00e0s estruturas agr\u00edcolas. A precis\u00e3o dos perfis e o design de corte \u00e0 medida tornam-no o sistema mais eficiente do mercado. <\/p><p data-path-to-node=\"5\">O sucesso da nossa tecnologia reside na facilidade de montagem, na rapidez de execu\u00e7\u00e3o e nos baixos custos de manuten\u00e7\u00e3o. Por ser uma estrutura 100% modular e aparafusada, oferece uma flexibilidade total: \u00e9 poss\u00edvel ampliar, melhorar o isolamento ou modificar a ilumina\u00e7\u00e3o a posteriori, permitindo adaptar o projeto a novas necessidades sem obras complexas. <\/p><p data-path-to-node=\"6\">Para al\u00e9m de garantirem pre\u00e7os competitivos, os nossos bungalows distinguem-se por serem amigos do ambiente. Ao permitirem, em muitos casos, a instala\u00e7\u00e3o <b data-path-to-node=\"6\" data-index-in-node=\"155\">sem<\/b> pesadas <b data-path-to-node=\"6\" data-index-in-node=\"155\">funda\u00e7\u00f5es<\/b> de bet\u00e3o, facilitam o cumprimento dos regulamentos municipais e dos requisitos de sustentabilidade em terrenos onde a constru\u00e7\u00e3o tradicional n\u00e3o \u00e9 vi\u00e1vel. <\/p>\t\t\t\t\t\t\t\t<\/div>\n\t\t\t\t<\/div>\n\t\t\t\t<div class=\"elementor-element elementor-element-e33ed7c elementor-align-justify elementor-widget elementor-widget-button\" data-id=\"e33ed7c\" data-element_type=\"widget\" data-e-type=\"widget\" data-widget_type=\"button.default\">\n\t\t\t\t<div class=\"elementor-widget-container\">\n\t\t\t\t\t\t\t\t\t<div class=\"elementor-button-wrapper\">\n\t\t\t\t\t<a class=\"elementor-button elementor-button-link elementor-size-lg\" href=\"https:\/\/starmodul.com\/calculadora\/\" target=\"_blank\">\n\t\t\t\t\t\t<span class=\"elementor-button-content-wrapper\">\n\t\t\t\t\t\t\t\t\t<span class=\"elementor-button-text\">Utilizar a calculadora 3D<\/span>\n\t\t\t\t\t<\/span>\n\t\t\t\t\t<\/a>\n\t\t\t\t<\/div>\n\t\t\t\t\t\t\t\t<\/div>\n\t\t\t\t<\/div>\n\t\t\t\t\t<\/div>\n\t\t<\/div>\n\t\t\t\t<div class=\"elementor-column elementor-col-50 elementor-top-column elementor-element elementor-element-fbab373\" data-id=\"fbab373\" data-element_type=\"column\" data-e-type=\"column\">\n\t\t\t<div class=\"elementor-widget-wrap elementor-element-populated\">\n\t\t\t\t\t\t<div class=\"elementor-element elementor-element-146e061 elementor-widget elementor-widget-image\" data-id=\"146e061\" data-element_type=\"widget\" data-e-type=\"widget\" data-widget_type=\"image.default\">\n\t\t\t\t<div class=\"elementor-widget-container\">\n\t\t\t\t\t\t\t\t\t\t\t\t\t\t\t<img fetchpriority=\"high\" decoding=\"async\" width=\"800\" height=\"800\" src=\"https:\/\/starmodul.com\/wp-content\/uploads\/2023\/02\/110590807_134627181645974_1342083186909721673_n-e1677248617966-1024x1024.jpg\" class=\"attachment-large size-large wp-image-13269\" alt=\"\" srcset=\"https:\/\/starmodul.com\/wp-content\/uploads\/2023\/02\/110590807_134627181645974_1342083186909721673_n-e1677248617966-1024x1024.jpg 1024w, https:\/\/starmodul.com\/wp-content\/uploads\/2023\/02\/110590807_134627181645974_1342083186909721673_n-e1677248617966-300x300.jpg 300w, https:\/\/starmodul.com\/wp-content\/uploads\/2023\/02\/110590807_134627181645974_1342083186909721673_n-e1677248617966-150x150.jpg 150w, https:\/\/starmodul.com\/wp-content\/uploads\/2023\/02\/110590807_134627181645974_1342083186909721673_n-e1677248617966-768x768.jpg 768w, https:\/\/starmodul.com\/wp-content\/uploads\/2023\/02\/110590807_134627181645974_1342083186909721673_n-e1677248617966-600x600.jpg 600w, https:\/\/starmodul.com\/wp-content\/uploads\/2023\/02\/110590807_134627181645974_1342083186909721673_n-e1677248617966-100x100.jpg 100w, https:\/\/starmodul.com\/wp-content\/uploads\/2023\/02\/110590807_134627181645974_1342083186909721673_n-e1677248617966.jpg 1080w\" sizes=\"(max-width: 800px) 100vw, 800px\" title=\"\">\t\t\t\t\t\t\t\t\t\t\t\t\t\t\t<\/div>\n\t\t\t\t<\/div>\n\t\t\t\t\t<\/div>\n\t\t<\/div>\n\t\t\t\t\t<\/div>\n\t\t<\/section>\n\t\t\t\t<section class=\"elementor-section elementor-top-section elementor-element elementor-element-3d899817 elementor-section-boxed elementor-section-height-default elementor-section-height-default\" data-id=\"3d899817\" data-element_type=\"section\" data-e-type=\"section\" data-settings=\"{&quot;background_background&quot;:&quot;classic&quot;,&quot;jet_parallax_layout_list&quot;:[]}\">\n\t\t\t\t\t\t<div class=\"elementor-container elementor-column-gap-default\">\n\t\t\t\t\t<div class=\"elementor-column elementor-col-50 elementor-top-column elementor-element elementor-element-5a68b2e8\" data-id=\"5a68b2e8\" data-element_type=\"column\" data-e-type=\"column\">\n\t\t\t<div class=\"elementor-widget-wrap elementor-element-populated\">\n\t\t\t\t\t\t<section class=\"elementor-section elementor-inner-section elementor-element elementor-element-a3e3fd3 elementor-section-boxed elementor-section-height-default elementor-section-height-default\" data-id=\"a3e3fd3\" data-element_type=\"section\" data-e-type=\"section\" data-settings=\"{&quot;jet_parallax_layout_list&quot;:[]}\">\n\t\t\t\t\t\t<div class=\"elementor-container elementor-column-gap-default\">\n\t\t\t\t\t<div class=\"elementor-column elementor-col-100 elementor-inner-column elementor-element elementor-element-565ee9a3\" data-id=\"565ee9a3\" data-element_type=\"column\" data-e-type=\"column\">\n\t\t\t<div class=\"elementor-widget-wrap elementor-element-populated\">\n\t\t\t\t\t\t<div class=\"elementor-element elementor-element-15a18aaf gallery-spacing-custom elementor-widget elementor-widget-image-gallery\" data-id=\"15a18aaf\" data-element_type=\"widget\" data-e-type=\"widget\" data-widget_type=\"image-gallery.default\">\n\t\t\t\t<div class=\"elementor-widget-container\">\n\t\t\t\t\t\t\t<div class=\"elementor-image-gallery\">\n\t\t\t<div id='gallery-1' class='gallery galleryid-11110 gallery-columns-3 gallery-size-large'><figure class='gallery-item'>\n\t\t\t<div class='gallery-icon landscape'>\n\t\t\t\t<a data-elementor-open-lightbox=\"yes\" data-elementor-lightbox-slideshow=\"15a18aaf\" data-elementor-lightbox-title=\"2\" data-e-action-hash=\"#elementor-action%3Aaction%3Dlightbox%26settings%3DeyJpZCI6MTMyNjAsInVybCI6Imh0dHBzOlwvXC9zdGFybW9kdWwuY29tXC93cC1jb250ZW50XC91cGxvYWRzXC8yMDIzXC8wMlwvMi5qcGciLCJzbGlkZXNob3ciOiIxNWExOGFhZiJ9\" href='https:\/\/starmodul.com\/wp-content\/uploads\/2023\/02\/2.jpg'><img decoding=\"async\" width=\"800\" height=\"600\" data-src=\"https:\/\/starmodul.com\/wp-content\/uploads\/2023\/02\/2-1024x768.jpg\" class=\"attachment-large size-large lazyload\" alt=\"\" data-srcset=\"https:\/\/starmodul.com\/wp-content\/uploads\/2023\/02\/2-1024x768.jpg 1024w, https:\/\/starmodul.com\/wp-content\/uploads\/2023\/02\/2-300x225.jpg 300w, https:\/\/starmodul.com\/wp-content\/uploads\/2023\/02\/2-768x576.jpg 768w, https:\/\/starmodul.com\/wp-content\/uploads\/2023\/02\/2-1536x1152.jpg 1536w, https:\/\/starmodul.com\/wp-content\/uploads\/2023\/02\/2-600x450.jpg 600w, https:\/\/starmodul.com\/wp-content\/uploads\/2023\/02\/2.jpg 1600w\" data-sizes=\"(max-width: 800px) 100vw, 800px\" title=\"\" src=\"data:image\/svg+xml;base64,PHN2ZyB3aWR0aD0iMSIgaGVpZ2h0PSIxIiB4bWxucz0iaHR0cDovL3d3dy53My5vcmcvMjAwMC9zdmciPjwvc3ZnPg==\" style=\"--smush-placeholder-width: 800px; --smush-placeholder-aspect-ratio: 800\/600;\"><\/a>\n\t\t\t<\/div><\/figure><figure class='gallery-item'>\n\t\t\t<div class='gallery-icon landscape'>\n\t\t\t\t<a data-elementor-open-lightbox=\"yes\" data-elementor-lightbox-slideshow=\"15a18aaf\" data-elementor-lightbox-title=\"5\" data-e-action-hash=\"#elementor-action%3Aaction%3Dlightbox%26settings%3DeyJpZCI6MTMyNjYsInVybCI6Imh0dHBzOlwvXC9zdGFybW9kdWwuY29tXC93cC1jb250ZW50XC91cGxvYWRzXC8yMDIzXC8wMlwvNS5qcGciLCJzbGlkZXNob3ciOiIxNWExOGFhZiJ9\" href='https:\/\/starmodul.com\/wp-content\/uploads\/2023\/02\/5.jpg'><img decoding=\"async\" width=\"800\" height=\"600\" data-src=\"https:\/\/starmodul.com\/wp-content\/uploads\/2023\/02\/5-1024x768.jpg\" class=\"attachment-large size-large lazyload\" alt=\"\" data-srcset=\"https:\/\/starmodul.com\/wp-content\/uploads\/2023\/02\/5-1024x768.jpg 1024w, https:\/\/starmodul.com\/wp-content\/uploads\/2023\/02\/5-300x225.jpg 300w, https:\/\/starmodul.com\/wp-content\/uploads\/2023\/02\/5-768x576.jpg 768w, https:\/\/starmodul.com\/wp-content\/uploads\/2023\/02\/5-1536x1152.jpg 1536w, https:\/\/starmodul.com\/wp-content\/uploads\/2023\/02\/5-600x450.jpg 600w, https:\/\/starmodul.com\/wp-content\/uploads\/2023\/02\/5.jpg 1600w\" data-sizes=\"(max-width: 800px) 100vw, 800px\" title=\"\" src=\"data:image\/svg+xml;base64,PHN2ZyB3aWR0aD0iMSIgaGVpZ2h0PSIxIiB4bWxucz0iaHR0cDovL3d3dy53My5vcmcvMjAwMC9zdmciPjwvc3ZnPg==\" style=\"--smush-placeholder-width: 800px; --smush-placeholder-aspect-ratio: 800\/600;\"><\/a>\n\t\t\t<\/div><\/figure><figure class='gallery-item'>\n\t\t\t<div class='gallery-icon landscape'>\n\t\t\t\t<a data-elementor-open-lightbox=\"yes\" data-elementor-lightbox-slideshow=\"15a18aaf\" data-elementor-lightbox-title=\"2020-06-04 09.49.13\" data-e-action-hash=\"#elementor-action%3Aaction%3Dlightbox%26settings%3DeyJpZCI6MTMxOTAsInVybCI6Imh0dHBzOlwvXC9zdGFybW9kdWwuY29tXC93cC1jb250ZW50XC91cGxvYWRzXC8yMDIzXC8wMVwvMjAyMC0wNi0wNC0wOS40OS4xMy5qcGciLCJzbGlkZXNob3ciOiIxNWExOGFhZiJ9\" href='https:\/\/starmodul.com\/wp-content\/uploads\/2023\/01\/2020-06-04-09.49.13.jpg'><img decoding=\"async\" width=\"800\" height=\"600\" data-src=\"https:\/\/starmodul.com\/wp-content\/uploads\/2023\/01\/2020-06-04-09.49.13-1024x768.jpg\" class=\"attachment-large size-large lazyload\" alt=\"\" data-srcset=\"https:\/\/starmodul.com\/wp-content\/uploads\/2023\/01\/2020-06-04-09.49.13-1024x768.jpg 1024w, https:\/\/starmodul.com\/wp-content\/uploads\/2023\/01\/2020-06-04-09.49.13-300x225.jpg 300w, https:\/\/starmodul.com\/wp-content\/uploads\/2023\/01\/2020-06-04-09.49.13-768x576.jpg 768w, https:\/\/starmodul.com\/wp-content\/uploads\/2023\/01\/2020-06-04-09.49.13-1536x1152.jpg 1536w, https:\/\/starmodul.com\/wp-content\/uploads\/2023\/01\/2020-06-04-09.49.13-600x450.jpg 600w, https:\/\/starmodul.com\/wp-content\/uploads\/2023\/01\/2020-06-04-09.49.13.jpg 1600w\" data-sizes=\"(max-width: 800px) 100vw, 800px\" title=\"\" src=\"data:image\/svg+xml;base64,PHN2ZyB3aWR0aD0iMSIgaGVpZ2h0PSIxIiB4bWxucz0iaHR0cDovL3d3dy53My5vcmcvMjAwMC9zdmciPjwvc3ZnPg==\" style=\"--smush-placeholder-width: 800px; --smush-placeholder-aspect-ratio: 800\/600;\"><\/a>\n\t\t\t<\/div><\/figure><figure class='gallery-item'>\n\t\t\t<div class='gallery-icon landscape'>\n\t\t\t\t<a data-elementor-open-lightbox=\"yes\" data-elementor-lightbox-slideshow=\"15a18aaf\" data-elementor-lightbox-title=\"2021-12-06 09.12.15\" data-e-action-hash=\"#elementor-action%3Aaction%3Dlightbox%26settings%3DeyJpZCI6MTMyODEsInVybCI6Imh0dHBzOlwvXC9zdGFybW9kdWwuY29tXC93cC1jb250ZW50XC91cGxvYWRzXC8yMDIzXC8wMlwvMjAyMS0xMi0wNi0wOS4xMi4xNS1zY2FsZWQuanBnIiwic2xpZGVzaG93IjoiMTVhMThhYWYifQ%3D%3D\" href='https:\/\/starmodul.com\/wp-content\/uploads\/2023\/02\/2021-12-06-09.12.15-scaled.jpg'><img decoding=\"async\" width=\"800\" height=\"600\" data-src=\"https:\/\/starmodul.com\/wp-content\/uploads\/2023\/02\/2021-12-06-09.12.15-1024x768.jpg\" class=\"attachment-large size-large lazyload\" alt=\"\" data-srcset=\"https:\/\/starmodul.com\/wp-content\/uploads\/2023\/02\/2021-12-06-09.12.15-1024x768.jpg 1024w, https:\/\/starmodul.com\/wp-content\/uploads\/2023\/02\/2021-12-06-09.12.15-300x225.jpg 300w, https:\/\/starmodul.com\/wp-content\/uploads\/2023\/02\/2021-12-06-09.12.15-768x576.jpg 768w, https:\/\/starmodul.com\/wp-content\/uploads\/2023\/02\/2021-12-06-09.12.15-1536x1152.jpg 1536w, https:\/\/starmodul.com\/wp-content\/uploads\/2023\/02\/2021-12-06-09.12.15-2048x1536.jpg 2048w, https:\/\/starmodul.com\/wp-content\/uploads\/2023\/02\/2021-12-06-09.12.15-600x450.jpg 600w\" data-sizes=\"(max-width: 800px) 100vw, 800px\" title=\"\" src=\"data:image\/svg+xml;base64,PHN2ZyB3aWR0aD0iMSIgaGVpZ2h0PSIxIiB4bWxucz0iaHR0cDovL3d3dy53My5vcmcvMjAwMC9zdmciPjwvc3ZnPg==\" style=\"--smush-placeholder-width: 800px; --smush-placeholder-aspect-ratio: 800\/600;\"><\/a>\n\t\t\t<\/div><\/figure><figure class='gallery-item'>\n\t\t\t<div class='gallery-icon landscape'>\n\t\t\t\t<a data-elementor-open-lightbox=\"yes\" data-elementor-lightbox-slideshow=\"15a18aaf\" data-elementor-lightbox-title=\"2021-12-06 09.10.49\" data-e-action-hash=\"#elementor-action%3Aaction%3Dlightbox%26settings%3DeyJpZCI6MTMyODQsInVybCI6Imh0dHBzOlwvXC9zdGFybW9kdWwuY29tXC93cC1jb250ZW50XC91cGxvYWRzXC8yMDIzXC8wMlwvMjAyMS0xMi0wNi0wOS4xMC40OS1zY2FsZWQuanBnIiwic2xpZGVzaG93IjoiMTVhMThhYWYifQ%3D%3D\" href='https:\/\/starmodul.com\/wp-content\/uploads\/2023\/02\/2021-12-06-09.10.49-scaled.jpg'><img decoding=\"async\" width=\"800\" height=\"600\" data-src=\"https:\/\/starmodul.com\/wp-content\/uploads\/2023\/02\/2021-12-06-09.10.49-1024x768.jpg\" class=\"attachment-large size-large lazyload\" alt=\"\" data-srcset=\"https:\/\/starmodul.com\/wp-content\/uploads\/2023\/02\/2021-12-06-09.10.49-1024x768.jpg 1024w, https:\/\/starmodul.com\/wp-content\/uploads\/2023\/02\/2021-12-06-09.10.49-300x225.jpg 300w, https:\/\/starmodul.com\/wp-content\/uploads\/2023\/02\/2021-12-06-09.10.49-768x576.jpg 768w, https:\/\/starmodul.com\/wp-content\/uploads\/2023\/02\/2021-12-06-09.10.49-1536x1152.jpg 1536w, https:\/\/starmodul.com\/wp-content\/uploads\/2023\/02\/2021-12-06-09.10.49-2048x1536.jpg 2048w, https:\/\/starmodul.com\/wp-content\/uploads\/2023\/02\/2021-12-06-09.10.49-600x450.jpg 600w\" data-sizes=\"(max-width: 800px) 100vw, 800px\" title=\"\" src=\"data:image\/svg+xml;base64,PHN2ZyB3aWR0aD0iMSIgaGVpZ2h0PSIxIiB4bWxucz0iaHR0cDovL3d3dy53My5vcmcvMjAwMC9zdmciPjwvc3ZnPg==\" style=\"--smush-placeholder-width: 800px; --smush-placeholder-aspect-ratio: 800\/600;\"><\/a>\n\t\t\t<\/div><\/figure><figure class='gallery-item'>\n\t\t\t<div class='gallery-icon landscape'>\n\t\t\t\t<a data-elementor-open-lightbox=\"yes\" data-elementor-lightbox-slideshow=\"15a18aaf\" data-elementor-lightbox-title=\"x01,P20Cabana2_1.jpg.pagespeed.ic.obk0LCHPrG\" data-e-action-hash=\"#elementor-action%3Aaction%3Dlightbox%26settings%3DeyJpZCI6MTI0ODUsInVybCI6Imh0dHBzOlwvXC9zdGFybW9kdWwuY29tXC93cC1jb250ZW50XC91cGxvYWRzXC8yMDIyXC8xMVwveDAxUDIwQ2FiYW5hMl8xLmpwZy5wYWdlc3BlZWQuaWNfLm9iazBMQ0hQckcuanBlZyIsInNsaWRlc2hvdyI6IjE1YTE4YWFmIn0%3D\" href='https:\/\/starmodul.com\/wp-content\/uploads\/2022\/11\/x01P20Cabana2_1.jpg.pagespeed.ic_.obk0LCHPrG.jpeg'><img decoding=\"async\" width=\"800\" height=\"415\" data-src=\"https:\/\/starmodul.com\/wp-content\/uploads\/2022\/11\/x01P20Cabana2_1.jpg.pagespeed.ic_.obk0LCHPrG-1024x531.jpeg\" class=\"attachment-large size-large lazyload\" alt=\"\" data-srcset=\"https:\/\/starmodul.com\/wp-content\/uploads\/2022\/11\/x01P20Cabana2_1.jpg.pagespeed.ic_.obk0LCHPrG-1024x531.jpeg 1024w, https:\/\/starmodul.com\/wp-content\/uploads\/2022\/11\/x01P20Cabana2_1.jpg.pagespeed.ic_.obk0LCHPrG-300x156.jpeg 300w, https:\/\/starmodul.com\/wp-content\/uploads\/2022\/11\/x01P20Cabana2_1.jpg.pagespeed.ic_.obk0LCHPrG-768x398.jpeg 768w, https:\/\/starmodul.com\/wp-content\/uploads\/2022\/11\/x01P20Cabana2_1.jpg.pagespeed.ic_.obk0LCHPrG-1536x797.jpeg 1536w, https:\/\/starmodul.com\/wp-content\/uploads\/2022\/11\/x01P20Cabana2_1.jpg.pagespeed.ic_.obk0LCHPrG-600x311.jpeg 600w, https:\/\/starmodul.com\/wp-content\/uploads\/2022\/11\/x01P20Cabana2_1.jpg.pagespeed.ic_.obk0LCHPrG.jpeg 1858w\" data-sizes=\"(max-width: 800px) 100vw, 800px\" title=\"\" src=\"data:image\/svg+xml;base64,PHN2ZyB3aWR0aD0iMSIgaGVpZ2h0PSIxIiB4bWxucz0iaHR0cDovL3d3dy53My5vcmcvMjAwMC9zdmciPjwvc3ZnPg==\" style=\"--smush-placeholder-width: 800px; --smush-placeholder-aspect-ratio: 800\/415;\"><\/a>\n\t\t\t<\/div><\/figure>\n\t\t<\/div>\n\t\t<\/div>\n\t\t\t\t\t\t<\/div>\n\t\t\t\t<\/div>\n\t\t\t\t\t<\/div>\n\t\t<\/div>\n\t\t\t\t\t<\/div>\n\t\t<\/section>\n\t\t\t\t\t<\/div>\n\t\t<\/div>\n\t\t\t\t<div class=\"elementor-column elementor-col-50 elementor-top-column elementor-element elementor-element-3dae02c\" data-id=\"3dae02c\" data-element_type=\"column\" data-e-type=\"column\">\n\t\t\t<div class=\"elementor-widget-wrap elementor-element-populated\">\n\t\t\t\t\t\t<div class=\"elementor-element elementor-element-639e6894 elementor-widget elementor-widget-heading\" data-id=\"639e6894\" data-element_type=\"widget\" data-e-type=\"widget\" data-widget_type=\"heading.default\">\n\t\t\t\t<div class=\"elementor-widget-container\">\n\t\t\t\t\t<h2 class=\"elementor-heading-title elementor-size-default\">Bungalows e Albergues<\/h2>\t\t\t\t<\/div>\n\t\t\t\t<\/div>\n\t\t\t\t\t<\/div>\n\t\t<\/div>\n\t\t\t\t\t<\/div>\n\t\t<\/section>\n\t\t\t\t<\/div>\n\t\t","protected":false},"excerpt":{"rendered":"<p>Estruturas met\u00e1licas para bungalows e m\u00f3dulos pr\u00e9-fabricados Na StarModul fabricamos e fornecemos componentes da mais alta qualidade para a constru\u00e7\u00e3o de bungalows, edif\u00edcios auxiliares e servi\u00e7os. O nosso sistema de kits de estrutura met\u00e1lica aparafusada garante a m\u00e1xima fiabilidade e seguran\u00e7a estrutural, eliminando a necessidade de soldadura no local. Esta solu\u00e7\u00e3o \u00e9 ideal para todos [&hellip;]<\/p>\n","protected":false},"author":303,"featured_media":0,"parent":0,"menu_order":0,"comment_status":"closed","ping_status":"closed","template":"","meta":{"footnotes":""},"class_list":["post-11110","page","type-page","status-publish","hentry"],"_links":{"self":[{"href":"https:\/\/starmodul.com\/pt-pt\/wp-json\/wp\/v2\/pages\/11110","targetHints":{"allow":["GET"]}}],"collection":[{"href":"https:\/\/starmodul.com\/pt-pt\/wp-json\/wp\/v2\/pages"}],"about":[{"href":"https:\/\/starmodul.com\/pt-pt\/wp-json\/wp\/v2\/types\/page"}],"author":[{"embeddable":true,"href":"https:\/\/starmodul.com\/pt-pt\/wp-json\/wp\/v2\/users\/303"}],"replies":[{"embeddable":true,"href":"https:\/\/starmodul.com\/pt-pt\/wp-json\/wp\/v2\/comments?post=11110"}],"version-history":[{"count":0,"href":"https:\/\/starmodul.com\/pt-pt\/wp-json\/wp\/v2\/pages\/11110\/revisions"}],"wp:attachment":[{"href":"https:\/\/starmodul.com\/pt-pt\/wp-json\/wp\/v2\/media?parent=11110"}],"curies":[{"name":"wp","href":"https:\/\/api.w.org\/{rel}","templated":true}]}}