{"id":11085,"date":"2022-12-25T10:36:06","date_gmt":"2022-12-25T09:36:06","guid":{"rendered":"https:\/\/starmodul.com\/pagamento-seguro\/"},"modified":"2024-07-11T08:33:11","modified_gmt":"2024-07-11T06:33:11","slug":"pagamento-seguro","status":"publish","type":"page","link":"https:\/\/starmodul.com\/pt-pt\/pagamento-seguro\/","title":{"rendered":"Pagamento seguro"},"content":{"rendered":"\t\t<div data-elementor-type=\"wp-page\" data-elementor-id=\"11085\" class=\"elementor elementor-11085 elementor-1320\" data-elementor-post-type=\"page\">\n\t\t\t\t\t\t<section class=\"elementor-section elementor-top-section elementor-element elementor-element-317c167 elementor-section-boxed elementor-section-height-default elementor-section-height-default\" data-id=\"317c167\" data-element_type=\"section\" data-e-type=\"section\" data-settings=\"{&quot;background_background&quot;:&quot;classic&quot;,&quot;jet_parallax_layout_list&quot;:[]}\">\n\t\t\t\t\t\t<div class=\"elementor-container elementor-column-gap-default\">\n\t\t\t\t\t<div class=\"elementor-column elementor-col-100 elementor-top-column elementor-element elementor-element-a70002e\" data-id=\"a70002e\" data-element_type=\"column\" data-e-type=\"column\">\n\t\t\t<div class=\"elementor-widget-wrap elementor-element-populated\">\n\t\t\t\t\t\t<div class=\"elementor-element elementor-element-40bd93a elementor-widget elementor-widget-heading\" data-id=\"40bd93a\" data-element_type=\"widget\" data-e-type=\"widget\" data-widget_type=\"heading.default\">\n\t\t\t\t<div class=\"elementor-widget-container\">\n\t\t\t\t\t<h2 class=\"elementor-heading-title elementor-size-default\">Pagamento seguro<\/h2>\t\t\t\t<\/div>\n\t\t\t\t<\/div>\n\t\t\t\t\t<\/div>\n\t\t<\/div>\n\t\t\t\t\t<\/div>\n\t\t<\/section>\n\t\t\t\t<section class=\"elementor-section elementor-top-section elementor-element elementor-element-f23d4d5 elementor-section-boxed elementor-section-height-default elementor-section-height-default\" data-id=\"f23d4d5\" data-element_type=\"section\" data-e-type=\"section\" data-settings=\"{&quot;jet_parallax_layout_list&quot;:[]}\">\n\t\t\t\t\t\t<div class=\"elementor-container elementor-column-gap-default\">\n\t\t\t\t\t<div class=\"elementor-column elementor-col-100 elementor-top-column elementor-element elementor-element-0d5c967\" data-id=\"0d5c967\" data-element_type=\"column\" data-e-type=\"column\">\n\t\t\t<div class=\"elementor-widget-wrap elementor-element-populated\">\n\t\t\t\t\t\t<div class=\"elementor-element elementor-element-d613532 elementor-widget elementor-widget-text-editor\" data-id=\"d613532\" data-element_type=\"widget\" data-e-type=\"widget\" data-widget_type=\"text-editor.default\">\n\t\t\t\t<div class=\"elementor-widget-container\">\n\t\t\t\t\t\t\t\t\t<p style=\"font-weight: 400;\">O nosso objetivo \u00e9 tornar a sua compra r\u00e1pida e f\u00e1cil, oferecendo-lhe uma variedade de m\u00e9todos de pagamento, para que possa escolher o que mais lhe conv\u00e9m. Aceita-se o pagamento por cart\u00e3o de cr\u00e9dito\/d\u00e9bito, transfer\u00eancia banc\u00e1ria ou PayPal.<\/p>\n<p style=\"font-weight: 400;\">O Cliente compromete-se a efetuar o pagamento no momento da encomenda. O pre\u00e7o inicial indicado pela Starmodul S.L. para cada um dos produtos oferecidos ser\u00e1 acrescido dos respectivos custos de envio. Em qualquer caso, estas tarifas ser\u00e3o comunicadas ao Cliente antes da formaliza\u00e7\u00e3o da compra.<\/p>\n<p style=\"font-weight: 400;\">O recibo ou prova de compra correspondente \u00e0 ordem de compra estar\u00e1 dispon\u00edvel e pode ser consultado em www.starmodul.com na sec\u00e7\u00e3o &#8220;A minha conta&#8221;, &#8220;Encomendas&#8221;.<\/p>\n<p style=\"font-weight: 400;\">O Cliente deve pagar o montante correspondente \u00e0 sua encomenda por cart\u00e3o de cr\u00e9dito ou de d\u00e9bito (Visa, Mastercard, Visa Electron e\/ou outros cart\u00f5es similares), transfer\u00eancia banc\u00e1ria ou Paypal. O cart\u00e3o com o qual o pagamento \u00e9 efectuado deve ser emitido por um banco ou por uma caixa econ\u00f3mica europeia. O pagamento por cart\u00e3o \u00e9 efectuado atrav\u00e9s de Cajamar com os seus protocolos de seguran\u00e7a.<\/p>\n<p style=\"font-weight: 400;\">O Cliente deve notificar a Starmodul S.L. de qualquer d\u00e9bito indevido ou fraudulento no cart\u00e3o utilizado para as compras, por correio eletr\u00f3nico ou telefone, o mais rapidamente poss\u00edvel, para que a Starmodul S.L. possa tomar as medidas adequadas.<\/p>\n\t\t\t\t\t\t\t\t<\/div>\n\t\t\t\t<\/div>\n\t\t\t\t\t<\/div>\n\t\t<\/div>\n\t\t\t\t\t<\/div>\n\t\t<\/section>\n\t\t\t\t<section class=\"elementor-section elementor-top-section elementor-element elementor-element-093c60a elementor-section-boxed elementor-section-height-default elementor-section-height-default\" data-id=\"093c60a\" data-element_type=\"section\" data-e-type=\"section\" data-settings=\"{&quot;jet_parallax_layout_list&quot;:[],&quot;background_background&quot;:&quot;classic&quot;}\">\n\t\t\t\t\t\t<div class=\"elementor-container elementor-column-gap-default\">\n\t\t\t\t\t<div class=\"elementor-column elementor-col-100 elementor-top-column elementor-element elementor-element-ee0b2dd\" data-id=\"ee0b2dd\" data-element_type=\"column\" data-e-type=\"column\">\n\t\t\t<div class=\"elementor-widget-wrap elementor-element-populated\">\n\t\t\t\t\t\t<div class=\"elementor-element elementor-element-4157986 elementor-widget elementor-widget-heading\" data-id=\"4157986\" data-element_type=\"widget\" data-e-type=\"widget\" data-widget_type=\"heading.default\">\n\t\t\t\t<div class=\"elementor-widget-container\">\n\t\t\t\t\t<h2 class=\"elementor-heading-title elementor-size-default\">Pagamento seguro com cart\u00e3o<\/h2>\t\t\t\t<\/div>\n\t\t\t\t<\/div>\n\t\t\t\t<div class=\"elementor-element elementor-element-7ff2154 elementor-widget elementor-widget-text-editor\" data-id=\"7ff2154\" data-element_type=\"widget\" data-e-type=\"widget\" data-widget_type=\"text-editor.default\">\n\t\t\t\t<div class=\"elementor-widget-container\">\n\t\t\t\t\t\t\t\t\t<p style=\"font-weight: 400;\">A Starmodul S.L. coloca \u00e0 sua disposi\u00e7\u00e3o o Sistema de Pagamento Seguro com Cart\u00e3o Online, com o qual poder\u00e1 efetuar as suas compras online com a m\u00e1xima tranquilidade e seguran\u00e7a. Todos os dados fornecidos no processo s\u00e3o encriptados ao abrigo do protocolo SSL (Secure Socket Layers) para garantir a m\u00e1xima seguran\u00e7a e n\u00e3o podem ser interceptados durante a transmiss\u00e3o.<\/p>\n<p style=\"font-weight: 400;\">Para o efeito, a Starmodul S.L. adoptou a norma internacional de seguran\u00e7a VISA, denominada Verified by VISA, implementada desde abril de 2002. Para a Mastercard, chama-se &#8220;MasterCard SecureCode&#8221;.<\/p>\n<ul style=\"font-weight: 400;\">\n<li><a href=\"https:\/\/sis-t.redsys.es:25443\/sis\/html\/verifiedByVisa1.html\" target=\"_blank\" rel=\"noopener\">VERIFICADO PELO VISTO<\/a><\/li>\n<li><a href=\"https:\/\/www.mastercard.us\/en-us.html\" target=\"_blank\" rel=\"noopener\">MASTERCARD SECURECODE<\/a><\/li>\n<\/ul>\n<p style=\"font-weight: 400;\">Para mais informa\u00e7\u00f5es sobre este servi\u00e7o, consulte a p\u00e1gina Verified by VISA.<\/p>\n\t\t\t\t\t\t\t\t<\/div>\n\t\t\t\t<\/div>\n\t\t\t\t\t<\/div>\n\t\t<\/div>\n\t\t\t\t\t<\/div>\n\t\t<\/section>\n\t\t\t\t<section class=\"elementor-section elementor-top-section elementor-element elementor-element-24cf5ee elementor-section-boxed elementor-section-height-default elementor-section-height-default\" data-id=\"24cf5ee\" data-element_type=\"section\" data-e-type=\"section\" data-settings=\"{&quot;jet_parallax_layout_list&quot;:[]}\">\n\t\t\t\t\t\t<div class=\"elementor-container elementor-column-gap-default\">\n\t\t\t\t\t<div class=\"elementor-column elementor-col-100 elementor-top-column elementor-element elementor-element-547555a\" data-id=\"547555a\" data-element_type=\"column\" data-e-type=\"column\">\n\t\t\t<div class=\"elementor-widget-wrap elementor-element-populated\">\n\t\t\t\t\t\t<div class=\"elementor-element elementor-element-fff86d8 elementor-widget elementor-widget-heading\" data-id=\"fff86d8\" data-element_type=\"widget\" data-e-type=\"widget\" data-widget_type=\"heading.default\">\n\t\t\t\t<div class=\"elementor-widget-container\">\n\t\t\t\t\t<h2 class=\"elementor-heading-title elementor-size-default\">Como \u00e9 que os sistemas Verified By Visa - MasterCard SecureCode funcionam?<\/h2>\t\t\t\t<\/div>\n\t\t\t\t<\/div>\n\t\t\t\t<div class=\"elementor-element elementor-element-00c0cd2 elementor-widget elementor-widget-text-editor\" data-id=\"00c0cd2\" data-element_type=\"widget\" data-e-type=\"widget\" data-widget_type=\"text-editor.default\">\n\t\t\t\t<div class=\"elementor-widget-container\">\n\t\t\t\t\t\t\t\t\t<p style=\"font-weight: 400;\">Deve contactar a sua ag\u00eancia banc\u00e1ria e solicitar a ativa\u00e7\u00e3o do servi\u00e7o de pagamento seguro para as compras em linha. Este sistema \u00e9 composto por uma palavra-passe, uma frase que s\u00f3 o utilizador conhece, um c\u00f3digo aleat\u00f3rio enviado para o seu telem\u00f3vel, etc. Cada banco tem o seu pr\u00f3prio sistema de identifica\u00e7\u00e3o. Muitos bancos oferecem mesmo o registo em linha, sem necessidade de se deslocar \u00e0 sua ag\u00eancia. Consulte o seu banco.<\/p>\n<p style=\"font-weight: 400;\">O sistema consiste no facto de que, ao terminar de selecionar o m\u00e9todo de pagamento e SEM NECESSIDADE DE COLOCAR OS DADOS DO SEU CART\u00c3O NA STARMODUL S.L., a nossa loja envia-o a si e aos dados da sua encomenda diretamente para a porta segura do banco para que possa completar o processo de compra com o seu cart\u00e3o. Desta forma, o seu anunciante NUNCA conhece os dados do seu cart\u00e3o.<\/p>\n\t\t\t\t\t\t\t\t<\/div>\n\t\t\t\t<\/div>\n\t\t\t\t\t<\/div>\n\t\t<\/div>\n\t\t\t\t\t<\/div>\n\t\t<\/section>\n\t\t\t\t<\/div>\n\t\t","protected":false},"excerpt":{"rendered":"<p>Pagamento seguro O nosso objetivo \u00e9 tornar a sua compra r\u00e1pida e f\u00e1cil, oferecendo-lhe uma variedade de m\u00e9todos de pagamento, para que possa escolher o que mais lhe conv\u00e9m. Aceita-se o pagamento por cart\u00e3o de cr\u00e9dito\/d\u00e9bito, transfer\u00eancia banc\u00e1ria ou PayPal. O Cliente compromete-se a efetuar o pagamento no momento da encomenda. O pre\u00e7o inicial indicado [&hellip;]<\/p>\n","protected":false},"author":303,"featured_media":0,"parent":0,"menu_order":0,"comment_status":"closed","ping_status":"closed","template":"elementor_header_footer","meta":{"footnotes":""},"class_list":["post-11085","page","type-page","status-publish","hentry"],"_links":{"self":[{"href":"https:\/\/starmodul.com\/pt-pt\/wp-json\/wp\/v2\/pages\/11085","targetHints":{"allow":["GET"]}}],"collection":[{"href":"https:\/\/starmodul.com\/pt-pt\/wp-json\/wp\/v2\/pages"}],"about":[{"href":"https:\/\/starmodul.com\/pt-pt\/wp-json\/wp\/v2\/types\/page"}],"author":[{"embeddable":true,"href":"https:\/\/starmodul.com\/pt-pt\/wp-json\/wp\/v2\/users\/303"}],"replies":[{"embeddable":true,"href":"https:\/\/starmodul.com\/pt-pt\/wp-json\/wp\/v2\/comments?post=11085"}],"version-history":[{"count":0,"href":"https:\/\/starmodul.com\/pt-pt\/wp-json\/wp\/v2\/pages\/11085\/revisions"}],"wp:attachment":[{"href":"https:\/\/starmodul.com\/pt-pt\/wp-json\/wp\/v2\/media?parent=11085"}],"curies":[{"name":"wp","href":"https:\/\/api.w.org\/{rel}","templated":true}]}}