{"id":11024,"date":"2022-12-25T09:58:52","date_gmt":"2022-12-25T08:58:52","guid":{"rendered":"https:\/\/starmodul.com\/nota-legal\/"},"modified":"2024-07-11T08:33:11","modified_gmt":"2024-07-11T06:33:11","slug":"nota-legal","status":"publish","type":"page","link":"https:\/\/starmodul.com\/pt-pt\/nota-legal\/","title":{"rendered":"Nota legal"},"content":{"rendered":"\t\t<div data-elementor-type=\"wp-page\" data-elementor-id=\"11024\" class=\"elementor elementor-11024 elementor-1290\" data-elementor-post-type=\"page\">\n\t\t\t\t\t\t<section class=\"elementor-section elementor-top-section elementor-element elementor-element-306f71e elementor-section-boxed elementor-section-height-default elementor-section-height-default\" data-id=\"306f71e\" data-element_type=\"section\" data-e-type=\"section\" data-settings=\"{&quot;background_background&quot;:&quot;classic&quot;,&quot;jet_parallax_layout_list&quot;:[]}\">\n\t\t\t\t\t\t<div class=\"elementor-container elementor-column-gap-default\">\n\t\t\t\t\t<div class=\"elementor-column elementor-col-100 elementor-top-column elementor-element elementor-element-78e4442\" data-id=\"78e4442\" data-element_type=\"column\" data-e-type=\"column\">\n\t\t\t<div class=\"elementor-widget-wrap elementor-element-populated\">\n\t\t\t\t\t\t<div class=\"elementor-element elementor-element-7605007 elementor-widget elementor-widget-heading\" data-id=\"7605007\" data-element_type=\"widget\" data-e-type=\"widget\" data-widget_type=\"heading.default\">\n\t\t\t\t<div class=\"elementor-widget-container\">\n\t\t\t\t\t<h2 class=\"elementor-heading-title elementor-size-default\">Aviso legal<\/h2>\t\t\t\t<\/div>\n\t\t\t\t<\/div>\n\t\t\t\t\t<\/div>\n\t\t<\/div>\n\t\t\t\t\t<\/div>\n\t\t<\/section>\n\t\t\t\t<section class=\"elementor-section elementor-top-section elementor-element elementor-element-6cd7ae5 elementor-section-boxed elementor-section-height-default elementor-section-height-default\" data-id=\"6cd7ae5\" data-element_type=\"section\" data-e-type=\"section\" data-settings=\"{&quot;jet_parallax_layout_list&quot;:[]}\">\n\t\t\t\t\t\t<div class=\"elementor-container elementor-column-gap-default\">\n\t\t\t\t\t<div class=\"elementor-column elementor-col-100 elementor-top-column elementor-element elementor-element-490afc2\" data-id=\"490afc2\" data-element_type=\"column\" data-e-type=\"column\">\n\t\t\t<div class=\"elementor-widget-wrap elementor-element-populated\">\n\t\t\t\t\t\t<div class=\"elementor-element elementor-element-0d6ce2d elementor-widget elementor-widget-heading\" data-id=\"0d6ce2d\" data-element_type=\"widget\" data-e-type=\"widget\" data-widget_type=\"heading.default\">\n\t\t\t\t<div class=\"elementor-widget-container\">\n\t\t\t\t\t<h2 class=\"elementor-heading-title elementor-size-default\">OBJECTO<\/h2>\t\t\t\t<\/div>\n\t\t\t\t<\/div>\n\t\t\t\t<div class=\"elementor-element elementor-element-1939a40 elementor-widget elementor-widget-text-editor\" data-id=\"1939a40\" data-element_type=\"widget\" data-e-type=\"widget\" data-widget_type=\"text-editor.default\">\n\t\t\t\t<div class=\"elementor-widget-container\">\n\t\t\t\t\t\t\t\t\t<h2><span style=\"color: var( --e-global-color-text ); font-family: var( --e-global-typography-text-font-family ), Sans-serif; font-weight: var( --e-global-typography-text-font-weight ); font-size: 1rem;\">As presentes Condi\u00e7\u00f5es Gerais regulam a aquisi\u00e7\u00e3o dos produtos oferecidos no s\u00edtio www.starmodul.com, propriedade da CUATELART, S.L. (doravante CUATELART).<\/span><\/h2>\n<p>A compra de qualquer um dos produtos implica a aceita\u00e7\u00e3o plena e sem reservas de todas e cada uma das Condi\u00e7\u00f5es Gerais indicadas, sem preju\u00edzo da aceita\u00e7\u00e3o das Condi\u00e7\u00f5es Especiais que possam ser aplic\u00e1veis \u00e0 compra de determinados produtos.<\/p>\n<p>As presentes Condi\u00e7\u00f5es Gerais podem ser modificadas sem aviso pr\u00e9vio, pelo que \u00e9 aconselh\u00e1vel ler atentamente o seu conte\u00fado antes de proceder \u00e0 compra de qualquer um dos produtos oferecidos.<\/p>\n\t\t\t\t\t\t\t\t<\/div>\n\t\t\t\t<\/div>\n\t\t\t\t\t<\/div>\n\t\t<\/div>\n\t\t\t\t\t<\/div>\n\t\t<\/section>\n\t\t\t\t<section class=\"elementor-section elementor-top-section elementor-element elementor-element-77cc154 elementor-section-boxed elementor-section-height-default elementor-section-height-default\" data-id=\"77cc154\" data-element_type=\"section\" data-e-type=\"section\" data-settings=\"{&quot;jet_parallax_layout_list&quot;:[],&quot;background_background&quot;:&quot;classic&quot;}\">\n\t\t\t\t\t\t<div class=\"elementor-container elementor-column-gap-default\">\n\t\t\t\t\t<div class=\"elementor-column elementor-col-100 elementor-top-column elementor-element elementor-element-0341e3d\" data-id=\"0341e3d\" data-element_type=\"column\" data-e-type=\"column\">\n\t\t\t<div class=\"elementor-widget-wrap elementor-element-populated\">\n\t\t\t\t\t\t<div class=\"elementor-element elementor-element-fdf62f1 elementor-widget elementor-widget-heading\" data-id=\"fdf62f1\" data-element_type=\"widget\" data-e-type=\"widget\" data-widget_type=\"heading.default\">\n\t\t\t\t<div class=\"elementor-widget-container\">\n\t\t\t\t\t<h2 class=\"elementor-heading-title elementor-size-default\">IDENTIFICA\u00c7\u00c3O<\/h2>\t\t\t\t<\/div>\n\t\t\t\t<\/div>\n\t\t\t\t<div class=\"elementor-element elementor-element-72eead1 elementor-widget elementor-widget-text-editor\" data-id=\"72eead1\" data-element_type=\"widget\" data-e-type=\"widget\" data-widget_type=\"text-editor.default\">\n\t\t\t\t<div class=\"elementor-widget-container\">\n\t\t\t\t\t\t\t\t\t<h2><span style=\"color: var( --e-global-color-text ); font-family: var( --e-global-typography-text-font-family ), Sans-serif; font-weight: var( --e-global-typography-text-font-weight ); font-size: 1rem;\">A CUATELART, em cumprimento da Lei 34\/2002, de 11 de julho, de Servi\u00e7os da Sociedade da Informa\u00e7\u00e3o e Com\u00e9rcio Eletr\u00f3nico, informa que:<\/span><\/h2>\n<ul>\n<li>O nome da empresa \u00e9: CUATELART, S.L<\/li>\n<li>A sua designa\u00e7\u00e3o comercial \u00e9: CUATELART<\/li>\n<li>O seu n\u00famero de IVA \u00e9: B25396128<\/li>\n<li>A sua sede social situa-se em: PALAUET, 131. 25001-LLEIDA.<\/li>\n<li>Dados de registo: Registo Comercial, volume 491, f\u00f3lio 41, folha n\u00famero L-9.125<\/li>\n<\/ul>\n\t\t\t\t\t\t\t\t<\/div>\n\t\t\t\t<\/div>\n\t\t\t\t\t<\/div>\n\t\t<\/div>\n\t\t\t\t\t<\/div>\n\t\t<\/section>\n\t\t\t\t<section class=\"elementor-section elementor-top-section elementor-element elementor-element-7376b88 elementor-section-boxed elementor-section-height-default elementor-section-height-default\" data-id=\"7376b88\" data-element_type=\"section\" data-e-type=\"section\" data-settings=\"{&quot;jet_parallax_layout_list&quot;:[]}\">\n\t\t\t\t\t\t<div class=\"elementor-container elementor-column-gap-default\">\n\t\t\t\t\t<div class=\"elementor-column elementor-col-100 elementor-top-column elementor-element elementor-element-a4d5c73\" data-id=\"a4d5c73\" data-element_type=\"column\" data-e-type=\"column\">\n\t\t\t<div class=\"elementor-widget-wrap elementor-element-populated\">\n\t\t\t\t\t\t<div class=\"elementor-element elementor-element-12ffb58 elementor-widget elementor-widget-heading\" data-id=\"12ffb58\" data-element_type=\"widget\" data-e-type=\"widget\" data-widget_type=\"heading.default\">\n\t\t\t\t<div class=\"elementor-widget-container\">\n\t\t\t\t\t<h2 class=\"elementor-heading-title elementor-size-default\">COMUNICA\u00c7\u00d5ES<\/h2>\t\t\t\t<\/div>\n\t\t\t\t<\/div>\n\t\t\t\t<div class=\"elementor-element elementor-element-1e1cf95 elementor-widget elementor-widget-text-editor\" data-id=\"1e1cf95\" data-element_type=\"widget\" data-e-type=\"widget\" data-widget_type=\"text-editor.default\">\n\t\t\t\t<div class=\"elementor-widget-container\">\n\t\t\t\t\t\t\t\t\t<ul>\n<li>Tel. 973 22 81 64<\/li>\n<li>WhatsApp 683 44 26 26 08<\/li>\n<li>info@starmodul.com<\/li>\n<\/ul>\n\t\t\t\t\t\t\t\t<\/div>\n\t\t\t\t<\/div>\n\t\t\t\t\t<\/div>\n\t\t<\/div>\n\t\t\t\t\t<\/div>\n\t\t<\/section>\n\t\t\t\t<section class=\"elementor-section elementor-top-section elementor-element elementor-element-ad8ef07 elementor-section-boxed elementor-section-height-default elementor-section-height-default\" data-id=\"ad8ef07\" data-element_type=\"section\" data-e-type=\"section\" data-settings=\"{&quot;jet_parallax_layout_list&quot;:[],&quot;background_background&quot;:&quot;classic&quot;}\">\n\t\t\t\t\t\t<div class=\"elementor-container elementor-column-gap-default\">\n\t\t\t\t\t<div class=\"elementor-column elementor-col-100 elementor-top-column elementor-element elementor-element-de9d905\" data-id=\"de9d905\" data-element_type=\"column\" data-e-type=\"column\">\n\t\t\t<div class=\"elementor-widget-wrap elementor-element-populated\">\n\t\t\t\t\t\t<div class=\"elementor-element elementor-element-4fade27 elementor-widget elementor-widget-heading\" data-id=\"4fade27\" data-element_type=\"widget\" data-e-type=\"widget\" data-widget_type=\"heading.default\">\n\t\t\t\t<div class=\"elementor-widget-container\">\n\t\t\t\t\t<h2 class=\"elementor-heading-title elementor-size-default\">PRODUTOS<\/h2>\t\t\t\t<\/div>\n\t\t\t\t<\/div>\n\t\t\t\t<div class=\"elementor-element elementor-element-6aa557f elementor-widget elementor-widget-text-editor\" data-id=\"6aa557f\" data-element_type=\"widget\" data-e-type=\"widget\" data-widget_type=\"text-editor.default\">\n\t\t\t\t<div class=\"elementor-widget-container\">\n\t\t\t\t\t\t\t\t\t<div><span style=\"color: var( --e-global-color-text ); font-family: var( --e-global-typography-text-font-family ), Sans-serif; font-weight: var( --e-global-typography-text-font-weight ); font-size: 1rem;\">Os produtos oferecidos, juntamente com as suas principais caracter\u00edsticas e pre\u00e7o, s\u00e3o apresentados no ecr\u00e3.<\/span><\/div>\n<p>A CUATELART reserva-se o direito de decidir, em qualquer altura, os produtos e\/ou servi\u00e7os oferecidos aos Clientes. Deste modo, a CUATELART pode, a qualquer momento, acrescentar novos produtos e\/ou servi\u00e7os aos atualmente oferecidos. A CUATELART reserva-se igualmente o direito de retirar ou de deixar de propor, em qualquer altura e sem aviso pr\u00e9vio, qualquer dos produtos propostos.<\/p>\n<p>Tudo isto sem preju\u00edzo do facto de a compra de qualquer um dos produtos s\u00f3 poder ser efectuada mediante a subscri\u00e7\u00e3o ou registo do UTILIZADOR, atrav\u00e9s de um nome de utilizador e de uma palavra-passe, que o identifique e habilite pessoalmente a ter acesso aos produtos.<\/p>\n<p>Uma vez dentro de www.starmodul.com , e para aceder \u00e0 contrata\u00e7\u00e3o dos diferentes produtos, o Utilizador dever\u00e1 seguir todas as instru\u00e7\u00f5es indicadas no processo de compra, o que implicar\u00e1 a leitura e aceita\u00e7\u00e3o de todas as condi\u00e7\u00f5es gerais e particulares estabelecidas em www.starmodul.com.<\/p>\n\t\t\t\t\t\t\t\t<\/div>\n\t\t\t\t<\/div>\n\t\t\t\t<div class=\"elementor-element elementor-element-9f821f7 elementor-align-center elementor-mobile-align-justify elementor-widget elementor-widget-button\" data-id=\"9f821f7\" data-element_type=\"widget\" data-e-type=\"widget\" data-widget_type=\"button.default\">\n\t\t\t\t<div class=\"elementor-widget-container\">\n\t\t\t\t\t\t\t\t\t<div class=\"elementor-button-wrapper\">\n\t\t\t\t\t<a class=\"elementor-button elementor-button-link elementor-size-sm\" href=\"https:\/\/starmodul.com\/pt-pt\/contacto\/\">\n\t\t\t\t\t\t<span class=\"elementor-button-content-wrapper\">\n\t\t\t\t\t\t\t\t\t<span class=\"elementor-button-text\">Contacto connosco<\/span>\n\t\t\t\t\t<\/span>\n\t\t\t\t\t<\/a>\n\t\t\t\t<\/div>\n\t\t\t\t\t\t\t\t<\/div>\n\t\t\t\t<\/div>\n\t\t\t\t\t<\/div>\n\t\t<\/div>\n\t\t\t\t\t<\/div>\n\t\t<\/section>\n\t\t\t\t<\/div>\n\t\t","protected":false},"excerpt":{"rendered":"<p>Aviso legal OBJECTO As presentes Condi\u00e7\u00f5es Gerais regulam a aquisi\u00e7\u00e3o dos produtos oferecidos no s\u00edtio www.starmodul.com, propriedade da CUATELART, S.L. (doravante CUATELART). A compra de qualquer um dos produtos implica a aceita\u00e7\u00e3o plena e sem reservas de todas e cada uma das Condi\u00e7\u00f5es Gerais indicadas, sem preju\u00edzo da aceita\u00e7\u00e3o das Condi\u00e7\u00f5es Especiais que possam ser [&hellip;]<\/p>\n","protected":false},"author":303,"featured_media":0,"parent":0,"menu_order":0,"comment_status":"closed","ping_status":"closed","template":"elementor_header_footer","meta":{"footnotes":""},"class_list":["post-11024","page","type-page","status-publish","hentry"],"_links":{"self":[{"href":"https:\/\/starmodul.com\/pt-pt\/wp-json\/wp\/v2\/pages\/11024","targetHints":{"allow":["GET"]}}],"collection":[{"href":"https:\/\/starmodul.com\/pt-pt\/wp-json\/wp\/v2\/pages"}],"about":[{"href":"https:\/\/starmodul.com\/pt-pt\/wp-json\/wp\/v2\/types\/page"}],"author":[{"embeddable":true,"href":"https:\/\/starmodul.com\/pt-pt\/wp-json\/wp\/v2\/users\/303"}],"replies":[{"embeddable":true,"href":"https:\/\/starmodul.com\/pt-pt\/wp-json\/wp\/v2\/comments?post=11024"}],"version-history":[{"count":0,"href":"https:\/\/starmodul.com\/pt-pt\/wp-json\/wp\/v2\/pages\/11024\/revisions"}],"wp:attachment":[{"href":"https:\/\/starmodul.com\/pt-pt\/wp-json\/wp\/v2\/media?parent=11024"}],"curies":[{"name":"wp","href":"https:\/\/api.w.org\/{rel}","templated":true}]}}