{"id":11071,"date":"2022-12-25T10:36:06","date_gmt":"2022-12-25T09:36:06","guid":{"rendered":"https:\/\/starmodul.com\/pagamento-sicuro\/"},"modified":"2024-07-11T08:33:11","modified_gmt":"2024-07-11T06:33:11","slug":"pagamento-sicuro","status":"publish","type":"page","link":"https:\/\/starmodul.com\/it\/pagamento-sicuro\/","title":{"rendered":"Pagamento sicuro"},"content":{"rendered":"\t\t<div data-elementor-type=\"wp-page\" data-elementor-id=\"11071\" class=\"elementor elementor-11071 elementor-1320\" data-elementor-post-type=\"page\">\n\t\t\t\t\t\t<section class=\"elementor-section elementor-top-section elementor-element elementor-element-317c167 elementor-section-boxed elementor-section-height-default elementor-section-height-default\" data-id=\"317c167\" data-element_type=\"section\" data-e-type=\"section\" data-settings=\"{&quot;background_background&quot;:&quot;classic&quot;,&quot;jet_parallax_layout_list&quot;:[]}\">\n\t\t\t\t\t\t<div class=\"elementor-container elementor-column-gap-default\">\n\t\t\t\t\t<div class=\"elementor-column elementor-col-100 elementor-top-column elementor-element elementor-element-a70002e\" data-id=\"a70002e\" data-element_type=\"column\" data-e-type=\"column\">\n\t\t\t<div class=\"elementor-widget-wrap elementor-element-populated\">\n\t\t\t\t\t\t<div class=\"elementor-element elementor-element-40bd93a elementor-widget elementor-widget-heading\" data-id=\"40bd93a\" data-element_type=\"widget\" data-e-type=\"widget\" data-widget_type=\"heading.default\">\n\t\t\t\t<div class=\"elementor-widget-container\">\n\t\t\t\t\t<h2 class=\"elementor-heading-title elementor-size-default\">Pagamento sicuro<\/h2>\t\t\t\t<\/div>\n\t\t\t\t<\/div>\n\t\t\t\t\t<\/div>\n\t\t<\/div>\n\t\t\t\t\t<\/div>\n\t\t<\/section>\n\t\t\t\t<section class=\"elementor-section elementor-top-section elementor-element elementor-element-f23d4d5 elementor-section-boxed elementor-section-height-default elementor-section-height-default\" data-id=\"f23d4d5\" data-element_type=\"section\" data-e-type=\"section\" data-settings=\"{&quot;jet_parallax_layout_list&quot;:[]}\">\n\t\t\t\t\t\t<div class=\"elementor-container elementor-column-gap-default\">\n\t\t\t\t\t<div class=\"elementor-column elementor-col-100 elementor-top-column elementor-element elementor-element-0d5c967\" data-id=\"0d5c967\" data-element_type=\"column\" data-e-type=\"column\">\n\t\t\t<div class=\"elementor-widget-wrap elementor-element-populated\">\n\t\t\t\t\t\t<div class=\"elementor-element elementor-element-d613532 elementor-widget elementor-widget-text-editor\" data-id=\"d613532\" data-element_type=\"widget\" data-e-type=\"widget\" data-widget_type=\"text-editor.default\">\n\t\t\t\t<div class=\"elementor-widget-container\">\n\t\t\t\t\t\t\t\t\t<p style=\"font-weight: 400;\">Il nostro obiettivo \u00e8 quello di rendere il vostro acquisto facile e veloce, offrendovi una variet\u00e0 di metodi di pagamento, in modo che possiate scegliere quello pi\u00f9 adatto a voi. Si accettano pagamenti con carta di credito\/debito, bonifico bancario o PayPal.<\/p>\n<p style=\"font-weight: 400;\">Il Cliente si impegna a pagare al momento dell&#8217;ordine. Il prezzo iniziale indicato da Starmodul S.L. per ciascuno dei prodotti offerti sar\u00e0 maggiorato delle relative spese di spedizione. In ogni caso, tali tariffe saranno comunicate al Cliente prima della formalizzazione dell&#8217;acquisto.<\/p>\n<p style=\"font-weight: 400;\">La ricevuta o la prova d&#8217;acquisto corrispondente all&#8217;ordine di acquisto sar\u00e0 disponibile e consultabile sul sito www.starmodul.com nella sezione &#8220;Il mio account&#8221;, &#8220;Ordini&#8221;.<\/p>\n<p style=\"font-weight: 400;\">Il Cliente deve pagare l&#8217;importo corrispondente al suo ordine con carta di credito o di debito (Visa, Mastercard, Visa Electron e\/o altre carte simili), bonifico bancario o Paypal. La carta con cui si effettua il pagamento deve essere emessa da una banca o cassa di risparmio europea. Il pagamento con carta avviene tramite Cajamar con i suoi protocolli di sicurezza.<\/p>\n<p style=\"font-weight: 400;\">Il Cliente \u00e8 tenuto a notificare a Starmodul S.L. qualsiasi addebito indebito o fraudolento sulla carta utilizzata per gli acquisti, via e-mail o telefono, il prima possibile, in modo che Starmodul S.L. possa prendere i provvedimenti del caso.<\/p>\n\t\t\t\t\t\t\t\t<\/div>\n\t\t\t\t<\/div>\n\t\t\t\t\t<\/div>\n\t\t<\/div>\n\t\t\t\t\t<\/div>\n\t\t<\/section>\n\t\t\t\t<section class=\"elementor-section elementor-top-section elementor-element elementor-element-093c60a elementor-section-boxed elementor-section-height-default elementor-section-height-default\" data-id=\"093c60a\" data-element_type=\"section\" data-e-type=\"section\" data-settings=\"{&quot;jet_parallax_layout_list&quot;:[],&quot;background_background&quot;:&quot;classic&quot;}\">\n\t\t\t\t\t\t<div class=\"elementor-container elementor-column-gap-default\">\n\t\t\t\t\t<div class=\"elementor-column elementor-col-100 elementor-top-column elementor-element elementor-element-ee0b2dd\" data-id=\"ee0b2dd\" data-element_type=\"column\" data-e-type=\"column\">\n\t\t\t<div class=\"elementor-widget-wrap elementor-element-populated\">\n\t\t\t\t\t\t<div class=\"elementor-element elementor-element-4157986 elementor-widget elementor-widget-heading\" data-id=\"4157986\" data-element_type=\"widget\" data-e-type=\"widget\" data-widget_type=\"heading.default\">\n\t\t\t\t<div class=\"elementor-widget-container\">\n\t\t\t\t\t<h2 class=\"elementor-heading-title elementor-size-default\">Pagamento sicuro con carta<\/h2>\t\t\t\t<\/div>\n\t\t\t\t<\/div>\n\t\t\t\t<div class=\"elementor-element elementor-element-7ff2154 elementor-widget elementor-widget-text-editor\" data-id=\"7ff2154\" data-element_type=\"widget\" data-e-type=\"widget\" data-widget_type=\"text-editor.default\">\n\t\t\t\t<div class=\"elementor-widget-container\">\n\t\t\t\t\t\t\t\t\t<p style=\"font-weight: 400;\">Starmodul S.L. vi offre il sistema di pagamento sicuro con carta online, con il quale potrete effettuare i vostri acquisti online con la massima tranquillit\u00e0 e sicurezza. Tutti i dati forniti durante il processo sono criptati con il protocollo SSL (Secure Socket Layers) per garantire la massima sicurezza e non possono essere intercettati durante la trasmissione.<\/p>\n<p style=\"font-weight: 400;\">A tal fine, Starmodul S.L. ha adottato lo standard di sicurezza internazionale VISA, denominato Verified by VISA, implementato dall&#8217;aprile 2002. Per Mastercard si chiama &#8220;MasterCard SecureCode&#8221;.<\/p>\n<ul style=\"font-weight: 400;\">\n<li><a href=\"https:\/\/sis-t.redsys.es:25443\/sis\/html\/verifiedByVisa1.html\" target=\"_blank\" rel=\"noopener\">VERIFICATO DAL VISTO<\/a><\/li>\n<li><a href=\"https:\/\/www.mastercard.us\/en-us.html\" target=\"_blank\" rel=\"noopener\">MASTERCARD SECURECODE<\/a><\/li>\n<\/ul>\n<p style=\"font-weight: 400;\">Ulteriori informazioni su questo servizio sono disponibili alla pagina Verified by VISA.<\/p>\n\t\t\t\t\t\t\t\t<\/div>\n\t\t\t\t<\/div>\n\t\t\t\t\t<\/div>\n\t\t<\/div>\n\t\t\t\t\t<\/div>\n\t\t<\/section>\n\t\t\t\t<section class=\"elementor-section elementor-top-section elementor-element elementor-element-24cf5ee elementor-section-boxed elementor-section-height-default elementor-section-height-default\" data-id=\"24cf5ee\" data-element_type=\"section\" data-e-type=\"section\" data-settings=\"{&quot;jet_parallax_layout_list&quot;:[]}\">\n\t\t\t\t\t\t<div class=\"elementor-container elementor-column-gap-default\">\n\t\t\t\t\t<div class=\"elementor-column elementor-col-100 elementor-top-column elementor-element elementor-element-547555a\" data-id=\"547555a\" data-element_type=\"column\" data-e-type=\"column\">\n\t\t\t<div class=\"elementor-widget-wrap elementor-element-populated\">\n\t\t\t\t\t\t<div class=\"elementor-element elementor-element-fff86d8 elementor-widget elementor-widget-heading\" data-id=\"fff86d8\" data-element_type=\"widget\" data-e-type=\"widget\" data-widget_type=\"heading.default\">\n\t\t\t\t<div class=\"elementor-widget-container\">\n\t\t\t\t\t<h2 class=\"elementor-heading-title elementor-size-default\">Come funzionano i sistemi Verified By Visa - MasterCard SecureCode?<\/h2>\t\t\t\t<\/div>\n\t\t\t\t<\/div>\n\t\t\t\t<div class=\"elementor-element elementor-element-00c0cd2 elementor-widget elementor-widget-text-editor\" data-id=\"00c0cd2\" data-element_type=\"widget\" data-e-type=\"widget\" data-widget_type=\"text-editor.default\">\n\t\t\t\t<div class=\"elementor-widget-container\">\n\t\t\t\t\t\t\t\t\t<p style=\"font-weight: 400;\">\u00c8 necessario rivolgersi alla propria filiale bancaria e richiedere l&#8217;attivazione del Servizio di pagamento sicuro per gli acquisti online. Questo sistema consiste in una password, una frase che solo voi conoscete, un codice casuale inviato al vostro cellulare, ecc. Ogni banca ha un proprio sistema di identificazione. Molti istituti offrono anche la possibilit\u00e0 di registrarsi online senza doversi recare in filiale. Verificate con la vostra banca.<\/p>\n<p style=\"font-weight: 400;\">Il sistema consiste nel fatto che, al termine della selezione del metodo di pagamento e SENZA LA NECESSITA&#8217; DI INSERIRE I DETTAGLI DELLA CARTA IN STARMODUL S.L., il nostro negozio invia l&#8217;utente e i dati dell&#8217;ordine direttamente al gateway sicuro della banca, in modo che possa completare il processo di acquisto con la sua carta. In questo modo il vostro inserzionista non conoscer\u00e0 MAI i dati della vostra carta.<\/p>\n\t\t\t\t\t\t\t\t<\/div>\n\t\t\t\t<\/div>\n\t\t\t\t\t<\/div>\n\t\t<\/div>\n\t\t\t\t\t<\/div>\n\t\t<\/section>\n\t\t\t\t<\/div>\n\t\t","protected":false},"excerpt":{"rendered":"<p>Pagamento sicuro Il nostro obiettivo \u00e8 quello di rendere il vostro acquisto facile e veloce, offrendovi una variet\u00e0 di metodi di pagamento, in modo che possiate scegliere quello pi\u00f9 adatto a voi. Si accettano pagamenti con carta di credito\/debito, bonifico bancario o PayPal. Il Cliente si impegna a pagare al momento dell&#8217;ordine. Il prezzo iniziale [&hellip;]<\/p>\n","protected":false},"author":303,"featured_media":0,"parent":0,"menu_order":0,"comment_status":"closed","ping_status":"closed","template":"elementor_header_footer","meta":{"footnotes":""},"class_list":["post-11071","page","type-page","status-publish","hentry"],"_links":{"self":[{"href":"https:\/\/starmodul.com\/it\/wp-json\/wp\/v2\/pages\/11071","targetHints":{"allow":["GET"]}}],"collection":[{"href":"https:\/\/starmodul.com\/it\/wp-json\/wp\/v2\/pages"}],"about":[{"href":"https:\/\/starmodul.com\/it\/wp-json\/wp\/v2\/types\/page"}],"author":[{"embeddable":true,"href":"https:\/\/starmodul.com\/it\/wp-json\/wp\/v2\/users\/303"}],"replies":[{"embeddable":true,"href":"https:\/\/starmodul.com\/it\/wp-json\/wp\/v2\/comments?post=11071"}],"version-history":[{"count":0,"href":"https:\/\/starmodul.com\/it\/wp-json\/wp\/v2\/pages\/11071\/revisions"}],"wp:attachment":[{"href":"https:\/\/starmodul.com\/it\/wp-json\/wp\/v2\/media?parent=11071"}],"curies":[{"name":"wp","href":"https:\/\/api.w.org\/{rel}","templated":true}]}}