{"id":11020,"date":"2022-12-25T10:40:12","date_gmt":"2022-12-25T09:40:12","guid":{"rendered":"https:\/\/starmodul.com\/informativa-sui-cookie\/"},"modified":"2024-07-11T08:32:55","modified_gmt":"2024-07-11T06:32:55","slug":"informativa-sui-cookie","status":"publish","type":"page","link":"https:\/\/starmodul.com\/it\/informativa-sui-cookie\/","title":{"rendered":"Informativa sui cookie"},"content":{"rendered":"\t\t<div data-elementor-type=\"wp-page\" data-elementor-id=\"11020\" class=\"elementor elementor-11020 elementor-1329\" data-elementor-post-type=\"page\">\n\t\t\t\t\t\t<section class=\"elementor-section elementor-top-section elementor-element elementor-element-317c167 elementor-section-boxed elementor-section-height-default elementor-section-height-default\" data-id=\"317c167\" data-element_type=\"section\" data-e-type=\"section\" data-settings=\"{&quot;background_background&quot;:&quot;classic&quot;,&quot;jet_parallax_layout_list&quot;:[]}\">\n\t\t\t\t\t\t<div class=\"elementor-container elementor-column-gap-default\">\n\t\t\t\t\t<div class=\"elementor-column elementor-col-100 elementor-top-column elementor-element elementor-element-a70002e\" data-id=\"a70002e\" data-element_type=\"column\" data-e-type=\"column\">\n\t\t\t<div class=\"elementor-widget-wrap elementor-element-populated\">\n\t\t\t\t\t\t<div class=\"elementor-element elementor-element-40bd93a elementor-widget elementor-widget-heading\" data-id=\"40bd93a\" data-element_type=\"widget\" data-e-type=\"widget\" data-widget_type=\"heading.default\">\n\t\t\t\t<div class=\"elementor-widget-container\">\n\t\t\t\t\t<h2 class=\"elementor-heading-title elementor-size-default\">Informativa sui cookie ( Portogallo )<\/h2>\t\t\t\t<\/div>\n\t\t\t\t<\/div>\n\t\t\t\t\t<\/div>\n\t\t<\/div>\n\t\t\t\t\t<\/div>\n\t\t<\/section>\n\t\t\t\t<section class=\"elementor-section elementor-top-section elementor-element elementor-element-f23d4d5 elementor-section-boxed elementor-section-height-default elementor-section-height-default\" data-id=\"f23d4d5\" data-element_type=\"section\" data-e-type=\"section\" data-settings=\"{&quot;jet_parallax_layout_list&quot;:[]}\">\n\t\t\t\t\t\t<div class=\"elementor-container elementor-column-gap-default\">\n\t\t\t\t\t<div class=\"elementor-column elementor-col-100 elementor-top-column elementor-element elementor-element-0d5c967\" data-id=\"0d5c967\" data-element_type=\"column\" data-e-type=\"column\">\n\t\t\t<div class=\"elementor-widget-wrap elementor-element-populated\">\n\t\t\t\t\t\t<div class=\"elementor-element elementor-element-d613532 elementor-widget elementor-widget-text-editor\" data-id=\"d613532\" data-element_type=\"widget\" data-e-type=\"widget\" data-widget_type=\"text-editor.default\">\n\t\t\t\t<div class=\"elementor-widget-container\">\n\t\t\t\t\t\t\t\t\t<p>Questo sito web utilizza cookie e\/o tecnologie simili che memorizzano e recuperano informazioni durante la navigazione. In questa Informativa sui cookie, spieghiamo cosa sono i cookie, a cosa servono e come potete configurarli e\/o disabilitarli se lo desiderate. Vi indichiamo inoltre quali tipi di cookie vengono utilizzati, e per quali finalit\u00e0, dalla societ\u00e0 del Gruppo Sanitas responsabile del sito web attraverso il quale avete avuto accesso alla presente Politica sui cookie (il &#8220;Sito web&#8221;), debitamente identificata nell&#8217;Avviso legale ivi contenuto.  <\/p>\n<p>Vi invitiamo a leggere attentamente la presente Informativa sui cookie.  <\/p>\n\t\t\t\t\t\t\t\t<\/div>\n\t\t\t\t<\/div>\n\t\t\t\t\t<\/div>\n\t\t<\/div>\n\t\t\t\t\t<\/div>\n\t\t<\/section>\n\t\t\t\t<section class=\"elementor-section elementor-top-section elementor-element elementor-element-093c60a elementor-section-boxed elementor-section-height-default elementor-section-height-default\" data-id=\"093c60a\" data-element_type=\"section\" data-e-type=\"section\" data-settings=\"{&quot;jet_parallax_layout_list&quot;:[],&quot;background_background&quot;:&quot;classic&quot;}\">\n\t\t\t\t\t\t<div class=\"elementor-container elementor-column-gap-default\">\n\t\t\t\t\t<div class=\"elementor-column elementor-col-100 elementor-top-column elementor-element elementor-element-ee0b2dd\" data-id=\"ee0b2dd\" data-element_type=\"column\" data-e-type=\"column\">\n\t\t\t<div class=\"elementor-widget-wrap elementor-element-populated\">\n\t\t\t\t\t\t<div class=\"elementor-element elementor-element-4157986 elementor-widget elementor-widget-heading\" data-id=\"4157986\" data-element_type=\"widget\" data-e-type=\"widget\" data-widget_type=\"heading.default\">\n\t\t\t\t<div class=\"elementor-widget-container\">\n\t\t\t\t\t<h2 class=\"elementor-heading-title elementor-size-default\">1. Cosa sono i cookie e a cosa servono?  \n\n<\/h2>\t\t\t\t<\/div>\n\t\t\t\t<\/div>\n\t\t\t\t<div class=\"elementor-element elementor-element-7ff2154 elementor-widget elementor-widget-text-editor\" data-id=\"7ff2154\" data-element_type=\"widget\" data-e-type=\"widget\" data-widget_type=\"text-editor.default\">\n\t\t\t\t<div class=\"elementor-widget-container\">\n\t\t\t\t\t\t\t\t\t<p>I cookie sono dispositivi di memorizzazione e recupero dei dati che vengono utilizzati sul dispositivo dell&#8217;utente (ad esempio, il computer, il tablet o il telefono cellulare) per memorizzare informazioni e recuperare informazioni gi\u00e0 memorizzate. I cookie sono utilizzati per garantire la qualit\u00e0, l&#8217;usabilit\u00e0 e il corretto funzionamento dei siti web, nonch\u00e9 per memorizzare e recuperare informazioni sulle abitudini di navigazione e per personalizzarne il contenuto, e talvolta possono essere utilizzati per riconoscere l&#8217;utente di un sito web.  <\/p>\n<p>I cookie sono quindi essenziali per il funzionamento di Internet e non rappresentano in alcun modo un rischio per il vostro computer o il vostro dispositivo. Inoltre, possono aiutarci a riconoscere la necessit\u00e0 di migliorare alcune parti del sito web e a individuare eventuali malfunzionamenti.<\/p>\n\t\t\t\t\t\t\t\t<\/div>\n\t\t\t\t<\/div>\n\t\t\t\t\t<\/div>\n\t\t<\/div>\n\t\t\t\t\t<\/div>\n\t\t<\/section>\n\t\t\t\t<section class=\"elementor-section elementor-top-section elementor-element elementor-element-24cf5ee elementor-section-boxed elementor-section-height-default elementor-section-height-default\" data-id=\"24cf5ee\" data-element_type=\"section\" data-e-type=\"section\" data-settings=\"{&quot;jet_parallax_layout_list&quot;:[]}\">\n\t\t\t\t\t\t<div class=\"elementor-container elementor-column-gap-default\">\n\t\t\t\t\t<div class=\"elementor-column elementor-col-100 elementor-top-column elementor-element elementor-element-547555a\" data-id=\"547555a\" data-element_type=\"column\" data-e-type=\"column\">\n\t\t\t<div class=\"elementor-widget-wrap elementor-element-populated\">\n\t\t\t\t\t\t<div class=\"elementor-element elementor-element-fff86d8 elementor-widget elementor-widget-heading\" data-id=\"fff86d8\" data-element_type=\"widget\" data-e-type=\"widget\" data-widget_type=\"heading.default\">\n\t\t\t\t<div class=\"elementor-widget-container\">\n\t\t\t\t\t<h2 class=\"elementor-heading-title elementor-size-default\">2. Quali tipi di cookie sono utilizzati in questo sito web e qual \u00e8 il loro scopo?  \n\n<\/h2>\t\t\t\t<\/div>\n\t\t\t\t<\/div>\n\t\t\t\t<div class=\"elementor-element elementor-element-00c0cd2 elementor-widget elementor-widget-text-editor\" data-id=\"00c0cd2\" data-element_type=\"widget\" data-e-type=\"widget\" data-widget_type=\"text-editor.default\">\n\t\t\t\t<div class=\"elementor-widget-container\">\n\t\t\t\t\t\t\t\t\t<p>Di seguito sono riportate informazioni sui diversi tipi di cookie che utilizziamo sul sito web.  <\/p>\n<ul>\n<li>Cookie tecnici: si tratta di cookie che consentono di navigare sul Sito e di utilizzarne le diverse funzionalit\u00e0 e i servizi, ad esempio l&#8217;accesso con il proprio identificativo, la memorizzazione degli elementi che compongono un ordine, la realizzazione di un processo di acquisto, la gestione di un pagamento e il controllo delle frodi legate alla sicurezza del servizio. Questi cookie vengono installati automaticamente sul vostro dispositivo.  <\/li>\n<li>Cookie di preferenza o di personalizzazione: si tratta di cookie che consentono di ricordare informazioni per accedere al Sito Web con caratteristiche che possono differenziare la vostra esperienza da quella di altri utenti, come, ad esempio, l&#8217;aspetto o il contenuto del Sito Web o la lingua (se disponete di questa opzione), che pu\u00f2 variare a seconda del tipo di browser utilizzato.  <\/li>\n<li>Cookie di analisi o di misurazione: si tratta di cookie che consentono di monitorare e analizzare il comportamento dell&#8217;utente sul sito web. Queste informazioni consentono di misurare e analizzare l&#8217;attivit\u00e0 del Sito, con l&#8217;obiettivo di apportare i miglioramenti necessari al Sito in base all&#8217;analisi dei dati di navigazione raccolti.  <\/li>\n<li>Cookie di pubblicit\u00e0 comportamentale: si tratta di cookie che memorizzano informazioni sul comportamento degli utenti ottenute attraverso l&#8217;osservazione continua delle loro abitudini di navigazione, che consentono di sviluppare un profilo specifico al fine di mostrare pubblicit\u00e0 basata sullo stesso.  <\/li>\n<\/ul>\n<p>L&#8217;elenco dei cookie utilizzati dal sito web che state visitando e le caratteristiche di tali cookie sono riportati nella sezione 4 della presente Informativa: &#8220;Elenco dei cookie&#8221;.  <\/p>\n\t\t\t\t\t\t\t\t<\/div>\n\t\t\t\t<\/div>\n\t\t\t\t\t<\/div>\n\t\t<\/div>\n\t\t\t\t\t<\/div>\n\t\t<\/section>\n\t\t\t\t<section class=\"elementor-section elementor-top-section elementor-element elementor-element-dab5026 elementor-section-boxed elementor-section-height-default elementor-section-height-default\" data-id=\"dab5026\" data-element_type=\"section\" data-e-type=\"section\" data-settings=\"{&quot;jet_parallax_layout_list&quot;:[],&quot;background_background&quot;:&quot;classic&quot;}\">\n\t\t\t\t\t\t<div class=\"elementor-container elementor-column-gap-default\">\n\t\t\t\t\t<div class=\"elementor-column elementor-col-100 elementor-top-column elementor-element elementor-element-abd5df8\" data-id=\"abd5df8\" data-element_type=\"column\" data-e-type=\"column\">\n\t\t\t<div class=\"elementor-widget-wrap elementor-element-populated\">\n\t\t\t\t\t\t<div class=\"elementor-element elementor-element-9cfae3d elementor-widget elementor-widget-heading\" data-id=\"9cfae3d\" data-element_type=\"widget\" data-e-type=\"widget\" data-widget_type=\"heading.default\">\n\t\t\t\t<div class=\"elementor-widget-container\">\n\t\t\t\t\t<h2 class=\"elementor-heading-title elementor-size-default\">3. Come si possono impostare i cookie sul sito web?  \n<\/h2>\t\t\t\t<\/div>\n\t\t\t\t<\/div>\n\t\t\t\t<div class=\"elementor-element elementor-element-ba5f471 elementor-widget elementor-widget-text-editor\" data-id=\"ba5f471\" data-element_type=\"widget\" data-e-type=\"widget\" data-widget_type=\"text-editor.default\">\n\t\t\t\t<div class=\"elementor-widget-container\">\n\t\t\t\t\t\t\t\t\t<p><b>3.1. Impostazioni dei cookie tramite il centro di impostazione dei cookie<\/b> <\/p>\n<p>Potete accettare o rifiutare l&#8217;uso dei cookie attraverso il centro di impostazione dei cookie che mettiamo a vostra disposizione, a cui potete accedere sia attraverso il messaggio di informazione di base sui cookie che appare quando visitate per la prima volta il sito web e quando vi viene chiesto di aggiornare il vostro consenso, sia attraverso il seguente link, che vi indirizzer\u00e0 al centro di impostazione dei cookie: impostare o rifiutare l&#8217;uso dei cookie.  <\/p>\n<p>Si prega di notare che se si accettano i cookie di terze parti, \u00e8 necessario cancellarli, se lo si desidera, direttamente attraverso le opzioni di gestione dei cookie del proprio browser, come spiegato al punto 3.2 seguente.  <\/p>\n<\/p>\n<p><b>3.2. Impostazione dei cookie tramite il browser<\/b> <\/p>\n<p>Potete consentire, bloccare o eliminare i cookie installati sul vostro computer in qualsiasi momento attraverso le opzioni fornite dal browser che utilizzate. Vi diciamo come fare:  <\/p>\n<ul>\n<li>Se si utilizza Microsoft Internet Explorer: fare clic sul pulsante Strumenti di Internet Explorer, quindi su Opzioni Internet &gt; Privacy &gt; Impostazioni &gt; OK. Per ulteriori informazioni, fare clic <a href=\"https:\/\/support.microsoft.com\/es-es\/help\/17442\/windows-internet-explorer-delete-manage-cookies\" target=\"_blank\" rel=\"noopener\">qui<\/a> <\/li>\n<li>Se si utilizza Firefox: fare clic sul pulsante Firefox e selezionare Opzioni &gt; Privacy &gt; Utilizza impostazioni personalizzate per la cronologia &gt; Selezionare l&#8217;opzione Accetta i cookie per abilitarli, deselezionarla per disabilitarli &gt; Scegliere la durata di conservazione dei cookie &gt; OK. Per ulteriori informazioni, fare clic <a href=\"https:\/\/support.mozilla.org\/es\/products\/firefox\/privacy-and-security\" target=\"_blank\" rel=\"noopener\">qui<\/a> <\/li>\n<li>Se si utilizza Google Chrome: fare clic sul menu Chrome nella barra degli strumenti del browser &gt; Impostazioni &gt; Mostra opzioni avanzate &gt; Nella sezione &#8220;Privacy&#8221;, fare clic su Impostazioni contenuti &gt; Nella sezione &#8220;Cookie&#8221;, \u00e8 possibile configurare i cookie. Per ulteriori informazioni, fare clic <a href=\"https:\/\/support.google.com\/chrome\/answer\/95647?hl=es\" target=\"_blank\" rel=\"noopener\">qui<\/a> <\/li>\n<li>Se utilizzate Safari: andate in Preferenze e, nel pannello Privacy, scegliete Blocca cookie e selezionate l&#8217;opzione che preferite tra quelle proposte dal browser. Per ulteriori informazioni, fare clic <a href=\"https:\/\/support.apple.com\/es-es\/guide\/safari\/sfri11471\/mac\" target=\"_blank\" rel=\"noopener\">qui<\/a> <\/li>\n<li>Se si utilizza Opera: fare clic su Impostazioni &gt; Opzioni &gt; Avanzate &gt; Cookie. Per ulteriori informazioni, fare clic <a href=\"https:\/\/help.opera.com\/en\/latest\/web-preferences\/#cookies\" target=\"_blank\" rel=\"noopener\">qui<\/a> <\/li>\n<li>Se si utilizza un iPhone o un iPad: dalla schermata iniziale, selezionare Impostazioni &gt; Safari, quindi scegliere le impostazioni preferite. Per ulteriori informazioni, fare clic <a href=\"https:\/\/support.apple.com\/es-es\/HT201265\" target=\"_blank\" rel=\"noopener\">qui<\/a> <\/li>\n<li>Se si utilizza Android: fare clic su Menu &gt; Impostazioni &gt; Sicurezza e privacy &gt; attivare o disattivare la casella di controllo &#8220;Accetta i cookie&#8221; &gt; Riavviare il browser affinch\u00e9 le modifiche abbiano effetto.  <\/li>\n<li>Se si usa Windows Phone: in Internet Explorer, fare clic su Altre impostazioni &gt;. \u00c8 possibile accedere alle impostazioni di Internet Explorer anche tramite Impostazioni nell&#8217;elenco delle applicazioni. Selezionare o disattivare l&#8217;opzione Consenti cookie.  <\/li>\n<\/ul>\n\t\t\t\t\t\t\t\t<\/div>\n\t\t\t\t<\/div>\n\t\t\t\t\t<\/div>\n\t\t<\/div>\n\t\t\t\t\t<\/div>\n\t\t<\/section>\n\t\t\t\t<section class=\"elementor-section elementor-top-section elementor-element elementor-element-941678d elementor-section-boxed elementor-section-height-default elementor-section-height-default\" data-id=\"941678d\" data-element_type=\"section\" data-e-type=\"section\" data-settings=\"{&quot;jet_parallax_layout_list&quot;:[]}\">\n\t\t\t\t\t\t<div class=\"elementor-container elementor-column-gap-default\">\n\t\t\t\t\t<div class=\"elementor-column elementor-col-100 elementor-top-column elementor-element elementor-element-41db047\" data-id=\"41db047\" data-element_type=\"column\" data-e-type=\"column\">\n\t\t\t<div class=\"elementor-widget-wrap elementor-element-populated\">\n\t\t\t\t\t\t<div class=\"elementor-element elementor-element-13c2338 elementor-widget elementor-widget-heading\" data-id=\"13c2338\" data-element_type=\"widget\" data-e-type=\"widget\" data-widget_type=\"heading.default\">\n\t\t\t\t<div class=\"elementor-widget-container\">\n\t\t\t\t\t<h2 class=\"elementor-heading-title elementor-size-default\">4. Informazioni aggiuntive  \n\n<\/h2>\t\t\t\t<\/div>\n\t\t\t\t<\/div>\n\t\t\t\t<div class=\"elementor-element elementor-element-021ee4a elementor-widget elementor-widget-text-editor\" data-id=\"021ee4a\" data-element_type=\"widget\" data-e-type=\"widget\" data-widget_type=\"text-editor.default\">\n\t\t\t\t<div class=\"elementor-widget-container\">\n\t\t\t\t\t\t\t\t\t<p>Potete consultare ulteriori informazioni sul trattamento dei vostri dati, in particolare sui vostri diritti e su come esercitarli, nella nota legale e nell&#8217;informativa sulla privacy che troverete disponibile attraverso il link a pi\u00e8 di pagina del Sito, che vi invitiamo a consultare.  <\/p>\n\t\t\t\t\t\t\t\t<\/div>\n\t\t\t\t<\/div>\n\t\t\t\t\t<\/div>\n\t\t<\/div>\n\t\t\t\t\t<\/div>\n\t\t<\/section>\n\t\t\t\t<\/div>\n\t\t","protected":false},"excerpt":{"rendered":"<p>Informativa sui cookie ( Portogallo ) Questo sito web utilizza cookie e\/o tecnologie simili che memorizzano e recuperano informazioni durante la navigazione. In questa Informativa sui cookie, spieghiamo cosa sono i cookie, a cosa servono e come potete configurarli e\/o disabilitarli se lo desiderate. Vi indichiamo inoltre quali tipi di cookie vengono utilizzati, e per [&hellip;]<\/p>\n","protected":false},"author":303,"featured_media":0,"parent":0,"menu_order":0,"comment_status":"closed","ping_status":"closed","template":"elementor_header_footer","meta":{"footnotes":""},"class_list":["post-11020","page","type-page","status-publish","hentry"],"_links":{"self":[{"href":"https:\/\/starmodul.com\/it\/wp-json\/wp\/v2\/pages\/11020","targetHints":{"allow":["GET"]}}],"collection":[{"href":"https:\/\/starmodul.com\/it\/wp-json\/wp\/v2\/pages"}],"about":[{"href":"https:\/\/starmodul.com\/it\/wp-json\/wp\/v2\/types\/page"}],"author":[{"embeddable":true,"href":"https:\/\/starmodul.com\/it\/wp-json\/wp\/v2\/users\/303"}],"replies":[{"embeddable":true,"href":"https:\/\/starmodul.com\/it\/wp-json\/wp\/v2\/comments?post=11020"}],"version-history":[{"count":0,"href":"https:\/\/starmodul.com\/it\/wp-json\/wp\/v2\/pages\/11020\/revisions"}],"wp:attachment":[{"href":"https:\/\/starmodul.com\/it\/wp-json\/wp\/v2\/media?parent=11020"}],"curies":[{"name":"wp","href":"https:\/\/api.w.org\/{rel}","templated":true}]}}