{"id":9891,"date":"2023-01-05T03:55:09","date_gmt":"2023-01-05T02:55:09","guid":{"rendered":"https:\/\/starmodul.com\/1010-04-piece-dunion-en-l-a-double-pente-10x10cm\/"},"modified":"2024-02-09T13:17:37","modified_gmt":"2024-02-09T12:17:37","slug":"1010-04-piece-dunion-en-l-a-double-pente-10x10cm","status":"publish","type":"product","link":"https:\/\/starmodul.com\/fr\/1010-04-piece-dunion-en-l-a-double-pente-10x10cm\/","title":{"rendered":"1010-04 Pi\u00e8ce d&rsquo;union en L \u00e0 double pente &#8211; 10x10cm"},"content":{"rendered":"<p>1010-04 Pi\u00e8ce d&rsquo;union Type L ? Pendentif double \/ Taille du tube : 10,00cm x10,00 cm<\/p>\n","protected":false},"excerpt":{"rendered":"[3d_viewer id=\"4288\"]\n","protected":false},"featured_media":1562,"comment_status":"open","ping_status":"closed","template":"","meta":[],"product_brand":[],"product_cat":[110,124,120],"product_tag":[],"class_list":{"0":"post-9891","1":"product","2":"type-product","3":"status-publish","4":"has-post-thumbnail","6":"product_cat-assemblages-boulonnes-pour-les-structures-en-acier","7":"product_cat-connecteurs-de-tubes-10x10-cm-avec-ailettes","8":"product_cat-joints-boulonnes-a-ailettes","10":"first","11":"instock","12":"taxable","13":"shipping-taxable","14":"purchasable","15":"product-type-simple"},"_links":{"self":[{"href":"https:\/\/starmodul.com\/fr\/wp-json\/wp\/v2\/product\/9891","targetHints":{"allow":["GET"]}}],"collection":[{"href":"https:\/\/starmodul.com\/fr\/wp-json\/wp\/v2\/product"}],"about":[{"href":"https:\/\/starmodul.com\/fr\/wp-json\/wp\/v2\/types\/product"}],"replies":[{"embeddable":true,"href":"https:\/\/starmodul.com\/fr\/wp-json\/wp\/v2\/comments?post=9891"}],"version-history":[{"count":0,"href":"https:\/\/starmodul.com\/fr\/wp-json\/wp\/v2\/product\/9891\/revisions"}],"wp:featuredmedia":[{"embeddable":true,"href":"https:\/\/starmodul.com\/fr\/wp-json\/wp\/v2\/media\/1562"}],"wp:attachment":[{"href":"https:\/\/starmodul.com\/fr\/wp-json\/wp\/v2\/media?parent=9891"}],"wp:term":[{"taxonomy":"product_brand","embeddable":true,"href":"https:\/\/starmodul.com\/fr\/wp-json\/wp\/v2\/product_brand?post=9891"},{"taxonomy":"product_cat","embeddable":true,"href":"https:\/\/starmodul.com\/fr\/wp-json\/wp\/v2\/product_cat?post=9891"},{"taxonomy":"product_tag","embeddable":true,"href":"https:\/\/starmodul.com\/fr\/wp-json\/wp\/v2\/product_tag?post=9891"}],"curies":[{"name":"wp","href":"https:\/\/api.w.org\/{rel}","templated":true}]}}