{"id":9776,"date":"2023-01-05T03:55:27","date_gmt":"2023-01-05T02:55:27","guid":{"rendered":"https:\/\/starmodul.com\/sl25-18-joint-de-depart-de-crete-2-5cmx2-5cm\/"},"modified":"2024-02-09T13:03:10","modified_gmt":"2024-02-09T12:03:10","slug":"sl25-18-joint-de-depart-de-crete-2-5cmx2-5cm","status":"publish","type":"product","link":"https:\/\/starmodul.com\/fr\/sl25-18-joint-de-depart-de-crete-2-5cmx2-5cm\/","title":{"rendered":"SL25-18 Pi\u00e8ce d&rsquo;union de d\u00e9marrage de cr\u00eate &#8211; 2.5cmx2.5cm"},"content":{"rendered":"<p>SL25-18 Union Piece Ridge-Start \/ Pipe Size : 2,50 cm x 2,50 cm<\/p>\n","protected":false},"excerpt":{"rendered":"[3d_viewer id=\"4562\"]\n","protected":false},"featured_media":1646,"comment_status":"open","ping_status":"closed","template":"","meta":[],"product_brand":[],"product_cat":[110,119,111],"product_tag":[],"class_list":{"0":"post-9776","1":"product","2":"type-product","3":"status-publish","4":"has-post-thumbnail","6":"product_cat-assemblages-boulonnes-pour-les-structures-en-acier","7":"product_cat-connecteurs-de-tubes-2-5x2-5-cm-sans-ailettes","8":"product_cat-joints-boulonnes-sans-ailettes","10":"first","11":"instock","12":"taxable","13":"shipping-taxable","14":"purchasable","15":"product-type-simple"},"_links":{"self":[{"href":"https:\/\/starmodul.com\/fr\/wp-json\/wp\/v2\/product\/9776","targetHints":{"allow":["GET"]}}],"collection":[{"href":"https:\/\/starmodul.com\/fr\/wp-json\/wp\/v2\/product"}],"about":[{"href":"https:\/\/starmodul.com\/fr\/wp-json\/wp\/v2\/types\/product"}],"replies":[{"embeddable":true,"href":"https:\/\/starmodul.com\/fr\/wp-json\/wp\/v2\/comments?post=9776"}],"version-history":[{"count":0,"href":"https:\/\/starmodul.com\/fr\/wp-json\/wp\/v2\/product\/9776\/revisions"}],"wp:featuredmedia":[{"embeddable":true,"href":"https:\/\/starmodul.com\/fr\/wp-json\/wp\/v2\/media\/1646"}],"wp:attachment":[{"href":"https:\/\/starmodul.com\/fr\/wp-json\/wp\/v2\/media?parent=9776"}],"wp:term":[{"taxonomy":"product_brand","embeddable":true,"href":"https:\/\/starmodul.com\/fr\/wp-json\/wp\/v2\/product_brand?post=9776"},{"taxonomy":"product_cat","embeddable":true,"href":"https:\/\/starmodul.com\/fr\/wp-json\/wp\/v2\/product_cat?post=9776"},{"taxonomy":"product_tag","embeddable":true,"href":"https:\/\/starmodul.com\/fr\/wp-json\/wp\/v2\/product_tag?post=9776"}],"curies":[{"name":"wp","href":"https:\/\/api.w.org\/{rel}","templated":true}]}}