{"id":9645,"date":"2023-01-05T03:55:45","date_gmt":"2023-01-05T02:55:45","guid":{"rendered":"https:\/\/starmodul.com\/fenetres-a-precadre-by-starmodul-by-starmodul-by-starmodul-by-starmodul-by-starmodul\/"},"modified":"2025-02-07T13:44:18","modified_gmt":"2025-02-07T12:44:18","slug":"fenetres-a-precadre-by-starmodul-by-starmodul-by-starmodul-by-starmodul-by-starmodul","status":"publish","type":"product","link":"https:\/\/starmodul.com\/fr\/fenetres-a-precadre-by-starmodul-by-starmodul-by-starmodul-by-starmodul-by-starmodul\/","title":{"rendered":"Fen\u00eatres \u00e0 pr\u00e9cadre \/ By Starmodul \u00a9 By Starmodul \u00a9 By Starmodul \u00a9 By Starmodul \u00a9 By Starmodul"},"content":{"rendered":"","protected":false},"excerpt":{"rendered":"","protected":false},"featured_media":6689,"comment_status":"closed","ping_status":"closed","template":"","meta":[],"product_brand":[],"product_cat":[103,104],"product_tag":[],"class_list":{"0":"post-9645","1":"product","2":"type-product","3":"status-publish","4":"has-post-thumbnail","6":"product_cat-accessoires-structures-metalliques","7":"product_cat-fenetre-des-pre-cadres","9":"first","10":"outofstock","11":"taxable","12":"shipping-taxable","13":"purchasable","14":"product-type-simple"},"_links":{"self":[{"href":"https:\/\/starmodul.com\/fr\/wp-json\/wp\/v2\/product\/9645","targetHints":{"allow":["GET"]}}],"collection":[{"href":"https:\/\/starmodul.com\/fr\/wp-json\/wp\/v2\/product"}],"about":[{"href":"https:\/\/starmodul.com\/fr\/wp-json\/wp\/v2\/types\/product"}],"replies":[{"embeddable":true,"href":"https:\/\/starmodul.com\/fr\/wp-json\/wp\/v2\/comments?post=9645"}],"version-history":[{"count":0,"href":"https:\/\/starmodul.com\/fr\/wp-json\/wp\/v2\/product\/9645\/revisions"}],"wp:featuredmedia":[{"embeddable":true,"href":"https:\/\/starmodul.com\/fr\/wp-json\/wp\/v2\/media\/6689"}],"wp:attachment":[{"href":"https:\/\/starmodul.com\/fr\/wp-json\/wp\/v2\/media?parent=9645"}],"wp:term":[{"taxonomy":"product_brand","embeddable":true,"href":"https:\/\/starmodul.com\/fr\/wp-json\/wp\/v2\/product_brand?post=9645"},{"taxonomy":"product_cat","embeddable":true,"href":"https:\/\/starmodul.com\/fr\/wp-json\/wp\/v2\/product_cat?post=9645"},{"taxonomy":"product_tag","embeddable":true,"href":"https:\/\/starmodul.com\/fr\/wp-json\/wp\/v2\/product_tag?post=9645"}],"curies":[{"name":"wp","href":"https:\/\/api.w.org\/{rel}","templated":true}]}}