{"id":20940,"date":"2025-01-16T12:38:51","date_gmt":"2025-01-16T11:38:51","guid":{"rendered":"https:\/\/starmodul.com\/structure-3-x-3-metres-0-pente-piliers-tube-10x10-cm\/"},"modified":"2025-11-17T11:03:45","modified_gmt":"2025-11-17T10:03:45","slug":"structure-3-x-3-metres-0-pente-piliers-tube-10x10-cm","status":"publish","type":"product","link":"https:\/\/starmodul.com\/fr\/structure-3-x-3-metres-0-pente-piliers-tube-10x10-cm\/","title":{"rendered":"Structure &#8211; 3 x 3 m\u00e8tres &#8211; 0 pente &#8211; piliers (tube 10&#215;10 cm)"},"content":{"rendered":"<p><span style=\"font-weight: 400;\">Le kit de d\u00e9marrage <\/span><b>Kit de d\u00e9marrage<\/b><span style=\"font-weight: 400;\"> comprend tout ce dont vous avez besoin pour assembler une structure de base fonctionnelle en une seule eau, avec des mat\u00e9riaux de haute qualit\u00e9 et un design optimis\u00e9 pour faciliter l&rsquo;installation.<\/span><\/p>\n<h4><b>Composants du kit de d\u00e9marrage :<\/b><\/h4>\n<ul>\n<li style=\"font-weight: 400;\" aria-level=\"1\"><b>Joints brevet\u00e9s Starmodul<\/b><span style=\"font-weight: 400;\">Les joints brevet\u00e9s Starmodul : Ils sont con\u00e7us pour garantir une connexion solide sans avoir recours \u00e0 la soudure.<\/span><\/li>\n<li style=\"font-weight: 400;\" aria-level=\"1\"><b>Profil\u00e9s structurels<\/b><span style=\"font-weight: 400;\">Fabriqu\u00e9s en acier galvanis\u00e9 \u00e0 haute r\u00e9sistance, coup\u00e9s sur mesure.<\/span><\/li>\n<li style=\"font-weight: 400;\" aria-level=\"1\"><b>Vis de fixation<\/b><span style=\"font-weight: 400;\">Le kit de montage : Comprend tous les \u00e9l\u00e9ments n\u00e9cessaires \u00e0 l&rsquo;assemblage de la structure.<\/span><\/li>\n<li style=\"font-weight: 400;\" aria-level=\"1\"><b>Instructions d&rsquo;assemblage<\/b><span style=\"font-weight: 400;\">Un guide \u00e9tape par \u00e9tape pour assurer un assemblage rapide et efficace.<\/span><\/li>\n<\/ul>\n","protected":false},"excerpt":{"rendered":"[3d_viewer id=\"20387\"]\n","protected":false},"featured_media":20382,"comment_status":"open","ping_status":"closed","template":"","meta":[],"product_brand":[],"product_cat":[256,255,317],"product_tag":[],"class_list":{"0":"post-20940","1":"product","2":"type-product","3":"status-publish","4":"has-post-thumbnail","6":"product_cat-kit-profils-10x10-cm","7":"product_cat-kit-structures","8":"product_cat-structure-plate","10":"first","11":"instock","12":"taxable","13":"shipping-taxable","14":"purchasable","15":"product-type-easy_product_bundle"},"_links":{"self":[{"href":"https:\/\/starmodul.com\/fr\/wp-json\/wp\/v2\/product\/20940","targetHints":{"allow":["GET"]}}],"collection":[{"href":"https:\/\/starmodul.com\/fr\/wp-json\/wp\/v2\/product"}],"about":[{"href":"https:\/\/starmodul.com\/fr\/wp-json\/wp\/v2\/types\/product"}],"replies":[{"embeddable":true,"href":"https:\/\/starmodul.com\/fr\/wp-json\/wp\/v2\/comments?post=20940"}],"version-history":[{"count":0,"href":"https:\/\/starmodul.com\/fr\/wp-json\/wp\/v2\/product\/20940\/revisions"}],"wp:featuredmedia":[{"embeddable":true,"href":"https:\/\/starmodul.com\/fr\/wp-json\/wp\/v2\/media\/20382"}],"wp:attachment":[{"href":"https:\/\/starmodul.com\/fr\/wp-json\/wp\/v2\/media?parent=20940"}],"wp:term":[{"taxonomy":"product_brand","embeddable":true,"href":"https:\/\/starmodul.com\/fr\/wp-json\/wp\/v2\/product_brand?post=20940"},{"taxonomy":"product_cat","embeddable":true,"href":"https:\/\/starmodul.com\/fr\/wp-json\/wp\/v2\/product_cat?post=20940"},{"taxonomy":"product_tag","embeddable":true,"href":"https:\/\/starmodul.com\/fr\/wp-json\/wp\/v2\/product_tag?post=20940"}],"curies":[{"name":"wp","href":"https:\/\/api.w.org\/{rel}","templated":true}]}}