{"id":10035,"date":"2023-01-05T03:54:45","date_gmt":"2023-01-05T02:54:45","guid":{"rendered":"https:\/\/starmodul.com\/0055-12-connecteur-de-pre-cadre-5x5cm\/"},"modified":"2024-02-09T13:24:56","modified_gmt":"2024-02-09T12:24:56","slug":"0055-12-connecteur-de-pre-cadre-5x5cm","status":"publish","type":"product","link":"https:\/\/starmodul.com\/fr\/0055-12-connecteur-de-pre-cadre-5x5cm\/","title":{"rendered":"0055-12 Connecteur de pr\u00e9-cadre &#8211; 5x5cm"},"content":{"rendered":"<p>0055-12 Pi\u00e8ce de liaison du pr\u00e9-cadre \/ Taille du tube : 5,00 cm x 5,00 cm<\/p>\n","protected":false},"excerpt":{"rendered":"[3d_viewer id=\"4188\"]\n","protected":false},"featured_media":1450,"comment_status":"open","ping_status":"closed","template":"","meta":[],"product_brand":[],"product_cat":[110,120,133],"product_tag":[],"class_list":{"0":"post-10035","1":"product","2":"type-product","3":"status-publish","4":"has-post-thumbnail","6":"product_cat-assemblages-boulonnes-pour-les-structures-en-acier","7":"product_cat-joints-boulonnes-a-ailettes","8":"product_cat-raccords-pour-tubes-5x5-cm-avec-ailettes","10":"first","11":"instock","12":"taxable","13":"shipping-taxable","14":"purchasable","15":"product-type-simple"},"_links":{"self":[{"href":"https:\/\/starmodul.com\/fr\/wp-json\/wp\/v2\/product\/10035","targetHints":{"allow":["GET"]}}],"collection":[{"href":"https:\/\/starmodul.com\/fr\/wp-json\/wp\/v2\/product"}],"about":[{"href":"https:\/\/starmodul.com\/fr\/wp-json\/wp\/v2\/types\/product"}],"replies":[{"embeddable":true,"href":"https:\/\/starmodul.com\/fr\/wp-json\/wp\/v2\/comments?post=10035"}],"version-history":[{"count":0,"href":"https:\/\/starmodul.com\/fr\/wp-json\/wp\/v2\/product\/10035\/revisions"}],"wp:featuredmedia":[{"embeddable":true,"href":"https:\/\/starmodul.com\/fr\/wp-json\/wp\/v2\/media\/1450"}],"wp:attachment":[{"href":"https:\/\/starmodul.com\/fr\/wp-json\/wp\/v2\/media?parent=10035"}],"wp:term":[{"taxonomy":"product_brand","embeddable":true,"href":"https:\/\/starmodul.com\/fr\/wp-json\/wp\/v2\/product_brand?post=10035"},{"taxonomy":"product_cat","embeddable":true,"href":"https:\/\/starmodul.com\/fr\/wp-json\/wp\/v2\/product_cat?post=10035"},{"taxonomy":"product_tag","embeddable":true,"href":"https:\/\/starmodul.com\/fr\/wp-json\/wp\/v2\/product_tag?post=10035"}],"curies":[{"name":"wp","href":"https:\/\/api.w.org\/{rel}","templated":true}]}}