{"id":10169,"date":"2022-11-25T00:10:43","date_gmt":"2022-11-24T23:10:43","guid":{"rendered":"https:\/\/starmodul.com\/structures-en-acier-pour-les-batiments-industriels\/"},"modified":"2024-01-08T14:59:31","modified_gmt":"2024-01-08T13:59:31","slug":"structures-en-acier-pour-les-batiments-industriels","status":"publish","type":"page","link":"https:\/\/starmodul.com\/fr\/structures-en-acier-pour-les-batiments-industriels\/","title":{"rendered":"Structures en acier pour les b\u00e2timents industriels"},"content":{"rendered":"\t\t<div data-elementor-type=\"wp-page\" data-elementor-id=\"10169\" class=\"elementor elementor-10169 elementor-310\" data-elementor-post-type=\"page\">\n\t\t\t\t\t\t<section class=\"elementor-section elementor-top-section elementor-element elementor-element-412afd3 elementor-section-full_width elementor-section-height-min-height elementor-section-items-stretch elementor-section-height-default\" data-id=\"412afd3\" data-element_type=\"section\" data-e-type=\"section\" data-settings=\"{&quot;background_background&quot;:&quot;classic&quot;,&quot;jet_parallax_layout_list&quot;:[]}\">\n\t\t\t\t\t\t<div class=\"elementor-container elementor-column-gap-default\">\n\t\t\t\t\t<div class=\"elementor-column elementor-col-50 elementor-top-column elementor-element elementor-element-befd7bb\" data-id=\"befd7bb\" data-element_type=\"column\" data-e-type=\"column\">\n\t\t\t<div class=\"elementor-widget-wrap elementor-element-populated\">\n\t\t\t\t\t\t<div class=\"elementor-element elementor-element-51d05b5 elementor-widget elementor-widget-heading\" data-id=\"51d05b5\" data-element_type=\"widget\" data-e-type=\"widget\" data-widget_type=\"heading.default\">\n\t\t\t\t<div class=\"elementor-widget-container\">\n\t\t\t\t\t<h1 class=\"elementor-heading-title elementor-size-default\">Structures en acier pour les b\u00e2timents industriels Syst\u00e8me<\/h1>\t\t\t\t<\/div>\n\t\t\t\t<\/div>\n\t\t\t\t<div class=\"elementor-element elementor-element-7011b53 elementor-widget__width-initial elementor-widget elementor-widget-text-editor\" data-id=\"7011b53\" data-element_type=\"widget\" data-e-type=\"widget\" data-widget_type=\"text-editor.default\">\n\t\t\t\t<div class=\"elementor-widget-container\">\n\t\t\t\t\t\t\t\t\t<p>Le syst\u00e8me StarModul s&rsquo;adresse \u00e0 tout secteur industriel ou priv\u00e9 qui a besoin de b\u00e2timents l\u00e9gers, efficaces, rapides \u00e0 assembler et rentables.<\/p><p>Notre vaste exp\u00e9rience en mati\u00e8re d&rsquo;enceintes, d&rsquo;isolation et de structures nous permet d&rsquo;adapter votre projet ou de vous aider \u00e0 le r\u00e9aliser&#8230; Pour que vous ayez la meilleure r\u00e9ponse \u00e0 vos besoins.<\/p><p>Lorsqu&rsquo;il s&rsquo;agit de construire un b\u00e2timent industriel, il est important d&rsquo;examiner toutes les options disponibles en termes de mat\u00e9riaux de construction. Les structures m\u00e9talliques constituent un choix populaire pour les b\u00e2timents industriels. Les structures m\u00e9talliques offrent de nombreux avantages, tels que la durabilit\u00e9, la polyvalence et l&rsquo;accessibilit\u00e9 financi\u00e8re. Dans cet article, nous examinerons les avantages de l&rsquo;utilisation de structures m\u00e9talliques pour les b\u00e2timents industriels, les diff\u00e9rents types de structures m\u00e9talliques disponibles et les consid\u00e9rations importantes \u00e0 prendre en compte lors de leur installation. A la fin de cet article, vous comprendrez mieux pourquoi les structures m\u00e9talliques sont un excellent choix pour votre projet de b\u00e2timent industriel.<\/p>\t\t\t\t\t\t\t\t<\/div>\n\t\t\t\t<\/div>\n\t\t\t\t<div class=\"elementor-element elementor-element-cfb56fd elementor-align-justify elementor-widget elementor-widget-button\" data-id=\"cfb56fd\" data-element_type=\"widget\" data-e-type=\"widget\" data-widget_type=\"button.default\">\n\t\t\t\t<div class=\"elementor-widget-container\">\n\t\t\t\t\t\t\t\t\t<div class=\"elementor-button-wrapper\">\n\t\t\t\t\t<a class=\"elementor-button elementor-button-link elementor-size-lg\" href=\"https:\/\/starmodul.com\/calculadora\/\" target=\"_blank\">\n\t\t\t\t\t\t<span class=\"elementor-button-content-wrapper\">\n\t\t\t\t\t\t\t\t\t<span class=\"elementor-button-text\">Utiliser la calculatrice 3D<\/span>\n\t\t\t\t\t<\/span>\n\t\t\t\t\t<\/a>\n\t\t\t\t<\/div>\n\t\t\t\t\t\t\t\t<\/div>\n\t\t\t\t<\/div>\n\t\t\t\t\t<\/div>\n\t\t<\/div>\n\t\t\t\t<div class=\"elementor-column elementor-col-50 elementor-top-column elementor-element elementor-element-2fdedb2\" data-id=\"2fdedb2\" data-element_type=\"column\" data-e-type=\"column\">\n\t\t\t<div class=\"elementor-widget-wrap elementor-element-populated\">\n\t\t\t\t\t\t<div class=\"elementor-element elementor-element-c2be204 elementor-widget elementor-widget-image\" data-id=\"c2be204\" data-element_type=\"widget\" data-e-type=\"widget\" data-widget_type=\"image.default\">\n\t\t\t\t<div class=\"elementor-widget-container\">\n\t\t\t\t\t\t\t\t\t\t\t\t\t\t\t<img fetchpriority=\"high\" decoding=\"async\" width=\"800\" height=\"435\" src=\"https:\/\/starmodul.com\/wp-content\/uploads\/2022\/11\/11-Oficinas-a-1024x557.jpg\" class=\"attachment-large size-large wp-image-6038\" alt=\"B\u00e2timents industriels \u00e0 structure m\u00e9tallique\" srcset=\"https:\/\/starmodul.com\/wp-content\/uploads\/2022\/11\/11-Oficinas-a-1024x557.jpg 1024w, https:\/\/starmodul.com\/wp-content\/uploads\/2022\/11\/11-Oficinas-a-300x163.jpg 300w, https:\/\/starmodul.com\/wp-content\/uploads\/2022\/11\/11-Oficinas-a-768x417.jpg 768w, https:\/\/starmodul.com\/wp-content\/uploads\/2022\/11\/11-Oficinas-a-1536x835.jpg 1536w, https:\/\/starmodul.com\/wp-content\/uploads\/2022\/11\/11-Oficinas-a-600x326.jpg 600w, https:\/\/starmodul.com\/wp-content\/uploads\/2022\/11\/11-Oficinas-a.jpg 2048w\" sizes=\"(max-width: 800px) 100vw, 800px\" title=\"\">\t\t\t\t\t\t\t\t\t\t\t\t\t\t\t<\/div>\n\t\t\t\t<\/div>\n\t\t\t\t\t<\/div>\n\t\t<\/div>\n\t\t\t\t\t<\/div>\n\t\t<\/section>\n\t\t\t\t<section class=\"elementor-section elementor-top-section elementor-element elementor-element-e5a8c11 elementor-section-full_width elementor-section-height-min-height elementor-section-items-stretch elementor-section-height-default\" data-id=\"e5a8c11\" data-element_type=\"section\" data-e-type=\"section\" data-settings=\"{&quot;background_background&quot;:&quot;classic&quot;,&quot;jet_parallax_layout_list&quot;:[]}\">\n\t\t\t\t\t\t<div class=\"elementor-container elementor-column-gap-default\">\n\t\t\t\t\t<div class=\"elementor-column elementor-col-50 elementor-top-column elementor-element elementor-element-29ade65\" data-id=\"29ade65\" data-element_type=\"column\" data-e-type=\"column\">\n\t\t\t<div class=\"elementor-widget-wrap elementor-element-populated\">\n\t\t\t\t\t\t<div class=\"elementor-element elementor-element-f36e372 elementor-widget elementor-widget-image\" data-id=\"f36e372\" data-element_type=\"widget\" data-e-type=\"widget\" data-widget_type=\"image.default\">\n\t\t\t\t<div class=\"elementor-widget-container\">\n\t\t\t\t\t\t\t\t\t\t\t\t\t\t\t<img fetchpriority=\"high\" decoding=\"async\" width=\"800\" height=\"435\" src=\"https:\/\/starmodul.com\/wp-content\/uploads\/2022\/11\/11-Oficinas-a-1024x557.jpg\" class=\"attachment-large size-large wp-image-6038\" alt=\"B\u00e2timents industriels \u00e0 structure m\u00e9tallique\" srcset=\"https:\/\/starmodul.com\/wp-content\/uploads\/2022\/11\/11-Oficinas-a-1024x557.jpg 1024w, https:\/\/starmodul.com\/wp-content\/uploads\/2022\/11\/11-Oficinas-a-300x163.jpg 300w, https:\/\/starmodul.com\/wp-content\/uploads\/2022\/11\/11-Oficinas-a-768x417.jpg 768w, https:\/\/starmodul.com\/wp-content\/uploads\/2022\/11\/11-Oficinas-a-1536x835.jpg 1536w, https:\/\/starmodul.com\/wp-content\/uploads\/2022\/11\/11-Oficinas-a-600x326.jpg 600w, https:\/\/starmodul.com\/wp-content\/uploads\/2022\/11\/11-Oficinas-a.jpg 2048w\" sizes=\"(max-width: 800px) 100vw, 800px\" title=\"\">\t\t\t\t\t\t\t\t\t\t\t\t\t\t\t<\/div>\n\t\t\t\t<\/div>\n\t\t\t\t\t<\/div>\n\t\t<\/div>\n\t\t\t\t<div class=\"elementor-column elementor-col-50 elementor-top-column elementor-element elementor-element-dc10ccc\" data-id=\"dc10ccc\" data-element_type=\"column\" data-e-type=\"column\">\n\t\t\t<div class=\"elementor-widget-wrap elementor-element-populated\">\n\t\t\t\t\t\t<div class=\"elementor-element elementor-element-3cc28e0 elementor-widget elementor-widget-heading\" data-id=\"3cc28e0\" data-element_type=\"widget\" data-e-type=\"widget\" data-widget_type=\"heading.default\">\n\t\t\t\t<div class=\"elementor-widget-container\">\n\t\t\t\t\t<h1 class=\"elementor-heading-title elementor-size-default\">Avantages des structures en acier pour les b\u00e2timents industriels<\/h1>\t\t\t\t<\/div>\n\t\t\t\t<\/div>\n\t\t\t\t<div class=\"elementor-element elementor-element-48d5895 elementor-widget__width-initial elementor-widget elementor-widget-text-editor\" data-id=\"48d5895\" data-element_type=\"widget\" data-e-type=\"widget\" data-widget_type=\"text-editor.default\">\n\t\t\t\t<div class=\"elementor-widget-container\">\n\t\t\t\t\t\t\t\t\t<p>Les b\u00e2timents industriels optent de plus en plus pour des structures m\u00e9talliques, gr\u00e2ce \u00e0 leurs nombreux avantages. Outre leur durabilit\u00e9 et leur r\u00e9sistance aux intemp\u00e9ries, les structures m\u00e9talliques n\u00e9cessitent peu d&rsquo;entretien et ont une dur\u00e9e de vie plus longue que les mat\u00e9riaux de construction traditionnels, ce qui en fait une solution rentable \u00e0 long terme.<\/p>\n<p>En outre, les structures m\u00e9talliques sont tr\u00e8s polyvalentes et personnalisables, offrant une gamme d&rsquo;options pour r\u00e9pondre aux exigences et aux pr\u00e9f\u00e9rences sp\u00e9cifiques. Qu&rsquo;il s&rsquo;agisse de la taille, de la forme ou de la couleur, ces structures s&rsquo;adaptent \u00e0 toutes les exigences et peuvent \u00eatre modifi\u00e9es ou \u00e9tendues \u00e0 l&rsquo;avenir.<\/p>\n<p>En outre, les structures m\u00e9talliques offrent une efficacit\u00e9 \u00e9nerg\u00e9tique remarquable. Dot\u00e9s d&rsquo;excellentes propri\u00e9t\u00e9s isolantes, ils permettent de conserver la chaleur par temps froid et de maintenir un int\u00e9rieur frais en \u00e9t\u00e9. Cela permet de r\u00e9duire les co\u00fbts \u00e9nerg\u00e9tiques et de cr\u00e9er un environnement agr\u00e9able pour les travailleurs. En outre, ils peuvent int\u00e9grer des syst\u00e8mes d&rsquo;\u00e9clairage et de climatisation \u00e0 faible consommation d&rsquo;\u00e9nergie pour r\u00e9aliser des \u00e9conomies suppl\u00e9mentaires.<\/p>\n<p>Enfin, les structures m\u00e9talliques offrent une alternative durable et respectueuse de l&rsquo;environnement aux mat\u00e9riaux de construction traditionnels. Recyclables, g\u00e9n\u00e9rant moins de d\u00e9chets pendant le processus de construction et r\u00e9duisant les \u00e9missions de carbone, les structures m\u00e9talliques repr\u00e9sentent une excellente option pour toute entreprise d\u00e9sireuse de contribuer \u00e0 un avenir plus vert.<\/p>\n\t\t\t\t\t\t\t\t<\/div>\n\t\t\t\t<\/div>\n\t\t\t\t<div class=\"elementor-element elementor-element-4c55b87 elementor-align-justify elementor-widget elementor-widget-button\" data-id=\"4c55b87\" data-element_type=\"widget\" data-e-type=\"widget\" data-widget_type=\"button.default\">\n\t\t\t\t<div class=\"elementor-widget-container\">\n\t\t\t\t\t\t\t\t\t<div class=\"elementor-button-wrapper\">\n\t\t\t\t\t<a class=\"elementor-button elementor-button-link elementor-size-lg\" href=\"https:\/\/starmodul.com\/calculadora\/\" target=\"_blank\">\n\t\t\t\t\t\t<span class=\"elementor-button-content-wrapper\">\n\t\t\t\t\t\t\t\t\t<span class=\"elementor-button-text\">Utiliser la calculatrice 3D<\/span>\n\t\t\t\t\t<\/span>\n\t\t\t\t\t<\/a>\n\t\t\t\t<\/div>\n\t\t\t\t\t\t\t\t<\/div>\n\t\t\t\t<\/div>\n\t\t\t\t\t<\/div>\n\t\t<\/div>\n\t\t\t\t\t<\/div>\n\t\t<\/section>\n\t\t\t\t<section class=\"elementor-section elementor-top-section elementor-element elementor-element-7e0b7950 elementor-section-boxed elementor-section-height-default elementor-section-height-default\" data-id=\"7e0b7950\" data-element_type=\"section\" data-e-type=\"section\" data-settings=\"{&quot;background_background&quot;:&quot;classic&quot;,&quot;jet_parallax_layout_list&quot;:[]}\">\n\t\t\t\t\t\t<div class=\"elementor-container elementor-column-gap-default\">\n\t\t\t\t\t<div class=\"elementor-column elementor-col-50 elementor-top-column elementor-element elementor-element-166e7fe3\" data-id=\"166e7fe3\" data-element_type=\"column\" data-e-type=\"column\">\n\t\t\t<div class=\"elementor-widget-wrap elementor-element-populated\">\n\t\t\t\t\t\t<section class=\"elementor-section elementor-inner-section elementor-element elementor-element-21d06a2e elementor-section-boxed elementor-section-height-default elementor-section-height-default\" data-id=\"21d06a2e\" data-element_type=\"section\" data-e-type=\"section\" data-settings=\"{&quot;jet_parallax_layout_list&quot;:[]}\">\n\t\t\t\t\t\t<div class=\"elementor-container elementor-column-gap-default\">\n\t\t\t\t\t<div class=\"elementor-column elementor-col-100 elementor-inner-column elementor-element elementor-element-485db9e7\" data-id=\"485db9e7\" data-element_type=\"column\" data-e-type=\"column\">\n\t\t\t<div class=\"elementor-widget-wrap elementor-element-populated\">\n\t\t\t\t\t\t<div class=\"elementor-element elementor-element-4d1fada0 gallery-spacing-custom elementor-widget elementor-widget-image-gallery\" data-id=\"4d1fada0\" data-element_type=\"widget\" data-e-type=\"widget\" data-widget_type=\"image-gallery.default\">\n\t\t\t\t<div class=\"elementor-widget-container\">\n\t\t\t\t\t\t\t<div class=\"elementor-image-gallery\">\n\t\t\t<div id='gallery-1' class='gallery galleryid-10169 gallery-columns-3 gallery-size-large'><figure class='gallery-item'>\n\t\t\t<div class='gallery-icon landscape'>\n\t\t\t\t<a data-elementor-open-lightbox=\"yes\" data-elementor-lightbox-slideshow=\"4d1fada0\" data-elementor-lightbox-title=\"FAUR-24\" data-e-action-hash=\"#elementor-action%3Aaction%3Dlightbox%26settings%3DeyJpZCI6Njg1NywidXJsIjoiaHR0cHM6XC9cL3N0YXJtb2R1bC5jb21cL3dwLWNvbnRlbnRcL3VwbG9hZHNcLzIwMjNcLzAyXC9GQVVSLTI0LXNjYWxlZC5qcGciLCJzbGlkZXNob3ciOiI0ZDFmYWRhMCJ9\" href='https:\/\/starmodul.com\/wp-content\/uploads\/2023\/02\/FAUR-24-scaled.jpg'><img decoding=\"async\" width=\"800\" height=\"600\" data-src=\"https:\/\/starmodul.com\/wp-content\/uploads\/2023\/02\/FAUR-24-1024x768.jpg\" class=\"attachment-large size-large lazyload\" alt=\"\" data-srcset=\"https:\/\/starmodul.com\/wp-content\/uploads\/2023\/02\/FAUR-24-1024x768.jpg 1024w, https:\/\/starmodul.com\/wp-content\/uploads\/2023\/02\/FAUR-24-300x225.jpg 300w, https:\/\/starmodul.com\/wp-content\/uploads\/2023\/02\/FAUR-24-768x576.jpg 768w, https:\/\/starmodul.com\/wp-content\/uploads\/2023\/02\/FAUR-24-1536x1152.jpg 1536w, https:\/\/starmodul.com\/wp-content\/uploads\/2023\/02\/FAUR-24-2048x1536.jpg 2048w, https:\/\/starmodul.com\/wp-content\/uploads\/2023\/02\/FAUR-24-600x450.jpg 600w\" data-sizes=\"(max-width: 800px) 100vw, 800px\" title=\"\" src=\"data:image\/svg+xml;base64,PHN2ZyB3aWR0aD0iMSIgaGVpZ2h0PSIxIiB4bWxucz0iaHR0cDovL3d3dy53My5vcmcvMjAwMC9zdmciPjwvc3ZnPg==\" style=\"--smush-placeholder-width: 800px; --smush-placeholder-aspect-ratio: 800\/600;\"><\/a>\n\t\t\t<\/div><\/figure><figure class='gallery-item'>\n\t\t\t<div class='gallery-icon landscape'>\n\t\t\t\t<a data-elementor-open-lightbox=\"yes\" data-elementor-lightbox-slideshow=\"4d1fada0\" data-elementor-lightbox-title=\"FAUR-23\" data-e-action-hash=\"#elementor-action%3Aaction%3Dlightbox%26settings%3DeyJpZCI6Njg2MCwidXJsIjoiaHR0cHM6XC9cL3N0YXJtb2R1bC5jb21cL3dwLWNvbnRlbnRcL3VwbG9hZHNcLzIwMjNcLzAyXC9GQVVSLTIzLXNjYWxlZC5qcGciLCJzbGlkZXNob3ciOiI0ZDFmYWRhMCJ9\" href='https:\/\/starmodul.com\/wp-content\/uploads\/2023\/02\/FAUR-23-scaled.jpg'><img decoding=\"async\" width=\"800\" height=\"600\" data-src=\"https:\/\/starmodul.com\/wp-content\/uploads\/2023\/02\/FAUR-23-1024x768.jpg\" class=\"attachment-large size-large lazyload\" alt=\"\" data-srcset=\"https:\/\/starmodul.com\/wp-content\/uploads\/2023\/02\/FAUR-23-1024x768.jpg 1024w, https:\/\/starmodul.com\/wp-content\/uploads\/2023\/02\/FAUR-23-300x225.jpg 300w, https:\/\/starmodul.com\/wp-content\/uploads\/2023\/02\/FAUR-23-768x576.jpg 768w, https:\/\/starmodul.com\/wp-content\/uploads\/2023\/02\/FAUR-23-1536x1152.jpg 1536w, https:\/\/starmodul.com\/wp-content\/uploads\/2023\/02\/FAUR-23-2048x1536.jpg 2048w, https:\/\/starmodul.com\/wp-content\/uploads\/2023\/02\/FAUR-23-600x450.jpg 600w\" data-sizes=\"(max-width: 800px) 100vw, 800px\" title=\"\" src=\"data:image\/svg+xml;base64,PHN2ZyB3aWR0aD0iMSIgaGVpZ2h0PSIxIiB4bWxucz0iaHR0cDovL3d3dy53My5vcmcvMjAwMC9zdmciPjwvc3ZnPg==\" style=\"--smush-placeholder-width: 800px; --smush-placeholder-aspect-ratio: 800\/600;\"><\/a>\n\t\t\t<\/div><\/figure><figure class='gallery-item'>\n\t\t\t<div class='gallery-icon landscape'>\n\t\t\t\t<a data-elementor-open-lightbox=\"yes\" data-elementor-lightbox-slideshow=\"4d1fada0\" data-elementor-lightbox-title=\"FAUR-22\" data-e-action-hash=\"#elementor-action%3Aaction%3Dlightbox%26settings%3DeyJpZCI6Njg2MywidXJsIjoiaHR0cHM6XC9cL3N0YXJtb2R1bC5jb21cL3dwLWNvbnRlbnRcL3VwbG9hZHNcLzIwMjNcLzAyXC9GQVVSLTIyLXNjYWxlZC5qcGciLCJzbGlkZXNob3ciOiI0ZDFmYWRhMCJ9\" href='https:\/\/starmodul.com\/wp-content\/uploads\/2023\/02\/FAUR-22-scaled.jpg'><img decoding=\"async\" width=\"800\" height=\"600\" data-src=\"https:\/\/starmodul.com\/wp-content\/uploads\/2023\/02\/FAUR-22-1024x768.jpg\" class=\"attachment-large size-large lazyload\" alt=\"\" data-srcset=\"https:\/\/starmodul.com\/wp-content\/uploads\/2023\/02\/FAUR-22-1024x768.jpg 1024w, https:\/\/starmodul.com\/wp-content\/uploads\/2023\/02\/FAUR-22-300x225.jpg 300w, https:\/\/starmodul.com\/wp-content\/uploads\/2023\/02\/FAUR-22-768x576.jpg 768w, https:\/\/starmodul.com\/wp-content\/uploads\/2023\/02\/FAUR-22-1536x1152.jpg 1536w, https:\/\/starmodul.com\/wp-content\/uploads\/2023\/02\/FAUR-22-2048x1536.jpg 2048w, https:\/\/starmodul.com\/wp-content\/uploads\/2023\/02\/FAUR-22-600x450.jpg 600w\" data-sizes=\"(max-width: 800px) 100vw, 800px\" title=\"\" src=\"data:image\/svg+xml;base64,PHN2ZyB3aWR0aD0iMSIgaGVpZ2h0PSIxIiB4bWxucz0iaHR0cDovL3d3dy53My5vcmcvMjAwMC9zdmciPjwvc3ZnPg==\" style=\"--smush-placeholder-width: 800px; --smush-placeholder-aspect-ratio: 800\/600;\"><\/a>\n\t\t\t<\/div><\/figure><figure class='gallery-item'>\n\t\t\t<div class='gallery-icon landscape'>\n\t\t\t\t<a data-elementor-open-lightbox=\"yes\" data-elementor-lightbox-slideshow=\"4d1fada0\" data-elementor-lightbox-title=\"FAUR-21\" data-e-action-hash=\"#elementor-action%3Aaction%3Dlightbox%26settings%3DeyJpZCI6Njg2NiwidXJsIjoiaHR0cHM6XC9cL3N0YXJtb2R1bC5jb21cL3dwLWNvbnRlbnRcL3VwbG9hZHNcLzIwMjNcLzAyXC9GQVVSLTIxLXNjYWxlZC5qcGciLCJzbGlkZXNob3ciOiI0ZDFmYWRhMCJ9\" href='https:\/\/starmodul.com\/wp-content\/uploads\/2023\/02\/FAUR-21-scaled.jpg'><img decoding=\"async\" width=\"800\" height=\"600\" data-src=\"https:\/\/starmodul.com\/wp-content\/uploads\/2023\/02\/FAUR-21-1024x768.jpg\" class=\"attachment-large size-large lazyload\" alt=\"\" data-srcset=\"https:\/\/starmodul.com\/wp-content\/uploads\/2023\/02\/FAUR-21-1024x768.jpg 1024w, https:\/\/starmodul.com\/wp-content\/uploads\/2023\/02\/FAUR-21-300x225.jpg 300w, https:\/\/starmodul.com\/wp-content\/uploads\/2023\/02\/FAUR-21-768x576.jpg 768w, https:\/\/starmodul.com\/wp-content\/uploads\/2023\/02\/FAUR-21-1536x1152.jpg 1536w, https:\/\/starmodul.com\/wp-content\/uploads\/2023\/02\/FAUR-21-2048x1536.jpg 2048w, https:\/\/starmodul.com\/wp-content\/uploads\/2023\/02\/FAUR-21-600x450.jpg 600w\" data-sizes=\"(max-width: 800px) 100vw, 800px\" title=\"\" src=\"data:image\/svg+xml;base64,PHN2ZyB3aWR0aD0iMSIgaGVpZ2h0PSIxIiB4bWxucz0iaHR0cDovL3d3dy53My5vcmcvMjAwMC9zdmciPjwvc3ZnPg==\" style=\"--smush-placeholder-width: 800px; --smush-placeholder-aspect-ratio: 800\/600;\"><\/a>\n\t\t\t<\/div><\/figure><figure class='gallery-item'>\n\t\t\t<div class='gallery-icon landscape'>\n\t\t\t\t<a data-elementor-open-lightbox=\"yes\" data-elementor-lightbox-slideshow=\"4d1fada0\" data-elementor-lightbox-title=\"FAUR-14\" data-e-action-hash=\"#elementor-action%3Aaction%3Dlightbox%26settings%3DeyJpZCI6Njg3NSwidXJsIjoiaHR0cHM6XC9cL3N0YXJtb2R1bC5jb21cL3dwLWNvbnRlbnRcL3VwbG9hZHNcLzIwMjNcLzAyXC9GQVVSLTE0LXNjYWxlZC5qcGciLCJzbGlkZXNob3ciOiI0ZDFmYWRhMCJ9\" href='https:\/\/starmodul.com\/wp-content\/uploads\/2023\/02\/FAUR-14-scaled.jpg'><img decoding=\"async\" width=\"800\" height=\"600\" data-src=\"https:\/\/starmodul.com\/wp-content\/uploads\/2023\/02\/FAUR-14-1024x768.jpg\" class=\"attachment-large size-large lazyload\" alt=\"\" data-srcset=\"https:\/\/starmodul.com\/wp-content\/uploads\/2023\/02\/FAUR-14-1024x768.jpg 1024w, https:\/\/starmodul.com\/wp-content\/uploads\/2023\/02\/FAUR-14-300x225.jpg 300w, https:\/\/starmodul.com\/wp-content\/uploads\/2023\/02\/FAUR-14-768x576.jpg 768w, https:\/\/starmodul.com\/wp-content\/uploads\/2023\/02\/FAUR-14-1536x1152.jpg 1536w, https:\/\/starmodul.com\/wp-content\/uploads\/2023\/02\/FAUR-14-2048x1536.jpg 2048w, https:\/\/starmodul.com\/wp-content\/uploads\/2023\/02\/FAUR-14-600x450.jpg 600w\" data-sizes=\"(max-width: 800px) 100vw, 800px\" title=\"\" src=\"data:image\/svg+xml;base64,PHN2ZyB3aWR0aD0iMSIgaGVpZ2h0PSIxIiB4bWxucz0iaHR0cDovL3d3dy53My5vcmcvMjAwMC9zdmciPjwvc3ZnPg==\" style=\"--smush-placeholder-width: 800px; --smush-placeholder-aspect-ratio: 800\/600;\"><\/a>\n\t\t\t<\/div><\/figure><figure class='gallery-item'>\n\t\t\t<div class='gallery-icon landscape'>\n\t\t\t\t<a data-elementor-open-lightbox=\"yes\" data-elementor-lightbox-slideshow=\"4d1fada0\" data-elementor-lightbox-title=\"FAUR-19\" data-e-action-hash=\"#elementor-action%3Aaction%3Dlightbox%26settings%3DeyJpZCI6Njg3MiwidXJsIjoiaHR0cHM6XC9cL3N0YXJtb2R1bC5jb21cL3dwLWNvbnRlbnRcL3VwbG9hZHNcLzIwMjNcLzAyXC9GQVVSLTE5LXNjYWxlZC5qcGciLCJzbGlkZXNob3ciOiI0ZDFmYWRhMCJ9\" href='https:\/\/starmodul.com\/wp-content\/uploads\/2023\/02\/FAUR-19-scaled.jpg'><img decoding=\"async\" width=\"800\" height=\"600\" data-src=\"https:\/\/starmodul.com\/wp-content\/uploads\/2023\/02\/FAUR-19-1024x768.jpg\" class=\"attachment-large size-large lazyload\" alt=\"\" data-srcset=\"https:\/\/starmodul.com\/wp-content\/uploads\/2023\/02\/FAUR-19-1024x768.jpg 1024w, https:\/\/starmodul.com\/wp-content\/uploads\/2023\/02\/FAUR-19-300x225.jpg 300w, https:\/\/starmodul.com\/wp-content\/uploads\/2023\/02\/FAUR-19-768x576.jpg 768w, https:\/\/starmodul.com\/wp-content\/uploads\/2023\/02\/FAUR-19-1536x1152.jpg 1536w, https:\/\/starmodul.com\/wp-content\/uploads\/2023\/02\/FAUR-19-2048x1536.jpg 2048w, https:\/\/starmodul.com\/wp-content\/uploads\/2023\/02\/FAUR-19-600x450.jpg 600w\" data-sizes=\"(max-width: 800px) 100vw, 800px\" title=\"\" src=\"data:image\/svg+xml;base64,PHN2ZyB3aWR0aD0iMSIgaGVpZ2h0PSIxIiB4bWxucz0iaHR0cDovL3d3dy53My5vcmcvMjAwMC9zdmciPjwvc3ZnPg==\" style=\"--smush-placeholder-width: 800px; --smush-placeholder-aspect-ratio: 800\/600;\"><\/a>\n\t\t\t<\/div><\/figure>\n\t\t<\/div>\n\t\t<\/div>\n\t\t\t\t\t\t<\/div>\n\t\t\t\t<\/div>\n\t\t\t\t\t<\/div>\n\t\t<\/div>\n\t\t\t\t\t<\/div>\n\t\t<\/section>\n\t\t\t\t\t<\/div>\n\t\t<\/div>\n\t\t\t\t<div class=\"elementor-column elementor-col-50 elementor-top-column elementor-element elementor-element-36f4a3c1\" data-id=\"36f4a3c1\" data-element_type=\"column\" data-e-type=\"column\">\n\t\t\t<div class=\"elementor-widget-wrap elementor-element-populated\">\n\t\t\t\t\t\t<div class=\"elementor-element elementor-element-25fc3c66 elementor-widget elementor-widget-heading\" data-id=\"25fc3c66\" data-element_type=\"widget\" data-e-type=\"widget\" data-widget_type=\"heading.default\">\n\t\t\t\t<div class=\"elementor-widget-container\">\n\t\t\t\t\t<h2 class=\"elementor-heading-title elementor-size-default\">B\u00e2timents industriels<\/h2>\t\t\t\t<\/div>\n\t\t\t\t<\/div>\n\t\t\t\t\t<\/div>\n\t\t<\/div>\n\t\t\t\t\t<\/div>\n\t\t<\/section>\n\t\t\t\t<\/div>\n\t\t","protected":false},"excerpt":{"rendered":"<p>Structures en acier pour les b\u00e2timents industriels Syst\u00e8me Le syst\u00e8me StarModul s&rsquo;adresse \u00e0 tout secteur industriel ou priv\u00e9 qui a besoin de b\u00e2timents l\u00e9gers, efficaces, rapides \u00e0 assembler et rentables. Notre vaste exp\u00e9rience en mati\u00e8re d&rsquo;enceintes, d&rsquo;isolation et de structures nous permet d&rsquo;adapter votre projet ou de vous aider \u00e0 le r\u00e9aliser&#8230; Pour que vous [&hellip;]<\/p>\n","protected":false},"author":303,"featured_media":0,"parent":0,"menu_order":0,"comment_status":"closed","ping_status":"closed","template":"","meta":{"footnotes":""},"class_list":["post-10169","page","type-page","status-publish","hentry"],"_links":{"self":[{"href":"https:\/\/starmodul.com\/fr\/wp-json\/wp\/v2\/pages\/10169","targetHints":{"allow":["GET"]}}],"collection":[{"href":"https:\/\/starmodul.com\/fr\/wp-json\/wp\/v2\/pages"}],"about":[{"href":"https:\/\/starmodul.com\/fr\/wp-json\/wp\/v2\/types\/page"}],"author":[{"embeddable":true,"href":"https:\/\/starmodul.com\/fr\/wp-json\/wp\/v2\/users\/303"}],"replies":[{"embeddable":true,"href":"https:\/\/starmodul.com\/fr\/wp-json\/wp\/v2\/comments?post=10169"}],"version-history":[{"count":0,"href":"https:\/\/starmodul.com\/fr\/wp-json\/wp\/v2\/pages\/10169\/revisions"}],"wp:attachment":[{"href":"https:\/\/starmodul.com\/fr\/wp-json\/wp\/v2\/media?parent=10169"}],"curies":[{"name":"wp","href":"https:\/\/api.w.org\/{rel}","templated":true}]}}