{"id":10168,"date":"2022-12-25T10:03:11","date_gmt":"2022-12-25T09:03:11","guid":{"rendered":"https:\/\/starmodul.com\/conditions-generales-dutilisation\/"},"modified":"2024-07-11T08:32:54","modified_gmt":"2024-07-11T06:32:54","slug":"conditions-generales-dutilisation","status":"publish","type":"page","link":"https:\/\/starmodul.com\/fr\/conditions-generales-dutilisation\/","title":{"rendered":"Conditions g\u00e9n\u00e9rales d&rsquo;utilisation"},"content":{"rendered":"\t\t<div data-elementor-type=\"wp-page\" data-elementor-id=\"10168\" class=\"elementor elementor-10168 elementor-1299\" data-elementor-post-type=\"page\">\n\t\t\t\t\t\t<section class=\"elementor-section elementor-top-section elementor-element elementor-element-317c167 elementor-section-boxed elementor-section-height-default elementor-section-height-default\" data-id=\"317c167\" data-element_type=\"section\" data-e-type=\"section\" data-settings=\"{&quot;background_background&quot;:&quot;classic&quot;,&quot;jet_parallax_layout_list&quot;:[]}\">\n\t\t\t\t\t\t<div class=\"elementor-container elementor-column-gap-default\">\n\t\t\t\t\t<div class=\"elementor-column elementor-col-100 elementor-top-column elementor-element elementor-element-a70002e\" data-id=\"a70002e\" data-element_type=\"column\" data-e-type=\"column\">\n\t\t\t<div class=\"elementor-widget-wrap elementor-element-populated\">\n\t\t\t\t\t\t<div class=\"elementor-element elementor-element-40bd93a elementor-widget elementor-widget-heading\" data-id=\"40bd93a\" data-element_type=\"widget\" data-e-type=\"widget\" data-widget_type=\"heading.default\">\n\t\t\t\t<div class=\"elementor-widget-container\">\n\t\t\t\t\t<h2 class=\"elementor-heading-title elementor-size-default\">Conditions d'utilisation<\/h2>\t\t\t\t<\/div>\n\t\t\t\t<\/div>\n\t\t\t\t\t<\/div>\n\t\t<\/div>\n\t\t\t\t\t<\/div>\n\t\t<\/section>\n\t\t\t\t<section class=\"elementor-section elementor-top-section elementor-element elementor-element-941678d elementor-section-boxed elementor-section-height-default elementor-section-height-default\" data-id=\"941678d\" data-element_type=\"section\" data-e-type=\"section\" data-settings=\"{&quot;jet_parallax_layout_list&quot;:[]}\">\n\t\t\t\t\t\t<div class=\"elementor-container elementor-column-gap-default\">\n\t\t\t\t\t<div class=\"elementor-column elementor-col-100 elementor-top-column elementor-element elementor-element-41db047\" data-id=\"41db047\" data-element_type=\"column\" data-e-type=\"column\">\n\t\t\t<div class=\"elementor-widget-wrap elementor-element-populated\">\n\t\t\t\t\t\t<div class=\"elementor-element elementor-element-13c2338 elementor-widget elementor-widget-heading\" data-id=\"13c2338\" data-element_type=\"widget\" data-e-type=\"widget\" data-widget_type=\"heading.default\">\n\t\t\t\t<div class=\"elementor-widget-container\">\n\t\t\t\t\t<h2 class=\"elementor-heading-title elementor-size-default\">PROCESSUS D'ACHAT ET\/OU DE PASSATION DE MARCH\u00c9S<\/h2>\t\t\t\t<\/div>\n\t\t\t\t<\/div>\n\t\t\t\t<div class=\"elementor-element elementor-element-021ee4a elementor-widget elementor-widget-text-editor\" data-id=\"021ee4a\" data-element_type=\"widget\" data-e-type=\"widget\" data-widget_type=\"text-editor.default\">\n\t\t\t\t<div class=\"elementor-widget-container\">\n\t\t\t\t\t\t\t\t\t<p>Pour effectuer un achat sur www.starmodul.com, il est n\u00e9cessaire que le client soit majeur.<\/p>\n<p>En outre, le client devra s&rsquo;inscrire sur le site www.starmodul.com au moyen d&rsquo;un formulaire de collecte de donn\u00e9es dans lequel CUATELART recevra les informations n\u00e9cessaires au contrat ; des donn\u00e9es qui, dans tous les cas, seront v\u00e9ridiques, exactes et compl\u00e8tes sur leur identit\u00e9 et que le client devra express\u00e9ment accepter en acceptant la politique de confidentialit\u00e9 de CUATELART.<\/p>\n<p>Les \u00e9tapes \u00e0 suivre pour effectuer l&rsquo;achat sont les suivantes :<\/p>\n<ol>\n<li>Choisissez le produit et mettez-le dans le \u00ab\u00a0panier\u00a0\u00bb.<\/li>\n<li>S\u00e9lection de l&rsquo;adresse de livraison.<\/li>\n<li>S\u00e9lection de l&rsquo;adresse de facturation.<\/li>\n<li>S\u00e9lection de la m\u00e9thode d&rsquo;exp\u00e9dition.<\/li>\n<li>S\u00e9lection du mode de paiement.\n<\/li>\n<\/ol>\n<p>Il est \u00e9galement recommand\u00e9 au client d&rsquo;imprimer et\/ou de conserver sur un support durable une copie des conditions de vente lors de la passation de sa commande, ainsi que l&rsquo;accus\u00e9 de r\u00e9ception envoy\u00e9 par CUATELART par courrier \u00e9lectronique.<\/p>\n<h4>FACTURATION<\/h4>\n<p>Vous recevrez une facture avec votre commande.<\/p>\n<p>Cette facture sera envoy\u00e9e par courrier ordinaire.<\/p>\n\t\t\t\t\t\t\t\t<\/div>\n\t\t\t\t<\/div>\n\t\t\t\t\t<\/div>\n\t\t<\/div>\n\t\t\t\t\t<\/div>\n\t\t<\/section>\n\t\t\t\t<section class=\"elementor-section elementor-top-section elementor-element elementor-element-844b8b9 elementor-section-boxed elementor-section-height-default elementor-section-height-default\" data-id=\"844b8b9\" data-element_type=\"section\" data-e-type=\"section\" data-settings=\"{&quot;jet_parallax_layout_list&quot;:[],&quot;background_background&quot;:&quot;classic&quot;}\">\n\t\t\t\t\t\t<div class=\"elementor-container elementor-column-gap-default\">\n\t\t\t\t\t<div class=\"elementor-column elementor-col-100 elementor-top-column elementor-element elementor-element-ef98e42\" data-id=\"ef98e42\" data-element_type=\"column\" data-e-type=\"column\">\n\t\t\t<div class=\"elementor-widget-wrap elementor-element-populated\">\n\t\t\t\t\t\t<div class=\"elementor-element elementor-element-5cccde6 elementor-widget elementor-widget-heading\" data-id=\"5cccde6\" data-element_type=\"widget\" data-e-type=\"widget\" data-widget_type=\"heading.default\">\n\t\t\t\t<div class=\"elementor-widget-container\">\n\t\t\t\t\t<h2 class=\"elementor-heading-title elementor-size-default\">POLITIQUE DE LIVRAISON DES MARCHANDISES\n<\/h2>\t\t\t\t<\/div>\n\t\t\t\t<\/div>\n\t\t\t\t<div class=\"elementor-element elementor-element-77a9818 elementor-widget elementor-widget-text-editor\" data-id=\"77a9818\" data-element_type=\"widget\" data-e-type=\"widget\" data-widget_type=\"text-editor.default\">\n\t\t\t\t<div class=\"elementor-widget-container\">\n\t\t\t\t\t\t\t\t\t<p>La commande sera livr\u00e9e \u00e0 l&rsquo;adresse indiqu\u00e9e par le client au moment de la conclusion du contrat.<\/p>\n<h4><strong>D\u00c9LAIS DE LIVRAISON<\/strong><\/h4>\n<ul>\n<li><u>En stock<\/u>:<br \/>Pour la Catalogne et l&rsquo;Aragon : 2-3 jours  <br \/>Reste des communaut\u00e9s : 7-8 jours<\/li>\n<li>En <u>rupture de stock<\/u>:<br \/>2-3 semaines dans toutes les provinces<\/li>\n<\/ul>\n\t\t\t\t\t\t\t\t<\/div>\n\t\t\t\t<\/div>\n\t\t\t\t\t<\/div>\n\t\t<\/div>\n\t\t\t\t\t<\/div>\n\t\t<\/section>\n\t\t\t\t<section class=\"elementor-section elementor-top-section elementor-element elementor-element-24cf5ee elementor-section-boxed elementor-section-height-default elementor-section-height-default\" data-id=\"24cf5ee\" data-element_type=\"section\" data-e-type=\"section\" data-settings=\"{&quot;jet_parallax_layout_list&quot;:[],&quot;background_background&quot;:&quot;classic&quot;}\">\n\t\t\t\t\t\t<div class=\"elementor-container elementor-column-gap-default\">\n\t\t\t\t\t<div class=\"elementor-column elementor-col-100 elementor-top-column elementor-element elementor-element-547555a\" data-id=\"547555a\" data-element_type=\"column\" data-e-type=\"column\">\n\t\t\t<div class=\"elementor-widget-wrap elementor-element-populated\">\n\t\t\t\t\t\t<div class=\"elementor-element elementor-element-fff86d8 elementor-widget elementor-widget-heading\" data-id=\"fff86d8\" data-element_type=\"widget\" data-e-type=\"widget\" data-widget_type=\"heading.default\">\n\t\t\t\t<div class=\"elementor-widget-container\">\n\t\t\t\t\t<h2 class=\"elementor-heading-title elementor-size-default\">PRIX, CO\u00dbTS ET TAXES<\/h2>\t\t\t\t<\/div>\n\t\t\t\t<\/div>\n\t\t\t\t<div class=\"elementor-element elementor-element-00c0cd2 elementor-widget elementor-widget-text-editor\" data-id=\"00c0cd2\" data-element_type=\"widget\" data-e-type=\"widget\" data-widget_type=\"text-editor.default\">\n\t\t\t\t<div class=\"elementor-widget-container\">\n\t\t\t\t\t\t\t\t\t<p>Les prix des produits figurant sur www.starmodul.com sont exprim\u00e9s en euros sauf indication contraire et sont garantis pour la dur\u00e9e de leur validit\u00e9, sauf erreur d&rsquo;impression et quelle que soit la destination de la commande.<\/p>\n<h4>PRODUITS<\/h4>\n<p>Les prix d\u00e9finitifs de tous les produits (et, le cas \u00e9ch\u00e9ant, les prix d\u00e9finitifs par unit\u00e9 de mesure, lorsqu&rsquo;ils sont obligatoires) ainsi que leurs caract\u00e9ristiques, offres, r\u00e9ductions, etc., sont refl\u00e9t\u00e9s dans chacun des articles qui figurent dans le catalogue de http:\/\/panelsandwich.org.<\/p>\n<ul>\n<li>Les produits n&rsquo;incluent pas la TVA.<\/li>\n<li>Le taux de TVA est de 21 %.<\/li>\n<li>Les frais d&rsquo;exp\u00e9dition sont ceux indiqu\u00e9s au moment de l&rsquo;achat.\n<\/li>\n<\/ul>\n<p>Les prix des produits sont susceptibles d&rsquo;\u00eatre modifi\u00e9s \u00e0 tout moment. Dans ce cas, le prix \u00e0 appliquer sera celui en vigueur \u00e0 la date de la commande. En tout \u00e9tat de cause, le co\u00fbt final sera communiqu\u00e9 au client lors du processus d&rsquo;achat \u00e9lectronique avant qu&rsquo;il ne formalise son acceptation.<\/p>\n<p>Les produits sont garantis trois ans<\/p>\n\t\t\t\t\t\t\t\t<\/div>\n\t\t\t\t<\/div>\n\t\t\t\t\t<\/div>\n\t\t<\/div>\n\t\t\t\t\t<\/div>\n\t\t<\/section>\n\t\t\t\t<section class=\"elementor-section elementor-top-section elementor-element elementor-element-ae70b74 elementor-section-boxed elementor-section-height-default elementor-section-height-default\" data-id=\"ae70b74\" data-element_type=\"section\" data-e-type=\"section\" data-settings=\"{&quot;jet_parallax_layout_list&quot;:[],&quot;background_background&quot;:&quot;classic&quot;}\">\n\t\t\t\t\t\t<div class=\"elementor-container elementor-column-gap-default\">\n\t\t\t\t\t<div class=\"elementor-column elementor-col-100 elementor-top-column elementor-element elementor-element-3c85037\" data-id=\"3c85037\" data-element_type=\"column\" data-e-type=\"column\">\n\t\t\t<div class=\"elementor-widget-wrap elementor-element-populated\">\n\t\t\t\t\t\t<div class=\"elementor-element elementor-element-9bc8261 elementor-widget elementor-widget-heading\" data-id=\"9bc8261\" data-element_type=\"widget\" data-e-type=\"widget\" data-widget_type=\"heading.default\">\n\t\t\t\t<div class=\"elementor-widget-container\">\n\t\t\t\t\t<h2 class=\"elementor-heading-title elementor-size-default\">POLITIQUE DE RETOUR ET D'ANNULATION<\/h2>\t\t\t\t<\/div>\n\t\t\t\t<\/div>\n\t\t\t\t<div class=\"elementor-element elementor-element-7b2b3db elementor-widget elementor-widget-text-editor\" data-id=\"7b2b3db\" data-element_type=\"widget\" data-e-type=\"widget\" data-widget_type=\"text-editor.default\">\n\t\t\t\t<div class=\"elementor-widget-container\">\n\t\t\t\t\t\t\t\t\t<p>Conform\u00e9ment \u00e0 la r\u00e9glementation, le consommateur et l&rsquo;utilisateur auront le droit de R\u00c9SILIER le contrat pour une p\u00e9riode maximale de 15 jours calendaires sans avoir \u00e0 en indiquer la raison et sans encourir de frais, \u00e0 l&rsquo;exception de ceux pr\u00e9vus aux articles 107.2 et 108 de l&rsquo;AR 1\/2007, du 16 novembre, qui approuve le texte vis\u00e9 dans la Loi g\u00e9n\u00e9rale pour la d\u00e9fense des consommateurs et des utilisateurs. Les frais de renvoi des marchandises sont \u00e0 la charge du client.<\/p>\n<p>Ce droit de r\u00e9tractation ne s&rsquo;applique pas, entre autres, aux :<\/p>\n<ul>\n<li>Contrats de fourniture de produits confectionn\u00e9s selon les sp\u00e9cifications du consommateur et de l&rsquo;utilisateur ou nettement personnalis\u00e9s, ou qui, de par leur nature, ne peuvent \u00eatre r\u00e9exp\u00e9di\u00e9s ou sont susceptibles de se d\u00e9t\u00e9riorer ou de se p\u00e9rimer rapidement.\n<\/li>\n<\/ul>\n<h4>PRODUITS<\/h4>\n<p>Le client dispose d&rsquo;un d\u00e9lai maximum de 15 jours calendaires \u00e0 compter du jour de la r\u00e9ception du bien ou produit command\u00e9 pour informer CUATELART de sa volont\u00e9 de se r\u00e9tracter.<\/p>\n<p>La r\u00e9tractation implique que CUATELART proc\u00e9dera au remboursement du montant d\u00e9j\u00e0 pay\u00e9 par le client dans un d\u00e9lai maximum d&rsquo;un mois, en suivant la m\u00eame proc\u00e9dure choisie par le client pour le paiement (\u00e0 condition que le produit achet\u00e9 ne fasse pas partie des exceptions indiqu\u00e9es ci-dessus).<\/p>\n<p>Pendant cette p\u00e9riode, le consommateur informe l&rsquo;entrepreneur de sa d\u00e9cision de r\u00e9silier le contrat en remplissant le formulaire figurant \u00e0 la fin du pr\u00e9sent document et en l&rsquo;envoyant \u00e0 l&rsquo;adresse \u00e9lectronique de CUATELART.<\/p>\n<p>CUATELART fournit au consommateur un accus\u00e9 de r\u00e9ception de la r\u00e9tractation sur un support durable.<\/p>\n<p>Pour retourner un produit, il est indispensable qu&rsquo;il soit en parfait \u00e9tat et dans son emballage d&rsquo;origine, avec tous ses accessoires et sans avoir \u00e9t\u00e9 utilis\u00e9.<\/p>\n<p>D\u00e8s r\u00e9ception de votre demande, nous vous contacterons pour vous communiquer les d\u00e9tails du retour.<\/p>\n<p>Les frais de renvoi des marchandises sont \u00e0 la charge du client.<\/p>\n<\/p>\n<h4>REMARQUES<\/h4>\n<p>Vous devez envoyer le(s) article(s) dans l&#8217;emballage d&rsquo;origine dans lequel il(s) a(ont) \u00e9t\u00e9 livr\u00e9(s) par l&rsquo;op\u00e9rateur logistique et une note expliquant le probl\u00e8me d\u00e9tect\u00e9. Une fois le retour re\u00e7u, nous v\u00e9rifions que les articles retourn\u00e9s correspondent au bon de livraison et qu&rsquo;ils sont en parfait \u00e9tat et complets. Si le retour est satisfaisant, nous proc\u00e9derons au remboursement de la m\u00eame mani\u00e8re que vous avez effectu\u00e9 le paiement, dans un d\u00e9lai maximum d&rsquo;un mois.<\/p>\n\t\t\t\t\t\t\t\t<\/div>\n\t\t\t\t<\/div>\n\t\t\t\t\t<\/div>\n\t\t<\/div>\n\t\t\t\t\t<\/div>\n\t\t<\/section>\n\t\t\t\t<section class=\"elementor-section elementor-top-section elementor-element elementor-element-f23d4d5 elementor-section-boxed elementor-section-height-default elementor-section-height-default\" data-id=\"f23d4d5\" data-element_type=\"section\" data-e-type=\"section\" data-settings=\"{&quot;jet_parallax_layout_list&quot;:[],&quot;background_background&quot;:&quot;classic&quot;}\">\n\t\t\t\t\t\t<div class=\"elementor-container elementor-column-gap-default\">\n\t\t\t\t\t<div class=\"elementor-column elementor-col-100 elementor-top-column elementor-element elementor-element-0d5c967\" data-id=\"0d5c967\" data-element_type=\"column\" data-e-type=\"column\">\n\t\t\t<div class=\"elementor-widget-wrap elementor-element-populated\">\n\t\t\t\t\t\t<div class=\"elementor-element elementor-element-0d6ec29 elementor-widget elementor-widget-heading\" data-id=\"0d6ec29\" data-element_type=\"widget\" data-e-type=\"widget\" data-widget_type=\"heading.default\">\n\t\t\t\t<div class=\"elementor-widget-container\">\n\t\t\t\t\t<h2 class=\"elementor-heading-title elementor-size-default\">DUR\u00c9E, RENOUVELLEMENT ET R\u00c9SILIATION DE LA DUR\u00c9E DU CONTRAT<\/h2>\t\t\t\t<\/div>\n\t\t\t\t<\/div>\n\t\t\t\t<div class=\"elementor-element elementor-element-d613532 elementor-widget elementor-widget-text-editor\" data-id=\"d613532\" data-element_type=\"widget\" data-e-type=\"widget\" data-widget_type=\"text-editor.default\">\n\t\t\t\t<div class=\"elementor-widget-container\">\n\t\t\t\t\t\t\t\t\t<h4>DUR\u00c9E<\/h4>\n<p>Le Client dispose d&rsquo;un d\u00e9lai maximum de 15 jours calendaires \u00e0 compter de la livraison du Produit pour communiquer son annulation totale ou partielle de l&rsquo;achat du Produit ou du service, conform\u00e9ment \u00e0 la l\u00e9gislation applicable.<\/p>\n<h4>ANNULATION<\/h4>\n<p>Aucune p\u00e9nalit\u00e9 ne sera appliqu\u00e9e si le remboursement est effectu\u00e9 dans les d\u00e9lais. Les frais de renvoi des marchandises sont \u00e0 la charge du client. Vous devez envoyer le(s) article(s) dans l&#8217;emballage d&rsquo;origine dans lequel il(s) a(ont) \u00e9t\u00e9 livr\u00e9(s) par l&rsquo;op\u00e9rateur logistique et une note expliquant le probl\u00e8me d\u00e9tect\u00e9. Une fois le retour re\u00e7u par nos soins, nous v\u00e9rifierons que les articles retourn\u00e9s correspondent physiquement au bon de livraison de retour et qu&rsquo;ils ont \u00e9t\u00e9 re\u00e7us en parfait \u00e9tat d&rsquo;utilisation, complets, dans leur emballage d&rsquo;origine et sans aucun signe d&rsquo;utilisation. Si la v\u00e9rification de l&rsquo;\u00e9tat de la commande est satisfaisante, nous proc\u00e9derons au remboursement de la m\u00eame mani\u00e8re que vous avez effectu\u00e9 le paiement, dans un d\u00e9lai maximum d&rsquo;un mois. Si ce n&rsquo;est pas le cas, nous vous contacterons pour vous r\u00e9exp\u00e9dier l&rsquo;article (les frais de transport li\u00e9s \u00e0 cette r\u00e9exp\u00e9dition seront \u00e0 votre charge).<\/p>\n\t\t\t\t\t\t\t\t<\/div>\n\t\t\t\t<\/div>\n\t\t\t\t\t<\/div>\n\t\t<\/div>\n\t\t\t\t\t<\/div>\n\t\t<\/section>\n\t\t\t\t<section class=\"elementor-section elementor-top-section elementor-element elementor-element-dab5026 elementor-section-boxed elementor-section-height-default elementor-section-height-default\" data-id=\"dab5026\" data-element_type=\"section\" data-e-type=\"section\" data-settings=\"{&quot;jet_parallax_layout_list&quot;:[],&quot;background_background&quot;:&quot;classic&quot;}\">\n\t\t\t\t\t\t<div class=\"elementor-container elementor-column-gap-default\">\n\t\t\t\t\t<div class=\"elementor-column elementor-col-100 elementor-top-column elementor-element elementor-element-abd5df8\" data-id=\"abd5df8\" data-element_type=\"column\" data-e-type=\"column\">\n\t\t\t<div class=\"elementor-widget-wrap elementor-element-populated\">\n\t\t\t\t\t\t<div class=\"elementor-element elementor-element-9cfae3d elementor-widget elementor-widget-heading\" data-id=\"9cfae3d\" data-element_type=\"widget\" data-e-type=\"widget\" data-widget_type=\"heading.default\">\n\t\t\t\t<div class=\"elementor-widget-container\">\n\t\t\t\t\t<h2 class=\"elementor-heading-title elementor-size-default\">LES MODES DE PAIEMENT<\/h2>\t\t\t\t<\/div>\n\t\t\t\t<\/div>\n\t\t\t\t<div class=\"elementor-element elementor-element-ba5f471 elementor-widget elementor-widget-text-editor\" data-id=\"ba5f471\" data-element_type=\"widget\" data-e-type=\"widget\" data-widget_type=\"text-editor.default\">\n\t\t\t\t<div class=\"elementor-widget-container\">\n\t\t\t\t\t\t\t\t\t<p>Ces modes de paiement sont \u00e0 votre disposition :<\/p>\n<p><strong>Par carte de cr\u00e9dit ou de d\u00e9bit<\/strong><\/p>\n<p>Vous pouvez payer imm\u00e9diatement par le biais de la passerelle de paiement s\u00e9curis\u00e9e SSL de notre banque. Si un remboursement ou une annulation de la commande est n\u00e9cessaire, le montant sera rembours\u00e9 au moyen de la m\u00eame carte de paiement. Les donn\u00e9es personnelles et bancaires seront prot\u00e9g\u00e9es par toutes les mesures de s\u00e9curit\u00e9 \u00e9tablies par le <em>R\u00c8GLEMENT<\/em><em> (UE) 2016\/679<\/em> avec une confidentialit\u00e9 totale.<\/p>\n\t\t\t\t\t\t\t\t<\/div>\n\t\t\t\t<\/div>\n\t\t\t\t\t<\/div>\n\t\t<\/div>\n\t\t\t\t\t<\/div>\n\t\t<\/section>\n\t\t\t\t<section class=\"elementor-section elementor-top-section elementor-element elementor-element-40b5eb6 elementor-section-boxed elementor-section-height-default elementor-section-height-default\" data-id=\"40b5eb6\" data-element_type=\"section\" data-e-type=\"section\" data-settings=\"{&quot;jet_parallax_layout_list&quot;:[]}\">\n\t\t\t\t\t\t<div class=\"elementor-container elementor-column-gap-default\">\n\t\t\t\t\t<div class=\"elementor-column elementor-col-100 elementor-top-column elementor-element elementor-element-a949861\" data-id=\"a949861\" data-element_type=\"column\" data-e-type=\"column\">\n\t\t\t<div class=\"elementor-widget-wrap elementor-element-populated\">\n\t\t\t\t\t\t<div class=\"elementor-element elementor-element-94d166f elementor-widget elementor-widget-heading\" data-id=\"94d166f\" data-element_type=\"widget\" data-e-type=\"widget\" data-widget_type=\"heading.default\">\n\t\t\t\t<div class=\"elementor-widget-container\">\n\t\t\t\t\t<h2 class=\"elementor-heading-title elementor-size-default\">SERVICE CLIENT\u00c8LE ET R\u00c9CLAMATIONS<\/h2>\t\t\t\t<\/div>\n\t\t\t\t<\/div>\n\t\t\t\t<div class=\"elementor-element elementor-element-524c5ed elementor-widget elementor-widget-text-editor\" data-id=\"524c5ed\" data-element_type=\"widget\" data-e-type=\"widget\" data-widget_type=\"text-editor.default\">\n\t\t\t\t<div class=\"elementor-widget-container\">\n\t\t\t\t\t\t\t\t\t<p>Pour d\u00e9poser une plainte ou une r\u00e9clamation aupr\u00e8s de CUATELART, le client doit contacter le service client\u00e8le soit par t\u00e9l\u00e9phone au Tel. 973 22 81 64 \/WhatsApp 683 44 26 08, soit par l&rsquo;interm\u00e9diaire de l&rsquo;adresse e-mail info@starmodul.com.<\/p>\n<p>Conform\u00e9ment \u00e0 la r\u00e9solution en ligne des litiges de consommation de l&rsquo;UE et \u00e0 l&rsquo;article 14.1 du r\u00e8glement (UE) 524\/2013, nous vous informons que la Commission europ\u00e9enne met \u00e0 la disposition de tous les consommateurs une plateforme de r\u00e9solution des litiges en ligne qui est disponible sur le lien suivant : http:\/\/ec.europa.eu\/consumers\/odr\/.<\/p>\n\t\t\t\t\t\t\t\t<\/div>\n\t\t\t\t<\/div>\n\t\t\t\t\t<\/div>\n\t\t<\/div>\n\t\t\t\t\t<\/div>\n\t\t<\/section>\n\t\t\t\t<\/div>\n\t\t","protected":false},"excerpt":{"rendered":"<p>Conditions d&rsquo;utilisation PROCESSUS D&rsquo;ACHAT ET\/OU DE PASSATION DE MARCH\u00c9S Pour effectuer un achat sur www.starmodul.com, il est n\u00e9cessaire que le client soit majeur. En outre, le client devra s&rsquo;inscrire sur le site www.starmodul.com au moyen d&rsquo;un formulaire de collecte de donn\u00e9es dans lequel CUATELART recevra les informations n\u00e9cessaires au contrat ; des donn\u00e9es qui, dans [&hellip;]<\/p>\n","protected":false},"author":303,"featured_media":0,"parent":0,"menu_order":0,"comment_status":"closed","ping_status":"closed","template":"elementor_header_footer","meta":{"footnotes":""},"class_list":["post-10168","page","type-page","status-publish","hentry"],"_links":{"self":[{"href":"https:\/\/starmodul.com\/fr\/wp-json\/wp\/v2\/pages\/10168","targetHints":{"allow":["GET"]}}],"collection":[{"href":"https:\/\/starmodul.com\/fr\/wp-json\/wp\/v2\/pages"}],"about":[{"href":"https:\/\/starmodul.com\/fr\/wp-json\/wp\/v2\/types\/page"}],"author":[{"embeddable":true,"href":"https:\/\/starmodul.com\/fr\/wp-json\/wp\/v2\/users\/303"}],"replies":[{"embeddable":true,"href":"https:\/\/starmodul.com\/fr\/wp-json\/wp\/v2\/comments?post=10168"}],"version-history":[{"count":0,"href":"https:\/\/starmodul.com\/fr\/wp-json\/wp\/v2\/pages\/10168\/revisions"}],"wp:attachment":[{"href":"https:\/\/starmodul.com\/fr\/wp-json\/wp\/v2\/media?parent=10168"}],"curies":[{"name":"wp","href":"https:\/\/api.w.org\/{rel}","templated":true}]}}