{"id":10154,"date":"2022-11-26T19:11:12","date_gmt":"2022-11-26T18:11:12","guid":{"rendered":"https:\/\/starmodul.com\/clotures-et-enclos\/"},"modified":"2026-02-17T12:55:38","modified_gmt":"2026-02-17T11:55:38","slug":"clotures-et-enclos","status":"publish","type":"page","link":"https:\/\/starmodul.com\/fr\/clotures-et-enclos\/","title":{"rendered":"Cl\u00f4tures et enclos"},"content":{"rendered":"\t\t<div data-elementor-type=\"wp-page\" data-elementor-id=\"10154\" class=\"elementor elementor-10154 elementor-602\" data-elementor-post-type=\"page\">\n\t\t\t\t\t\t<section class=\"elementor-section elementor-top-section elementor-element elementor-element-4e753c1 elementor-section-full_width elementor-section-height-min-height elementor-section-items-stretch elementor-section-height-default\" data-id=\"4e753c1\" data-element_type=\"section\" data-e-type=\"section\" data-settings=\"{&quot;background_background&quot;:&quot;classic&quot;,&quot;jet_parallax_layout_list&quot;:[]}\">\n\t\t\t\t\t\t<div class=\"elementor-container elementor-column-gap-default\">\n\t\t\t\t\t<div class=\"elementor-column elementor-col-50 elementor-top-column elementor-element elementor-element-1fc8c77\" data-id=\"1fc8c77\" data-element_type=\"column\" data-e-type=\"column\">\n\t\t\t<div class=\"elementor-widget-wrap elementor-element-populated\">\n\t\t\t\t\t\t<div class=\"elementor-element elementor-element-f8ad295 elementor-widget elementor-widget-heading\" data-id=\"f8ad295\" data-element_type=\"widget\" data-e-type=\"widget\" data-widget_type=\"heading.default\">\n\t\t\t\t<div class=\"elementor-widget-container\">\n\t\t\t\t\t<h1 class=\"elementor-heading-title elementor-size-default\">Syst\u00e8me de structure m\u00e9tallique sans soudure StarModul pour cl\u00f4tures et enclos<\/h1>\t\t\t\t<\/div>\n\t\t\t\t<\/div>\n\t\t\t\t<div class=\"elementor-element elementor-element-a004908 elementor-widget__width-initial elementor-widget elementor-widget-text-editor\" data-id=\"a004908\" data-element_type=\"widget\" data-e-type=\"widget\" data-widget_type=\"text-editor.default\">\n\t\t\t\t<div class=\"elementor-widget-container\">\n\t\t\t\t\t\t\t\t\t<p data-path-to-node=\"3\">Vous trouverez ci-dessous une s\u00e9lection repr\u00e9sentative des possibilit\u00e9s infinies offertes par notre syst\u00e8me de construction. La polyvalence des profil\u00e9s StarModul et des assemblages boulonn\u00e9s permet d&rsquo;adapter la conception \u00e0 tout besoin sp\u00e9cifique, de la simple d\u00e9limitation du p\u00e9rim\u00e8tre \u00e0 des solutions architecturales de grande valeur esth\u00e9tique. <\/p><p data-path-to-node=\"4\">Il est important de rappeler que cet \u00e9chantillon n&rsquo;est qu&rsquo;un point de d\u00e9part. Gr\u00e2ce \u00e0 l&rsquo;\u00e9limination des soudures sur site et \u00e0 la flexibilit\u00e9 modulaire de nos kits, la seule limite r\u00e9elle de StarModul est l&rsquo;imagination et la cr\u00e9ativit\u00e9 de celui qui envisage de l&rsquo;utiliser. Notre technologie permet de r\u00e9aliser rapidement, proprement et efficacement tous les types de bo\u00eetiers que vous pouvez concevoir.  <\/p>\t\t\t\t\t\t\t\t<\/div>\n\t\t\t\t<\/div>\n\t\t\t\t<div class=\"elementor-element elementor-element-65e6d87 elementor-align-justify elementor-widget elementor-widget-button\" data-id=\"65e6d87\" data-element_type=\"widget\" data-e-type=\"widget\" data-widget_type=\"button.default\">\n\t\t\t\t<div class=\"elementor-widget-container\">\n\t\t\t\t\t\t\t\t\t<div class=\"elementor-button-wrapper\">\n\t\t\t\t\t<a class=\"elementor-button elementor-button-link elementor-size-lg\" href=\"https:\/\/starmodul.com\/calculadora\/\" target=\"_blank\">\n\t\t\t\t\t\t<span class=\"elementor-button-content-wrapper\">\n\t\t\t\t\t\t\t\t\t<span class=\"elementor-button-text\">Utiliser la calculatrice 3D<\/span>\n\t\t\t\t\t<\/span>\n\t\t\t\t\t<\/a>\n\t\t\t\t<\/div>\n\t\t\t\t\t\t\t\t<\/div>\n\t\t\t\t<\/div>\n\t\t\t\t\t<\/div>\n\t\t<\/div>\n\t\t\t\t<div class=\"elementor-column elementor-col-50 elementor-top-column elementor-element elementor-element-b274b6e\" data-id=\"b274b6e\" data-element_type=\"column\" data-e-type=\"column\">\n\t\t\t<div class=\"elementor-widget-wrap elementor-element-populated\">\n\t\t\t\t\t\t<div class=\"elementor-element elementor-element-9025de8 elementor-widget elementor-widget-image\" data-id=\"9025de8\" data-element_type=\"widget\" data-e-type=\"widget\" data-widget_type=\"image.default\">\n\t\t\t\t<div class=\"elementor-widget-container\">\n\t\t\t\t\t\t\t\t\t\t\t\t\t\t\t<img fetchpriority=\"high\" decoding=\"async\" width=\"800\" height=\"419\" src=\"https:\/\/starmodul.com\/wp-content\/uploads\/2022\/11\/x05P20estanterias.jpg.pagespeed.ic_.TVYaNKIZVo-1024x536.jpeg\" class=\"attachment-large size-large wp-image-6005\" alt=\"Cl\u00f4tures et enclos \u00e0 structure m\u00e9tallique\" srcset=\"https:\/\/starmodul.com\/wp-content\/uploads\/2022\/11\/x05P20estanterias.jpg.pagespeed.ic_.TVYaNKIZVo-1024x536.jpeg 1024w, https:\/\/starmodul.com\/wp-content\/uploads\/2022\/11\/x05P20estanterias.jpg.pagespeed.ic_.TVYaNKIZVo-300x157.jpeg 300w, https:\/\/starmodul.com\/wp-content\/uploads\/2022\/11\/x05P20estanterias.jpg.pagespeed.ic_.TVYaNKIZVo-768x402.jpeg 768w, https:\/\/starmodul.com\/wp-content\/uploads\/2022\/11\/x05P20estanterias.jpg.pagespeed.ic_.TVYaNKIZVo-600x314.jpeg 600w, https:\/\/starmodul.com\/wp-content\/uploads\/2022\/11\/x05P20estanterias.jpg.pagespeed.ic_.TVYaNKIZVo.jpeg 1500w\" sizes=\"(max-width: 800px) 100vw, 800px\" title=\"\">\t\t\t\t\t\t\t\t\t\t\t\t\t\t\t<\/div>\n\t\t\t\t<\/div>\n\t\t\t\t\t<\/div>\n\t\t<\/div>\n\t\t\t\t\t<\/div>\n\t\t<\/section>\n\t\t\t\t<section class=\"elementor-section elementor-top-section elementor-element elementor-element-afd223f elementor-section-boxed elementor-section-height-default elementor-section-height-default\" data-id=\"afd223f\" data-element_type=\"section\" data-e-type=\"section\" data-settings=\"{&quot;background_background&quot;:&quot;classic&quot;,&quot;jet_parallax_layout_list&quot;:[]}\">\n\t\t\t\t\t\t<div class=\"elementor-container elementor-column-gap-default\">\n\t\t\t\t\t<div class=\"elementor-column elementor-col-50 elementor-top-column elementor-element elementor-element-e6deee6\" data-id=\"e6deee6\" data-element_type=\"column\" data-e-type=\"column\">\n\t\t\t<div class=\"elementor-widget-wrap elementor-element-populated\">\n\t\t\t\t\t\t<section class=\"elementor-section elementor-inner-section elementor-element elementor-element-582c034 elementor-section-boxed elementor-section-height-default elementor-section-height-default\" data-id=\"582c034\" data-element_type=\"section\" data-e-type=\"section\" data-settings=\"{&quot;jet_parallax_layout_list&quot;:[]}\">\n\t\t\t\t\t\t<div class=\"elementor-container elementor-column-gap-default\">\n\t\t\t\t\t<div class=\"elementor-column elementor-col-100 elementor-inner-column elementor-element elementor-element-85dde77\" data-id=\"85dde77\" data-element_type=\"column\" data-e-type=\"column\">\n\t\t\t<div class=\"elementor-widget-wrap elementor-element-populated\">\n\t\t\t\t\t\t<div class=\"elementor-element elementor-element-0826edc elementor-widget__width-initial elementor-widget elementor-widget-jet-carousel\" data-id=\"0826edc\" data-element_type=\"widget\" data-e-type=\"widget\" data-settings=\"{&quot;slides_to_show&quot;:&quot;1&quot;,&quot;slides_to_scroll&quot;:&quot;1&quot;}\" data-widget_type=\"jet-carousel.default\">\n\t\t\t\t<div class=\"elementor-widget-container\">\n\t\t\t\t\t<div class=\"elementor-jet-carousel jet-elements\"><div class=\"jet-carousel-wrap jet-equal-cols\">\n\t<div class=\"jet-carousel\" data-slider_options=\"{&quot;autoplaySpeed&quot;:5000,&quot;autoplay&quot;:false,&quot;infinite&quot;:true,&quot;centerMode&quot;:false,&quot;centerPadding&quot;:&quot;30px&quot;,&quot;pauseOnHover&quot;:false,&quot;speed&quot;:200,&quot;arrows&quot;:true,&quot;dots&quot;:true,&quot;variableWidth&quot;:false,&quot;prevArrow&quot;:&quot;.jet-carousel__prev-arrow-0826edc&quot;,&quot;nextArrow&quot;:&quot;.jet-carousel__next-arrow-0826edc&quot;,&quot;rtl&quot;:false,&quot;fractionNav&quot;:false,&quot;fade&quot;:false}\" dir=\"ltr\">\n\t<div class=\"elementor-slick-slider\">\n\n<div class=\"jet-carousel__item\">\n\t<div class=\"jet-carousel__item-inner\"><a href=\"#\" class=\"jet-carousel__item-link\" ><img decoding=\"async\" data-src=\"https:\/\/starmodul.com\/wp-content\/uploads\/2022\/11\/xImagen1.jpg.pagespeed.ic_.sLzYgu_TVX.jpeg\" class=\"jet-carousel__item-img lazyload\" alt=\"xImagen1.jpg.pagespeed.ic.sLzYgu_TVX\" title=\"\" src=\"data:image\/svg+xml;base64,PHN2ZyB3aWR0aD0iMSIgaGVpZ2h0PSIxIiB4bWxucz0iaHR0cDovL3d3dy53My5vcmcvMjAwMC9zdmciPjwvc3ZnPg==\" style=\"--smush-placeholder-width: 560px; --smush-placeholder-aspect-ratio: 560\/268;\"><\/a><div class=\"jet-carousel__content\"><\/div><\/div>\n<\/div>\n\n<div class=\"jet-carousel__item\">\n\t<div class=\"jet-carousel__item-inner\"><img decoding=\"async\" data-src=\"https:\/\/starmodul.com\/wp-content\/uploads\/2022\/11\/x05P20estanterias.jpg.pagespeed.ic_.TVYaNKIZVo.jpeg\" class=\"jet-carousel__item-img lazyload\" alt=\"Vallas y cerramientos con estructura met\u00e1lica\" title=\"\" src=\"data:image\/svg+xml;base64,PHN2ZyB3aWR0aD0iMSIgaGVpZ2h0PSIxIiB4bWxucz0iaHR0cDovL3d3dy53My5vcmcvMjAwMC9zdmciPjwvc3ZnPg==\" style=\"--smush-placeholder-width: 1500px; --smush-placeholder-aspect-ratio: 1500\/785;\"><div class=\"jet-carousel__content\"><\/div><\/div>\n<\/div>\n<\/div><div class=\"jet-carousel__prev-arrow-0826edc jet-arrow prev-arrow\"><svg aria-hidden=\"true\" class=\"e-font-icon-svg e-fas-angle-left\" viewBox=\"0 0 256 512\" xmlns=\"http:\/\/www.w3.org\/2000\/svg\"><path d=\"M31.7 239l136-136c9.4-9.4 24.6-9.4 33.9 0l22.6 22.6c9.4 9.4 9.4 24.6 0 33.9L127.9 256l96.4 96.4c9.4 9.4 9.4 24.6 0 33.9L201.7 409c-9.4 9.4-24.6 9.4-33.9 0l-136-136c-9.5-9.4-9.5-24.6-.1-34z\"><\/path><\/svg><\/div><div class=\"jet-carousel__next-arrow-0826edc jet-arrow next-arrow\"><svg aria-hidden=\"true\" class=\"e-font-icon-svg e-fas-angle-right\" viewBox=\"0 0 256 512\" xmlns=\"http:\/\/www.w3.org\/2000\/svg\"><path d=\"M224.3 273l-136 136c-9.4 9.4-24.6 9.4-33.9 0l-22.6-22.6c-9.4-9.4-9.4-24.6 0-33.9l96.4-96.4-96.4-96.4c-9.4-9.4-9.4-24.6 0-33.9L54.3 103c9.4-9.4 24.6-9.4 33.9 0l136 136c9.5 9.4 9.5 24.6.1 34z\"><\/path><\/svg><\/div><\/div>\n<\/div>\n<\/div>\t\t\t\t<\/div>\n\t\t\t\t<\/div>\n\t\t\t\t\t<\/div>\n\t\t<\/div>\n\t\t\t\t\t<\/div>\n\t\t<\/section>\n\t\t\t\t\t<\/div>\n\t\t<\/div>\n\t\t\t\t<div class=\"elementor-column elementor-col-50 elementor-top-column elementor-element elementor-element-fa9b158\" data-id=\"fa9b158\" data-element_type=\"column\" data-e-type=\"column\">\n\t\t\t<div class=\"elementor-widget-wrap elementor-element-populated\">\n\t\t\t\t\t\t<div class=\"elementor-element elementor-element-655bde5 elementor-widget elementor-widget-heading\" data-id=\"655bde5\" data-element_type=\"widget\" data-e-type=\"widget\" data-widget_type=\"heading.default\">\n\t\t\t\t<div class=\"elementor-widget-container\">\n\t\t\t\t\t<h2 class=\"elementor-heading-title elementor-size-default\">Exemples de cl\u00f4tures et d'enclos avec StarModul<\/h2>\t\t\t\t<\/div>\n\t\t\t\t<\/div>\n\t\t\t\t<div class=\"elementor-element elementor-element-236e2a8 elementor-widget__width-initial elementor-widget elementor-widget-text-editor\" data-id=\"236e2a8\" data-element_type=\"widget\" data-e-type=\"widget\" data-widget_type=\"text-editor.default\">\n\t\t\t\t<div class=\"elementor-widget-container\">\n\t\t\t\t\t\t\t\t\t<p data-path-to-node=\"6\">Le syst\u00e8me a \u00e9t\u00e9 con\u00e7u pour couvrir des applications multiples et vari\u00e9es dans le secteur r\u00e9sidentiel et industriel. Son ing\u00e9nierie permet l&rsquo;installation d&rsquo;\u00e9l\u00e9ments autoportants simples, id\u00e9aux pour des cl\u00f4tures rapides et \u00e9conomiques, jusqu&rsquo;au d\u00e9veloppement d&rsquo;assemblages structurellement tr\u00e8s complexes. <\/p><p data-path-to-node=\"7\">Nos structures m\u00e9talliques interagissent de mani\u00e8re transparente avec d&rsquo;autres syst\u00e8mes et mat\u00e9riaux de construction, permettant l&rsquo;int\u00e9gration de panneaux d&rsquo;\u00e9cran, de bois, de verre ou de mat\u00e9riaux composites, en fonction du style souhait\u00e9. Qu&rsquo;il s&rsquo;agisse de prot\u00e9ger des propri\u00e9t\u00e9s priv\u00e9es, d&rsquo;enclore des zones industrielles ou de cr\u00e9er des barri\u00e8res visuelles d\u00e9coratives, StarModul offre la robustesse de l&rsquo;acier galvanis\u00e9 et la facilit\u00e9 de l&rsquo;assemblage m\u00e9canique. <\/p>\t\t\t\t\t\t\t\t<\/div>\n\t\t\t\t<\/div>\n\t\t\t\t\t<\/div>\n\t\t<\/div>\n\t\t\t\t\t<\/div>\n\t\t<\/section>\n\t\t\t\t<\/div>\n\t\t","protected":false},"excerpt":{"rendered":"<p>Syst\u00e8me de structure m\u00e9tallique sans soudure StarModul pour cl\u00f4tures et enclos Vous trouverez ci-dessous une s\u00e9lection repr\u00e9sentative des possibilit\u00e9s infinies offertes par notre syst\u00e8me de construction. La polyvalence des profil\u00e9s StarModul et des assemblages boulonn\u00e9s permet d&rsquo;adapter la conception \u00e0 tout besoin sp\u00e9cifique, de la simple d\u00e9limitation du p\u00e9rim\u00e8tre \u00e0 des solutions architecturales de grande [&hellip;]<\/p>\n","protected":false},"author":303,"featured_media":0,"parent":0,"menu_order":0,"comment_status":"closed","ping_status":"closed","template":"elementor_header_footer","meta":{"footnotes":""},"class_list":["post-10154","page","type-page","status-publish","hentry"],"_links":{"self":[{"href":"https:\/\/starmodul.com\/fr\/wp-json\/wp\/v2\/pages\/10154","targetHints":{"allow":["GET"]}}],"collection":[{"href":"https:\/\/starmodul.com\/fr\/wp-json\/wp\/v2\/pages"}],"about":[{"href":"https:\/\/starmodul.com\/fr\/wp-json\/wp\/v2\/types\/page"}],"author":[{"embeddable":true,"href":"https:\/\/starmodul.com\/fr\/wp-json\/wp\/v2\/users\/303"}],"replies":[{"embeddable":true,"href":"https:\/\/starmodul.com\/fr\/wp-json\/wp\/v2\/comments?post=10154"}],"version-history":[{"count":0,"href":"https:\/\/starmodul.com\/fr\/wp-json\/wp\/v2\/pages\/10154\/revisions"}],"wp:attachment":[{"href":"https:\/\/starmodul.com\/fr\/wp-json\/wp\/v2\/media?parent=10154"}],"curies":[{"name":"wp","href":"https:\/\/api.w.org\/{rel}","templated":true}]}}