{"id":10153,"date":"2022-11-26T18:33:39","date_gmt":"2022-11-26T17:33:39","guid":{"rendered":"https:\/\/starmodul.com\/structures-metalliques-pour-bungalows\/"},"modified":"2026-02-17T12:56:27","modified_gmt":"2026-02-17T11:56:27","slug":"structures-metalliques-pour-bungalows","status":"publish","type":"page","link":"https:\/\/starmodul.com\/fr\/structures-metalliques-pour-bungalows\/","title":{"rendered":"Structures m\u00e9talliques pour bungalows"},"content":{"rendered":"\t\t<div data-elementor-type=\"wp-page\" data-elementor-id=\"10153\" class=\"elementor elementor-10153 elementor-582\" data-elementor-post-type=\"page\">\n\t\t\t\t\t\t<section class=\"elementor-section elementor-top-section elementor-element elementor-element-d2bbf68 elementor-section-full_width elementor-section-height-min-height elementor-section-items-stretch elementor-section-height-default\" data-id=\"d2bbf68\" data-element_type=\"section\" data-e-type=\"section\" data-settings=\"{&quot;background_background&quot;:&quot;classic&quot;,&quot;jet_parallax_layout_list&quot;:[]}\">\n\t\t\t\t\t\t<div class=\"elementor-container elementor-column-gap-default\">\n\t\t\t\t\t<div class=\"elementor-column elementor-col-50 elementor-top-column elementor-element elementor-element-5954d7b\" data-id=\"5954d7b\" data-element_type=\"column\" data-e-type=\"column\">\n\t\t\t<div class=\"elementor-widget-wrap elementor-element-populated\">\n\t\t\t\t\t\t<div class=\"elementor-element elementor-element-8145ea1 elementor-widget elementor-widget-heading\" data-id=\"8145ea1\" data-element_type=\"widget\" data-e-type=\"widget\" data-widget_type=\"heading.default\">\n\t\t\t\t<div class=\"elementor-widget-container\">\n\t\t\t\t\t<h1 class=\"elementor-heading-title elementor-size-default\">Structures m\u00e9talliques pour bungalows et modules pr\u00e9fabriqu\u00e9s<\/h1>\t\t\t\t<\/div>\n\t\t\t\t<\/div>\n\t\t\t\t<div class=\"elementor-element elementor-element-87b8e4b elementor-widget__width-initial elementor-widget elementor-widget-text-editor\" data-id=\"87b8e4b\" data-element_type=\"widget\" data-e-type=\"widget\" data-widget_type=\"text-editor.default\">\n\t\t\t\t<div class=\"elementor-widget-container\">\n\t\t\t\t\t\t\t\t\t<p data-path-to-node=\"3\">Chez StarModul, nous fabriquons et fournissons des composants de la plus haute qualit\u00e9 pour la construction de bungalows, de b\u00e2timents auxiliaires et de services. Notre syst\u00e8me de <b data-path-to-node=\"3\" data-index-in-node=\"163\">kits de structures m\u00e9talliques boulonn\u00e9es<\/b> garantit une fiabilit\u00e9 et une s\u00e9curit\u00e9 structurelle maximales, sans qu&rsquo;il soit n\u00e9cessaire de proc\u00e9der \u00e0 des soudures sur place. <\/p><p data-path-to-node=\"4\">Cette solution est id\u00e9ale pour tous les types d&rsquo;installations l\u00e9g\u00e8res, de la construction de toits aux hangars de stockage en passant par les structures agricoles. La pr\u00e9cision des profil\u00e9s et la conception sur mesure en font le syst\u00e8me le plus efficace du march\u00e9. <\/p><p data-path-to-node=\"5\">Le succ\u00e8s de notre technologie r\u00e9side dans la facilit\u00e9 de montage, la rapidit\u00e9 d&rsquo;ex\u00e9cution et les faibles co\u00fbts de maintenance. Comme il s&rsquo;agit d&rsquo;une structure 100% modulaire et boulonn\u00e9e, elle offre une flexibilit\u00e9 totale : il est possible d&rsquo;agrandir, d&rsquo;am\u00e9liorer l&rsquo;isolation ou de modifier l&rsquo;\u00e9clairage a posteriori, ce qui permet d&rsquo;adapter le projet \u00e0 de nouveaux besoins sans travaux complexes. <\/p><p data-path-to-node=\"6\">En plus de garantir des prix comp\u00e9titifs, nos bungalows se distinguent par leur respect de l&rsquo;environnement. En permettant dans de nombreux cas l&rsquo;installation <b data-path-to-node=\"6\" data-index-in-node=\"155\">sans<\/b> lourdes <b data-path-to-node=\"6\" data-index-in-node=\"155\">fondations<\/b> en b\u00e9ton, ils facilitent le respect des r\u00e9glementations municipales et des exigences de durabilit\u00e9 sur des terrains o\u00f9 la construction traditionnelle n&rsquo;est pas r\u00e9alisable. <\/p>\t\t\t\t\t\t\t\t<\/div>\n\t\t\t\t<\/div>\n\t\t\t\t<div class=\"elementor-element elementor-element-e33ed7c elementor-align-justify elementor-widget elementor-widget-button\" data-id=\"e33ed7c\" data-element_type=\"widget\" data-e-type=\"widget\" data-widget_type=\"button.default\">\n\t\t\t\t<div class=\"elementor-widget-container\">\n\t\t\t\t\t\t\t\t\t<div class=\"elementor-button-wrapper\">\n\t\t\t\t\t<a class=\"elementor-button elementor-button-link elementor-size-lg\" href=\"https:\/\/starmodul.com\/calculadora\/\" target=\"_blank\">\n\t\t\t\t\t\t<span class=\"elementor-button-content-wrapper\">\n\t\t\t\t\t\t\t\t\t<span class=\"elementor-button-text\">Utiliser la calculatrice 3D<\/span>\n\t\t\t\t\t<\/span>\n\t\t\t\t\t<\/a>\n\t\t\t\t<\/div>\n\t\t\t\t\t\t\t\t<\/div>\n\t\t\t\t<\/div>\n\t\t\t\t\t<\/div>\n\t\t<\/div>\n\t\t\t\t<div class=\"elementor-column elementor-col-50 elementor-top-column elementor-element elementor-element-fbab373\" data-id=\"fbab373\" data-element_type=\"column\" data-e-type=\"column\">\n\t\t\t<div class=\"elementor-widget-wrap elementor-element-populated\">\n\t\t\t\t\t\t<div class=\"elementor-element elementor-element-146e061 elementor-widget elementor-widget-image\" data-id=\"146e061\" data-element_type=\"widget\" data-e-type=\"widget\" data-widget_type=\"image.default\">\n\t\t\t\t<div class=\"elementor-widget-container\">\n\t\t\t\t\t\t\t\t\t\t\t\t\t\t\t<img fetchpriority=\"high\" decoding=\"async\" width=\"800\" height=\"800\" src=\"https:\/\/starmodul.com\/wp-content\/uploads\/2023\/02\/110590807_134627181645974_1342083186909721673_n-e1677248617966-1024x1024.jpg\" class=\"attachment-large size-large wp-image-6890\" alt=\"\" srcset=\"https:\/\/starmodul.com\/wp-content\/uploads\/2023\/02\/110590807_134627181645974_1342083186909721673_n-e1677248617966-1024x1024.jpg 1024w, https:\/\/starmodul.com\/wp-content\/uploads\/2023\/02\/110590807_134627181645974_1342083186909721673_n-e1677248617966-300x300.jpg 300w, https:\/\/starmodul.com\/wp-content\/uploads\/2023\/02\/110590807_134627181645974_1342083186909721673_n-e1677248617966-150x150.jpg 150w, https:\/\/starmodul.com\/wp-content\/uploads\/2023\/02\/110590807_134627181645974_1342083186909721673_n-e1677248617966-768x768.jpg 768w, https:\/\/starmodul.com\/wp-content\/uploads\/2023\/02\/110590807_134627181645974_1342083186909721673_n-e1677248617966-600x600.jpg 600w, https:\/\/starmodul.com\/wp-content\/uploads\/2023\/02\/110590807_134627181645974_1342083186909721673_n-e1677248617966-100x100.jpg 100w, https:\/\/starmodul.com\/wp-content\/uploads\/2023\/02\/110590807_134627181645974_1342083186909721673_n-e1677248617966.jpg 1080w\" sizes=\"(max-width: 800px) 100vw, 800px\" title=\"\">\t\t\t\t\t\t\t\t\t\t\t\t\t\t\t<\/div>\n\t\t\t\t<\/div>\n\t\t\t\t\t<\/div>\n\t\t<\/div>\n\t\t\t\t\t<\/div>\n\t\t<\/section>\n\t\t\t\t<section class=\"elementor-section elementor-top-section elementor-element elementor-element-3d899817 elementor-section-boxed elementor-section-height-default elementor-section-height-default\" data-id=\"3d899817\" data-element_type=\"section\" data-e-type=\"section\" data-settings=\"{&quot;background_background&quot;:&quot;classic&quot;,&quot;jet_parallax_layout_list&quot;:[]}\">\n\t\t\t\t\t\t<div class=\"elementor-container elementor-column-gap-default\">\n\t\t\t\t\t<div class=\"elementor-column elementor-col-50 elementor-top-column elementor-element elementor-element-5a68b2e8\" data-id=\"5a68b2e8\" data-element_type=\"column\" data-e-type=\"column\">\n\t\t\t<div class=\"elementor-widget-wrap elementor-element-populated\">\n\t\t\t\t\t\t<section class=\"elementor-section elementor-inner-section elementor-element elementor-element-a3e3fd3 elementor-section-boxed elementor-section-height-default elementor-section-height-default\" data-id=\"a3e3fd3\" data-element_type=\"section\" data-e-type=\"section\" data-settings=\"{&quot;jet_parallax_layout_list&quot;:[]}\">\n\t\t\t\t\t\t<div class=\"elementor-container elementor-column-gap-default\">\n\t\t\t\t\t<div class=\"elementor-column elementor-col-100 elementor-inner-column elementor-element elementor-element-565ee9a3\" data-id=\"565ee9a3\" data-element_type=\"column\" data-e-type=\"column\">\n\t\t\t<div class=\"elementor-widget-wrap elementor-element-populated\">\n\t\t\t\t\t\t<div class=\"elementor-element elementor-element-15a18aaf gallery-spacing-custom elementor-widget elementor-widget-image-gallery\" data-id=\"15a18aaf\" data-element_type=\"widget\" data-e-type=\"widget\" data-widget_type=\"image-gallery.default\">\n\t\t\t\t<div class=\"elementor-widget-container\">\n\t\t\t\t\t\t\t<div class=\"elementor-image-gallery\">\n\t\t\t<div id='gallery-1' class='gallery galleryid-10153 gallery-columns-3 gallery-size-large'><figure class='gallery-item'>\n\t\t\t<div class='gallery-icon landscape'>\n\t\t\t\t<a data-elementor-open-lightbox=\"yes\" data-elementor-lightbox-slideshow=\"15a18aaf\" data-elementor-lightbox-title=\"2\" data-e-action-hash=\"#elementor-action%3Aaction%3Dlightbox%26settings%3DeyJpZCI6Njg4MSwidXJsIjoiaHR0cHM6XC9cL3N0YXJtb2R1bC5jb21cL3dwLWNvbnRlbnRcL3VwbG9hZHNcLzIwMjNcLzAyXC8yLmpwZyIsInNsaWRlc2hvdyI6IjE1YTE4YWFmIn0%3D\" href='https:\/\/starmodul.com\/wp-content\/uploads\/2023\/02\/2.jpg'><img decoding=\"async\" width=\"800\" height=\"600\" data-src=\"https:\/\/starmodul.com\/wp-content\/uploads\/2023\/02\/2-1024x768.jpg\" class=\"attachment-large size-large lazyload\" alt=\"\" data-srcset=\"https:\/\/starmodul.com\/wp-content\/uploads\/2023\/02\/2-1024x768.jpg 1024w, https:\/\/starmodul.com\/wp-content\/uploads\/2023\/02\/2-300x225.jpg 300w, https:\/\/starmodul.com\/wp-content\/uploads\/2023\/02\/2-768x576.jpg 768w, https:\/\/starmodul.com\/wp-content\/uploads\/2023\/02\/2-1536x1152.jpg 1536w, https:\/\/starmodul.com\/wp-content\/uploads\/2023\/02\/2-600x450.jpg 600w, https:\/\/starmodul.com\/wp-content\/uploads\/2023\/02\/2.jpg 1600w\" data-sizes=\"(max-width: 800px) 100vw, 800px\" title=\"\" src=\"data:image\/svg+xml;base64,PHN2ZyB3aWR0aD0iMSIgaGVpZ2h0PSIxIiB4bWxucz0iaHR0cDovL3d3dy53My5vcmcvMjAwMC9zdmciPjwvc3ZnPg==\" style=\"--smush-placeholder-width: 800px; --smush-placeholder-aspect-ratio: 800\/600;\"><\/a>\n\t\t\t<\/div><\/figure><figure class='gallery-item'>\n\t\t\t<div class='gallery-icon landscape'>\n\t\t\t\t<a data-elementor-open-lightbox=\"yes\" data-elementor-lightbox-slideshow=\"15a18aaf\" data-elementor-lightbox-title=\"5\" data-e-action-hash=\"#elementor-action%3Aaction%3Dlightbox%26settings%3DeyJpZCI6Njg4NywidXJsIjoiaHR0cHM6XC9cL3N0YXJtb2R1bC5jb21cL3dwLWNvbnRlbnRcL3VwbG9hZHNcLzIwMjNcLzAyXC81LmpwZyIsInNsaWRlc2hvdyI6IjE1YTE4YWFmIn0%3D\" href='https:\/\/starmodul.com\/wp-content\/uploads\/2023\/02\/5.jpg'><img decoding=\"async\" width=\"800\" height=\"600\" data-src=\"https:\/\/starmodul.com\/wp-content\/uploads\/2023\/02\/5-1024x768.jpg\" class=\"attachment-large size-large lazyload\" alt=\"\" data-srcset=\"https:\/\/starmodul.com\/wp-content\/uploads\/2023\/02\/5-1024x768.jpg 1024w, https:\/\/starmodul.com\/wp-content\/uploads\/2023\/02\/5-300x225.jpg 300w, https:\/\/starmodul.com\/wp-content\/uploads\/2023\/02\/5-768x576.jpg 768w, https:\/\/starmodul.com\/wp-content\/uploads\/2023\/02\/5-1536x1152.jpg 1536w, https:\/\/starmodul.com\/wp-content\/uploads\/2023\/02\/5-600x450.jpg 600w, https:\/\/starmodul.com\/wp-content\/uploads\/2023\/02\/5.jpg 1600w\" data-sizes=\"(max-width: 800px) 100vw, 800px\" title=\"\" src=\"data:image\/svg+xml;base64,PHN2ZyB3aWR0aD0iMSIgaGVpZ2h0PSIxIiB4bWxucz0iaHR0cDovL3d3dy53My5vcmcvMjAwMC9zdmciPjwvc3ZnPg==\" style=\"--smush-placeholder-width: 800px; --smush-placeholder-aspect-ratio: 800\/600;\"><\/a>\n\t\t\t<\/div><\/figure><figure class='gallery-item'>\n\t\t\t<div class='gallery-icon landscape'>\n\t\t\t\t<a data-elementor-open-lightbox=\"yes\" data-elementor-lightbox-slideshow=\"15a18aaf\" data-elementor-lightbox-title=\"2020-06-04 09.49.13\" data-e-action-hash=\"#elementor-action%3Aaction%3Dlightbox%26settings%3DeyJpZCI6NjgwOSwidXJsIjoiaHR0cHM6XC9cL3N0YXJtb2R1bC5jb21cL3dwLWNvbnRlbnRcL3VwbG9hZHNcLzIwMjNcLzAxXC8yMDIwLTA2LTA0LTA5LjQ5LjEzLmpwZyIsInNsaWRlc2hvdyI6IjE1YTE4YWFmIn0%3D\" href='https:\/\/starmodul.com\/wp-content\/uploads\/2023\/01\/2020-06-04-09.49.13.jpg'><img decoding=\"async\" width=\"800\" height=\"600\" data-src=\"https:\/\/starmodul.com\/wp-content\/uploads\/2023\/01\/2020-06-04-09.49.13-1024x768.jpg\" class=\"attachment-large size-large lazyload\" alt=\"\" data-srcset=\"https:\/\/starmodul.com\/wp-content\/uploads\/2023\/01\/2020-06-04-09.49.13-1024x768.jpg 1024w, https:\/\/starmodul.com\/wp-content\/uploads\/2023\/01\/2020-06-04-09.49.13-300x225.jpg 300w, https:\/\/starmodul.com\/wp-content\/uploads\/2023\/01\/2020-06-04-09.49.13-768x576.jpg 768w, https:\/\/starmodul.com\/wp-content\/uploads\/2023\/01\/2020-06-04-09.49.13-1536x1152.jpg 1536w, https:\/\/starmodul.com\/wp-content\/uploads\/2023\/01\/2020-06-04-09.49.13-600x450.jpg 600w, https:\/\/starmodul.com\/wp-content\/uploads\/2023\/01\/2020-06-04-09.49.13.jpg 1600w\" data-sizes=\"(max-width: 800px) 100vw, 800px\" title=\"\" src=\"data:image\/svg+xml;base64,PHN2ZyB3aWR0aD0iMSIgaGVpZ2h0PSIxIiB4bWxucz0iaHR0cDovL3d3dy53My5vcmcvMjAwMC9zdmciPjwvc3ZnPg==\" style=\"--smush-placeholder-width: 800px; --smush-placeholder-aspect-ratio: 800\/600;\"><\/a>\n\t\t\t<\/div><\/figure><figure class='gallery-item'>\n\t\t\t<div class='gallery-icon landscape'>\n\t\t\t\t<a data-elementor-open-lightbox=\"yes\" data-elementor-lightbox-slideshow=\"15a18aaf\" data-elementor-lightbox-title=\"2021-12-06 09.12.15\" data-e-action-hash=\"#elementor-action%3Aaction%3Dlightbox%26settings%3DeyJpZCI6NjkwMiwidXJsIjoiaHR0cHM6XC9cL3N0YXJtb2R1bC5jb21cL3dwLWNvbnRlbnRcL3VwbG9hZHNcLzIwMjNcLzAyXC8yMDIxLTEyLTA2LTA5LjEyLjE1LXNjYWxlZC5qcGciLCJzbGlkZXNob3ciOiIxNWExOGFhZiJ9\" href='https:\/\/starmodul.com\/wp-content\/uploads\/2023\/02\/2021-12-06-09.12.15-scaled.jpg'><img decoding=\"async\" width=\"800\" height=\"600\" data-src=\"https:\/\/starmodul.com\/wp-content\/uploads\/2023\/02\/2021-12-06-09.12.15-1024x768.jpg\" class=\"attachment-large size-large lazyload\" alt=\"\" data-srcset=\"https:\/\/starmodul.com\/wp-content\/uploads\/2023\/02\/2021-12-06-09.12.15-1024x768.jpg 1024w, https:\/\/starmodul.com\/wp-content\/uploads\/2023\/02\/2021-12-06-09.12.15-300x225.jpg 300w, https:\/\/starmodul.com\/wp-content\/uploads\/2023\/02\/2021-12-06-09.12.15-768x576.jpg 768w, https:\/\/starmodul.com\/wp-content\/uploads\/2023\/02\/2021-12-06-09.12.15-1536x1152.jpg 1536w, https:\/\/starmodul.com\/wp-content\/uploads\/2023\/02\/2021-12-06-09.12.15-2048x1536.jpg 2048w, https:\/\/starmodul.com\/wp-content\/uploads\/2023\/02\/2021-12-06-09.12.15-600x450.jpg 600w\" data-sizes=\"(max-width: 800px) 100vw, 800px\" title=\"\" src=\"data:image\/svg+xml;base64,PHN2ZyB3aWR0aD0iMSIgaGVpZ2h0PSIxIiB4bWxucz0iaHR0cDovL3d3dy53My5vcmcvMjAwMC9zdmciPjwvc3ZnPg==\" style=\"--smush-placeholder-width: 800px; --smush-placeholder-aspect-ratio: 800\/600;\"><\/a>\n\t\t\t<\/div><\/figure><figure class='gallery-item'>\n\t\t\t<div class='gallery-icon landscape'>\n\t\t\t\t<a data-elementor-open-lightbox=\"yes\" data-elementor-lightbox-slideshow=\"15a18aaf\" data-elementor-lightbox-title=\"2021-12-06 09.10.49\" data-e-action-hash=\"#elementor-action%3Aaction%3Dlightbox%26settings%3DeyJpZCI6NjkwNSwidXJsIjoiaHR0cHM6XC9cL3N0YXJtb2R1bC5jb21cL3dwLWNvbnRlbnRcL3VwbG9hZHNcLzIwMjNcLzAyXC8yMDIxLTEyLTA2LTA5LjEwLjQ5LXNjYWxlZC5qcGciLCJzbGlkZXNob3ciOiIxNWExOGFhZiJ9\" href='https:\/\/starmodul.com\/wp-content\/uploads\/2023\/02\/2021-12-06-09.10.49-scaled.jpg'><img decoding=\"async\" width=\"800\" height=\"600\" data-src=\"https:\/\/starmodul.com\/wp-content\/uploads\/2023\/02\/2021-12-06-09.10.49-1024x768.jpg\" class=\"attachment-large size-large lazyload\" alt=\"\" data-srcset=\"https:\/\/starmodul.com\/wp-content\/uploads\/2023\/02\/2021-12-06-09.10.49-1024x768.jpg 1024w, https:\/\/starmodul.com\/wp-content\/uploads\/2023\/02\/2021-12-06-09.10.49-300x225.jpg 300w, https:\/\/starmodul.com\/wp-content\/uploads\/2023\/02\/2021-12-06-09.10.49-768x576.jpg 768w, https:\/\/starmodul.com\/wp-content\/uploads\/2023\/02\/2021-12-06-09.10.49-1536x1152.jpg 1536w, https:\/\/starmodul.com\/wp-content\/uploads\/2023\/02\/2021-12-06-09.10.49-2048x1536.jpg 2048w, https:\/\/starmodul.com\/wp-content\/uploads\/2023\/02\/2021-12-06-09.10.49-600x450.jpg 600w\" data-sizes=\"(max-width: 800px) 100vw, 800px\" title=\"\" src=\"data:image\/svg+xml;base64,PHN2ZyB3aWR0aD0iMSIgaGVpZ2h0PSIxIiB4bWxucz0iaHR0cDovL3d3dy53My5vcmcvMjAwMC9zdmciPjwvc3ZnPg==\" style=\"--smush-placeholder-width: 800px; --smush-placeholder-aspect-ratio: 800\/600;\"><\/a>\n\t\t\t<\/div><\/figure><figure class='gallery-item'>\n\t\t\t<div class='gallery-icon landscape'>\n\t\t\t\t<a data-elementor-open-lightbox=\"yes\" data-elementor-lightbox-slideshow=\"15a18aaf\" data-elementor-lightbox-title=\"x01,P20Cabana2_1.jpg.pagespeed.ic.obk0LCHPrG\" data-e-action-hash=\"#elementor-action%3Aaction%3Dlightbox%26settings%3DeyJpZCI6NTk5MywidXJsIjoiaHR0cHM6XC9cL3N0YXJtb2R1bC5jb21cL3dwLWNvbnRlbnRcL3VwbG9hZHNcLzIwMjJcLzExXC94MDFQMjBDYWJhbmEyXzEuanBnLnBhZ2VzcGVlZC5pY18ub2JrMExDSFByRy5qcGVnIiwic2xpZGVzaG93IjoiMTVhMThhYWYifQ%3D%3D\" href='https:\/\/starmodul.com\/wp-content\/uploads\/2022\/11\/x01P20Cabana2_1.jpg.pagespeed.ic_.obk0LCHPrG.jpeg'><img decoding=\"async\" width=\"800\" height=\"415\" data-src=\"https:\/\/starmodul.com\/wp-content\/uploads\/2022\/11\/x01P20Cabana2_1.jpg.pagespeed.ic_.obk0LCHPrG-1024x531.jpeg\" class=\"attachment-large size-large lazyload\" alt=\"\" data-srcset=\"https:\/\/starmodul.com\/wp-content\/uploads\/2022\/11\/x01P20Cabana2_1.jpg.pagespeed.ic_.obk0LCHPrG-1024x531.jpeg 1024w, https:\/\/starmodul.com\/wp-content\/uploads\/2022\/11\/x01P20Cabana2_1.jpg.pagespeed.ic_.obk0LCHPrG-300x156.jpeg 300w, https:\/\/starmodul.com\/wp-content\/uploads\/2022\/11\/x01P20Cabana2_1.jpg.pagespeed.ic_.obk0LCHPrG-768x398.jpeg 768w, https:\/\/starmodul.com\/wp-content\/uploads\/2022\/11\/x01P20Cabana2_1.jpg.pagespeed.ic_.obk0LCHPrG-1536x797.jpeg 1536w, https:\/\/starmodul.com\/wp-content\/uploads\/2022\/11\/x01P20Cabana2_1.jpg.pagespeed.ic_.obk0LCHPrG-600x311.jpeg 600w, https:\/\/starmodul.com\/wp-content\/uploads\/2022\/11\/x01P20Cabana2_1.jpg.pagespeed.ic_.obk0LCHPrG.jpeg 1858w\" data-sizes=\"(max-width: 800px) 100vw, 800px\" title=\"\" src=\"data:image\/svg+xml;base64,PHN2ZyB3aWR0aD0iMSIgaGVpZ2h0PSIxIiB4bWxucz0iaHR0cDovL3d3dy53My5vcmcvMjAwMC9zdmciPjwvc3ZnPg==\" style=\"--smush-placeholder-width: 800px; --smush-placeholder-aspect-ratio: 800\/415;\"><\/a>\n\t\t\t<\/div><\/figure>\n\t\t<\/div>\n\t\t<\/div>\n\t\t\t\t\t\t<\/div>\n\t\t\t\t<\/div>\n\t\t\t\t\t<\/div>\n\t\t<\/div>\n\t\t\t\t\t<\/div>\n\t\t<\/section>\n\t\t\t\t\t<\/div>\n\t\t<\/div>\n\t\t\t\t<div class=\"elementor-column elementor-col-50 elementor-top-column elementor-element elementor-element-3dae02c\" data-id=\"3dae02c\" data-element_type=\"column\" data-e-type=\"column\">\n\t\t\t<div class=\"elementor-widget-wrap elementor-element-populated\">\n\t\t\t\t\t\t<div class=\"elementor-element elementor-element-639e6894 elementor-widget elementor-widget-heading\" data-id=\"639e6894\" data-element_type=\"widget\" data-e-type=\"widget\" data-widget_type=\"heading.default\">\n\t\t\t\t<div class=\"elementor-widget-container\">\n\t\t\t\t\t<h2 class=\"elementor-heading-title elementor-size-default\">Bungalows et auberges<\/h2>\t\t\t\t<\/div>\n\t\t\t\t<\/div>\n\t\t\t\t\t<\/div>\n\t\t<\/div>\n\t\t\t\t\t<\/div>\n\t\t<\/section>\n\t\t\t\t<\/div>\n\t\t","protected":false},"excerpt":{"rendered":"<p>Structures m\u00e9talliques pour bungalows et modules pr\u00e9fabriqu\u00e9s Chez StarModul, nous fabriquons et fournissons des composants de la plus haute qualit\u00e9 pour la construction de bungalows, de b\u00e2timents auxiliaires et de services. Notre syst\u00e8me de kits de structures m\u00e9talliques boulonn\u00e9es garantit une fiabilit\u00e9 et une s\u00e9curit\u00e9 structurelle maximales, sans qu&rsquo;il soit n\u00e9cessaire de proc\u00e9der \u00e0 des [&hellip;]<\/p>\n","protected":false},"author":303,"featured_media":0,"parent":0,"menu_order":0,"comment_status":"closed","ping_status":"closed","template":"","meta":{"footnotes":""},"class_list":["post-10153","page","type-page","status-publish","hentry"],"_links":{"self":[{"href":"https:\/\/starmodul.com\/fr\/wp-json\/wp\/v2\/pages\/10153","targetHints":{"allow":["GET"]}}],"collection":[{"href":"https:\/\/starmodul.com\/fr\/wp-json\/wp\/v2\/pages"}],"about":[{"href":"https:\/\/starmodul.com\/fr\/wp-json\/wp\/v2\/types\/page"}],"author":[{"embeddable":true,"href":"https:\/\/starmodul.com\/fr\/wp-json\/wp\/v2\/users\/303"}],"replies":[{"embeddable":true,"href":"https:\/\/starmodul.com\/fr\/wp-json\/wp\/v2\/comments?post=10153"}],"version-history":[{"count":0,"href":"https:\/\/starmodul.com\/fr\/wp-json\/wp\/v2\/pages\/10153\/revisions"}],"wp:attachment":[{"href":"https:\/\/starmodul.com\/fr\/wp-json\/wp\/v2\/media?parent=10153"}],"curies":[{"name":"wp","href":"https:\/\/api.w.org\/{rel}","templated":true}]}}