{"id":10140,"date":"2022-12-22T17:25:18","date_gmt":"2022-12-22T16:25:18","guid":{"rendered":"https:\/\/starmodul.com\/questions-frequemment-posees-structures-metalliques\/"},"modified":"2024-01-08T11:19:29","modified_gmt":"2024-01-08T10:19:29","slug":"questions-frequemment-posees-structures-metalliques","status":"publish","type":"page","link":"https:\/\/starmodul.com\/fr\/questions-frequemment-posees-structures-metalliques\/","title":{"rendered":"Questions fr\u00e9quemment pos\u00e9es Structures m\u00e9talliques"},"content":{"rendered":"\t\t<div data-elementor-type=\"wp-page\" data-elementor-id=\"10140\" class=\"elementor elementor-10140 elementor-1064\" data-elementor-post-type=\"page\">\n\t\t\t\t\t\t<section class=\"elementor-section elementor-top-section elementor-element elementor-element-317c167 elementor-section-boxed elementor-section-height-default elementor-section-height-default\" data-id=\"317c167\" data-element_type=\"section\" data-e-type=\"section\" data-settings=\"{&quot;background_background&quot;:&quot;classic&quot;,&quot;jet_parallax_layout_list&quot;:[]}\">\n\t\t\t\t\t\t<div class=\"elementor-container elementor-column-gap-default\">\n\t\t\t\t\t<div class=\"elementor-column elementor-col-100 elementor-top-column elementor-element elementor-element-a70002e\" data-id=\"a70002e\" data-element_type=\"column\" data-e-type=\"column\">\n\t\t\t<div class=\"elementor-widget-wrap elementor-element-populated\">\n\t\t\t\t\t\t<div class=\"elementor-element elementor-element-40bd93a elementor-widget elementor-widget-heading\" data-id=\"40bd93a\" data-element_type=\"widget\" data-e-type=\"widget\" data-widget_type=\"heading.default\">\n\t\t\t\t<div class=\"elementor-widget-container\">\n\t\t\t\t\t<h1 class=\"elementor-heading-title elementor-size-default\">Questions fr\u00e9quemment pos\u00e9es - Estructuras Met\u00e1licas Starmodul<\/h1>\t\t\t\t<\/div>\n\t\t\t\t<\/div>\n\t\t\t\t<div class=\"elementor-element elementor-element-6de72c2 elementor-widget elementor-widget-text-editor\" data-id=\"6de72c2\" data-element_type=\"widget\" data-e-type=\"widget\" data-widget_type=\"text-editor.default\">\n\t\t\t\t<div class=\"elementor-widget-container\">\n\t\t\t\t\t\t\t\t\t<p>Le syst\u00e8me innovant et prim\u00e9 <span class=\"spellchecker-match-error\" data-message=\"Se ha encontrado un posible error ortogr\u00e1fico.\" data-replacements=\"[]\">Starmodul<\/span> est un syst\u00e8me de construction modulaire qui conna\u00eet un grand succ\u00e8s aupr\u00e8s des entreprises de toutes sortes. Mais qu&rsquo;est-ce que <span class=\"spellchecker-match-error\" data-message=\"Se ha encontrado un posible error ortogr\u00e1fico.\" data-replacements=\"[]\">Starmodul<\/span> exactement ? Quel type de syst\u00e8me offre-t-il ? Trouvez les r\u00e9ponses aux questions les plus fr\u00e9quemment pos\u00e9es sur le syst\u00e8me <span class=\"spellchecker-match-error\" data-message=\"Se ha encontrado un posible error ortogr\u00e1fico.\" data-replacements=\"[]\">Starmodul pour les structures en acier<\/span>.<\/p>\n\t\t\t\t\t\t\t\t<\/div>\n\t\t\t\t<\/div>\n\t\t\t\t\t<\/div>\n\t\t<\/div>\n\t\t\t\t\t<\/div>\n\t\t<\/section>\n\t\t\t\t<section class=\"elementor-section elementor-top-section elementor-element elementor-element-4f3397e8 elementor-section-content-middle elementor-section-full_width elementor-section-height-default elementor-section-height-default\" data-id=\"4f3397e8\" data-element_type=\"section\" data-e-type=\"section\" data-settings=\"{&quot;jet_parallax_layout_list&quot;:[]}\">\n\t\t\t\t\t\t<div class=\"elementor-container elementor-column-gap-no\">\n\t\t\t\t\t<div class=\"elementor-column elementor-col-100 elementor-top-column elementor-element elementor-element-663d530b\" data-id=\"663d530b\" data-element_type=\"column\" data-e-type=\"column\">\n\t\t\t<div class=\"elementor-widget-wrap elementor-element-populated\">\n\t\t\t\t\t\t<div class=\"elementor-element elementor-element-762663b6 elementor-widget elementor-widget-toggle\" data-id=\"762663b6\" data-element_type=\"widget\" data-e-type=\"widget\" data-widget_type=\"toggle.default\">\n\t\t\t\t<div class=\"elementor-widget-container\">\n\t\t\t\t\t\t\t<div class=\"elementor-toggle\">\n\t\t\t\t\t\t\t<div class=\"elementor-toggle-item\">\n\t\t\t\t\t<h2 id=\"elementor-tab-title-1981\" class=\"elementor-tab-title\" data-tab=\"1\" role=\"button\" aria-controls=\"elementor-tab-content-1981\" aria-expanded=\"false\">\n\t\t\t\t\t\t\t\t\t\t\t\t<span class=\"elementor-toggle-icon elementor-toggle-icon-right\" aria-hidden=\"true\">\n\t\t\t\t\t\t\t\t\t\t\t\t\t\t\t<span class=\"elementor-toggle-icon-closed\"><svg class=\"e-font-icon-svg e-fas-caret-right\" viewBox=\"0 0 192 512\" xmlns=\"http:\/\/www.w3.org\/2000\/svg\"><path d=\"M0 384.662V127.338c0-17.818 21.543-26.741 34.142-14.142l128.662 128.662c7.81 7.81 7.81 20.474 0 28.284L34.142 398.804C21.543 411.404 0 402.48 0 384.662z\"><\/path><\/svg><\/span>\n\t\t\t\t\t\t\t\t<span class=\"elementor-toggle-icon-opened\"><svg class=\"elementor-toggle-icon-opened e-font-icon-svg e-fas-caret-up\" viewBox=\"0 0 320 512\" xmlns=\"http:\/\/www.w3.org\/2000\/svg\"><path d=\"M288.662 352H31.338c-17.818 0-26.741-21.543-14.142-34.142l128.662-128.662c7.81-7.81 20.474-7.81 28.284 0l128.662 128.662c12.6 12.599 3.676 34.142-14.142 34.142z\"><\/path><\/svg><\/span>\n\t\t\t\t\t\t\t\t\t\t\t\t\t<\/span>\n\t\t\t\t\t\t\t\t\t\t\t\t<a class=\"elementor-toggle-title\" tabindex=\"0\">Qu'est-ce que StarModul ?<\/a>\n\t\t\t\t\t<\/h2>\n\n\t\t\t\t\t<div id=\"elementor-tab-content-1981\" class=\"elementor-tab-content elementor-clearfix\" data-tab=\"1\" role=\"region\" aria-labelledby=\"elementor-tab-title-1981\"><p><span class=\"spellchecker-match-error\" data-message=\"Se ha encontrado un posible error ortogr\u00e1fico.\" data-replacements=\"[]\">Starmodul<\/span> est un fabricant de joints boulonn\u00e9s pour la construction de structures en acier. Ces structures sont d\u00e9montables et constitu\u00e9es de pi\u00e8ces boulonn\u00e9es et galvanis\u00e9es. Qu&rsquo;il s&rsquo;agisse de travaux industriels ou de projets priv\u00e9s, le syst\u00e8me permet de construire des structures l\u00e9g\u00e8res sans avoir recours au soudage.<\/p>\n<\/div>\n\t\t\t\t<\/div>\n\t\t\t\t\t\t\t<div class=\"elementor-toggle-item\">\n\t\t\t\t\t<h2 id=\"elementor-tab-title-1982\" class=\"elementor-tab-title\" data-tab=\"2\" role=\"button\" aria-controls=\"elementor-tab-content-1982\" aria-expanded=\"false\">\n\t\t\t\t\t\t\t\t\t\t\t\t<span class=\"elementor-toggle-icon elementor-toggle-icon-right\" aria-hidden=\"true\">\n\t\t\t\t\t\t\t\t\t\t\t\t\t\t\t<span class=\"elementor-toggle-icon-closed\"><svg class=\"e-font-icon-svg e-fas-caret-right\" viewBox=\"0 0 192 512\" xmlns=\"http:\/\/www.w3.org\/2000\/svg\"><path d=\"M0 384.662V127.338c0-17.818 21.543-26.741 34.142-14.142l128.662 128.662c7.81 7.81 7.81 20.474 0 28.284L34.142 398.804C21.543 411.404 0 402.48 0 384.662z\"><\/path><\/svg><\/span>\n\t\t\t\t\t\t\t\t<span class=\"elementor-toggle-icon-opened\"><svg class=\"elementor-toggle-icon-opened e-font-icon-svg e-fas-caret-up\" viewBox=\"0 0 320 512\" xmlns=\"http:\/\/www.w3.org\/2000\/svg\"><path d=\"M288.662 352H31.338c-17.818 0-26.741-21.543-14.142-34.142l128.662-128.662c7.81-7.81 20.474-7.81 28.284 0l128.662 128.662c12.6 12.599 3.676 34.142-14.142 34.142z\"><\/path><\/svg><\/span>\n\t\t\t\t\t\t\t\t\t\t\t\t\t<\/span>\n\t\t\t\t\t\t\t\t\t\t\t\t<a class=\"elementor-toggle-title\" tabindex=\"0\">S'agit-il d'un syst\u00e8me de construction plus \u00e9conomique que le syst\u00e8me traditionnel ?<\/a>\n\t\t\t\t\t<\/h2>\n\n\t\t\t\t\t<div id=\"elementor-tab-content-1982\" class=\"elementor-tab-content elementor-clearfix\" data-tab=\"2\" role=\"region\" aria-labelledby=\"elementor-tab-title-1982\"><p><span class=\"spellchecker-match-error\" data-message=\"Se ha encontrado un posible error ortogr\u00e1fico.\" data-replacements=\"[]\">Starmodul<\/span> est un fabricant de raccords m\u00e9talliques pour la construction de structures m\u00e9talliques. Ces structures sont d\u00e9montables et constitu\u00e9es de pi\u00e8ces boulonn\u00e9es et galvanis\u00e9es. Qu&rsquo;il s&rsquo;agisse de travaux industriels ou de projets priv\u00e9s, le syst\u00e8me permet de construire des structures l\u00e9g\u00e8res sans avoir recours au soudage.<\/p>\n<\/div>\n\t\t\t\t<\/div>\n\t\t\t\t\t\t\t<div class=\"elementor-toggle-item\">\n\t\t\t\t\t<h2 id=\"elementor-tab-title-1983\" class=\"elementor-tab-title\" data-tab=\"3\" role=\"button\" aria-controls=\"elementor-tab-content-1983\" aria-expanded=\"false\">\n\t\t\t\t\t\t\t\t\t\t\t\t<span class=\"elementor-toggle-icon elementor-toggle-icon-right\" aria-hidden=\"true\">\n\t\t\t\t\t\t\t\t\t\t\t\t\t\t\t<span class=\"elementor-toggle-icon-closed\"><svg class=\"e-font-icon-svg e-fas-caret-right\" viewBox=\"0 0 192 512\" xmlns=\"http:\/\/www.w3.org\/2000\/svg\"><path d=\"M0 384.662V127.338c0-17.818 21.543-26.741 34.142-14.142l128.662 128.662c7.81 7.81 7.81 20.474 0 28.284L34.142 398.804C21.543 411.404 0 402.48 0 384.662z\"><\/path><\/svg><\/span>\n\t\t\t\t\t\t\t\t<span class=\"elementor-toggle-icon-opened\"><svg class=\"elementor-toggle-icon-opened e-font-icon-svg e-fas-caret-up\" viewBox=\"0 0 320 512\" xmlns=\"http:\/\/www.w3.org\/2000\/svg\"><path d=\"M288.662 352H31.338c-17.818 0-26.741-21.543-14.142-34.142l128.662-128.662c7.81-7.81 20.474-7.81 28.284 0l128.662 128.662c12.6 12.599 3.676 34.142-14.142 34.142z\"><\/path><\/svg><\/span>\n\t\t\t\t\t\t\t\t\t\t\t\t\t<\/span>\n\t\t\t\t\t\t\t\t\t\t\t\t<a class=\"elementor-toggle-title\" tabindex=\"0\">Le syst\u00e8me StarModul limite-t-il les possibilit\u00e9s de conception ?<\/a>\n\t\t\t\t\t<\/h2>\n\n\t\t\t\t\t<div id=\"elementor-tab-content-1983\" class=\"elementor-tab-content elementor-clearfix\" data-tab=\"3\" role=\"region\" aria-labelledby=\"elementor-tab-title-1983\"><p>Notre syst\u00e8me n&rsquo;a pratiquement aucune limite de conception. La construction de n&rsquo;importe quel dessin ou forme est pr\u00e9cis\u00e9ment l&rsquo;un des points forts de notre syst\u00e8me. Il s&rsquo;agit d&rsquo;un syst\u00e8me tr\u00e8s polyvalent qui, en combinant diff\u00e9rents \u00e9l\u00e9ments de construction, peut offrir un grand nombre de possibilit\u00e9s.<\/p>\n<\/div>\n\t\t\t\t<\/div>\n\t\t\t\t\t\t\t<div class=\"elementor-toggle-item\">\n\t\t\t\t\t<h2 id=\"elementor-tab-title-1984\" class=\"elementor-tab-title\" data-tab=\"4\" role=\"button\" aria-controls=\"elementor-tab-content-1984\" aria-expanded=\"false\">\n\t\t\t\t\t\t\t\t\t\t\t\t<span class=\"elementor-toggle-icon elementor-toggle-icon-right\" aria-hidden=\"true\">\n\t\t\t\t\t\t\t\t\t\t\t\t\t\t\t<span class=\"elementor-toggle-icon-closed\"><svg class=\"e-font-icon-svg e-fas-caret-right\" viewBox=\"0 0 192 512\" xmlns=\"http:\/\/www.w3.org\/2000\/svg\"><path d=\"M0 384.662V127.338c0-17.818 21.543-26.741 34.142-14.142l128.662 128.662c7.81 7.81 7.81 20.474 0 28.284L34.142 398.804C21.543 411.404 0 402.48 0 384.662z\"><\/path><\/svg><\/span>\n\t\t\t\t\t\t\t\t<span class=\"elementor-toggle-icon-opened\"><svg class=\"elementor-toggle-icon-opened e-font-icon-svg e-fas-caret-up\" viewBox=\"0 0 320 512\" xmlns=\"http:\/\/www.w3.org\/2000\/svg\"><path d=\"M288.662 352H31.338c-17.818 0-26.741-21.543-14.142-34.142l128.662-128.662c7.81-7.81 20.474-7.81 28.284 0l128.662 128.662c12.6 12.599 3.676 34.142-14.142 34.142z\"><\/path><\/svg><\/span>\n\t\t\t\t\t\t\t\t\t\t\t\t\t<\/span>\n\t\t\t\t\t\t\t\t\t\t\t\t<a class=\"elementor-toggle-title\" tabindex=\"0\">Pourquoi construire avec des tuyaux en acier galvanis\u00e9 ?<\/a>\n\t\t\t\t\t<\/h2>\n\n\t\t\t\t\t<div id=\"elementor-tab-content-1984\" class=\"elementor-tab-content elementor-clearfix\" data-tab=\"4\" role=\"region\" aria-labelledby=\"elementor-tab-title-1984\"><p>Les tubes \u00e0 section carr\u00e9e en acier galvanis\u00e9 pr\u00e9sentent l&rsquo;avantage d&rsquo;\u00eatre plus durables que l&rsquo;acier et de ne pas n\u00e9cessiter de peinture pour la protection contre la corrosion, puisqu&rsquo;ils sont d\u00e9j\u00e0 trait\u00e9s en usine. En outre, il s&rsquo;agit d&rsquo;un mat\u00e9riau beaucoup plus l\u00e9ger, ce qui facilite l&rsquo;assemblage et \u00e9limine la n\u00e9cessit\u00e9 de recourir \u00e0 des machines auxiliaires pour soulever les \u00e9l\u00e9ments structurels.<\/p>\n<\/div>\n\t\t\t\t<\/div>\n\t\t\t\t\t\t\t<div class=\"elementor-toggle-item\">\n\t\t\t\t\t<h2 id=\"elementor-tab-title-1985\" class=\"elementor-tab-title\" data-tab=\"5\" role=\"button\" aria-controls=\"elementor-tab-content-1985\" aria-expanded=\"false\">\n\t\t\t\t\t\t\t\t\t\t\t\t<span class=\"elementor-toggle-icon elementor-toggle-icon-right\" aria-hidden=\"true\">\n\t\t\t\t\t\t\t\t\t\t\t\t\t\t\t<span class=\"elementor-toggle-icon-closed\"><svg class=\"e-font-icon-svg e-fas-caret-right\" viewBox=\"0 0 192 512\" xmlns=\"http:\/\/www.w3.org\/2000\/svg\"><path d=\"M0 384.662V127.338c0-17.818 21.543-26.741 34.142-14.142l128.662 128.662c7.81 7.81 7.81 20.474 0 28.284L34.142 398.804C21.543 411.404 0 402.48 0 384.662z\"><\/path><\/svg><\/span>\n\t\t\t\t\t\t\t\t<span class=\"elementor-toggle-icon-opened\"><svg class=\"elementor-toggle-icon-opened e-font-icon-svg e-fas-caret-up\" viewBox=\"0 0 320 512\" xmlns=\"http:\/\/www.w3.org\/2000\/svg\"><path d=\"M288.662 352H31.338c-17.818 0-26.741-21.543-14.142-34.142l128.662-128.662c7.81-7.81 20.474-7.81 28.284 0l128.662 128.662c12.6 12.599 3.676 34.142-14.142 34.142z\"><\/path><\/svg><\/span>\n\t\t\t\t\t\t\t\t\t\t\t\t\t<\/span>\n\t\t\t\t\t\t\t\t\t\t\t\t<a class=\"elementor-toggle-title\" tabindex=\"0\">Quels types de constructions puis-je r\u00e9aliser avec le syst\u00e8me StarModul ?<\/a>\n\t\t\t\t\t<\/h2>\n\n\t\t\t\t\t<div id=\"elementor-tab-content-1985\" class=\"elementor-tab-content elementor-clearfix\" data-tab=\"5\" role=\"region\" aria-labelledby=\"elementor-tab-title-1985\"><p>Le syst\u00e8me StarModul peut \u00eatre utilis\u00e9 pour construire une large gamme de b\u00e2timents, allant d&rsquo;un porche ext\u00e9rieur \u00e0 un local de stockage, en passant par un rez-de-chauss\u00e9e ou un rez-de-chauss\u00e9e + rez-de-chauss\u00e9e. Il s&rsquo;agit \u00e9galement d&rsquo;un syst\u00e8me hautement recommand\u00e9 pour la construction d&rsquo;\u00e9rections, car il s&rsquo;agit d&rsquo;un syst\u00e8me l\u00e9ger qui peut \u00eatre adapt\u00e9 \u00e0 presque n&rsquo;importe quelle disposition.<\/p>\n<\/div>\n\t\t\t\t<\/div>\n\t\t\t\t\t\t\t<div class=\"elementor-toggle-item\">\n\t\t\t\t\t<h2 id=\"elementor-tab-title-1986\" class=\"elementor-tab-title\" data-tab=\"6\" role=\"button\" aria-controls=\"elementor-tab-content-1986\" aria-expanded=\"false\">\n\t\t\t\t\t\t\t\t\t\t\t\t<span class=\"elementor-toggle-icon elementor-toggle-icon-right\" aria-hidden=\"true\">\n\t\t\t\t\t\t\t\t\t\t\t\t\t\t\t<span class=\"elementor-toggle-icon-closed\"><svg class=\"e-font-icon-svg e-fas-caret-right\" viewBox=\"0 0 192 512\" xmlns=\"http:\/\/www.w3.org\/2000\/svg\"><path d=\"M0 384.662V127.338c0-17.818 21.543-26.741 34.142-14.142l128.662 128.662c7.81 7.81 7.81 20.474 0 28.284L34.142 398.804C21.543 411.404 0 402.48 0 384.662z\"><\/path><\/svg><\/span>\n\t\t\t\t\t\t\t\t<span class=\"elementor-toggle-icon-opened\"><svg class=\"elementor-toggle-icon-opened e-font-icon-svg e-fas-caret-up\" viewBox=\"0 0 320 512\" xmlns=\"http:\/\/www.w3.org\/2000\/svg\"><path d=\"M288.662 352H31.338c-17.818 0-26.741-21.543-14.142-34.142l128.662-128.662c7.81-7.81 20.474-7.81 28.284 0l128.662 128.662c12.6 12.599 3.676 34.142-14.142 34.142z\"><\/path><\/svg><\/span>\n\t\t\t\t\t\t\t\t\t\t\t\t\t<\/span>\n\t\t\t\t\t\t\t\t\t\t\t\t<a class=\"elementor-toggle-title\" tabindex=\"0\">Les structures en acier peuvent-elles rouiller ?<\/a>\n\t\t\t\t\t<\/h2>\n\n\t\t\t\t\t<div id=\"elementor-tab-content-1986\" class=\"elementor-tab-content elementor-clearfix\" data-tab=\"6\" role=\"region\" aria-labelledby=\"elementor-tab-title-1986\"><p data-fusion-font=\"true\">Les structures StarModul sont fabriqu\u00e9es \u00e0 partir de tuyaux sans soudure et de joints en acier galvanis\u00e9 \u00e0 chaud dans une solution \u00e9lectrolytique contenant du zinc et utilisant l&rsquo;\u00e9lectrolyse pour cr\u00e9er le rev\u00eatement sur l&rsquo;acier. La couche de zinc sur l&rsquo;acier le rend plus r\u00e9sistant \u00e0 la rouille. L&rsquo;acier galvanis\u00e9 est en outre prot\u00e9g\u00e9 de l&rsquo;eau et de l&rsquo;humidit\u00e9 par le zinc, qui cr\u00e9e une couche de zinc sur l&rsquo;acier emp\u00eachant l&rsquo;oxyg\u00e8ne d&rsquo;atteindre le fer, qui rouille facilement.<\/p>\n<p data-fusion-font=\"true\">En outre, l&rsquo;acier galvanis\u00e9 peut rester en parfait \u00e9tat pendant plus de 70 ans, sa dur\u00e9e de vie est donc tr\u00e8s longue. Ce mat\u00e9riau pr\u00e9sente un meilleur rapport qualit\u00e9-prix que les autres mat\u00e9riaux et ne n\u00e9cessite aucun entretien. Un autre avantage est qu&rsquo;il s&rsquo;agit d&rsquo;un mat\u00e9riau respectueux de l&rsquo;environnement, car il peut \u00eatre recycl\u00e9 plusieurs fois.<\/p>\n<p><span data-fusion-font=\"true\">Le rev\u00eatement ext\u00e9rieur des structures StarModul est constitu\u00e9 de panneaux sandwich, avec deux faces m\u00e9talliques et une \u00e2me isolante rigide. Ils offrent une isolation thermique exceptionnelle avec une \u00e9paisseur de panneau minimale, ce qui permet d&rsquo;obtenir des murs et des plafonds thermiquement efficaces et tr\u00e8s durables qui garantissent l&rsquo;\u00e9tanch\u00e9it\u00e9 gr\u00e2ce \u00e0 leurs joints \u00e0 rainure et languette. Le panneau est garanti jusqu&rsquo;\u00e0 25 ans.<\/span><\/p>\n<\/div>\n\t\t\t\t<\/div>\n\t\t\t\t\t\t\t<div class=\"elementor-toggle-item\">\n\t\t\t\t\t<h2 id=\"elementor-tab-title-1987\" class=\"elementor-tab-title\" data-tab=\"7\" role=\"button\" aria-controls=\"elementor-tab-content-1987\" aria-expanded=\"false\">\n\t\t\t\t\t\t\t\t\t\t\t\t<span class=\"elementor-toggle-icon elementor-toggle-icon-right\" aria-hidden=\"true\">\n\t\t\t\t\t\t\t\t\t\t\t\t\t\t\t<span class=\"elementor-toggle-icon-closed\"><svg class=\"e-font-icon-svg e-fas-caret-right\" viewBox=\"0 0 192 512\" xmlns=\"http:\/\/www.w3.org\/2000\/svg\"><path d=\"M0 384.662V127.338c0-17.818 21.543-26.741 34.142-14.142l128.662 128.662c7.81 7.81 7.81 20.474 0 28.284L34.142 398.804C21.543 411.404 0 402.48 0 384.662z\"><\/path><\/svg><\/span>\n\t\t\t\t\t\t\t\t<span class=\"elementor-toggle-icon-opened\"><svg class=\"elementor-toggle-icon-opened e-font-icon-svg e-fas-caret-up\" viewBox=\"0 0 320 512\" xmlns=\"http:\/\/www.w3.org\/2000\/svg\"><path d=\"M288.662 352H31.338c-17.818 0-26.741-21.543-14.142-34.142l128.662-128.662c7.81-7.81 20.474-7.81 28.284 0l128.662 128.662c12.6 12.599 3.676 34.142-14.142 34.142z\"><\/path><\/svg><\/span>\n\t\t\t\t\t\t\t\t\t\t\t\t\t<\/span>\n\t\t\t\t\t\t\t\t\t\t\t\t<a class=\"elementor-toggle-title\" tabindex=\"0\">Les conditions m\u00e9t\u00e9orologiques, les parasites ou les agents naturels affectent-ils nos structures ?<\/a>\n\t\t\t\t\t<\/h2>\n\n\t\t\t\t\t<div id=\"elementor-tab-content-1987\" class=\"elementor-tab-content elementor-clearfix\" data-tab=\"7\" role=\"region\" aria-labelledby=\"elementor-tab-title-1987\"><p>Les panneaux utilis\u00e9s pour le rev\u00eatement ext\u00e9rieur des structures StarModul sont immunis\u00e9s contre les attaques de champignons, de moisissures et d&rsquo;autres agents de d\u00e9t\u00e9rioration biologique. Ni le noyau isolant du panneau ni l&rsquo;acier galvanis\u00e9 n&rsquo;absorbent l&rsquo;eau, ce qui permet de maintenir les performances thermiques tout au long de la dur\u00e9e de vie du panneau.<\/p>\n<\/div>\n\t\t\t\t<\/div>\n\t\t\t\t\t\t\t<div class=\"elementor-toggle-item\">\n\t\t\t\t\t<h2 id=\"elementor-tab-title-1988\" class=\"elementor-tab-title\" data-tab=\"8\" role=\"button\" aria-controls=\"elementor-tab-content-1988\" aria-expanded=\"false\">\n\t\t\t\t\t\t\t\t\t\t\t\t<span class=\"elementor-toggle-icon elementor-toggle-icon-right\" aria-hidden=\"true\">\n\t\t\t\t\t\t\t\t\t\t\t\t\t\t\t<span class=\"elementor-toggle-icon-closed\"><svg class=\"e-font-icon-svg e-fas-caret-right\" viewBox=\"0 0 192 512\" xmlns=\"http:\/\/www.w3.org\/2000\/svg\"><path d=\"M0 384.662V127.338c0-17.818 21.543-26.741 34.142-14.142l128.662 128.662c7.81 7.81 7.81 20.474 0 28.284L34.142 398.804C21.543 411.404 0 402.48 0 384.662z\"><\/path><\/svg><\/span>\n\t\t\t\t\t\t\t\t<span class=\"elementor-toggle-icon-opened\"><svg class=\"elementor-toggle-icon-opened e-font-icon-svg e-fas-caret-up\" viewBox=\"0 0 320 512\" xmlns=\"http:\/\/www.w3.org\/2000\/svg\"><path d=\"M288.662 352H31.338c-17.818 0-26.741-21.543-14.142-34.142l128.662-128.662c7.81-7.81 20.474-7.81 28.284 0l128.662 128.662c12.6 12.599 3.676 34.142-14.142 34.142z\"><\/path><\/svg><\/span>\n\t\t\t\t\t\t\t\t\t\t\t\t\t<\/span>\n\t\t\t\t\t\t\t\t\t\t\t\t<a class=\"elementor-toggle-title\" tabindex=\"0\">Ce syst\u00e8me permet-il d'\u00e9tendre ou de remodeler une structure ?<\/a>\n\t\t\t\t\t<\/h2>\n\n\t\t\t\t\t<div id=\"elementor-tab-content-1988\" class=\"elementor-tab-content elementor-clearfix\" data-tab=\"8\" role=\"region\" aria-labelledby=\"elementor-tab-title-1988\"><p data-fusion-font=\"true\">Il n&rsquo;y a pas de limitation des finitions ext\u00e9rieures ou int\u00e9rieures avec notre syst\u00e8me.<\/p>\n<p data-fusion-font=\"true\">A l&rsquo;ext\u00e9rieur, nous avons la possibilit\u00e9 de laisser le panneau apparent, car ces panneaux ont une multitude de finitions et de couleurs ext\u00e9rieures, ou nous pouvons rev\u00eatir la fa\u00e7ade avec un autre mat\u00e9riau tel qu&rsquo;un SATE ou un carreau de porcelaine fix\u00e9 m\u00e9caniquement.<\/p>\n<p data-fusion-font=\"true\">L&rsquo;int\u00e9rieur est g\u00e9n\u00e9ralement recouvert d&rsquo;un rev\u00eatement en plaques de pl\u00e2tre, mais d&rsquo;autres finitions telles que des panneaux sandwich en bois peuvent \u00e9galement \u00eatre utilis\u00e9es.<\/p>\n<\/div>\n\t\t\t\t<\/div>\n\t\t\t\t\t\t\t<div class=\"elementor-toggle-item\">\n\t\t\t\t\t<h2 id=\"elementor-tab-title-1989\" class=\"elementor-tab-title\" data-tab=\"9\" role=\"button\" aria-controls=\"elementor-tab-content-1989\" aria-expanded=\"false\">\n\t\t\t\t\t\t\t\t\t\t\t\t<span class=\"elementor-toggle-icon elementor-toggle-icon-right\" aria-hidden=\"true\">\n\t\t\t\t\t\t\t\t\t\t\t\t\t\t\t<span class=\"elementor-toggle-icon-closed\"><svg class=\"e-font-icon-svg e-fas-caret-right\" viewBox=\"0 0 192 512\" xmlns=\"http:\/\/www.w3.org\/2000\/svg\"><path d=\"M0 384.662V127.338c0-17.818 21.543-26.741 34.142-14.142l128.662 128.662c7.81 7.81 7.81 20.474 0 28.284L34.142 398.804C21.543 411.404 0 402.48 0 384.662z\"><\/path><\/svg><\/span>\n\t\t\t\t\t\t\t\t<span class=\"elementor-toggle-icon-opened\"><svg class=\"elementor-toggle-icon-opened e-font-icon-svg e-fas-caret-up\" viewBox=\"0 0 320 512\" xmlns=\"http:\/\/www.w3.org\/2000\/svg\"><path d=\"M288.662 352H31.338c-17.818 0-26.741-21.543-14.142-34.142l128.662-128.662c7.81-7.81 20.474-7.81 28.284 0l128.662 128.662c12.6 12.599 3.676 34.142-14.142 34.142z\"><\/path><\/svg><\/span>\n\t\t\t\t\t\t\t\t\t\t\t\t\t<\/span>\n\t\t\t\t\t\t\t\t\t\t\t\t<a class=\"elementor-toggle-title\" tabindex=\"0\">Quels types de finitions et d'am\u00e9nagements peut-on r\u00e9aliser avec le syst\u00e8me StarModul ?<\/a>\n\t\t\t\t\t<\/h2>\n\n\t\t\t\t\t<div id=\"elementor-tab-content-1989\" class=\"elementor-tab-content elementor-clearfix\" data-tab=\"9\" role=\"region\" aria-labelledby=\"elementor-tab-title-1989\"><p data-fusion-font=\"true\">Il n&rsquo;y a pas de limitation des finitions ext\u00e9rieures ou int\u00e9rieures avec notre syst\u00e8me.<\/p>\n<p data-fusion-font=\"true\">A l&rsquo;ext\u00e9rieur, nous avons la possibilit\u00e9 de laisser le panneau apparent, car ces panneaux ont une multitude de finitions et de couleurs ext\u00e9rieures, ou nous pouvons rev\u00eatir la fa\u00e7ade avec un autre mat\u00e9riau tel qu&rsquo;un SATE ou un carreau de porcelaine fix\u00e9 m\u00e9caniquement.<\/p>\n<p data-fusion-font=\"true\">L&rsquo;int\u00e9rieur est g\u00e9n\u00e9ralement recouvert d&rsquo;un rev\u00eatement en plaques de pl\u00e2tre, mais d&rsquo;autres finitions telles que des panneaux sandwich en bois peuvent \u00e9galement \u00eatre utilis\u00e9es.<\/p>\n<\/div>\n\t\t\t\t<\/div>\n\t\t\t\t\t\t\t\t<\/div>\n\t\t\t\t\t\t<\/div>\n\t\t\t\t<\/div>\n\t\t\t\t\t<\/div>\n\t\t<\/div>\n\t\t\t\t\t<\/div>\n\t\t<\/section>\n\t\t\t\t<\/div>\n\t\t","protected":false},"excerpt":{"rendered":"<p>Questions fr\u00e9quemment pos\u00e9es &#8211; Estructuras Met\u00e1licas Starmodul Le syst\u00e8me innovant et prim\u00e9 Starmodul est un syst\u00e8me de construction modulaire qui conna\u00eet un grand succ\u00e8s aupr\u00e8s des entreprises de toutes sortes. Mais qu&rsquo;est-ce que Starmodul exactement ? Quel type de syst\u00e8me offre-t-il ? Trouvez les r\u00e9ponses aux questions les plus fr\u00e9quemment pos\u00e9es sur le syst\u00e8me Starmodul [&hellip;]<\/p>\n","protected":false},"author":303,"featured_media":0,"parent":0,"menu_order":0,"comment_status":"closed","ping_status":"closed","template":"elementor_header_footer","meta":{"footnotes":""},"class_list":["post-10140","page","type-page","status-publish","hentry"],"_links":{"self":[{"href":"https:\/\/starmodul.com\/fr\/wp-json\/wp\/v2\/pages\/10140","targetHints":{"allow":["GET"]}}],"collection":[{"href":"https:\/\/starmodul.com\/fr\/wp-json\/wp\/v2\/pages"}],"about":[{"href":"https:\/\/starmodul.com\/fr\/wp-json\/wp\/v2\/types\/page"}],"author":[{"embeddable":true,"href":"https:\/\/starmodul.com\/fr\/wp-json\/wp\/v2\/users\/303"}],"replies":[{"embeddable":true,"href":"https:\/\/starmodul.com\/fr\/wp-json\/wp\/v2\/comments?post=10140"}],"version-history":[{"count":0,"href":"https:\/\/starmodul.com\/fr\/wp-json\/wp\/v2\/pages\/10140\/revisions"}],"wp:attachment":[{"href":"https:\/\/starmodul.com\/fr\/wp-json\/wp\/v2\/media?parent=10140"}],"curies":[{"name":"wp","href":"https:\/\/api.w.org\/{rel}","templated":true}]}}