{"id":10111,"date":"2022-12-25T09:58:52","date_gmt":"2022-12-25T08:58:52","guid":{"rendered":"https:\/\/starmodul.com\/note-juridique\/"},"modified":"2024-07-11T08:33:11","modified_gmt":"2024-07-11T06:33:11","slug":"note-juridique","status":"publish","type":"page","link":"https:\/\/starmodul.com\/fr\/note-juridique\/","title":{"rendered":"Note juridique"},"content":{"rendered":"\t\t<div data-elementor-type=\"wp-page\" data-elementor-id=\"10111\" class=\"elementor elementor-10111 elementor-1290\" data-elementor-post-type=\"page\">\n\t\t\t\t\t\t<section class=\"elementor-section elementor-top-section elementor-element elementor-element-306f71e elementor-section-boxed elementor-section-height-default elementor-section-height-default\" data-id=\"306f71e\" data-element_type=\"section\" data-e-type=\"section\" data-settings=\"{&quot;background_background&quot;:&quot;classic&quot;,&quot;jet_parallax_layout_list&quot;:[]}\">\n\t\t\t\t\t\t<div class=\"elementor-container elementor-column-gap-default\">\n\t\t\t\t\t<div class=\"elementor-column elementor-col-100 elementor-top-column elementor-element elementor-element-78e4442\" data-id=\"78e4442\" data-element_type=\"column\" data-e-type=\"column\">\n\t\t\t<div class=\"elementor-widget-wrap elementor-element-populated\">\n\t\t\t\t\t\t<div class=\"elementor-element elementor-element-7605007 elementor-widget elementor-widget-heading\" data-id=\"7605007\" data-element_type=\"widget\" data-e-type=\"widget\" data-widget_type=\"heading.default\">\n\t\t\t\t<div class=\"elementor-widget-container\">\n\t\t\t\t\t<h2 class=\"elementor-heading-title elementor-size-default\">Avis juridique<\/h2>\t\t\t\t<\/div>\n\t\t\t\t<\/div>\n\t\t\t\t\t<\/div>\n\t\t<\/div>\n\t\t\t\t\t<\/div>\n\t\t<\/section>\n\t\t\t\t<section class=\"elementor-section elementor-top-section elementor-element elementor-element-6cd7ae5 elementor-section-boxed elementor-section-height-default elementor-section-height-default\" data-id=\"6cd7ae5\" data-element_type=\"section\" data-e-type=\"section\" data-settings=\"{&quot;jet_parallax_layout_list&quot;:[]}\">\n\t\t\t\t\t\t<div class=\"elementor-container elementor-column-gap-default\">\n\t\t\t\t\t<div class=\"elementor-column elementor-col-100 elementor-top-column elementor-element elementor-element-490afc2\" data-id=\"490afc2\" data-element_type=\"column\" data-e-type=\"column\">\n\t\t\t<div class=\"elementor-widget-wrap elementor-element-populated\">\n\t\t\t\t\t\t<div class=\"elementor-element elementor-element-0d6ce2d elementor-widget elementor-widget-heading\" data-id=\"0d6ce2d\" data-element_type=\"widget\" data-e-type=\"widget\" data-widget_type=\"heading.default\">\n\t\t\t\t<div class=\"elementor-widget-container\">\n\t\t\t\t\t<h2 class=\"elementor-heading-title elementor-size-default\">OBJET<\/h2>\t\t\t\t<\/div>\n\t\t\t\t<\/div>\n\t\t\t\t<div class=\"elementor-element elementor-element-1939a40 elementor-widget elementor-widget-text-editor\" data-id=\"1939a40\" data-element_type=\"widget\" data-e-type=\"widget\" data-widget_type=\"text-editor.default\">\n\t\t\t\t<div class=\"elementor-widget-container\">\n\t\t\t\t\t\t\t\t\t<h2><span style=\"color: var( --e-global-color-text ); font-family: var( --e-global-typography-text-font-family ), Sans-serif; font-weight: var( --e-global-typography-text-font-weight ); font-size: 1rem;\">Les pr\u00e9sentes conditions g\u00e9n\u00e9rales r\u00e9gissent l&rsquo;acquisition des produits propos\u00e9s sur le site web www.starmodul.com, propri\u00e9t\u00e9 de CUATELART, S.L. (ci-apr\u00e8s CUATELART).<\/span><\/h2>\n<p>L&rsquo;achat de l&rsquo;un des produits implique l&rsquo;acceptation totale et sans r\u00e9serve de chacune des conditions g\u00e9n\u00e9rales indiqu\u00e9es, sans pr\u00e9judice de l&rsquo;acceptation des conditions particuli\u00e8res qui peuvent \u00eatre applicables \u00e0 l&rsquo;achat de certains produits.<\/p>\n<p>Les pr\u00e9sentes conditions g\u00e9n\u00e9rales peuvent \u00eatre modifi\u00e9es sans pr\u00e9avis. Il est donc conseill\u00e9 de lire attentivement leur contenu avant de proc\u00e9der \u00e0 l&rsquo;achat de l&rsquo;un des produits propos\u00e9s.<\/p>\n\t\t\t\t\t\t\t\t<\/div>\n\t\t\t\t<\/div>\n\t\t\t\t\t<\/div>\n\t\t<\/div>\n\t\t\t\t\t<\/div>\n\t\t<\/section>\n\t\t\t\t<section class=\"elementor-section elementor-top-section elementor-element elementor-element-77cc154 elementor-section-boxed elementor-section-height-default elementor-section-height-default\" data-id=\"77cc154\" data-element_type=\"section\" data-e-type=\"section\" data-settings=\"{&quot;jet_parallax_layout_list&quot;:[],&quot;background_background&quot;:&quot;classic&quot;}\">\n\t\t\t\t\t\t<div class=\"elementor-container elementor-column-gap-default\">\n\t\t\t\t\t<div class=\"elementor-column elementor-col-100 elementor-top-column elementor-element elementor-element-0341e3d\" data-id=\"0341e3d\" data-element_type=\"column\" data-e-type=\"column\">\n\t\t\t<div class=\"elementor-widget-wrap elementor-element-populated\">\n\t\t\t\t\t\t<div class=\"elementor-element elementor-element-fdf62f1 elementor-widget elementor-widget-heading\" data-id=\"fdf62f1\" data-element_type=\"widget\" data-e-type=\"widget\" data-widget_type=\"heading.default\">\n\t\t\t\t<div class=\"elementor-widget-container\">\n\t\t\t\t\t<h2 class=\"elementor-heading-title elementor-size-default\">IDENTIFICATION<\/h2>\t\t\t\t<\/div>\n\t\t\t\t<\/div>\n\t\t\t\t<div class=\"elementor-element elementor-element-72eead1 elementor-widget elementor-widget-text-editor\" data-id=\"72eead1\" data-element_type=\"widget\" data-e-type=\"widget\" data-widget_type=\"text-editor.default\">\n\t\t\t\t<div class=\"elementor-widget-container\">\n\t\t\t\t\t\t\t\t\t<h2><span style=\"color: var( --e-global-color-text ); font-family: var( --e-global-typography-text-font-family ), Sans-serif; font-weight: var( --e-global-typography-text-font-weight ); font-size: 1rem;\">CUATELART, conform\u00e9ment \u00e0 la loi 34\/2002, du 11 juillet, sur les services de la soci\u00e9t\u00e9 de l&rsquo;information et le commerce \u00e9lectronique, vous informe que :<\/span><\/h2>\n<ul>\n<li>Sa raison sociale est : CUATELART, S.L<\/li>\n<li>Son nom commercial est : CUATELART<\/li>\n<li>Son num\u00e9ro de TVA est : B25396128<\/li>\n<li>Son si\u00e8ge social est situ\u00e9 \u00e0 : PALAUET, 131. 25001-LLEIDA.<\/li>\n<li>Donn\u00e9es du registre : Mercantile Register volume 491, folio 41 sheet number L-9.125<\/li>\n<\/ul>\n\t\t\t\t\t\t\t\t<\/div>\n\t\t\t\t<\/div>\n\t\t\t\t\t<\/div>\n\t\t<\/div>\n\t\t\t\t\t<\/div>\n\t\t<\/section>\n\t\t\t\t<section class=\"elementor-section elementor-top-section elementor-element elementor-element-7376b88 elementor-section-boxed elementor-section-height-default elementor-section-height-default\" data-id=\"7376b88\" data-element_type=\"section\" data-e-type=\"section\" data-settings=\"{&quot;jet_parallax_layout_list&quot;:[]}\">\n\t\t\t\t\t\t<div class=\"elementor-container elementor-column-gap-default\">\n\t\t\t\t\t<div class=\"elementor-column elementor-col-100 elementor-top-column elementor-element elementor-element-a4d5c73\" data-id=\"a4d5c73\" data-element_type=\"column\" data-e-type=\"column\">\n\t\t\t<div class=\"elementor-widget-wrap elementor-element-populated\">\n\t\t\t\t\t\t<div class=\"elementor-element elementor-element-12ffb58 elementor-widget elementor-widget-heading\" data-id=\"12ffb58\" data-element_type=\"widget\" data-e-type=\"widget\" data-widget_type=\"heading.default\">\n\t\t\t\t<div class=\"elementor-widget-container\">\n\t\t\t\t\t<h2 class=\"elementor-heading-title elementor-size-default\">COMMUNICATIONS<\/h2>\t\t\t\t<\/div>\n\t\t\t\t<\/div>\n\t\t\t\t<div class=\"elementor-element elementor-element-1e1cf95 elementor-widget elementor-widget-text-editor\" data-id=\"1e1cf95\" data-element_type=\"widget\" data-e-type=\"widget\" data-widget_type=\"text-editor.default\">\n\t\t\t\t<div class=\"elementor-widget-container\">\n\t\t\t\t\t\t\t\t\t<ul>\n<li>T\u00e9l. 973 22 81 64<\/li>\n<li>WhatsApp 683 44 26 08<\/li>\n<li>info@starmodul.com<\/li>\n<\/ul>\n\t\t\t\t\t\t\t\t<\/div>\n\t\t\t\t<\/div>\n\t\t\t\t\t<\/div>\n\t\t<\/div>\n\t\t\t\t\t<\/div>\n\t\t<\/section>\n\t\t\t\t<section class=\"elementor-section elementor-top-section elementor-element elementor-element-ad8ef07 elementor-section-boxed elementor-section-height-default elementor-section-height-default\" data-id=\"ad8ef07\" data-element_type=\"section\" data-e-type=\"section\" data-settings=\"{&quot;jet_parallax_layout_list&quot;:[],&quot;background_background&quot;:&quot;classic&quot;}\">\n\t\t\t\t\t\t<div class=\"elementor-container elementor-column-gap-default\">\n\t\t\t\t\t<div class=\"elementor-column elementor-col-100 elementor-top-column elementor-element elementor-element-de9d905\" data-id=\"de9d905\" data-element_type=\"column\" data-e-type=\"column\">\n\t\t\t<div class=\"elementor-widget-wrap elementor-element-populated\">\n\t\t\t\t\t\t<div class=\"elementor-element elementor-element-4fade27 elementor-widget elementor-widget-heading\" data-id=\"4fade27\" data-element_type=\"widget\" data-e-type=\"widget\" data-widget_type=\"heading.default\">\n\t\t\t\t<div class=\"elementor-widget-container\">\n\t\t\t\t\t<h2 class=\"elementor-heading-title elementor-size-default\">PRODUITS<\/h2>\t\t\t\t<\/div>\n\t\t\t\t<\/div>\n\t\t\t\t<div class=\"elementor-element elementor-element-6aa557f elementor-widget elementor-widget-text-editor\" data-id=\"6aa557f\" data-element_type=\"widget\" data-e-type=\"widget\" data-widget_type=\"text-editor.default\">\n\t\t\t\t<div class=\"elementor-widget-container\">\n\t\t\t\t\t\t\t\t\t<div><span style=\"color: var( --e-global-color-text ); font-family: var( --e-global-typography-text-font-family ), Sans-serif; font-weight: var( --e-global-typography-text-font-weight ); font-size: 1rem;\">Les produits propos\u00e9s, avec leurs principales caract\u00e9ristiques et leur prix, sont affich\u00e9s \u00e0 l&rsquo;\u00e9cran.<\/span><\/div>\n<p>CUATELART se r\u00e9serve le droit de d\u00e9cider, \u00e0 tout moment, des produits et\/ou services offerts aux clients. Ainsi, CUATELART peut, \u00e0 tout moment, ajouter de nouveaux produits et\/ou services \u00e0 ceux actuellement offerts. CUATELART se r\u00e9serve \u00e9galement le droit de retirer ou de cesser d&rsquo;offrir, \u00e0 tout moment et sans pr\u00e9avis, l&rsquo;un des produits propos\u00e9s.<\/p>\n<p>Tout cela sans pr\u00e9judice du fait que l&rsquo;achat de l&rsquo;un des produits ne peut se faire que par le biais de la souscription ou de l&rsquo;enregistrement de l&rsquo;UTILISATEUR, au moyen d&rsquo;un nom d&rsquo;utilisateur et d&rsquo;un mot de passe, qui l&rsquo;identifieront et lui permettront d&rsquo;acc\u00e9der personnellement aux produits.<\/p>\n<p>Une fois \u00e0 l&rsquo;int\u00e9rieur de www.starmodul.com , et afin d&rsquo;acc\u00e9der aux contrats des diff\u00e9rents produits, l&rsquo;Utilisateur devra suivre toutes les instructions indiqu\u00e9es dans le processus d&rsquo;achat, ce qui impliquera la lecture et l&rsquo;acceptation de toutes les conditions g\u00e9n\u00e9rales et particuli\u00e8res \u00e9nonc\u00e9es dans www.starmodul.com.<\/p>\n\t\t\t\t\t\t\t\t<\/div>\n\t\t\t\t<\/div>\n\t\t\t\t<div class=\"elementor-element elementor-element-9f821f7 elementor-align-center elementor-mobile-align-justify elementor-widget elementor-widget-button\" data-id=\"9f821f7\" data-element_type=\"widget\" data-e-type=\"widget\" data-widget_type=\"button.default\">\n\t\t\t\t<div class=\"elementor-widget-container\">\n\t\t\t\t\t\t\t\t\t<div class=\"elementor-button-wrapper\">\n\t\t\t\t\t<a class=\"elementor-button elementor-button-link elementor-size-sm\" href=\"https:\/\/starmodul.com\/fr\/contact\/\">\n\t\t\t\t\t\t<span class=\"elementor-button-content-wrapper\">\n\t\t\t\t\t\t\t\t\t<span class=\"elementor-button-text\">Nous contacter<\/span>\n\t\t\t\t\t<\/span>\n\t\t\t\t\t<\/a>\n\t\t\t\t<\/div>\n\t\t\t\t\t\t\t\t<\/div>\n\t\t\t\t<\/div>\n\t\t\t\t\t<\/div>\n\t\t<\/div>\n\t\t\t\t\t<\/div>\n\t\t<\/section>\n\t\t\t\t<\/div>\n\t\t","protected":false},"excerpt":{"rendered":"<p>Avis juridique OBJET Les pr\u00e9sentes conditions g\u00e9n\u00e9rales r\u00e9gissent l&rsquo;acquisition des produits propos\u00e9s sur le site web www.starmodul.com, propri\u00e9t\u00e9 de CUATELART, S.L. (ci-apr\u00e8s CUATELART). L&rsquo;achat de l&rsquo;un des produits implique l&rsquo;acceptation totale et sans r\u00e9serve de chacune des conditions g\u00e9n\u00e9rales indiqu\u00e9es, sans pr\u00e9judice de l&rsquo;acceptation des conditions particuli\u00e8res qui peuvent \u00eatre applicables \u00e0 l&rsquo;achat de certains [&hellip;]<\/p>\n","protected":false},"author":303,"featured_media":0,"parent":0,"menu_order":0,"comment_status":"closed","ping_status":"closed","template":"elementor_header_footer","meta":{"footnotes":""},"class_list":["post-10111","page","type-page","status-publish","hentry"],"_links":{"self":[{"href":"https:\/\/starmodul.com\/fr\/wp-json\/wp\/v2\/pages\/10111","targetHints":{"allow":["GET"]}}],"collection":[{"href":"https:\/\/starmodul.com\/fr\/wp-json\/wp\/v2\/pages"}],"about":[{"href":"https:\/\/starmodul.com\/fr\/wp-json\/wp\/v2\/types\/page"}],"author":[{"embeddable":true,"href":"https:\/\/starmodul.com\/fr\/wp-json\/wp\/v2\/users\/303"}],"replies":[{"embeddable":true,"href":"https:\/\/starmodul.com\/fr\/wp-json\/wp\/v2\/comments?post=10111"}],"version-history":[{"count":0,"href":"https:\/\/starmodul.com\/fr\/wp-json\/wp\/v2\/pages\/10111\/revisions"}],"wp:attachment":[{"href":"https:\/\/starmodul.com\/fr\/wp-json\/wp\/v2\/media?parent=10111"}],"curies":[{"name":"wp","href":"https:\/\/api.w.org\/{rel}","templated":true}]}}