{"id":20974,"date":"2025-02-07T14:20:19","date_gmt":"2025-02-07T13:20:19","guid":{"rendered":"https:\/\/starmodul.com\/?post_type=product&#038;p=20974"},"modified":"2025-11-17T11:03:24","modified_gmt":"2025-11-17T10:03:24","slug":"struktur-3-x-3-meter-1-schrage-saulen-rohr-10x10-cm-copia","status":"publish","type":"product","link":"https:\/\/starmodul.com\/de\/struktur-3-x-3-meter-1-schrage-saulen-rohr-10x10-cm-copia\/","title":{"rendered":"Struktur &#8211; 3 x 3 Meter &#8211; 1 Schr\u00e4ge &#8211; S\u00e4ulen (Rohr 5&#215;5 cm)"},"content":{"rendered":"<ul>\n<li>\nP<strong>atentierte Starmodul-Verbindungen:<\/strong> Innovative Verbindungen, die das Schwei\u00dfen \u00fcberfl\u00fcssig machen. Sie garantieren eine feste, sichere und einfach zu montierende Befestigung und erm\u00f6glichen eine schnelle Anpassung vor Ort. <\/li>\n<li>\nK<strong>onstruktionsprofile:<\/strong> Unsere aus <strong>hochfestem, verzinktem Stahl<\/strong> hergestellten Profile sind so konzipiert, dass sie widrigen Wetterbedingungen standhalten. Jedes Profil wird auf Ma\u00df geschnitten, um eine pr\u00e4zise Installation zu gew\u00e4hrleisten. <\/li>\n<li><strong>5&#215;5 cm S\u00e4ulen:<\/strong><br \/>\nSolide Struktur mit 10&#215;10 cm Quadratrohrs\u00e4ulen, die Stabilit\u00e4t und Tragf\u00e4higkeit f\u00fcr alle Arten von leichten oder halbschweren Konstruktionen bietet.<\/li>\n<li>\nI<strong>nklusive Befestigungsschrauben:<\/strong> Der Bausatz enth\u00e4lt alle f\u00fcr die Montage erforderlichen Schrauben, wodurch die Zeit optimiert und Verz\u00f6gerungen aufgrund von Materialmangel vermieden werden.<\/li>\n<li>\nD<strong>etaillierte Montageanleitung:<\/strong> Wir liefern eine Schritt-f\u00fcr-Schritt-Anleitung f\u00fcr eine einfache Installation mit, ohne dass Sie \u00fcber fortgeschrittene technische Kenntnisse verf\u00fcgen m\u00fcssen. So konzipiert, dass jeder Benutzer die Montage in kurzer Zeit durchf\u00fchren kann. <\/li>\n<\/ul>\n","protected":false},"excerpt":{"rendered":"[3d_viewer id=\"18873\"]\n<p>&nbsp;<\/p>\n","protected":false},"featured_media":20404,"comment_status":"open","ping_status":"closed","template":"","meta":[],"product_brand":[],"product_cat":[296,253,310],"product_tag":[],"class_list":{"0":"post-20974","1":"product","2":"type-product","3":"status-publish","4":"has-post-thumbnail","6":"product_cat-bausatz-profile-5x5-cm","7":"product_cat-bausatz-strukturen","8":"product_cat-struktur-1-neigung","10":"first","11":"instock","12":"taxable","13":"shipping-taxable","14":"purchasable","15":"product-type-easy_product_bundle"},"_links":{"self":[{"href":"https:\/\/starmodul.com\/de\/wp-json\/wp\/v2\/product\/20974","targetHints":{"allow":["GET"]}}],"collection":[{"href":"https:\/\/starmodul.com\/de\/wp-json\/wp\/v2\/product"}],"about":[{"href":"https:\/\/starmodul.com\/de\/wp-json\/wp\/v2\/types\/product"}],"replies":[{"embeddable":true,"href":"https:\/\/starmodul.com\/de\/wp-json\/wp\/v2\/comments?post=20974"}],"version-history":[{"count":0,"href":"https:\/\/starmodul.com\/de\/wp-json\/wp\/v2\/product\/20974\/revisions"}],"wp:featuredmedia":[{"embeddable":true,"href":"https:\/\/starmodul.com\/de\/wp-json\/wp\/v2\/media\/20404"}],"wp:attachment":[{"href":"https:\/\/starmodul.com\/de\/wp-json\/wp\/v2\/media?parent=20974"}],"wp:term":[{"taxonomy":"product_brand","embeddable":true,"href":"https:\/\/starmodul.com\/de\/wp-json\/wp\/v2\/product_brand?post=20974"},{"taxonomy":"product_cat","embeddable":true,"href":"https:\/\/starmodul.com\/de\/wp-json\/wp\/v2\/product_cat?post=20974"},{"taxonomy":"product_tag","embeddable":true,"href":"https:\/\/starmodul.com\/de\/wp-json\/wp\/v2\/product_tag?post=20974"}],"curies":[{"name":"wp","href":"https:\/\/api.w.org\/{rel}","templated":true}]}}