{"id":11793,"date":"2023-01-05T03:54:49","date_gmt":"2023-01-05T02:54:49","guid":{"rendered":"https:\/\/starmodul.com\/0055-22-saeulenstueck-boden-5x5cm\/"},"modified":"2024-02-09T13:25:12","modified_gmt":"2024-02-09T12:25:12","slug":"0055-22-saeulenstueck-boden-5x5cm","status":"publish","type":"product","link":"https:\/\/starmodul.com\/de\/0055-22-saeulenstueck-boden-5x5cm\/","title":{"rendered":"0055-22 S\u00e4ulenst\u00fcck Boden &#8211; 5x5cm"},"content":{"rendered":"<p>0055-22 Bodens\u00e4ulenteil \/ Rohr Gr\u00f6\u00dfe: 5,00 cm x 5,00 cm<\/p>\n","protected":false},"excerpt":{"rendered":"[3d_viewer id=\"4211\"]\n","protected":false},"featured_media":1470,"comment_status":"open","ping_status":"closed","template":"","meta":[],"product_brand":[],"product_cat":[189,203,164],"product_tag":[],"class_list":{"0":"post-11793","1":"product","2":"type-product","3":"status-publish","4":"has-post-thumbnail","6":"product_cat-rippenverschraubungen","7":"product_cat-rohrverschraubungen-5x5-cm-mit-rippen","8":"product_cat-verschraubungen-fur-stahlkonstruktionen","10":"first","11":"instock","12":"taxable","13":"shipping-taxable","14":"purchasable","15":"product-type-simple"},"_links":{"self":[{"href":"https:\/\/starmodul.com\/de\/wp-json\/wp\/v2\/product\/11793","targetHints":{"allow":["GET"]}}],"collection":[{"href":"https:\/\/starmodul.com\/de\/wp-json\/wp\/v2\/product"}],"about":[{"href":"https:\/\/starmodul.com\/de\/wp-json\/wp\/v2\/types\/product"}],"replies":[{"embeddable":true,"href":"https:\/\/starmodul.com\/de\/wp-json\/wp\/v2\/comments?post=11793"}],"version-history":[{"count":0,"href":"https:\/\/starmodul.com\/de\/wp-json\/wp\/v2\/product\/11793\/revisions"}],"wp:featuredmedia":[{"embeddable":true,"href":"https:\/\/starmodul.com\/de\/wp-json\/wp\/v2\/media\/1470"}],"wp:attachment":[{"href":"https:\/\/starmodul.com\/de\/wp-json\/wp\/v2\/media?parent=11793"}],"wp:term":[{"taxonomy":"product_brand","embeddable":true,"href":"https:\/\/starmodul.com\/de\/wp-json\/wp\/v2\/product_brand?post=11793"},{"taxonomy":"product_cat","embeddable":true,"href":"https:\/\/starmodul.com\/de\/wp-json\/wp\/v2\/product_cat?post=11793"},{"taxonomy":"product_tag","embeddable":true,"href":"https:\/\/starmodul.com\/de\/wp-json\/wp\/v2\/product_tag?post=11793"}],"curies":[{"name":"wp","href":"https:\/\/api.w.org\/{rel}","templated":true}]}}