{"id":11749,"date":"2023-01-05T03:55:00","date_gmt":"2023-01-05T02:55:00","guid":{"rendered":"https:\/\/starmodul.com\/0510-04-verbindungsstueck-typ-l-doppelte-steigung-10x10cm-10x5cm\/"},"modified":"2025-11-17T10:58:23","modified_gmt":"2025-11-17T09:58:23","slug":"0510-04-verbindungsstueck-typ-l-doppelte-steigung-10x10cm-10x5cm","status":"publish","type":"product","link":"https:\/\/starmodul.com\/de\/0510-04-verbindungsstueck-typ-l-doppelte-steigung-10x10cm-10x5cm\/","title":{"rendered":"0510-04 Verbindungsst\u00fcck Typ L &#8211; Doppelte Steigung &#8211; 10x10cm\/10x5cm"},"content":{"rendered":"<p>0510-04 Verschraubungsst\u00fcck Typ L ? Doppelter Ohrring \/ R\u00f6hrengr\u00f6\u00dfe: 10cm x 10cm \/ 10cm x 5cm<\/p>\n","protected":false},"excerpt":{"rendered":"[3d_viewer id=\"4442\"]\n","protected":false},"featured_media":12811,"comment_status":"closed","ping_status":"closed","template":"","meta":[],"product_brand":[],"product_cat":[189,197,164],"product_tag":[],"class_list":{"0":"post-11749","1":"product","2":"type-product","3":"status-publish","4":"has-post-thumbnail","6":"product_cat-rippenverschraubungen","7":"product_cat-rohrverbinder-10x5-cm-10x10-cm-mit-rippen","8":"product_cat-verschraubungen-fur-stahlkonstruktionen","10":"first","11":"instock","12":"taxable","13":"shipping-taxable","14":"purchasable","15":"product-type-simple"},"_links":{"self":[{"href":"https:\/\/starmodul.com\/de\/wp-json\/wp\/v2\/product\/11749","targetHints":{"allow":["GET"]}}],"collection":[{"href":"https:\/\/starmodul.com\/de\/wp-json\/wp\/v2\/product"}],"about":[{"href":"https:\/\/starmodul.com\/de\/wp-json\/wp\/v2\/types\/product"}],"replies":[{"embeddable":true,"href":"https:\/\/starmodul.com\/de\/wp-json\/wp\/v2\/comments?post=11749"}],"version-history":[{"count":0,"href":"https:\/\/starmodul.com\/de\/wp-json\/wp\/v2\/product\/11749\/revisions"}],"wp:featuredmedia":[{"embeddable":true,"href":"https:\/\/starmodul.com\/de\/wp-json\/wp\/v2\/media\/12811"}],"wp:attachment":[{"href":"https:\/\/starmodul.com\/de\/wp-json\/wp\/v2\/media?parent=11749"}],"wp:term":[{"taxonomy":"product_brand","embeddable":true,"href":"https:\/\/starmodul.com\/de\/wp-json\/wp\/v2\/product_brand?post=11749"},{"taxonomy":"product_cat","embeddable":true,"href":"https:\/\/starmodul.com\/de\/wp-json\/wp\/v2\/product_cat?post=11749"},{"taxonomy":"product_tag","embeddable":true,"href":"https:\/\/starmodul.com\/de\/wp-json\/wp\/v2\/product_tag?post=11749"}],"curies":[{"name":"wp","href":"https:\/\/api.w.org\/{rel}","templated":true}]}}