{"id":11722,"date":"2023-01-05T03:54:54","date_gmt":"2023-01-05T02:54:54","guid":{"rendered":"https:\/\/starmodul.com\/0105-09-double-tee-doppelanhaenger-10x5cm-auf-anfrage\/"},"modified":"2024-02-09T13:22:39","modified_gmt":"2024-02-09T12:22:39","slug":"0105-09-double-tee-doppelanhaenger-10x5cm-auf-anfrage","status":"publish","type":"product","link":"https:\/\/starmodul.com\/de\/0105-09-double-tee-doppelanhaenger-10x5cm-auf-anfrage\/","title":{"rendered":"0105-09 Double Tee &#8211; Doppelanh\u00e4nger &#8211; 10x5cm (auf Anfrage)"},"content":{"rendered":"<p>0105-09 Doppel-T-St\u00fcck &#8211; Doppelanh\u00e4nger \/ Rohr Gr\u00f6\u00dfe: 10cm x 5cm<\/p>\n","protected":false},"excerpt":{"rendered":"[3d_viewer id=\"4377\"]\n","protected":false},"featured_media":1486,"comment_status":"open","ping_status":"closed","template":"","meta":[],"product_brand":[],"product_cat":[189,198,164],"product_tag":[],"class_list":{"0":"post-11722","1":"product","2":"type-product","3":"status-publish","4":"has-post-thumbnail","6":"product_cat-rippenverschraubungen","7":"product_cat-rohrverbinder-10x5-cm-mit-rippen","8":"product_cat-verschraubungen-fur-stahlkonstruktionen","10":"first","11":"instock","12":"taxable","13":"shipping-taxable","14":"purchasable","15":"product-type-simple"},"_links":{"self":[{"href":"https:\/\/starmodul.com\/de\/wp-json\/wp\/v2\/product\/11722","targetHints":{"allow":["GET"]}}],"collection":[{"href":"https:\/\/starmodul.com\/de\/wp-json\/wp\/v2\/product"}],"about":[{"href":"https:\/\/starmodul.com\/de\/wp-json\/wp\/v2\/types\/product"}],"replies":[{"embeddable":true,"href":"https:\/\/starmodul.com\/de\/wp-json\/wp\/v2\/comments?post=11722"}],"version-history":[{"count":0,"href":"https:\/\/starmodul.com\/de\/wp-json\/wp\/v2\/product\/11722\/revisions"}],"wp:featuredmedia":[{"embeddable":true,"href":"https:\/\/starmodul.com\/de\/wp-json\/wp\/v2\/media\/1486"}],"wp:attachment":[{"href":"https:\/\/starmodul.com\/de\/wp-json\/wp\/v2\/media?parent=11722"}],"wp:term":[{"taxonomy":"product_brand","embeddable":true,"href":"https:\/\/starmodul.com\/de\/wp-json\/wp\/v2\/product_brand?post=11722"},{"taxonomy":"product_cat","embeddable":true,"href":"https:\/\/starmodul.com\/de\/wp-json\/wp\/v2\/product_cat?post=11722"},{"taxonomy":"product_tag","embeddable":true,"href":"https:\/\/starmodul.com\/de\/wp-json\/wp\/v2\/product_tag?post=11722"}],"curies":[{"name":"wp","href":"https:\/\/api.w.org\/{rel}","templated":true}]}}