{"id":11582,"date":"2023-01-05T03:55:24","date_gmt":"2023-01-05T02:55:24","guid":{"rendered":"https:\/\/starmodul.com\/sl25-10-doppel-t-stueck-gefaelle-gerader-abgang-25cmx25cm\/"},"modified":"2024-02-09T13:13:41","modified_gmt":"2024-02-09T12:13:41","slug":"sl25-10-doppel-t-stueck-gefaelle-gerader-abgang-25cmx25cm","status":"publish","type":"product","link":"https:\/\/starmodul.com\/de\/sl25-10-doppel-t-stueck-gefaelle-gerader-abgang-25cmx25cm\/","title":{"rendered":"SL25-10 Doppel-T-St\u00fcck &#8211; Gef\u00e4lle &#8211; gerader Abgang &#8211; 2,5cmx2,5cm"},"content":{"rendered":"<p>SL25-10 Doppel-T-St\u00fcck &#8211; Pendel ? Gerader Auslass \/ Rohrgr\u00f6\u00dfe: 2,50 cm x 2,50 cm<\/p>\n","protected":false},"excerpt":{"rendered":"[3d_viewer id=\"4544\"]\n","protected":false},"featured_media":1634,"comment_status":"open","ping_status":"closed","template":"","meta":[],"product_brand":[],"product_cat":[186,164,173],"product_tag":[],"class_list":{"0":"post-11582","1":"product","2":"type-product","3":"status-publish","4":"has-post-thumbnail","6":"product_cat-rohrverbinder-25x25-cm-ohne-rippen","7":"product_cat-verschraubungen-fur-stahlkonstruktionen","8":"product_cat-verschraubungen-ohne-rippen","10":"first","11":"instock","12":"taxable","13":"shipping-taxable","14":"purchasable","15":"product-type-simple"},"_links":{"self":[{"href":"https:\/\/starmodul.com\/de\/wp-json\/wp\/v2\/product\/11582","targetHints":{"allow":["GET"]}}],"collection":[{"href":"https:\/\/starmodul.com\/de\/wp-json\/wp\/v2\/product"}],"about":[{"href":"https:\/\/starmodul.com\/de\/wp-json\/wp\/v2\/types\/product"}],"replies":[{"embeddable":true,"href":"https:\/\/starmodul.com\/de\/wp-json\/wp\/v2\/comments?post=11582"}],"version-history":[{"count":0,"href":"https:\/\/starmodul.com\/de\/wp-json\/wp\/v2\/product\/11582\/revisions"}],"wp:featuredmedia":[{"embeddable":true,"href":"https:\/\/starmodul.com\/de\/wp-json\/wp\/v2\/media\/1634"}],"wp:attachment":[{"href":"https:\/\/starmodul.com\/de\/wp-json\/wp\/v2\/media?parent=11582"}],"wp:term":[{"taxonomy":"product_brand","embeddable":true,"href":"https:\/\/starmodul.com\/de\/wp-json\/wp\/v2\/product_brand?post=11582"},{"taxonomy":"product_cat","embeddable":true,"href":"https:\/\/starmodul.com\/de\/wp-json\/wp\/v2\/product_cat?post=11582"},{"taxonomy":"product_tag","embeddable":true,"href":"https:\/\/starmodul.com\/de\/wp-json\/wp\/v2\/product_tag?post=11582"}],"curies":[{"name":"wp","href":"https:\/\/api.w.org\/{rel}","templated":true}]}}