{"id":11503,"date":"2023-01-05T03:55:29","date_gmt":"2023-01-05T02:55:29","guid":{"rendered":"https:\/\/starmodul.com\/sl55-04-verbindungsstueck-typ-l-doppelanhaenger-5x5cm\/"},"modified":"2024-02-09T13:03:44","modified_gmt":"2024-02-09T12:03:44","slug":"sl55-04-verbindungsstueck-typ-l-doppelanhaenger-5x5cm","status":"publish","type":"product","link":"https:\/\/starmodul.com\/de\/sl55-04-verbindungsstueck-typ-l-doppelanhaenger-5x5cm\/","title":{"rendered":"SL55-04 Verbindungsst\u00fcck Typ L &#8211; Doppelanh\u00e4nger &#8211; 5x5cm"},"content":{"rendered":"<p>SL55-04 Verschraubung Typ L ? Doppelanh\u00e4nger \/ Rohrgr\u00f6\u00dfe: 5,00 cm x 5,00 cm<\/p>\n","protected":false},"excerpt":{"rendered":"[3d_viewer id=\"4593\"]\n","protected":false},"featured_media":1658,"comment_status":"open","ping_status":"closed","template":"","meta":[],"product_brand":[],"product_cat":[175,164,173],"product_tag":[],"class_list":{"0":"post-11503","1":"product","2":"type-product","3":"status-publish","4":"has-post-thumbnail","6":"product_cat-rohrverschraubungen-5x5-cm-ohne-rippen","7":"product_cat-verschraubungen-fur-stahlkonstruktionen","8":"product_cat-verschraubungen-ohne-rippen","10":"first","11":"instock","12":"taxable","13":"shipping-taxable","14":"purchasable","15":"product-type-simple"},"_links":{"self":[{"href":"https:\/\/starmodul.com\/de\/wp-json\/wp\/v2\/product\/11503","targetHints":{"allow":["GET"]}}],"collection":[{"href":"https:\/\/starmodul.com\/de\/wp-json\/wp\/v2\/product"}],"about":[{"href":"https:\/\/starmodul.com\/de\/wp-json\/wp\/v2\/types\/product"}],"replies":[{"embeddable":true,"href":"https:\/\/starmodul.com\/de\/wp-json\/wp\/v2\/comments?post=11503"}],"version-history":[{"count":0,"href":"https:\/\/starmodul.com\/de\/wp-json\/wp\/v2\/product\/11503\/revisions"}],"wp:featuredmedia":[{"embeddable":true,"href":"https:\/\/starmodul.com\/de\/wp-json\/wp\/v2\/media\/1658"}],"wp:attachment":[{"href":"https:\/\/starmodul.com\/de\/wp-json\/wp\/v2\/media?parent=11503"}],"wp:term":[{"taxonomy":"product_brand","embeddable":true,"href":"https:\/\/starmodul.com\/de\/wp-json\/wp\/v2\/product_brand?post=11503"},{"taxonomy":"product_cat","embeddable":true,"href":"https:\/\/starmodul.com\/de\/wp-json\/wp\/v2\/product_cat?post=11503"},{"taxonomy":"product_tag","embeddable":true,"href":"https:\/\/starmodul.com\/de\/wp-json\/wp\/v2\/product_tag?post=11503"}],"curies":[{"name":"wp","href":"https:\/\/api.w.org\/{rel}","templated":true}]}}