{"id":11309,"date":"2022-11-25T00:10:43","date_gmt":"2022-11-24T23:10:43","guid":{"rendered":"https:\/\/starmodul.com\/stahlkonstruktionen-fuer-industriebauten\/"},"modified":"2024-01-09T11:10:32","modified_gmt":"2024-01-09T10:10:32","slug":"stahlkonstruktionen-fuer-industriebauten","status":"publish","type":"page","link":"https:\/\/starmodul.com\/de\/stahlkonstruktionen-fuer-industriebauten\/","title":{"rendered":"Stahlkonstruktionen f\u00fcr Industriebauten"},"content":{"rendered":"\t\t<div data-elementor-type=\"wp-page\" data-elementor-id=\"11309\" class=\"elementor elementor-11309 elementor-310\" data-elementor-post-type=\"page\">\n\t\t\t\t\t\t<section class=\"elementor-section elementor-top-section elementor-element elementor-element-412afd3 elementor-section-full_width elementor-section-height-min-height elementor-section-items-stretch elementor-section-height-default\" data-id=\"412afd3\" data-element_type=\"section\" data-e-type=\"section\" data-settings=\"{&quot;background_background&quot;:&quot;classic&quot;,&quot;jet_parallax_layout_list&quot;:[]}\">\n\t\t\t\t\t\t<div class=\"elementor-container elementor-column-gap-default\">\n\t\t\t\t\t<div class=\"elementor-column elementor-col-50 elementor-top-column elementor-element elementor-element-befd7bb\" data-id=\"befd7bb\" data-element_type=\"column\" data-e-type=\"column\">\n\t\t\t<div class=\"elementor-widget-wrap elementor-element-populated\">\n\t\t\t\t\t\t<div class=\"elementor-element elementor-element-51d05b5 elementor-widget elementor-widget-heading\" data-id=\"51d05b5\" data-element_type=\"widget\" data-e-type=\"widget\" data-widget_type=\"heading.default\">\n\t\t\t\t<div class=\"elementor-widget-container\">\n\t\t\t\t\t<h1 class=\"elementor-heading-title elementor-size-default\">Stahlkonstruktionen f\u00fcr Industriebauten System<\/h1>\t\t\t\t<\/div>\n\t\t\t\t<\/div>\n\t\t\t\t<div class=\"elementor-element elementor-element-7011b53 elementor-widget__width-initial elementor-widget elementor-widget-text-editor\" data-id=\"7011b53\" data-element_type=\"widget\" data-e-type=\"widget\" data-widget_type=\"text-editor.default\">\n\t\t\t\t<div class=\"elementor-widget-container\">\n\t\t\t\t\t\t\t\t\t<p>Das StarModul-System richtet sich an alle industriellen und privaten Bereiche, die leichte, effiziente, schnell zu montierende und kosteng\u00fcnstige Geb\u00e4ude ben\u00f6tigen.<\/p>\n<p>Dank unserer umfangreichen Erfahrung mit Geh\u00e4usen, Isolierungen und Strukturen k\u00f6nnen wir Ihr Projekt anpassen oder Ihnen dabei helfen&#8230; Damit Sie die beste Antwort auf Ihre Bed\u00fcrfnisse haben.<\/p>\n<p>Beim Bau eines Industriegeb\u00e4udes ist es wichtig, alle M\u00f6glichkeiten der Baumaterialien zu ber\u00fccksichtigen. Eine beliebte Wahl f\u00fcr Industriegeb\u00e4ude sind Metallkonstruktionen. Metallkonstruktionen bieten viele Vorteile, wie z. B. Langlebigkeit, Vielseitigkeit und Erschwinglichkeit. In diesem Artikel werden die Vorteile der Verwendung von Metallkonstruktionen f\u00fcr Industriegeb\u00e4ude, die verschiedenen Arten von Metallkonstruktionen und wichtige \u00dcberlegungen bei der Installation dieser Konstruktionen erl\u00e4utert. Am Ende dieses Artikels werden Sie besser verstehen, warum Metallkonstruktionen eine ausgezeichnete Wahl f\u00fcr Ihr industrielles Bauprojekt sind.<\/p>\n\t\t\t\t\t\t\t\t<\/div>\n\t\t\t\t<\/div>\n\t\t\t\t<div class=\"elementor-element elementor-element-cfb56fd elementor-align-justify elementor-widget elementor-widget-button\" data-id=\"cfb56fd\" data-element_type=\"widget\" data-e-type=\"widget\" data-widget_type=\"button.default\">\n\t\t\t\t<div class=\"elementor-widget-container\">\n\t\t\t\t\t\t\t\t\t<div class=\"elementor-button-wrapper\">\n\t\t\t\t\t<a class=\"elementor-button elementor-button-link elementor-size-lg\" href=\"https:\/\/starmodul.com\/calculadora\/\" target=\"_blank\">\n\t\t\t\t\t\t<span class=\"elementor-button-content-wrapper\">\n\t\t\t\t\t\t\t\t\t<span class=\"elementor-button-text\">3D-Rechner verwenden<\/span>\n\t\t\t\t\t<\/span>\n\t\t\t\t\t<\/a>\n\t\t\t\t<\/div>\n\t\t\t\t\t\t\t\t<\/div>\n\t\t\t\t<\/div>\n\t\t\t\t\t<\/div>\n\t\t<\/div>\n\t\t\t\t<div class=\"elementor-column elementor-col-50 elementor-top-column elementor-element elementor-element-2fdedb2\" data-id=\"2fdedb2\" data-element_type=\"column\" data-e-type=\"column\">\n\t\t\t<div class=\"elementor-widget-wrap elementor-element-populated\">\n\t\t\t\t\t\t<div class=\"elementor-element elementor-element-c2be204 elementor-widget elementor-widget-image\" data-id=\"c2be204\" data-element_type=\"widget\" data-e-type=\"widget\" data-widget_type=\"image.default\">\n\t\t\t\t<div class=\"elementor-widget-container\">\n\t\t\t\t\t\t\t\t\t\t\t\t\t\t\t<img fetchpriority=\"high\" decoding=\"async\" width=\"800\" height=\"435\" src=\"https:\/\/starmodul.com\/wp-content\/uploads\/2022\/11\/11-Oficinas-a-1024x557.jpg\" class=\"attachment-large size-large wp-image-11317\" alt=\"Industriegeb\u00e4ude mit Metallstruktur\" srcset=\"https:\/\/starmodul.com\/wp-content\/uploads\/2022\/11\/11-Oficinas-a-1024x557.jpg 1024w, https:\/\/starmodul.com\/wp-content\/uploads\/2022\/11\/11-Oficinas-a-300x163.jpg 300w, https:\/\/starmodul.com\/wp-content\/uploads\/2022\/11\/11-Oficinas-a-768x417.jpg 768w, https:\/\/starmodul.com\/wp-content\/uploads\/2022\/11\/11-Oficinas-a-1536x835.jpg 1536w, https:\/\/starmodul.com\/wp-content\/uploads\/2022\/11\/11-Oficinas-a-600x326.jpg 600w, https:\/\/starmodul.com\/wp-content\/uploads\/2022\/11\/11-Oficinas-a.jpg 2048w\" sizes=\"(max-width: 800px) 100vw, 800px\" title=\"\">\t\t\t\t\t\t\t\t\t\t\t\t\t\t\t<\/div>\n\t\t\t\t<\/div>\n\t\t\t\t\t<\/div>\n\t\t<\/div>\n\t\t\t\t\t<\/div>\n\t\t<\/section>\n\t\t\t\t<section class=\"elementor-section elementor-top-section elementor-element elementor-element-e5a8c11 elementor-section-full_width elementor-section-height-min-height elementor-section-items-stretch elementor-section-height-default\" data-id=\"e5a8c11\" data-element_type=\"section\" data-e-type=\"section\" data-settings=\"{&quot;background_background&quot;:&quot;classic&quot;,&quot;jet_parallax_layout_list&quot;:[]}\">\n\t\t\t\t\t\t<div class=\"elementor-container elementor-column-gap-default\">\n\t\t\t\t\t<div class=\"elementor-column elementor-col-50 elementor-top-column elementor-element elementor-element-29ade65\" data-id=\"29ade65\" data-element_type=\"column\" data-e-type=\"column\">\n\t\t\t<div class=\"elementor-widget-wrap elementor-element-populated\">\n\t\t\t\t\t\t<div class=\"elementor-element elementor-element-f36e372 elementor-widget elementor-widget-image\" data-id=\"f36e372\" data-element_type=\"widget\" data-e-type=\"widget\" data-widget_type=\"image.default\">\n\t\t\t\t<div class=\"elementor-widget-container\">\n\t\t\t\t\t\t\t\t\t\t\t\t\t\t\t<img fetchpriority=\"high\" decoding=\"async\" width=\"800\" height=\"435\" src=\"https:\/\/starmodul.com\/wp-content\/uploads\/2022\/11\/11-Oficinas-a-1024x557.jpg\" class=\"attachment-large size-large wp-image-11317\" alt=\"Industriegeb\u00e4ude mit Metallstruktur\" srcset=\"https:\/\/starmodul.com\/wp-content\/uploads\/2022\/11\/11-Oficinas-a-1024x557.jpg 1024w, https:\/\/starmodul.com\/wp-content\/uploads\/2022\/11\/11-Oficinas-a-300x163.jpg 300w, https:\/\/starmodul.com\/wp-content\/uploads\/2022\/11\/11-Oficinas-a-768x417.jpg 768w, https:\/\/starmodul.com\/wp-content\/uploads\/2022\/11\/11-Oficinas-a-1536x835.jpg 1536w, https:\/\/starmodul.com\/wp-content\/uploads\/2022\/11\/11-Oficinas-a-600x326.jpg 600w, https:\/\/starmodul.com\/wp-content\/uploads\/2022\/11\/11-Oficinas-a.jpg 2048w\" sizes=\"(max-width: 800px) 100vw, 800px\" title=\"\">\t\t\t\t\t\t\t\t\t\t\t\t\t\t\t<\/div>\n\t\t\t\t<\/div>\n\t\t\t\t\t<\/div>\n\t\t<\/div>\n\t\t\t\t<div class=\"elementor-column elementor-col-50 elementor-top-column elementor-element elementor-element-dc10ccc\" data-id=\"dc10ccc\" data-element_type=\"column\" data-e-type=\"column\">\n\t\t\t<div class=\"elementor-widget-wrap elementor-element-populated\">\n\t\t\t\t\t\t<div class=\"elementor-element elementor-element-3cc28e0 elementor-widget elementor-widget-heading\" data-id=\"3cc28e0\" data-element_type=\"widget\" data-e-type=\"widget\" data-widget_type=\"heading.default\">\n\t\t\t\t<div class=\"elementor-widget-container\">\n\t\t\t\t\t<h1 class=\"elementor-heading-title elementor-size-default\">Vorteile von Stahlkonstruktionen f\u00fcr Industriebauten<\/h1>\t\t\t\t<\/div>\n\t\t\t\t<\/div>\n\t\t\t\t<div class=\"elementor-element elementor-element-48d5895 elementor-widget__width-initial elementor-widget elementor-widget-text-editor\" data-id=\"48d5895\" data-element_type=\"widget\" data-e-type=\"widget\" data-widget_type=\"text-editor.default\">\n\t\t\t\t<div class=\"elementor-widget-container\">\n\t\t\t\t\t\t\t\t\t<p>Im Industriebau wird aufgrund der zahlreichen Vorteile zunehmend auf Metallkonstruktionen zur\u00fcckgegriffen. Neben ihrer Langlebigkeit und Witterungsbest\u00e4ndigkeit sind Metallkonstruktionen wartungsarm und haben eine l\u00e4ngere Lebensdauer als herk\u00f6mmliche Baumaterialien, was sie zu einer kosteneffizienten Langzeitl\u00f6sung macht.<\/p>\n<p>Dar\u00fcber hinaus sind Metallkonstruktionen \u00e4u\u00dferst vielseitig und individuell anpassbar und bieten eine Reihe von M\u00f6glichkeiten, um spezifische Anforderungen und Vorlieben zu erf\u00fcllen. Ob Gr\u00f6\u00dfe, Form oder Farbe, diese Strukturen lassen sich an jeden Bedarf anpassen und k\u00f6nnen in Zukunft ver\u00e4ndert oder erweitert werden.<\/p>\n<p>Dar\u00fcber hinaus bieten Metallkonstruktionen eine bemerkenswerte Energieeffizienz. Dank ihrer hervorragenden D\u00e4mmeigenschaften halten sie die W\u00e4rme in der kalten Jahreszeit zur\u00fcck und sorgen im Sommer f\u00fcr einen k\u00fchlen Innenraum. Das senkt die Energiekosten und schafft eine angenehme Umgebung f\u00fcr die Mitarbeiter. Dar\u00fcber hinaus k\u00f6nnen sie energiesparende Beleuchtungs- und Klimatisierungssysteme integrieren, um weitere Einsparungen zu erzielen.<\/p>\n<p>Schlie\u00dflich bieten Metallkonstruktionen eine nachhaltige und umweltfreundliche Alternative zu herk\u00f6mmlichen Baumaterialien. Recycelbar, mit weniger Abfall w\u00e4hrend des Bauprozesses und geringeren Kohlenstoffemissionen, stellen Metallstrukturen eine ausgezeichnete Option f\u00fcr jedes Unternehmen dar, das einen Beitrag zu einer gr\u00fcneren Zukunft leisten m\u00f6chte.<\/p>\n\t\t\t\t\t\t\t\t<\/div>\n\t\t\t\t<\/div>\n\t\t\t\t<div class=\"elementor-element elementor-element-4c55b87 elementor-align-justify elementor-widget elementor-widget-button\" data-id=\"4c55b87\" data-element_type=\"widget\" data-e-type=\"widget\" data-widget_type=\"button.default\">\n\t\t\t\t<div class=\"elementor-widget-container\">\n\t\t\t\t\t\t\t\t\t<div class=\"elementor-button-wrapper\">\n\t\t\t\t\t<a class=\"elementor-button elementor-button-link elementor-size-lg\" href=\"https:\/\/starmodul.com\/calculadora\/\" target=\"_blank\">\n\t\t\t\t\t\t<span class=\"elementor-button-content-wrapper\">\n\t\t\t\t\t\t\t\t\t<span class=\"elementor-button-text\">3D-Rechner verwenden<\/span>\n\t\t\t\t\t<\/span>\n\t\t\t\t\t<\/a>\n\t\t\t\t<\/div>\n\t\t\t\t\t\t\t\t<\/div>\n\t\t\t\t<\/div>\n\t\t\t\t\t<\/div>\n\t\t<\/div>\n\t\t\t\t\t<\/div>\n\t\t<\/section>\n\t\t\t\t<section class=\"elementor-section elementor-top-section elementor-element elementor-element-7e0b7950 elementor-section-boxed elementor-section-height-default elementor-section-height-default\" data-id=\"7e0b7950\" data-element_type=\"section\" data-e-type=\"section\" data-settings=\"{&quot;background_background&quot;:&quot;classic&quot;,&quot;jet_parallax_layout_list&quot;:[]}\">\n\t\t\t\t\t\t<div class=\"elementor-container elementor-column-gap-default\">\n\t\t\t\t\t<div class=\"elementor-column elementor-col-50 elementor-top-column elementor-element elementor-element-166e7fe3\" data-id=\"166e7fe3\" data-element_type=\"column\" data-e-type=\"column\">\n\t\t\t<div class=\"elementor-widget-wrap elementor-element-populated\">\n\t\t\t\t\t\t<section class=\"elementor-section elementor-inner-section elementor-element elementor-element-21d06a2e elementor-section-boxed elementor-section-height-default elementor-section-height-default\" data-id=\"21d06a2e\" data-element_type=\"section\" data-e-type=\"section\" data-settings=\"{&quot;jet_parallax_layout_list&quot;:[]}\">\n\t\t\t\t\t\t<div class=\"elementor-container elementor-column-gap-default\">\n\t\t\t\t\t<div class=\"elementor-column elementor-col-100 elementor-inner-column elementor-element elementor-element-485db9e7\" data-id=\"485db9e7\" data-element_type=\"column\" data-e-type=\"column\">\n\t\t\t<div class=\"elementor-widget-wrap elementor-element-populated\">\n\t\t\t\t\t\t<div class=\"elementor-element elementor-element-4d1fada0 gallery-spacing-custom elementor-widget elementor-widget-image-gallery\" data-id=\"4d1fada0\" data-element_type=\"widget\" data-e-type=\"widget\" data-widget_type=\"image-gallery.default\">\n\t\t\t\t<div class=\"elementor-widget-container\">\n\t\t\t\t\t\t\t<div class=\"elementor-image-gallery\">\n\t\t\t<div id='gallery-1' class='gallery galleryid-11309 gallery-columns-3 gallery-size-large'><figure class='gallery-item'>\n\t\t\t<div class='gallery-icon landscape'>\n\t\t\t\t<a data-elementor-open-lightbox=\"yes\" data-elementor-lightbox-slideshow=\"4d1fada0\" data-elementor-lightbox-title=\"FAUR-24\" data-e-action-hash=\"#elementor-action%3Aaction%3Dlightbox%26settings%3DeyJpZCI6MTMyMzYsInVybCI6Imh0dHBzOlwvXC9zdGFybW9kdWwuY29tXC93cC1jb250ZW50XC91cGxvYWRzXC8yMDIzXC8wMlwvRkFVUi0yNC1zY2FsZWQuanBnIiwic2xpZGVzaG93IjoiNGQxZmFkYTAifQ%3D%3D\" href='https:\/\/starmodul.com\/wp-content\/uploads\/2023\/02\/FAUR-24-scaled.jpg'><img decoding=\"async\" width=\"800\" height=\"600\" data-src=\"https:\/\/starmodul.com\/wp-content\/uploads\/2023\/02\/FAUR-24-1024x768.jpg\" class=\"attachment-large size-large lazyload\" alt=\"\" data-srcset=\"https:\/\/starmodul.com\/wp-content\/uploads\/2023\/02\/FAUR-24-1024x768.jpg 1024w, https:\/\/starmodul.com\/wp-content\/uploads\/2023\/02\/FAUR-24-300x225.jpg 300w, https:\/\/starmodul.com\/wp-content\/uploads\/2023\/02\/FAUR-24-768x576.jpg 768w, https:\/\/starmodul.com\/wp-content\/uploads\/2023\/02\/FAUR-24-1536x1152.jpg 1536w, https:\/\/starmodul.com\/wp-content\/uploads\/2023\/02\/FAUR-24-2048x1536.jpg 2048w, https:\/\/starmodul.com\/wp-content\/uploads\/2023\/02\/FAUR-24-600x450.jpg 600w\" data-sizes=\"(max-width: 800px) 100vw, 800px\" title=\"\" src=\"data:image\/svg+xml;base64,PHN2ZyB3aWR0aD0iMSIgaGVpZ2h0PSIxIiB4bWxucz0iaHR0cDovL3d3dy53My5vcmcvMjAwMC9zdmciPjwvc3ZnPg==\" style=\"--smush-placeholder-width: 800px; --smush-placeholder-aspect-ratio: 800\/600;\"><\/a>\n\t\t\t<\/div><\/figure><figure class='gallery-item'>\n\t\t\t<div class='gallery-icon landscape'>\n\t\t\t\t<a data-elementor-open-lightbox=\"yes\" data-elementor-lightbox-slideshow=\"4d1fada0\" data-elementor-lightbox-title=\"FAUR-23\" data-e-action-hash=\"#elementor-action%3Aaction%3Dlightbox%26settings%3DeyJpZCI6MTMyMzksInVybCI6Imh0dHBzOlwvXC9zdGFybW9kdWwuY29tXC93cC1jb250ZW50XC91cGxvYWRzXC8yMDIzXC8wMlwvRkFVUi0yMy1zY2FsZWQuanBnIiwic2xpZGVzaG93IjoiNGQxZmFkYTAifQ%3D%3D\" href='https:\/\/starmodul.com\/wp-content\/uploads\/2023\/02\/FAUR-23-scaled.jpg'><img decoding=\"async\" width=\"800\" height=\"600\" data-src=\"https:\/\/starmodul.com\/wp-content\/uploads\/2023\/02\/FAUR-23-1024x768.jpg\" class=\"attachment-large size-large lazyload\" alt=\"\" data-srcset=\"https:\/\/starmodul.com\/wp-content\/uploads\/2023\/02\/FAUR-23-1024x768.jpg 1024w, https:\/\/starmodul.com\/wp-content\/uploads\/2023\/02\/FAUR-23-300x225.jpg 300w, https:\/\/starmodul.com\/wp-content\/uploads\/2023\/02\/FAUR-23-768x576.jpg 768w, https:\/\/starmodul.com\/wp-content\/uploads\/2023\/02\/FAUR-23-1536x1152.jpg 1536w, https:\/\/starmodul.com\/wp-content\/uploads\/2023\/02\/FAUR-23-2048x1536.jpg 2048w, https:\/\/starmodul.com\/wp-content\/uploads\/2023\/02\/FAUR-23-600x450.jpg 600w\" data-sizes=\"(max-width: 800px) 100vw, 800px\" title=\"\" src=\"data:image\/svg+xml;base64,PHN2ZyB3aWR0aD0iMSIgaGVpZ2h0PSIxIiB4bWxucz0iaHR0cDovL3d3dy53My5vcmcvMjAwMC9zdmciPjwvc3ZnPg==\" style=\"--smush-placeholder-width: 800px; --smush-placeholder-aspect-ratio: 800\/600;\"><\/a>\n\t\t\t<\/div><\/figure><figure class='gallery-item'>\n\t\t\t<div class='gallery-icon landscape'>\n\t\t\t\t<a data-elementor-open-lightbox=\"yes\" data-elementor-lightbox-slideshow=\"4d1fada0\" data-elementor-lightbox-title=\"FAUR-22\" data-e-action-hash=\"#elementor-action%3Aaction%3Dlightbox%26settings%3DeyJpZCI6MTMyNDIsInVybCI6Imh0dHBzOlwvXC9zdGFybW9kdWwuY29tXC93cC1jb250ZW50XC91cGxvYWRzXC8yMDIzXC8wMlwvRkFVUi0yMi1zY2FsZWQuanBnIiwic2xpZGVzaG93IjoiNGQxZmFkYTAifQ%3D%3D\" href='https:\/\/starmodul.com\/wp-content\/uploads\/2023\/02\/FAUR-22-scaled.jpg'><img decoding=\"async\" width=\"800\" height=\"600\" data-src=\"https:\/\/starmodul.com\/wp-content\/uploads\/2023\/02\/FAUR-22-1024x768.jpg\" class=\"attachment-large size-large lazyload\" alt=\"\" data-srcset=\"https:\/\/starmodul.com\/wp-content\/uploads\/2023\/02\/FAUR-22-1024x768.jpg 1024w, https:\/\/starmodul.com\/wp-content\/uploads\/2023\/02\/FAUR-22-300x225.jpg 300w, https:\/\/starmodul.com\/wp-content\/uploads\/2023\/02\/FAUR-22-768x576.jpg 768w, https:\/\/starmodul.com\/wp-content\/uploads\/2023\/02\/FAUR-22-1536x1152.jpg 1536w, https:\/\/starmodul.com\/wp-content\/uploads\/2023\/02\/FAUR-22-2048x1536.jpg 2048w, https:\/\/starmodul.com\/wp-content\/uploads\/2023\/02\/FAUR-22-600x450.jpg 600w\" data-sizes=\"(max-width: 800px) 100vw, 800px\" title=\"\" src=\"data:image\/svg+xml;base64,PHN2ZyB3aWR0aD0iMSIgaGVpZ2h0PSIxIiB4bWxucz0iaHR0cDovL3d3dy53My5vcmcvMjAwMC9zdmciPjwvc3ZnPg==\" style=\"--smush-placeholder-width: 800px; --smush-placeholder-aspect-ratio: 800\/600;\"><\/a>\n\t\t\t<\/div><\/figure><figure class='gallery-item'>\n\t\t\t<div class='gallery-icon landscape'>\n\t\t\t\t<a data-elementor-open-lightbox=\"yes\" data-elementor-lightbox-slideshow=\"4d1fada0\" data-elementor-lightbox-title=\"FAUR-21\" data-e-action-hash=\"#elementor-action%3Aaction%3Dlightbox%26settings%3DeyJpZCI6MTMyNDUsInVybCI6Imh0dHBzOlwvXC9zdGFybW9kdWwuY29tXC93cC1jb250ZW50XC91cGxvYWRzXC8yMDIzXC8wMlwvRkFVUi0yMS1zY2FsZWQuanBnIiwic2xpZGVzaG93IjoiNGQxZmFkYTAifQ%3D%3D\" href='https:\/\/starmodul.com\/wp-content\/uploads\/2023\/02\/FAUR-21-scaled.jpg'><img decoding=\"async\" width=\"800\" height=\"600\" data-src=\"https:\/\/starmodul.com\/wp-content\/uploads\/2023\/02\/FAUR-21-1024x768.jpg\" class=\"attachment-large size-large lazyload\" alt=\"\" data-srcset=\"https:\/\/starmodul.com\/wp-content\/uploads\/2023\/02\/FAUR-21-1024x768.jpg 1024w, https:\/\/starmodul.com\/wp-content\/uploads\/2023\/02\/FAUR-21-300x225.jpg 300w, https:\/\/starmodul.com\/wp-content\/uploads\/2023\/02\/FAUR-21-768x576.jpg 768w, https:\/\/starmodul.com\/wp-content\/uploads\/2023\/02\/FAUR-21-1536x1152.jpg 1536w, https:\/\/starmodul.com\/wp-content\/uploads\/2023\/02\/FAUR-21-2048x1536.jpg 2048w, https:\/\/starmodul.com\/wp-content\/uploads\/2023\/02\/FAUR-21-600x450.jpg 600w\" data-sizes=\"(max-width: 800px) 100vw, 800px\" title=\"\" src=\"data:image\/svg+xml;base64,PHN2ZyB3aWR0aD0iMSIgaGVpZ2h0PSIxIiB4bWxucz0iaHR0cDovL3d3dy53My5vcmcvMjAwMC9zdmciPjwvc3ZnPg==\" style=\"--smush-placeholder-width: 800px; --smush-placeholder-aspect-ratio: 800\/600;\"><\/a>\n\t\t\t<\/div><\/figure><figure class='gallery-item'>\n\t\t\t<div class='gallery-icon landscape'>\n\t\t\t\t<a data-elementor-open-lightbox=\"yes\" data-elementor-lightbox-slideshow=\"4d1fada0\" data-elementor-lightbox-title=\"FAUR-14\" data-e-action-hash=\"#elementor-action%3Aaction%3Dlightbox%26settings%3DeyJpZCI6MTMyNTQsInVybCI6Imh0dHBzOlwvXC9zdGFybW9kdWwuY29tXC93cC1jb250ZW50XC91cGxvYWRzXC8yMDIzXC8wMlwvRkFVUi0xNC1zY2FsZWQuanBnIiwic2xpZGVzaG93IjoiNGQxZmFkYTAifQ%3D%3D\" href='https:\/\/starmodul.com\/wp-content\/uploads\/2023\/02\/FAUR-14-scaled.jpg'><img decoding=\"async\" width=\"800\" height=\"600\" data-src=\"https:\/\/starmodul.com\/wp-content\/uploads\/2023\/02\/FAUR-14-1024x768.jpg\" class=\"attachment-large size-large lazyload\" alt=\"\" data-srcset=\"https:\/\/starmodul.com\/wp-content\/uploads\/2023\/02\/FAUR-14-1024x768.jpg 1024w, https:\/\/starmodul.com\/wp-content\/uploads\/2023\/02\/FAUR-14-300x225.jpg 300w, https:\/\/starmodul.com\/wp-content\/uploads\/2023\/02\/FAUR-14-768x576.jpg 768w, https:\/\/starmodul.com\/wp-content\/uploads\/2023\/02\/FAUR-14-1536x1152.jpg 1536w, https:\/\/starmodul.com\/wp-content\/uploads\/2023\/02\/FAUR-14-2048x1536.jpg 2048w, https:\/\/starmodul.com\/wp-content\/uploads\/2023\/02\/FAUR-14-600x450.jpg 600w\" data-sizes=\"(max-width: 800px) 100vw, 800px\" title=\"\" src=\"data:image\/svg+xml;base64,PHN2ZyB3aWR0aD0iMSIgaGVpZ2h0PSIxIiB4bWxucz0iaHR0cDovL3d3dy53My5vcmcvMjAwMC9zdmciPjwvc3ZnPg==\" style=\"--smush-placeholder-width: 800px; --smush-placeholder-aspect-ratio: 800\/600;\"><\/a>\n\t\t\t<\/div><\/figure><figure class='gallery-item'>\n\t\t\t<div class='gallery-icon landscape'>\n\t\t\t\t<a data-elementor-open-lightbox=\"yes\" data-elementor-lightbox-slideshow=\"4d1fada0\" data-elementor-lightbox-title=\"FAUR-19\" data-e-action-hash=\"#elementor-action%3Aaction%3Dlightbox%26settings%3DeyJpZCI6MTMyNTEsInVybCI6Imh0dHBzOlwvXC9zdGFybW9kdWwuY29tXC93cC1jb250ZW50XC91cGxvYWRzXC8yMDIzXC8wMlwvRkFVUi0xOS1zY2FsZWQuanBnIiwic2xpZGVzaG93IjoiNGQxZmFkYTAifQ%3D%3D\" href='https:\/\/starmodul.com\/wp-content\/uploads\/2023\/02\/FAUR-19-scaled.jpg'><img decoding=\"async\" width=\"800\" height=\"600\" data-src=\"https:\/\/starmodul.com\/wp-content\/uploads\/2023\/02\/FAUR-19-1024x768.jpg\" class=\"attachment-large size-large lazyload\" alt=\"\" data-srcset=\"https:\/\/starmodul.com\/wp-content\/uploads\/2023\/02\/FAUR-19-1024x768.jpg 1024w, https:\/\/starmodul.com\/wp-content\/uploads\/2023\/02\/FAUR-19-300x225.jpg 300w, https:\/\/starmodul.com\/wp-content\/uploads\/2023\/02\/FAUR-19-768x576.jpg 768w, https:\/\/starmodul.com\/wp-content\/uploads\/2023\/02\/FAUR-19-1536x1152.jpg 1536w, https:\/\/starmodul.com\/wp-content\/uploads\/2023\/02\/FAUR-19-2048x1536.jpg 2048w, https:\/\/starmodul.com\/wp-content\/uploads\/2023\/02\/FAUR-19-600x450.jpg 600w\" data-sizes=\"(max-width: 800px) 100vw, 800px\" title=\"\" src=\"data:image\/svg+xml;base64,PHN2ZyB3aWR0aD0iMSIgaGVpZ2h0PSIxIiB4bWxucz0iaHR0cDovL3d3dy53My5vcmcvMjAwMC9zdmciPjwvc3ZnPg==\" style=\"--smush-placeholder-width: 800px; --smush-placeholder-aspect-ratio: 800\/600;\"><\/a>\n\t\t\t<\/div><\/figure>\n\t\t<\/div>\n\t\t<\/div>\n\t\t\t\t\t\t<\/div>\n\t\t\t\t<\/div>\n\t\t\t\t\t<\/div>\n\t\t<\/div>\n\t\t\t\t\t<\/div>\n\t\t<\/section>\n\t\t\t\t\t<\/div>\n\t\t<\/div>\n\t\t\t\t<div class=\"elementor-column elementor-col-50 elementor-top-column elementor-element elementor-element-36f4a3c1\" data-id=\"36f4a3c1\" data-element_type=\"column\" data-e-type=\"column\">\n\t\t\t<div class=\"elementor-widget-wrap elementor-element-populated\">\n\t\t\t\t\t\t<div class=\"elementor-element elementor-element-25fc3c66 elementor-widget elementor-widget-heading\" data-id=\"25fc3c66\" data-element_type=\"widget\" data-e-type=\"widget\" data-widget_type=\"heading.default\">\n\t\t\t\t<div class=\"elementor-widget-container\">\n\t\t\t\t\t<h2 class=\"elementor-heading-title elementor-size-default\">Industrielle Geb\u00e4ude<\/h2>\t\t\t\t<\/div>\n\t\t\t\t<\/div>\n\t\t\t\t\t<\/div>\n\t\t<\/div>\n\t\t\t\t\t<\/div>\n\t\t<\/section>\n\t\t\t\t<\/div>\n\t\t","protected":false},"excerpt":{"rendered":"<p>Stahlkonstruktionen f\u00fcr Industriebauten System Das StarModul-System richtet sich an alle industriellen und privaten Bereiche, die leichte, effiziente, schnell zu montierende und kosteng\u00fcnstige Geb\u00e4ude ben\u00f6tigen. Dank unserer umfangreichen Erfahrung mit Geh\u00e4usen, Isolierungen und Strukturen k\u00f6nnen wir Ihr Projekt anpassen oder Ihnen dabei helfen&#8230; Damit Sie die beste Antwort auf Ihre Bed\u00fcrfnisse haben. Beim Bau eines Industriegeb\u00e4udes [&hellip;]<\/p>\n","protected":false},"author":303,"featured_media":0,"parent":0,"menu_order":0,"comment_status":"closed","ping_status":"closed","template":"","meta":{"footnotes":""},"class_list":["post-11309","page","type-page","status-publish","hentry"],"_links":{"self":[{"href":"https:\/\/starmodul.com\/de\/wp-json\/wp\/v2\/pages\/11309","targetHints":{"allow":["GET"]}}],"collection":[{"href":"https:\/\/starmodul.com\/de\/wp-json\/wp\/v2\/pages"}],"about":[{"href":"https:\/\/starmodul.com\/de\/wp-json\/wp\/v2\/types\/page"}],"author":[{"embeddable":true,"href":"https:\/\/starmodul.com\/de\/wp-json\/wp\/v2\/users\/303"}],"replies":[{"embeddable":true,"href":"https:\/\/starmodul.com\/de\/wp-json\/wp\/v2\/comments?post=11309"}],"version-history":[{"count":0,"href":"https:\/\/starmodul.com\/de\/wp-json\/wp\/v2\/pages\/11309\/revisions"}],"wp:attachment":[{"href":"https:\/\/starmodul.com\/de\/wp-json\/wp\/v2\/media?parent=11309"}],"curies":[{"name":"wp","href":"https:\/\/api.w.org\/{rel}","templated":true}]}}