{"id":11178,"date":"2022-11-25T00:06:59","date_gmt":"2022-11-24T23:06:59","guid":{"rendered":"https:\/\/starmodul.com\/autowaschanlagen\/"},"modified":"2026-02-17T12:55:40","modified_gmt":"2026-02-17T11:55:40","slug":"autowaschanlagen","status":"publish","type":"page","link":"https:\/\/starmodul.com\/de\/autowaschanlagen\/","title":{"rendered":"Autowaschanlagen"},"content":{"rendered":"\t\t<div data-elementor-type=\"wp-page\" data-elementor-id=\"11178\" class=\"elementor elementor-11178 elementor-293\" data-elementor-post-type=\"page\">\n\t\t\t\t\t\t<section class=\"elementor-section elementor-top-section elementor-element elementor-element-cf728e3 elementor-section-full_width elementor-section-height-min-height elementor-section-items-stretch elementor-section-height-default\" data-id=\"cf728e3\" data-element_type=\"section\" data-e-type=\"section\" data-settings=\"{&quot;background_background&quot;:&quot;classic&quot;,&quot;jet_parallax_layout_list&quot;:[]}\">\n\t\t\t\t\t\t<div class=\"elementor-container elementor-column-gap-default\">\n\t\t\t\t\t<div class=\"elementor-column elementor-col-50 elementor-top-column elementor-element elementor-element-0225b3b\" data-id=\"0225b3b\" data-element_type=\"column\" data-e-type=\"column\">\n\t\t\t<div class=\"elementor-widget-wrap elementor-element-populated\">\n\t\t\t\t\t\t<div class=\"elementor-element elementor-element-6263ab5 elementor-widget elementor-widget-heading\" data-id=\"6263ab5\" data-element_type=\"widget\" data-e-type=\"widget\" data-widget_type=\"heading.default\">\n\t\t\t\t<div class=\"elementor-widget-container\">\n\t\t\t\t\t<h1 class=\"elementor-heading-title elementor-size-default\">Nahtloses Metallkonstruktionssystem f\u00fcr Autowaschanlagen<\/h1>\t\t\t\t<\/div>\n\t\t\t\t<\/div>\n\t\t\t\t<div class=\"elementor-element elementor-element-c2cb9b4 elementor-widget__width-initial elementor-widget elementor-widget-text-editor\" data-id=\"c2cb9b4\" data-element_type=\"widget\" data-e-type=\"widget\" data-widget_type=\"text-editor.default\">\n\t\t\t\t<div class=\"elementor-widget-container\">\n\t\t\t\t\t\t\t\t\t<p data-path-to-node=\"3\">Das StarModul-Konstruktionssystem stellt eine logistische und wirtschaftliche Revolution f\u00fcr die Installation von Autowaschanlagen dar. Unsere Technologie erm\u00f6glicht die Herstellung von <b data-path-to-node=\"3\" data-index-in-node=\"174\">leichten Konstruktionen<\/b> aus verzinktem Stahl, die den Transport maximal optimieren: Da die Profile so konzipiert sind, dass sie am Bestimmungsort zusammengebaut werden, kann eine gro\u00dfe Anzahl von Quadratmetern der Struktur in einer einzigen Fahrt transportiert werden, was den CO2-Fu\u00dfabdruck und die Frachtkosten drastisch reduziert. <\/p><p data-path-to-node=\"4\">Die Auswirkungen auf den Installationsort sind minimal. Da es sich um ein zu 100 % verschraubtes System handelt, das vor Ort weder geschwei\u00dft noch geschnitten werden muss, wird die Installationslogistik erheblich vereinfacht, so dass keine schweren Maschinen oder lange Wartezeiten erforderlich sind. Dies f\u00fchrt zu einer schnellen, sauberen und sicheren Ausf\u00fchrung und bietet einen auf dem heutigen Markt <b data-path-to-node=\"4\" data-index-in-node=\"339\">konkurrenzlosen Preis<\/b> f\u00fcr diejenigen, die eine sofortige Rentabilit\u00e4t ihrer Investition anstreben.  <\/p><p>StarModul erm\u00f6glicht leichte Baugruppen, die in gro\u00dfen Mengen transportiert werden k\u00f6nnen, und minimale Auswirkungen und Logistik am Montageort &#8230; Und das zu einem unschlagbaren Preis.<\/p>\t\t\t\t\t\t\t\t<\/div>\n\t\t\t\t<\/div>\n\t\t\t\t<div class=\"elementor-element elementor-element-232fcf0 elementor-align-justify elementor-widget elementor-widget-button\" data-id=\"232fcf0\" data-element_type=\"widget\" data-e-type=\"widget\" data-widget_type=\"button.default\">\n\t\t\t\t<div class=\"elementor-widget-container\">\n\t\t\t\t\t\t\t\t\t<div class=\"elementor-button-wrapper\">\n\t\t\t\t\t<a class=\"elementor-button elementor-button-link elementor-size-lg\" href=\"https:\/\/starmodul.com\/calculadora\/\" target=\"_blank\">\n\t\t\t\t\t\t<span class=\"elementor-button-content-wrapper\">\n\t\t\t\t\t\t\t\t\t<span class=\"elementor-button-text\">3D-Rechner verwenden<\/span>\n\t\t\t\t\t<\/span>\n\t\t\t\t\t<\/a>\n\t\t\t\t<\/div>\n\t\t\t\t\t\t\t\t<\/div>\n\t\t\t\t<\/div>\n\t\t\t\t\t<\/div>\n\t\t<\/div>\n\t\t\t\t<div class=\"elementor-column elementor-col-50 elementor-top-column elementor-element elementor-element-27076f8\" data-id=\"27076f8\" data-element_type=\"column\" data-e-type=\"column\">\n\t\t\t<div class=\"elementor-widget-wrap elementor-element-populated\">\n\t\t\t\t\t\t<div class=\"elementor-element elementor-element-7a894ef elementor-widget elementor-widget-image\" data-id=\"7a894ef\" data-element_type=\"widget\" data-e-type=\"widget\" data-widget_type=\"image.default\">\n\t\t\t\t<div class=\"elementor-widget-container\">\n\t\t\t\t\t\t\t\t\t\t\t\t\t\t\t<img fetchpriority=\"high\" decoding=\"async\" width=\"800\" height=\"440\" src=\"https:\/\/starmodul.com\/wp-content\/uploads\/2022\/11\/10-Marquesina-a-1024x563.jpg\" class=\"attachment-large size-large wp-image-11188\" alt=\"\" srcset=\"https:\/\/starmodul.com\/wp-content\/uploads\/2022\/11\/10-Marquesina-a-1024x563.jpg 1024w, https:\/\/starmodul.com\/wp-content\/uploads\/2022\/11\/10-Marquesina-a-300x165.jpg 300w, https:\/\/starmodul.com\/wp-content\/uploads\/2022\/11\/10-Marquesina-a-768x422.jpg 768w, https:\/\/starmodul.com\/wp-content\/uploads\/2022\/11\/10-Marquesina-a-1536x844.jpg 1536w, https:\/\/starmodul.com\/wp-content\/uploads\/2022\/11\/10-Marquesina-a-600x330.jpg 600w, https:\/\/starmodul.com\/wp-content\/uploads\/2022\/11\/10-Marquesina-a.jpg 2048w\" sizes=\"(max-width: 800px) 100vw, 800px\" title=\"\">\t\t\t\t\t\t\t\t\t\t\t\t\t\t\t<\/div>\n\t\t\t\t<\/div>\n\t\t\t\t\t<\/div>\n\t\t<\/div>\n\t\t\t\t\t<\/div>\n\t\t<\/section>\n\t\t\t\t<section class=\"elementor-section elementor-top-section elementor-element elementor-element-1cfd26bb elementor-section-boxed elementor-section-height-default elementor-section-height-default\" data-id=\"1cfd26bb\" data-element_type=\"section\" data-e-type=\"section\" data-settings=\"{&quot;background_background&quot;:&quot;classic&quot;,&quot;jet_parallax_layout_list&quot;:[]}\">\n\t\t\t\t\t\t<div class=\"elementor-container elementor-column-gap-default\">\n\t\t\t\t\t<div class=\"elementor-column elementor-col-50 elementor-top-column elementor-element elementor-element-299a844a\" data-id=\"299a844a\" data-element_type=\"column\" data-e-type=\"column\">\n\t\t\t<div class=\"elementor-widget-wrap elementor-element-populated\">\n\t\t\t\t\t\t<section class=\"elementor-section elementor-inner-section elementor-element elementor-element-342aa26e elementor-section-boxed elementor-section-height-default elementor-section-height-default\" data-id=\"342aa26e\" data-element_type=\"section\" data-e-type=\"section\" data-settings=\"{&quot;jet_parallax_layout_list&quot;:[]}\">\n\t\t\t\t\t\t<div class=\"elementor-container elementor-column-gap-default\">\n\t\t\t\t\t<div class=\"elementor-column elementor-col-100 elementor-inner-column elementor-element elementor-element-11b82544\" data-id=\"11b82544\" data-element_type=\"column\" data-e-type=\"column\">\n\t\t\t<div class=\"elementor-widget-wrap elementor-element-populated\">\n\t\t\t\t\t\t<div class=\"elementor-element elementor-element-6a6f8a64 elementor-widget__width-initial elementor-widget elementor-widget-jet-carousel\" data-id=\"6a6f8a64\" data-element_type=\"widget\" data-e-type=\"widget\" data-settings=\"{&quot;slides_to_show&quot;:&quot;1&quot;,&quot;slides_to_scroll&quot;:&quot;1&quot;}\" data-widget_type=\"jet-carousel.default\">\n\t\t\t\t<div class=\"elementor-widget-container\">\n\t\t\t\t\t<div class=\"elementor-jet-carousel jet-elements\"><div class=\"jet-carousel-wrap jet-equal-cols\">\n\t<div class=\"jet-carousel\" data-slider_options=\"{&quot;autoplaySpeed&quot;:5000,&quot;autoplay&quot;:false,&quot;infinite&quot;:true,&quot;centerMode&quot;:false,&quot;centerPadding&quot;:&quot;30px&quot;,&quot;pauseOnHover&quot;:false,&quot;speed&quot;:200,&quot;arrows&quot;:true,&quot;dots&quot;:true,&quot;variableWidth&quot;:false,&quot;prevArrow&quot;:&quot;.jet-carousel__prev-arrow-6a6f8a64&quot;,&quot;nextArrow&quot;:&quot;.jet-carousel__next-arrow-6a6f8a64&quot;,&quot;rtl&quot;:false,&quot;fractionNav&quot;:false,&quot;fade&quot;:false}\" dir=\"ltr\">\n\t<div class=\"elementor-slick-slider\">\n\n<div class=\"jet-carousel__item\">\n\t<div class=\"jet-carousel__item-inner\"><img decoding=\"async\" data-src=\"https:\/\/starmodul.com\/wp-content\/uploads\/2022\/11\/07-lavadero-02-b.jpg\" class=\"jet-carousel__item-img lazyload\" alt=\"07 lavadero 02 b\" title=\"\" src=\"data:image\/svg+xml;base64,PHN2ZyB3aWR0aD0iMSIgaGVpZ2h0PSIxIiB4bWxucz0iaHR0cDovL3d3dy53My5vcmcvMjAwMC9zdmciPjwvc3ZnPg==\" style=\"--smush-placeholder-width: 1950px; --smush-placeholder-aspect-ratio: 1950\/1536;\"><div class=\"jet-carousel__content\"><\/div><\/div>\n<\/div>\n\n<div class=\"jet-carousel__item\">\n\t<div class=\"jet-carousel__item-inner\"><img decoding=\"async\" data-src=\"https:\/\/starmodul.com\/wp-content\/uploads\/2022\/11\/09-Lavadero-03-a.jpg\" class=\"jet-carousel__item-img lazyload\" alt=\"Lavaderos de coches con estructura met\u00e1lica\" title=\"\" src=\"data:image\/svg+xml;base64,PHN2ZyB3aWR0aD0iMSIgaGVpZ2h0PSIxIiB4bWxucz0iaHR0cDovL3d3dy53My5vcmcvMjAwMC9zdmciPjwvc3ZnPg==\" style=\"--smush-placeholder-width: 1934px; --smush-placeholder-aspect-ratio: 1934\/1207;\"><div class=\"jet-carousel__content\"><\/div><\/div>\n<\/div>\n<\/div><div class=\"jet-carousel__prev-arrow-6a6f8a64 jet-arrow prev-arrow\"><svg aria-hidden=\"true\" class=\"e-font-icon-svg e-fas-angle-left\" viewBox=\"0 0 256 512\" xmlns=\"http:\/\/www.w3.org\/2000\/svg\"><path d=\"M31.7 239l136-136c9.4-9.4 24.6-9.4 33.9 0l22.6 22.6c9.4 9.4 9.4 24.6 0 33.9L127.9 256l96.4 96.4c9.4 9.4 9.4 24.6 0 33.9L201.7 409c-9.4 9.4-24.6 9.4-33.9 0l-136-136c-9.5-9.4-9.5-24.6-.1-34z\"><\/path><\/svg><\/div><div class=\"jet-carousel__next-arrow-6a6f8a64 jet-arrow next-arrow\"><svg aria-hidden=\"true\" class=\"e-font-icon-svg e-fas-angle-right\" viewBox=\"0 0 256 512\" xmlns=\"http:\/\/www.w3.org\/2000\/svg\"><path d=\"M224.3 273l-136 136c-9.4 9.4-24.6 9.4-33.9 0l-22.6-22.6c-9.4-9.4-9.4-24.6 0-33.9l96.4-96.4-96.4-96.4c-9.4-9.4-9.4-24.6 0-33.9L54.3 103c9.4-9.4 24.6-9.4 33.9 0l136 136c9.5 9.4 9.5 24.6.1 34z\"><\/path><\/svg><\/div><\/div>\n<\/div>\n<\/div>\t\t\t\t<\/div>\n\t\t\t\t<\/div>\n\t\t\t\t\t<\/div>\n\t\t<\/div>\n\t\t\t\t\t<\/div>\n\t\t<\/section>\n\t\t\t\t\t<\/div>\n\t\t<\/div>\n\t\t\t\t<div class=\"elementor-column elementor-col-50 elementor-top-column elementor-element elementor-element-50884c25\" data-id=\"50884c25\" data-element_type=\"column\" data-e-type=\"column\">\n\t\t\t<div class=\"elementor-widget-wrap elementor-element-populated\">\n\t\t\t\t\t\t<div class=\"elementor-element elementor-element-107a47f9 elementor-widget elementor-widget-heading\" data-id=\"107a47f9\" data-element_type=\"widget\" data-e-type=\"widget\" data-widget_type=\"heading.default\">\n\t\t\t\t<div class=\"elementor-widget-container\">\n\t\t\t\t\t<h2 class=\"elementor-heading-title elementor-size-default\">Anwendungsbeispiele f\u00fcr StarModul in Waschr\u00e4umen und Kabinen<\/h2>\t\t\t\t<\/div>\n\t\t\t\t<\/div>\n\t\t\t\t<div class=\"elementor-element elementor-element-76a681c0 elementor-widget__width-initial elementor-widget elementor-widget-text-editor\" data-id=\"76a681c0\" data-element_type=\"widget\" data-e-type=\"widget\" data-widget_type=\"text-editor.default\">\n\t\t\t\t<div class=\"elementor-widget-container\">\n\t\t\t\t\t\t\t\t\t<div class=\"container\"><div id=\"model-response-message-contentr_e3ba410c7dff378c\" class=\"markdown markdown-main-panel stronger enable-updated-hr-color preserve-whitespaces-in-response\" dir=\"ltr\" aria-live=\"polite\" aria-busy=\"false\"><p data-path-to-node=\"6\">Die Vielseitigkeit unseres Systems macht es zur idealen L\u00f6sung f\u00fcr die Schaffung von <b data-path-to-node=\"6\" data-index-in-node=\"92\">selbsttragenden<\/b> Au\u00dfen\u00fcberdachungen, die in jedem modernen Waschzentrum unerl\u00e4sslich sind. Dank der Festigkeit des Stahls und der Korrosionsschutzbehandlung halten unsere Strukturen st\u00e4ndiger Feuchtigkeit und widrigen Witterungsbedingungen perfekt stand, ohne sich zu verschlechtern. <\/p><p data-path-to-node=\"7\">Ob f\u00fcr den Bau von <b data-path-to-node=\"7\" data-index-in-node=\"31\">Vord\u00e4chern<\/b> f\u00fcr Staubsaugerbereiche, <b data-path-to-node=\"7\" data-index-in-node=\"67\">Druckwaschboxen<\/b> oder Autowaschtunneln, StarModul bietet die ideale Unterst\u00fctzung. Die Flexibilit\u00e4t des Designs erm\u00f6glicht die Schaffung offener und funktionaler R\u00e4ume, die sich an jede Standortkonfiguration anpassen lassen. Dabei wird sichergestellt, dass jedes Element dieser Einrichtungen den Vorschriften entspricht und eine professionelle und dauerhafte \u00c4sthetik bietet. <\/p><\/div><\/div>\t\t\t\t\t\t\t\t<\/div>\n\t\t\t\t<\/div>\n\t\t\t\t\t<\/div>\n\t\t<\/div>\n\t\t\t\t\t<\/div>\n\t\t<\/section>\n\t\t\t\t<\/div>\n\t\t","protected":false},"excerpt":{"rendered":"<p>Nahtloses Metallkonstruktionssystem f\u00fcr Autowaschanlagen Das StarModul-Konstruktionssystem stellt eine logistische und wirtschaftliche Revolution f\u00fcr die Installation von Autowaschanlagen dar. Unsere Technologie erm\u00f6glicht die Herstellung von leichten Konstruktionen aus verzinktem Stahl, die den Transport maximal optimieren: Da die Profile so konzipiert sind, dass sie am Bestimmungsort zusammengebaut werden, kann eine gro\u00dfe Anzahl von Quadratmetern der Struktur in [&hellip;]<\/p>\n","protected":false},"author":303,"featured_media":0,"parent":0,"menu_order":0,"comment_status":"closed","ping_status":"closed","template":"elementor_header_footer","meta":{"footnotes":""},"class_list":["post-11178","page","type-page","status-publish","hentry"],"_links":{"self":[{"href":"https:\/\/starmodul.com\/de\/wp-json\/wp\/v2\/pages\/11178","targetHints":{"allow":["GET"]}}],"collection":[{"href":"https:\/\/starmodul.com\/de\/wp-json\/wp\/v2\/pages"}],"about":[{"href":"https:\/\/starmodul.com\/de\/wp-json\/wp\/v2\/types\/page"}],"author":[{"embeddable":true,"href":"https:\/\/starmodul.com\/de\/wp-json\/wp\/v2\/users\/303"}],"replies":[{"embeddable":true,"href":"https:\/\/starmodul.com\/de\/wp-json\/wp\/v2\/comments?post=11178"}],"version-history":[{"count":0,"href":"https:\/\/starmodul.com\/de\/wp-json\/wp\/v2\/pages\/11178\/revisions"}],"wp:attachment":[{"href":"https:\/\/starmodul.com\/de\/wp-json\/wp\/v2\/media?parent=11178"}],"curies":[{"name":"wp","href":"https:\/\/api.w.org\/{rel}","templated":true}]}}