{"id":11095,"date":"2023-01-09T11:13:33","date_gmt":"2023-01-09T10:13:33","guid":{"rendered":"https:\/\/starmodul.com\/bescheinigungen-und-patente\/"},"modified":"2025-11-17T10:58:22","modified_gmt":"2025-11-17T09:58:22","slug":"bescheinigungen-und-patente","status":"publish","type":"page","link":"https:\/\/starmodul.com\/de\/bescheinigungen-und-patente\/","title":{"rendered":"Bescheinigungen und Patente"},"content":{"rendered":"\t\t<div data-elementor-type=\"wp-page\" data-elementor-id=\"11095\" class=\"elementor elementor-11095 elementor-2024\" data-elementor-post-type=\"page\">\n\t\t\t\t\t\t<section class=\"elementor-section elementor-top-section elementor-element elementor-element-4968cc2 elementor-section-boxed elementor-section-height-default elementor-section-height-default\" data-id=\"4968cc2\" data-element_type=\"section\" data-e-type=\"section\" data-settings=\"{&quot;background_background&quot;:&quot;classic&quot;,&quot;jet_parallax_layout_list&quot;:[]}\">\n\t\t\t\t\t\t<div class=\"elementor-container elementor-column-gap-default\">\n\t\t\t\t\t<div class=\"elementor-column elementor-col-100 elementor-top-column elementor-element elementor-element-c7672fc\" data-id=\"c7672fc\" data-element_type=\"column\" data-e-type=\"column\">\n\t\t\t<div class=\"elementor-widget-wrap elementor-element-populated\">\n\t\t\t\t\t\t<div class=\"elementor-element elementor-element-200c6b5 elementor-widget elementor-widget-heading\" data-id=\"200c6b5\" data-element_type=\"widget\" data-e-type=\"widget\" data-widget_type=\"heading.default\">\n\t\t\t\t<div class=\"elementor-widget-container\">\n\t\t\t\t\t<h1 class=\"elementor-heading-title elementor-size-default\">StarModul Zertifikate und Patente<\/h1>\t\t\t\t<\/div>\n\t\t\t\t<\/div>\n\t\t\t\t<div class=\"elementor-element elementor-element-b9171cc elementor-widget elementor-widget-text-editor\" data-id=\"b9171cc\" data-element_type=\"widget\" data-e-type=\"widget\" data-widget_type=\"text-editor.default\">\n\t\t\t\t<div class=\"elementor-widget-container\">\n\t\t\t\t\t\t\t\t\t<p>Zertifikate und Festigkeitsstudien f\u00fcr unsere Schraubverbindungen f\u00fcr Metallkonstruktionen.<\/p>\t\t\t\t\t\t\t\t<\/div>\n\t\t\t\t<\/div>\n\t\t\t\t\t<\/div>\n\t\t<\/div>\n\t\t\t\t\t<\/div>\n\t\t<\/section>\n\t\t\t\t<section class=\"elementor-section elementor-top-section elementor-element elementor-element-3714e7e elementor-section-boxed elementor-section-height-default elementor-section-height-default\" data-id=\"3714e7e\" data-element_type=\"section\" data-e-type=\"section\" data-settings=\"{&quot;jet_parallax_layout_list&quot;:[],&quot;background_background&quot;:&quot;classic&quot;}\">\n\t\t\t\t\t\t<div class=\"elementor-container elementor-column-gap-default\">\n\t\t\t\t\t<div class=\"elementor-column elementor-col-100 elementor-top-column elementor-element elementor-element-952691c\" data-id=\"952691c\" data-element_type=\"column\" data-e-type=\"column\">\n\t\t\t<div class=\"elementor-widget-wrap elementor-element-populated\">\n\t\t\t\t\t\t<div class=\"elementor-element elementor-element-a05b1f7 elementor-widget elementor-widget-jet-tabs\" data-id=\"a05b1f7\" data-element_type=\"widget\" data-e-type=\"widget\" data-settings=\"{&quot;tabs_position&quot;:&quot;left&quot;,&quot;tabs_position_mobile&quot;:&quot;top&quot;,&quot;no_active_tabs&quot;:&quot;false&quot;}\" data-widget_type=\"jet-tabs.default\">\n\t\t\t\t<div class=\"elementor-widget-container\">\n\t\t\t\t\t\n\t\t<div class=\"jet-tabs jet-tabs-position-left jet-tabs-move-up-effect  \" data-settings=\"{&quot;activeIndex&quot;:0,&quot;event&quot;:&quot;click&quot;,&quot;autoSwitch&quot;:false,&quot;autoSwitchDelay&quot;:3000,&quot;ajaxTemplate&quot;:false,&quot;tabsPosition&quot;:&quot;left&quot;,&quot;switchScrolling&quot;:false,&quot;switchScrollingOffset&quot;:0}\">\n\t\t\t\t\t\t<div style=\"min-width:214px; min-width:214px;width:214px;flex:0 0 214px;\" class=\"jet-tabs__control-wrapper\" role=\"tablist\">\n\n                                    <div id=\"jet-tabs-control-1681\" class=\"jet-tabs__control jet-tabs__control-icon-left elementor-menu-anchor active-tab \" data-tab=\"1\" tabindex=\"0\" role=\"tab\" aria-controls=\"jet-tabs-content-1681\" aria-expanded=\"true\" data-template-id=\"false\"><div class=\"jet-tabs__control-inner\"><div class=\"jet-tabs__label-text\">CE-zertifiziert<\/div><\/div><\/div><div id=\"jet-tabs-control-1682\" class=\"jet-tabs__control jet-tabs__control-icon-left elementor-menu-anchor  \" data-tab=\"2\" tabindex=\"0\" role=\"tab\" aria-controls=\"jet-tabs-content-1682\" aria-expanded=\"false\" data-template-id=\"false\"><div class=\"jet-tabs__control-inner\"><div class=\"jet-tabs__label-text\">Erkl\u00e4rung der Vorteile<\/div><\/div><\/div><div id=\"jet-tabs-control-1683\" class=\"jet-tabs__control jet-tabs__control-icon-left elementor-menu-anchor  \" data-tab=\"3\" tabindex=\"0\" role=\"tab\" aria-controls=\"jet-tabs-content-1683\" aria-expanded=\"false\" data-template-id=\"false\"><div class=\"jet-tabs__control-inner\"><div class=\"jet-tabs__label-text\">Ingenieurdienstleistung<\/div><\/div><\/div><div id=\"jet-tabs-control-1684\" class=\"jet-tabs__control jet-tabs__control-icon-left elementor-menu-anchor  \" data-tab=\"4\" tabindex=\"0\" role=\"tab\" aria-controls=\"jet-tabs-content-1684\" aria-expanded=\"false\" data-template-id=\"false\"><div class=\"jet-tabs__control-inner\"><div class=\"jet-tabs__label-text\">Thermische Studie des Systems<\/div><\/div><\/div>\n                    \t\t\t    <\/div>\n\t\t\t<div class=\"jet-tabs__content-wrapper\">\n\t\t\t\t<div id=\"jet-tabs-content-1681\" class=\"jet-tabs__content active-content\" data-tab=\"1\" role=\"tabpanel\" aria-hidden=\"false\" data-template-id=\"false\"><p><img fetchpriority=\"high\" decoding=\"async\" class=\"alignnone wp-image-21759 size-full\" src=\"https:\/\/starmodul.com\/wp-content\/uploads\/2025\/07\/CERTIFICADO-CE.jpg\" alt=\"\" width=\"1253\" height=\"880\" title=\"\" srcset=\"https:\/\/starmodul.com\/wp-content\/uploads\/2025\/07\/CERTIFICADO-CE.jpg 1253w, https:\/\/starmodul.com\/wp-content\/uploads\/2025\/07\/CERTIFICADO-CE-300x211.jpg 300w, https:\/\/starmodul.com\/wp-content\/uploads\/2025\/07\/CERTIFICADO-CE-1250x878.jpg 1250w, https:\/\/starmodul.com\/wp-content\/uploads\/2025\/07\/CERTIFICADO-CE-768x539.jpg 768w, https:\/\/starmodul.com\/wp-content\/uploads\/2025\/07\/CERTIFICADO-CE-600x421.jpg 600w\" sizes=\"(max-width: 1253px) 100vw, 1253px\" \/><\/p>\n<\/div><div id=\"jet-tabs-content-1682\" class=\"jet-tabs__content \" data-tab=\"2\" role=\"tabpanel\" aria-hidden=\"true\" data-template-id=\"false\"><p><a href=\"https:\/\/starmodul.com\/wp-content\/uploads\/2023\/01\/Declaracion-prestaciones-1.png\"><img decoding=\"async\" class=\"alignnone wp-image-2034 size-full\" src=\"https:\/\/starmodul.com\/wp-content\/uploads\/2023\/01\/Declaracion-prestaciones-1.png\" alt=\"\" width=\"630\" height=\"892\" title=\"\" srcset=\"https:\/\/starmodul.com\/wp-content\/uploads\/2023\/01\/Declaracion-prestaciones-1.png 630w, https:\/\/starmodul.com\/wp-content\/uploads\/2023\/01\/Declaracion-prestaciones-1-212x300.png 212w, https:\/\/starmodul.com\/wp-content\/uploads\/2023\/01\/Declaracion-prestaciones-1-600x850.png 600w\" sizes=\"(max-width: 630px) 100vw, 630px\" \/><\/a> <a href=\"https:\/\/starmodul.com\/wp-content\/uploads\/2023\/01\/Declaracion-prestaciones-2.png\"><img decoding=\"async\" class=\"alignnone wp-image-2035 size-full\" src=\"https:\/\/starmodul.com\/wp-content\/uploads\/2023\/01\/Declaracion-prestaciones-2.png\" alt=\"\" width=\"630\" height=\"892\" title=\"\" srcset=\"https:\/\/starmodul.com\/wp-content\/uploads\/2023\/01\/Declaracion-prestaciones-2.png 630w, https:\/\/starmodul.com\/wp-content\/uploads\/2023\/01\/Declaracion-prestaciones-2-212x300.png 212w, https:\/\/starmodul.com\/wp-content\/uploads\/2023\/01\/Declaracion-prestaciones-2-600x850.png 600w\" sizes=\"(max-width: 630px) 100vw, 630px\" \/><\/a><\/p>\n<\/div><div id=\"jet-tabs-content-1683\" class=\"jet-tabs__content \" data-tab=\"3\" role=\"tabpanel\" aria-hidden=\"true\" data-template-id=\"false\"><p><img loading=\"lazy\" decoding=\"async\" class=\"alignnone wp-image-21323 size-full\" src=\"https:\/\/starmodul.com\/wp-content\/uploads\/2025\/02\/357022-Estructura.visat_Page_04-scaled.jpg\" alt=\"\" width=\"2560\" height=\"1805\" title=\"\" srcset=\"https:\/\/starmodul.com\/wp-content\/uploads\/2025\/02\/357022-Estructura.visat_Page_04-scaled.jpg 2560w, https:\/\/starmodul.com\/wp-content\/uploads\/2025\/02\/357022-Estructura.visat_Page_04-300x211.jpg 300w, https:\/\/starmodul.com\/wp-content\/uploads\/2025\/02\/357022-Estructura.visat_Page_04-1250x881.jpg 1250w, https:\/\/starmodul.com\/wp-content\/uploads\/2025\/02\/357022-Estructura.visat_Page_04-768x541.jpg 768w, https:\/\/starmodul.com\/wp-content\/uploads\/2025\/02\/357022-Estructura.visat_Page_04-1536x1083.jpg 1536w, https:\/\/starmodul.com\/wp-content\/uploads\/2025\/02\/357022-Estructura.visat_Page_04-2048x1444.jpg 2048w, https:\/\/starmodul.com\/wp-content\/uploads\/2025\/02\/357022-Estructura.visat_Page_04-600x423.jpg 600w\" sizes=\"(max-width: 2560px) 100vw, 2560px\" \/><\/p>\n<p><img loading=\"lazy\" decoding=\"async\" class=\"alignnone wp-image-21309 size-full\" src=\"https:\/\/starmodul.com\/wp-content\/uploads\/2025\/02\/357022-Estructura.visat_Page_05-scaled.jpg\" alt=\"\" width=\"2560\" height=\"1810\" title=\"\" srcset=\"https:\/\/starmodul.com\/wp-content\/uploads\/2025\/02\/357022-Estructura.visat_Page_05-scaled.jpg 2560w, https:\/\/starmodul.com\/wp-content\/uploads\/2025\/02\/357022-Estructura.visat_Page_05-300x212.jpg 300w, https:\/\/starmodul.com\/wp-content\/uploads\/2025\/02\/357022-Estructura.visat_Page_05-1250x884.jpg 1250w, https:\/\/starmodul.com\/wp-content\/uploads\/2025\/02\/357022-Estructura.visat_Page_05-768x543.jpg 768w, https:\/\/starmodul.com\/wp-content\/uploads\/2025\/02\/357022-Estructura.visat_Page_05-1536x1086.jpg 1536w, https:\/\/starmodul.com\/wp-content\/uploads\/2025\/02\/357022-Estructura.visat_Page_05-2048x1448.jpg 2048w, https:\/\/starmodul.com\/wp-content\/uploads\/2025\/02\/357022-Estructura.visat_Page_05-600x424.jpg 600w\" sizes=\"(max-width: 2560px) 100vw, 2560px\" \/> <img loading=\"lazy\" decoding=\"async\" class=\"alignnone wp-image-21344 size-full\" src=\"https:\/\/starmodul.com\/wp-content\/uploads\/2025\/02\/357022-Estructura.visat_Page_06-scaled.jpg\" alt=\"\" width=\"2560\" height=\"1810\" title=\"\" srcset=\"https:\/\/starmodul.com\/wp-content\/uploads\/2025\/02\/357022-Estructura.visat_Page_06-scaled.jpg 2560w, https:\/\/starmodul.com\/wp-content\/uploads\/2025\/02\/357022-Estructura.visat_Page_06-300x212.jpg 300w, https:\/\/starmodul.com\/wp-content\/uploads\/2025\/02\/357022-Estructura.visat_Page_06-1250x884.jpg 1250w, https:\/\/starmodul.com\/wp-content\/uploads\/2025\/02\/357022-Estructura.visat_Page_06-768x543.jpg 768w, https:\/\/starmodul.com\/wp-content\/uploads\/2025\/02\/357022-Estructura.visat_Page_06-1536x1086.jpg 1536w, https:\/\/starmodul.com\/wp-content\/uploads\/2025\/02\/357022-Estructura.visat_Page_06-2048x1448.jpg 2048w, https:\/\/starmodul.com\/wp-content\/uploads\/2025\/02\/357022-Estructura.visat_Page_06-600x424.jpg 600w\" sizes=\"(max-width: 2560px) 100vw, 2560px\" \/><\/p>\n<\/div><div id=\"jet-tabs-content-1684\" class=\"jet-tabs__content \" data-tab=\"4\" role=\"tabpanel\" aria-hidden=\"true\" data-template-id=\"false\"><p><a href=\"https:\/\/starmodul.com\/wp-content\/uploads\/2023\/01\/1.jpeg\"><img loading=\"lazy\" decoding=\"async\" class=\"alignnone wp-image-2039 size-full\" src=\"https:\/\/starmodul.com\/wp-content\/uploads\/2023\/01\/1.jpeg\" alt=\"\" width=\"577\" height=\"815\" title=\"\" srcset=\"https:\/\/starmodul.com\/wp-content\/uploads\/2023\/01\/1.jpeg 577w, https:\/\/starmodul.com\/wp-content\/uploads\/2023\/01\/1-212x300.jpeg 212w\" sizes=\"(max-width: 577px) 100vw, 577px\" \/><\/a> <a href=\"https:\/\/starmodul.com\/wp-content\/uploads\/2023\/01\/2.jpeg\"><img loading=\"lazy\" decoding=\"async\" class=\"alignnone wp-image-2040 size-full\" src=\"https:\/\/starmodul.com\/wp-content\/uploads\/2023\/01\/2.jpeg\" alt=\"\" width=\"620\" height=\"867\" title=\"\" srcset=\"https:\/\/starmodul.com\/wp-content\/uploads\/2023\/01\/2.jpeg 620w, https:\/\/starmodul.com\/wp-content\/uploads\/2023\/01\/2-215x300.jpeg 215w, https:\/\/starmodul.com\/wp-content\/uploads\/2023\/01\/2-600x839.jpeg 600w\" sizes=\"(max-width: 620px) 100vw, 620px\" \/><\/a> <a href=\"https:\/\/starmodul.com\/wp-content\/uploads\/2023\/01\/3.jpeg\"><img loading=\"lazy\" decoding=\"async\" class=\"alignnone wp-image-2041 size-full\" src=\"https:\/\/starmodul.com\/wp-content\/uploads\/2023\/01\/3.jpeg\" alt=\"\" width=\"616\" height=\"874\" title=\"\" srcset=\"https:\/\/starmodul.com\/wp-content\/uploads\/2023\/01\/3.jpeg 616w, https:\/\/starmodul.com\/wp-content\/uploads\/2023\/01\/3-211x300.jpeg 211w, https:\/\/starmodul.com\/wp-content\/uploads\/2023\/01\/3-600x851.jpeg 600w\" sizes=\"(max-width: 616px) 100vw, 616px\" \/><\/a> <a href=\"https:\/\/starmodul.com\/wp-content\/uploads\/2023\/01\/4.jpeg\"><img loading=\"lazy\" decoding=\"async\" class=\"alignnone wp-image-2042 size-full\" src=\"https:\/\/starmodul.com\/wp-content\/uploads\/2023\/01\/4.jpeg\" alt=\"\" width=\"617\" height=\"872\" title=\"\" srcset=\"https:\/\/starmodul.com\/wp-content\/uploads\/2023\/01\/4.jpeg 617w, https:\/\/starmodul.com\/wp-content\/uploads\/2023\/01\/4-212x300.jpeg 212w, https:\/\/starmodul.com\/wp-content\/uploads\/2023\/01\/4-600x848.jpeg 600w\" sizes=\"(max-width: 617px) 100vw, 617px\" \/><\/a> <a href=\"https:\/\/starmodul.com\/wp-content\/uploads\/2023\/01\/5.jpeg\"><img loading=\"lazy\" decoding=\"async\" class=\"alignnone wp-image-2043 size-full\" src=\"https:\/\/starmodul.com\/wp-content\/uploads\/2023\/01\/5.jpeg\" alt=\"\" width=\"617\" height=\"865\" title=\"\" srcset=\"https:\/\/starmodul.com\/wp-content\/uploads\/2023\/01\/5.jpeg 617w, https:\/\/starmodul.com\/wp-content\/uploads\/2023\/01\/5-214x300.jpeg 214w, https:\/\/starmodul.com\/wp-content\/uploads\/2023\/01\/5-600x841.jpeg 600w\" sizes=\"(max-width: 617px) 100vw, 617px\" \/><\/a> <a href=\"https:\/\/starmodul.com\/wp-content\/uploads\/2023\/01\/6.jpeg\"><img loading=\"lazy\" decoding=\"async\" class=\"alignnone wp-image-2044 size-full\" src=\"https:\/\/starmodul.com\/wp-content\/uploads\/2023\/01\/6.jpeg\" alt=\"\" width=\"617\" height=\"872\" title=\"\" srcset=\"https:\/\/starmodul.com\/wp-content\/uploads\/2023\/01\/6.jpeg 617w, https:\/\/starmodul.com\/wp-content\/uploads\/2023\/01\/6-212x300.jpeg 212w, https:\/\/starmodul.com\/wp-content\/uploads\/2023\/01\/6-600x848.jpeg 600w\" sizes=\"(max-width: 617px) 100vw, 617px\" \/><\/a> <a href=\"https:\/\/starmodul.com\/wp-content\/uploads\/2023\/01\/7.jpeg\"><img loading=\"lazy\" decoding=\"async\" class=\"alignnone wp-image-2045 size-full\" src=\"https:\/\/starmodul.com\/wp-content\/uploads\/2023\/01\/7.jpeg\" alt=\"\" width=\"615\" height=\"870\" title=\"\" srcset=\"https:\/\/starmodul.com\/wp-content\/uploads\/2023\/01\/7.jpeg 615w, https:\/\/starmodul.com\/wp-content\/uploads\/2023\/01\/7-212x300.jpeg 212w, https:\/\/starmodul.com\/wp-content\/uploads\/2023\/01\/7-600x849.jpeg 600w\" sizes=\"(max-width: 615px) 100vw, 615px\" \/><\/a> <a href=\"https:\/\/starmodul.com\/wp-content\/uploads\/2023\/01\/8.jpeg\"><img loading=\"lazy\" decoding=\"async\" class=\"alignnone wp-image-2046 size-full\" src=\"https:\/\/starmodul.com\/wp-content\/uploads\/2023\/01\/8.jpeg\" alt=\"\" width=\"616\" height=\"872\" title=\"\" srcset=\"https:\/\/starmodul.com\/wp-content\/uploads\/2023\/01\/8.jpeg 616w, https:\/\/starmodul.com\/wp-content\/uploads\/2023\/01\/8-212x300.jpeg 212w, https:\/\/starmodul.com\/wp-content\/uploads\/2023\/01\/8-600x849.jpeg 600w\" sizes=\"(max-width: 616px) 100vw, 616px\" \/><\/a><\/p>\n<\/div>\t\t\t<\/div>\n\t\t\t\t\t<\/div>\n\t\t\t\t\t\t<\/div>\n\t\t\t\t<\/div>\n\t\t\t\t\t<\/div>\n\t\t<\/div>\n\t\t\t\t\t<\/div>\n\t\t<\/section>\n\t\t\t\t<\/div>\n\t\t","protected":false},"excerpt":{"rendered":"<p>StarModul Zertifikate und Patente Zertifikate und Festigkeitsstudien f\u00fcr unsere Schraubverbindungen f\u00fcr Metallkonstruktionen. CE-zertifiziertErkl\u00e4rung der VorteileIngenieurdienstleistungThermische Studie des Systems<\/p>\n","protected":false},"author":303,"featured_media":0,"parent":0,"menu_order":0,"comment_status":"closed","ping_status":"closed","template":"elementor_header_footer","meta":{"footnotes":""},"class_list":["post-11095","page","type-page","status-publish","hentry"],"_links":{"self":[{"href":"https:\/\/starmodul.com\/de\/wp-json\/wp\/v2\/pages\/11095","targetHints":{"allow":["GET"]}}],"collection":[{"href":"https:\/\/starmodul.com\/de\/wp-json\/wp\/v2\/pages"}],"about":[{"href":"https:\/\/starmodul.com\/de\/wp-json\/wp\/v2\/types\/page"}],"author":[{"embeddable":true,"href":"https:\/\/starmodul.com\/de\/wp-json\/wp\/v2\/users\/303"}],"replies":[{"embeddable":true,"href":"https:\/\/starmodul.com\/de\/wp-json\/wp\/v2\/comments?post=11095"}],"version-history":[{"count":0,"href":"https:\/\/starmodul.com\/de\/wp-json\/wp\/v2\/pages\/11095\/revisions"}],"wp:attachment":[{"href":"https:\/\/starmodul.com\/de\/wp-json\/wp\/v2\/media?parent=11095"}],"curies":[{"name":"wp","href":"https:\/\/api.w.org\/{rel}","templated":true}]}}