{"id":11093,"date":"2022-12-25T10:40:12","date_gmt":"2022-12-25T09:40:12","guid":{"rendered":"https:\/\/starmodul.com\/cookie-richtlinie\/"},"modified":"2024-07-11T08:32:55","modified_gmt":"2024-07-11T06:32:55","slug":"cookie-richtlinie","status":"publish","type":"page","link":"https:\/\/starmodul.com\/de\/cookie-richtlinie\/","title":{"rendered":"Cookie-Richtlinie"},"content":{"rendered":"\t\t<div data-elementor-type=\"wp-page\" data-elementor-id=\"11093\" class=\"elementor elementor-11093 elementor-1329\" data-elementor-post-type=\"page\">\n\t\t\t\t\t\t<section class=\"elementor-section elementor-top-section elementor-element elementor-element-317c167 elementor-section-boxed elementor-section-height-default elementor-section-height-default\" data-id=\"317c167\" data-element_type=\"section\" data-e-type=\"section\" data-settings=\"{&quot;background_background&quot;:&quot;classic&quot;,&quot;jet_parallax_layout_list&quot;:[]}\">\n\t\t\t\t\t\t<div class=\"elementor-container elementor-column-gap-default\">\n\t\t\t\t\t<div class=\"elementor-column elementor-col-100 elementor-top-column elementor-element elementor-element-a70002e\" data-id=\"a70002e\" data-element_type=\"column\" data-e-type=\"column\">\n\t\t\t<div class=\"elementor-widget-wrap elementor-element-populated\">\n\t\t\t\t\t\t<div class=\"elementor-element elementor-element-40bd93a elementor-widget elementor-widget-heading\" data-id=\"40bd93a\" data-element_type=\"widget\" data-e-type=\"widget\" data-widget_type=\"heading.default\">\n\t\t\t\t<div class=\"elementor-widget-container\">\n\t\t\t\t\t<h2 class=\"elementor-heading-title elementor-size-default\">Cookie-Richtlinie ( Portugal )<\/h2>\t\t\t\t<\/div>\n\t\t\t\t<\/div>\n\t\t\t\t\t<\/div>\n\t\t<\/div>\n\t\t\t\t\t<\/div>\n\t\t<\/section>\n\t\t\t\t<section class=\"elementor-section elementor-top-section elementor-element elementor-element-f23d4d5 elementor-section-boxed elementor-section-height-default elementor-section-height-default\" data-id=\"f23d4d5\" data-element_type=\"section\" data-e-type=\"section\" data-settings=\"{&quot;jet_parallax_layout_list&quot;:[]}\">\n\t\t\t\t\t\t<div class=\"elementor-container elementor-column-gap-default\">\n\t\t\t\t\t<div class=\"elementor-column elementor-col-100 elementor-top-column elementor-element elementor-element-0d5c967\" data-id=\"0d5c967\" data-element_type=\"column\" data-e-type=\"column\">\n\t\t\t<div class=\"elementor-widget-wrap elementor-element-populated\">\n\t\t\t\t\t\t<div class=\"elementor-element elementor-element-d613532 elementor-widget elementor-widget-text-editor\" data-id=\"d613532\" data-element_type=\"widget\" data-e-type=\"widget\" data-widget_type=\"text-editor.default\">\n\t\t\t\t<div class=\"elementor-widget-container\">\n\t\t\t\t\t\t\t\t\t<p>Diese Website verwendet Cookies und\/oder \u00e4hnliche Technologien, die Informationen speichern und abrufen, wenn Sie surfen. In dieser Cookie-Richtlinie erkl\u00e4ren wir, was Cookies sind, wof\u00fcr sie verwendet werden und wie Sie sie konfigurieren und\/oder deaktivieren k\u00f6nnen, wenn Sie dies w\u00fcnschen. Wir teilen Ihnen auch mit, welche Arten von Cookies zu welchem Zweck von dem Unternehmen der Sanitas Gruppe verwendet werden, das f\u00fcr die Website verantwortlich ist, \u00fcber die Sie auf diese Cookie-Richtlinie zugegriffen haben (die &#8222;Website&#8220;) und die im dortigen rechtlichen Hinweis ordnungsgem\u00e4\u00df angegeben ist.  <\/p>\n<p>Wir bitten Sie, diese Cookie-Richtlinie sorgf\u00e4ltig zu lesen.  <\/p>\n\t\t\t\t\t\t\t\t<\/div>\n\t\t\t\t<\/div>\n\t\t\t\t\t<\/div>\n\t\t<\/div>\n\t\t\t\t\t<\/div>\n\t\t<\/section>\n\t\t\t\t<section class=\"elementor-section elementor-top-section elementor-element elementor-element-093c60a elementor-section-boxed elementor-section-height-default elementor-section-height-default\" data-id=\"093c60a\" data-element_type=\"section\" data-e-type=\"section\" data-settings=\"{&quot;jet_parallax_layout_list&quot;:[],&quot;background_background&quot;:&quot;classic&quot;}\">\n\t\t\t\t\t\t<div class=\"elementor-container elementor-column-gap-default\">\n\t\t\t\t\t<div class=\"elementor-column elementor-col-100 elementor-top-column elementor-element elementor-element-ee0b2dd\" data-id=\"ee0b2dd\" data-element_type=\"column\" data-e-type=\"column\">\n\t\t\t<div class=\"elementor-widget-wrap elementor-element-populated\">\n\t\t\t\t\t\t<div class=\"elementor-element elementor-element-4157986 elementor-widget elementor-widget-heading\" data-id=\"4157986\" data-element_type=\"widget\" data-e-type=\"widget\" data-widget_type=\"heading.default\">\n\t\t\t\t<div class=\"elementor-widget-container\">\n\t\t\t\t\t<h2 class=\"elementor-heading-title elementor-size-default\">1. was sind Cookies und wof\u00fcr werden sie verwendet?  \n\n<\/h2>\t\t\t\t<\/div>\n\t\t\t\t<\/div>\n\t\t\t\t<div class=\"elementor-element elementor-element-7ff2154 elementor-widget elementor-widget-text-editor\" data-id=\"7ff2154\" data-element_type=\"widget\" data-e-type=\"widget\" data-widget_type=\"text-editor.default\">\n\t\t\t\t<div class=\"elementor-widget-container\">\n\t\t\t\t\t\t\t\t\t<p>Cookies sind Datenspeicher und -abrufvorrichtungen, die auf Ihrem Ger\u00e4t (z. B. Ihrem Computer, Tablet oder Mobiltelefon) verwendet werden, um Informationen zu speichern und bereits gespeicherte Informationen abzurufen. Cookies werden verwendet, um die Qualit\u00e4t, die Benutzerfreundlichkeit und das ordnungsgem\u00e4\u00dfe Funktionieren von Websites zu gew\u00e4hrleisten, Informationen \u00fcber die Surfgewohnheiten zu speichern und wiederzugewinnen, den Inhalt zu personalisieren und manchmal den Benutzer einer Website zu erkennen.  <\/p>\n<p>Cookies sind daher f\u00fcr das Funktionieren des Internets unerl\u00e4sslich und stellen in keiner Weise eine Gefahr f\u00fcr Ihren Computer oder Ihr Ger\u00e4t dar. Dar\u00fcber hinaus k\u00f6nnen sie uns helfen, Verbesserungsbedarf an Teilen der Website zu erkennen und Fehlfunktionen zu entdecken.<\/p>\n\t\t\t\t\t\t\t\t<\/div>\n\t\t\t\t<\/div>\n\t\t\t\t\t<\/div>\n\t\t<\/div>\n\t\t\t\t\t<\/div>\n\t\t<\/section>\n\t\t\t\t<section class=\"elementor-section elementor-top-section elementor-element elementor-element-24cf5ee elementor-section-boxed elementor-section-height-default elementor-section-height-default\" data-id=\"24cf5ee\" data-element_type=\"section\" data-e-type=\"section\" data-settings=\"{&quot;jet_parallax_layout_list&quot;:[]}\">\n\t\t\t\t\t\t<div class=\"elementor-container elementor-column-gap-default\">\n\t\t\t\t\t<div class=\"elementor-column elementor-col-100 elementor-top-column elementor-element elementor-element-547555a\" data-id=\"547555a\" data-element_type=\"column\" data-e-type=\"column\">\n\t\t\t<div class=\"elementor-widget-wrap elementor-element-populated\">\n\t\t\t\t\t\t<div class=\"elementor-element elementor-element-fff86d8 elementor-widget elementor-widget-heading\" data-id=\"fff86d8\" data-element_type=\"widget\" data-e-type=\"widget\" data-widget_type=\"heading.default\">\n\t\t\t\t<div class=\"elementor-widget-container\">\n\t\t\t\t\t<h2 class=\"elementor-heading-title elementor-size-default\">2) Welche Arten von Cookies werden auf dieser Website verwendet, und welchen Zweck erf\u00fcllen sie?  \n\n<\/h2>\t\t\t\t<\/div>\n\t\t\t\t<\/div>\n\t\t\t\t<div class=\"elementor-element elementor-element-00c0cd2 elementor-widget elementor-widget-text-editor\" data-id=\"00c0cd2\" data-element_type=\"widget\" data-e-type=\"widget\" data-widget_type=\"text-editor.default\">\n\t\t\t\t<div class=\"elementor-widget-container\">\n\t\t\t\t\t\t\t\t\t<p>Nachstehend finden Sie Informationen \u00fcber die verschiedenen Arten von Cookies, die wir auf der Website verwenden.  <\/p>\n<ul>\n<li>Technische Cookies: Es handelt sich um Cookies, die es Ihnen erm\u00f6glichen, auf der Website zu surfen und die verschiedenen Funktionen und Dienste zu nutzen, z. B. die Anmeldung mit Ihrer Kennung, die Erinnerung an die Elemente, aus denen eine Bestellung besteht, die Durchf\u00fchrung eines Kaufvorgangs, die Verwaltung einer Zahlung und die Betrugsbek\u00e4mpfung im Zusammenhang mit der Sicherheit des Dienstes. Diese Cookies werden automatisch auf Ihrem Ger\u00e4t installiert.  <\/li>\n<li>Pr\u00e4ferenz- oder Personalisierungs-Cookies: Dies sind Cookies, die es Ihnen erm\u00f6glichen, Informationen zu speichern, damit Sie die Website mit Merkmalen aufrufen k\u00f6nnen, die Sie von anderen Nutzern unterscheiden, wie z. B. das Aussehen oder der Inhalt der Website oder ihre Sprache (falls Sie diese Option haben), die je nach dem von Ihnen verwendeten Browser variieren kann.  <\/li>\n<li>Analyse- oder Mess-Cookies: Diese Cookies erm\u00f6glichen die \u00dcberwachung und Analyse Ihres Verhaltens auf der Website. Diese Informationen erm\u00f6glichen es, die Aktivit\u00e4t der Website zu messen und zu analysieren, um auf der Grundlage der Analyse der gesammelten Browsing-Daten die notwendigen Verbesserungen an der Website vorzunehmen.  <\/li>\n<li>Cookies f\u00fcr verhaltensbezogene Werbung: Diese Cookies speichern Informationen \u00fcber das Verhalten der Nutzer, die durch die kontinuierliche Beobachtung ihrer Surfgewohnheiten gewonnen werden und die es erm\u00f6glichen, ein spezifisches Profil zu erstellen, um darauf basierende Werbung anzuzeigen.  <\/li>\n<\/ul>\n<p>Die Liste der Cookies, die von der von Ihnen besuchten Website verwendet werden, und die Merkmale dieser Cookies k\u00f6nnen Sie in Abschnitt 4 dieser Richtlinie einsehen: &#8222;Liste der Cookies&#8220;.  <\/p>\n\t\t\t\t\t\t\t\t<\/div>\n\t\t\t\t<\/div>\n\t\t\t\t\t<\/div>\n\t\t<\/div>\n\t\t\t\t\t<\/div>\n\t\t<\/section>\n\t\t\t\t<section class=\"elementor-section elementor-top-section elementor-element elementor-element-dab5026 elementor-section-boxed elementor-section-height-default elementor-section-height-default\" data-id=\"dab5026\" data-element_type=\"section\" data-e-type=\"section\" data-settings=\"{&quot;jet_parallax_layout_list&quot;:[],&quot;background_background&quot;:&quot;classic&quot;}\">\n\t\t\t\t\t\t<div class=\"elementor-container elementor-column-gap-default\">\n\t\t\t\t\t<div class=\"elementor-column elementor-col-100 elementor-top-column elementor-element elementor-element-abd5df8\" data-id=\"abd5df8\" data-element_type=\"column\" data-e-type=\"column\">\n\t\t\t<div class=\"elementor-widget-wrap elementor-element-populated\">\n\t\t\t\t\t\t<div class=\"elementor-element elementor-element-9cfae3d elementor-widget elementor-widget-heading\" data-id=\"9cfae3d\" data-element_type=\"widget\" data-e-type=\"widget\" data-widget_type=\"heading.default\">\n\t\t\t\t<div class=\"elementor-widget-container\">\n\t\t\t\t\t<h2 class=\"elementor-heading-title elementor-size-default\">3 Wie k\u00f6nnen Sie Cookies auf der Website setzen?  \n<\/h2>\t\t\t\t<\/div>\n\t\t\t\t<\/div>\n\t\t\t\t<div class=\"elementor-element elementor-element-ba5f471 elementor-widget elementor-widget-text-editor\" data-id=\"ba5f471\" data-element_type=\"widget\" data-e-type=\"widget\" data-widget_type=\"text-editor.default\">\n\t\t\t\t<div class=\"elementor-widget-container\">\n\t\t\t\t\t\t\t\t\t<p><b>3.1. Cookie-Einstellungen \u00fcber das Cookie-Einstellungszentrum<\/b> <\/p>\n<p>Sie k\u00f6nnen die Verwendung von Cookies \u00fcber das von uns zur Verf\u00fcgung gestellte Cookie-Einstellungszentrum akzeptieren oder ablehnen, auf das Sie sowohl \u00fcber die grundlegende Cookie-Informationsmeldung, die beim ersten Besuch der Website erscheint, als auch \u00fcber den folgenden Link, der Sie zum Cookie-Einstellungszentrum f\u00fchrt, zugreifen k\u00f6nnen: die Verwendung von Cookies einstellen oder ablehnen.  <\/p>\n<p>Bitte beachten Sie, dass Sie, wenn Sie Cookies von Drittanbietern akzeptieren, diese auf Wunsch direkt \u00fcber die Cookie-Verwaltungsoptionen Ihres Browsers l\u00f6schen sollten, wie in der folgenden Ziffer 3.2 erl\u00e4utert.  <\/p>\n<\/p>\n<p><b>3.2. Setzen von Cookies \u00fcber Ihren Browser<\/b> <\/p>\n<p>Sie k\u00f6nnen die auf Ihrem Computer installierten Cookies jederzeit \u00fcber die Optionen des von Ihnen verwendeten Browsers zulassen, blockieren oder l\u00f6schen. Wir sagen Ihnen, wie Sie es tun k\u00f6nnen:  <\/p>\n<ul>\n<li>Wenn Sie den Microsoft Internet Explorer verwenden: Klicken Sie im Internet Explorer auf die Schaltfl\u00e4che Extras und dann auf Internetoptionen &gt; Datenschutz &gt; Einstellungen &gt; OK. F\u00fcr weitere Informationen, klicken Sie <a href=\"https:\/\/support.microsoft.com\/es-es\/help\/17442\/windows-internet-explorer-delete-manage-cookies\" target=\"_blank\" rel=\"noopener\">hier<\/a> <\/li>\n<li>Wenn Sie Firefox verwenden: Klicken Sie auf die Firefox-Schaltfl\u00e4che und w\u00e4hlen Sie Optionen &gt; Datenschutz &gt; Benutzerdefinierte Einstellungen f\u00fcr den Verlauf verwenden &gt; Aktivieren Sie die Option Cookies akzeptieren, um Cookies zuzulassen, deaktivieren Sie sie &gt; W\u00e4hlen Sie, wie lange Cookies gespeichert werden sollen &gt; OK. F\u00fcr weitere Informationen, klicken Sie <a href=\"https:\/\/support.mozilla.org\/es\/products\/firefox\/privacy-and-security\" target=\"_blank\" rel=\"noopener\">hier<\/a> <\/li>\n<li>Wenn Sie Google Chrome verwenden: Klicken Sie auf das Chrome-Men\u00fc in der Browser-Symbolleiste &gt; Einstellungen &gt; Erweiterte Optionen anzeigen &gt; Klicken Sie im Abschnitt &#8222;Datenschutz&#8220; auf Inhaltseinstellungen &gt; Im Abschnitt &#8222;Cookies&#8220; k\u00f6nnen Sie Cookies konfigurieren. F\u00fcr weitere Informationen, klicken Sie <a href=\"https:\/\/support.google.com\/chrome\/answer\/95647?hl=es\" target=\"_blank\" rel=\"noopener\">hier<\/a> <\/li>\n<li>Wenn Sie Safari verwenden: Gehen Sie zu Einstellungen und w\u00e4hlen Sie im Bereich Datenschutz die Option Cookies blockieren, und w\u00e4hlen Sie die von Ihnen bevorzugte Option aus den vom Browser angebotenen Optionen. F\u00fcr weitere Informationen, klicken Sie <a href=\"https:\/\/support.apple.com\/es-es\/guide\/safari\/sfri11471\/mac\" target=\"_blank\" rel=\"noopener\">hier<\/a> <\/li>\n<li>Wenn Sie Opera verwenden: Klicken Sie auf Einstellungen &gt; Optionen &gt; Erweitert &gt; Cookies. F\u00fcr weitere Informationen, klicken Sie <a href=\"https:\/\/help.opera.com\/en\/latest\/web-preferences\/#cookies\" target=\"_blank\" rel=\"noopener\">hier<\/a> <\/li>\n<li>Wenn Sie ein iPhone oder iPad verwenden: W\u00e4hlen Sie auf dem Startbildschirm Einstellungen &gt; Safari und w\u00e4hlen Sie dann Ihre bevorzugten Einstellungen. F\u00fcr weitere Informationen, klicken Sie <a href=\"https:\/\/support.apple.com\/es-es\/HT201265\" target=\"_blank\" rel=\"noopener\">hier<\/a> <\/li>\n<li>Wenn Sie Android verwenden: Klicken Sie auf Men\u00fc &gt; Einstellungen &gt; Sicherheit und Datenschutz &gt; aktivieren oder deaktivieren Sie das Kontrollk\u00e4stchen &#8222;Cookies akzeptieren&#8220; &gt; Starten Sie den Browser neu, damit die \u00c4nderungen wirksam werden.  <\/li>\n<li>Wenn Sie Windows Phone verwenden: Klicken Sie im Internet Explorer auf Mehr &gt; Einstellungen. Sie k\u00f6nnen die Einstellungen des Internet Explorers auch \u00fcber Einstellungen in der Liste der Anwendungen aufrufen. Aktivieren oder deaktivieren Sie die Option Cookies zulassen.  <\/li>\n<\/ul>\n\t\t\t\t\t\t\t\t<\/div>\n\t\t\t\t<\/div>\n\t\t\t\t\t<\/div>\n\t\t<\/div>\n\t\t\t\t\t<\/div>\n\t\t<\/section>\n\t\t\t\t<section class=\"elementor-section elementor-top-section elementor-element elementor-element-941678d elementor-section-boxed elementor-section-height-default elementor-section-height-default\" data-id=\"941678d\" data-element_type=\"section\" data-e-type=\"section\" data-settings=\"{&quot;jet_parallax_layout_list&quot;:[]}\">\n\t\t\t\t\t\t<div class=\"elementor-container elementor-column-gap-default\">\n\t\t\t\t\t<div class=\"elementor-column elementor-col-100 elementor-top-column elementor-element elementor-element-41db047\" data-id=\"41db047\" data-element_type=\"column\" data-e-type=\"column\">\n\t\t\t<div class=\"elementor-widget-wrap elementor-element-populated\">\n\t\t\t\t\t\t<div class=\"elementor-element elementor-element-13c2338 elementor-widget elementor-widget-heading\" data-id=\"13c2338\" data-element_type=\"widget\" data-e-type=\"widget\" data-widget_type=\"heading.default\">\n\t\t\t\t<div class=\"elementor-widget-container\">\n\t\t\t\t\t<h2 class=\"elementor-heading-title elementor-size-default\">4. Zus\u00e4tzliche Informationen  \n\n<\/h2>\t\t\t\t<\/div>\n\t\t\t\t<\/div>\n\t\t\t\t<div class=\"elementor-element elementor-element-021ee4a elementor-widget elementor-widget-text-editor\" data-id=\"021ee4a\" data-element_type=\"widget\" data-e-type=\"widget\" data-widget_type=\"text-editor.default\">\n\t\t\t\t<div class=\"elementor-widget-container\">\n\t\t\t\t\t\t\t\t\t<p>Weitere Informationen \u00fcber die Verarbeitung Ihrer Daten, insbesondere \u00fcber Ihre Rechte und deren Aus\u00fcbung, k\u00f6nnen Sie in den rechtlichen Hinweisen und der Datenschutzerkl\u00e4rung nachlesen, die Sie \u00fcber den Link am Ende der Seite auf der Website finden und die wir Ihnen ans Herz legen.  <\/p>\n\t\t\t\t\t\t\t\t<\/div>\n\t\t\t\t<\/div>\n\t\t\t\t\t<\/div>\n\t\t<\/div>\n\t\t\t\t\t<\/div>\n\t\t<\/section>\n\t\t\t\t<\/div>\n\t\t","protected":false},"excerpt":{"rendered":"<p>Cookie-Richtlinie ( Portugal ) Diese Website verwendet Cookies und\/oder \u00e4hnliche Technologien, die Informationen speichern und abrufen, wenn Sie surfen. In dieser Cookie-Richtlinie erkl\u00e4ren wir, was Cookies sind, wof\u00fcr sie verwendet werden und wie Sie sie konfigurieren und\/oder deaktivieren k\u00f6nnen, wenn Sie dies w\u00fcnschen. Wir teilen Ihnen auch mit, welche Arten von Cookies zu welchem Zweck [&hellip;]<\/p>\n","protected":false},"author":303,"featured_media":0,"parent":0,"menu_order":0,"comment_status":"closed","ping_status":"closed","template":"elementor_header_footer","meta":{"footnotes":""},"class_list":["post-11093","page","type-page","status-publish","hentry"],"_links":{"self":[{"href":"https:\/\/starmodul.com\/de\/wp-json\/wp\/v2\/pages\/11093","targetHints":{"allow":["GET"]}}],"collection":[{"href":"https:\/\/starmodul.com\/de\/wp-json\/wp\/v2\/pages"}],"about":[{"href":"https:\/\/starmodul.com\/de\/wp-json\/wp\/v2\/types\/page"}],"author":[{"embeddable":true,"href":"https:\/\/starmodul.com\/de\/wp-json\/wp\/v2\/users\/303"}],"replies":[{"embeddable":true,"href":"https:\/\/starmodul.com\/de\/wp-json\/wp\/v2\/comments?post=11093"}],"version-history":[{"count":0,"href":"https:\/\/starmodul.com\/de\/wp-json\/wp\/v2\/pages\/11093\/revisions"}],"wp:attachment":[{"href":"https:\/\/starmodul.com\/de\/wp-json\/wp\/v2\/media?parent=11093"}],"curies":[{"name":"wp","href":"https:\/\/api.w.org\/{rel}","templated":true}]}}