{"id":11056,"date":"2022-12-25T10:36:06","date_gmt":"2022-12-25T09:36:06","guid":{"rendered":"https:\/\/starmodul.com\/sichere-bezahlung\/"},"modified":"2024-07-11T08:33:21","modified_gmt":"2024-07-11T06:33:21","slug":"sichere-bezahlung","status":"publish","type":"page","link":"https:\/\/starmodul.com\/de\/sichere-bezahlung\/","title":{"rendered":"Sichere Bezahlung"},"content":{"rendered":"\t\t<div data-elementor-type=\"wp-page\" data-elementor-id=\"11056\" class=\"elementor elementor-11056 elementor-1320\" data-elementor-post-type=\"page\">\n\t\t\t\t\t\t<section class=\"elementor-section elementor-top-section elementor-element elementor-element-317c167 elementor-section-boxed elementor-section-height-default elementor-section-height-default\" data-id=\"317c167\" data-element_type=\"section\" data-e-type=\"section\" data-settings=\"{&quot;background_background&quot;:&quot;classic&quot;,&quot;jet_parallax_layout_list&quot;:[]}\">\n\t\t\t\t\t\t<div class=\"elementor-container elementor-column-gap-default\">\n\t\t\t\t\t<div class=\"elementor-column elementor-col-100 elementor-top-column elementor-element elementor-element-a70002e\" data-id=\"a70002e\" data-element_type=\"column\" data-e-type=\"column\">\n\t\t\t<div class=\"elementor-widget-wrap elementor-element-populated\">\n\t\t\t\t\t\t<div class=\"elementor-element elementor-element-40bd93a elementor-widget elementor-widget-heading\" data-id=\"40bd93a\" data-element_type=\"widget\" data-e-type=\"widget\" data-widget_type=\"heading.default\">\n\t\t\t\t<div class=\"elementor-widget-container\">\n\t\t\t\t\t<h2 class=\"elementor-heading-title elementor-size-default\">Sichere Bezahlung<\/h2>\t\t\t\t<\/div>\n\t\t\t\t<\/div>\n\t\t\t\t\t<\/div>\n\t\t<\/div>\n\t\t\t\t\t<\/div>\n\t\t<\/section>\n\t\t\t\t<section class=\"elementor-section elementor-top-section elementor-element elementor-element-f23d4d5 elementor-section-boxed elementor-section-height-default elementor-section-height-default\" data-id=\"f23d4d5\" data-element_type=\"section\" data-e-type=\"section\" data-settings=\"{&quot;jet_parallax_layout_list&quot;:[]}\">\n\t\t\t\t\t\t<div class=\"elementor-container elementor-column-gap-default\">\n\t\t\t\t\t<div class=\"elementor-column elementor-col-100 elementor-top-column elementor-element elementor-element-0d5c967\" data-id=\"0d5c967\" data-element_type=\"column\" data-e-type=\"column\">\n\t\t\t<div class=\"elementor-widget-wrap elementor-element-populated\">\n\t\t\t\t\t\t<div class=\"elementor-element elementor-element-d613532 elementor-widget elementor-widget-text-editor\" data-id=\"d613532\" data-element_type=\"widget\" data-e-type=\"widget\" data-widget_type=\"text-editor.default\">\n\t\t\t\t<div class=\"elementor-widget-container\">\n\t\t\t\t\t\t\t\t\t<p style=\"font-weight: 400;\">Unser Ziel ist es, Ihren Einkauf schnell und einfach zu gestalten, indem wir Ihnen eine Vielzahl von Zahlungsm\u00f6glichkeiten anbieten, damit Sie die f\u00fcr Sie passende ausw\u00e4hlen k\u00f6nnen. Zahlungen per Kredit-\/Debitkarte, Bank\u00fcberweisung oder PayPal werden akzeptiert.<\/p>\n<p style=\"font-weight: 400;\">Der Kunde verpflichtet sich, zum Zeitpunkt der Bestellung zu zahlen. Der von Starmodul S.L. angegebene Ausgangspreis f\u00fcr jedes der angebotenen Produkte erh\u00f6ht sich um die entsprechenden Versandkosten. In jedem Fall werden diese Preise dem Kunden vor Abschluss des Kaufs mitgeteilt.<\/p>\n<p style=\"font-weight: 400;\">Die Quittung oder der Kaufbeleg, die der Bestellung entsprechen, sind unter www.starmodul.com in der Rubrik &#8222;Mein Konto&#8220;, &#8222;Bestellungen&#8220; einsehbar.<\/p>\n<p style=\"font-weight: 400;\">Der Kunde muss den seiner Bestellung entsprechenden Betrag per Kredit- oder Debitkarte (Visa, Mastercard, Visa Electron und\/oder andere \u00e4hnliche Karten), Bank\u00fcberweisung oder Paypal bezahlen. Die Karte, mit der die Zahlung erfolgt, muss von einer europ\u00e4ischen Bank oder Sparkasse ausgestellt sein. Die Zahlung per Karte erfolgt \u00fcber Cajamar mit seinen Sicherheitsprotokollen.<\/p>\n<p style=\"font-weight: 400;\">Der Kunde muss Starmodul S.L. so schnell wie m\u00f6glich per E-Mail oder Telefon \u00fcber jede unrechtm\u00e4\u00dfige oder betr\u00fcgerische Belastung der f\u00fcr die Eink\u00e4ufe verwendeten Karte informieren, damit Starmodul S.L. die entsprechenden Schritte einleiten kann.<\/p>\n\t\t\t\t\t\t\t\t<\/div>\n\t\t\t\t<\/div>\n\t\t\t\t\t<\/div>\n\t\t<\/div>\n\t\t\t\t\t<\/div>\n\t\t<\/section>\n\t\t\t\t<section class=\"elementor-section elementor-top-section elementor-element elementor-element-093c60a elementor-section-boxed elementor-section-height-default elementor-section-height-default\" data-id=\"093c60a\" data-element_type=\"section\" data-e-type=\"section\" data-settings=\"{&quot;jet_parallax_layout_list&quot;:[],&quot;background_background&quot;:&quot;classic&quot;}\">\n\t\t\t\t\t\t<div class=\"elementor-container elementor-column-gap-default\">\n\t\t\t\t\t<div class=\"elementor-column elementor-col-100 elementor-top-column elementor-element elementor-element-ee0b2dd\" data-id=\"ee0b2dd\" data-element_type=\"column\" data-e-type=\"column\">\n\t\t\t<div class=\"elementor-widget-wrap elementor-element-populated\">\n\t\t\t\t\t\t<div class=\"elementor-element elementor-element-4157986 elementor-widget elementor-widget-heading\" data-id=\"4157986\" data-element_type=\"widget\" data-e-type=\"widget\" data-widget_type=\"heading.default\">\n\t\t\t\t<div class=\"elementor-widget-container\">\n\t\t\t\t\t<h2 class=\"elementor-heading-title elementor-size-default\">Sichere Kartenzahlung<\/h2>\t\t\t\t<\/div>\n\t\t\t\t<\/div>\n\t\t\t\t<div class=\"elementor-element elementor-element-7ff2154 elementor-widget elementor-widget-text-editor\" data-id=\"7ff2154\" data-element_type=\"widget\" data-e-type=\"widget\" data-widget_type=\"text-editor.default\">\n\t\t\t\t<div class=\"elementor-widget-container\">\n\t\t\t\t\t\t\t\t\t<p style=\"font-weight: 400;\">Starmodul S.L. bietet Ihnen ein sicheres Online-Kartenzahlungssystem, mit dem Sie Ihre Online-Eink\u00e4ufe in aller Ruhe und Sicherheit t\u00e4tigen k\u00f6nnen. Alle Daten, die dabei \u00fcbermittelt werden, werden mit dem SSL-Protokoll (Secure Socket Layers) verschl\u00fcsselt, um h\u00f6chste Sicherheit zu gew\u00e4hrleisten, und k\u00f6nnen w\u00e4hrend der \u00dcbermittlung nicht abgefangen werden.<\/p>\n<p style=\"font-weight: 400;\">Zu diesem Zweck hat Starmodul S.L. den internationalen VISA-Sicherheitsstandard &#8222;Verified by VISA&#8220; eingef\u00fchrt, der seit April 2002 gilt. Bei Mastercard hei\u00dft es &#8222;MasterCard SecureCode&#8220;.<\/p>\n<ul style=\"font-weight: 400;\">\n<li><a href=\"https:\/\/sis-t.redsys.es:25443\/sis\/html\/verifiedByVisa1.html\" target=\"_blank\" rel=\"noopener\">VOM VISUM VERIFIZIERT<\/a><\/li>\n<li><a href=\"https:\/\/www.mastercard.us\/en-us.html\" target=\"_blank\" rel=\"noopener\">MASTERCARD SICHERHEITSCODE<\/a><\/li>\n<\/ul>\n<p style=\"font-weight: 400;\">Weitere Informationen \u00fcber diesen Dienst finden Sie auf der Seite Verified by VISA.<\/p>\n\t\t\t\t\t\t\t\t<\/div>\n\t\t\t\t<\/div>\n\t\t\t\t\t<\/div>\n\t\t<\/div>\n\t\t\t\t\t<\/div>\n\t\t<\/section>\n\t\t\t\t<section class=\"elementor-section elementor-top-section elementor-element elementor-element-24cf5ee elementor-section-boxed elementor-section-height-default elementor-section-height-default\" data-id=\"24cf5ee\" data-element_type=\"section\" data-e-type=\"section\" data-settings=\"{&quot;jet_parallax_layout_list&quot;:[]}\">\n\t\t\t\t\t\t<div class=\"elementor-container elementor-column-gap-default\">\n\t\t\t\t\t<div class=\"elementor-column elementor-col-100 elementor-top-column elementor-element elementor-element-547555a\" data-id=\"547555a\" data-element_type=\"column\" data-e-type=\"column\">\n\t\t\t<div class=\"elementor-widget-wrap elementor-element-populated\">\n\t\t\t\t\t\t<div class=\"elementor-element elementor-element-fff86d8 elementor-widget elementor-widget-heading\" data-id=\"fff86d8\" data-element_type=\"widget\" data-e-type=\"widget\" data-widget_type=\"heading.default\">\n\t\t\t\t<div class=\"elementor-widget-container\">\n\t\t\t\t\t<h2 class=\"elementor-heading-title elementor-size-default\">Wie funktioniert das Verified By Visa - MasterCard SecureCode System?<\/h2>\t\t\t\t<\/div>\n\t\t\t\t<\/div>\n\t\t\t\t<div class=\"elementor-element elementor-element-00c0cd2 elementor-widget elementor-widget-text-editor\" data-id=\"00c0cd2\" data-element_type=\"widget\" data-e-type=\"widget\" data-widget_type=\"text-editor.default\">\n\t\t\t\t<div class=\"elementor-widget-container\">\n\t\t\t\t\t\t\t\t\t<p style=\"font-weight: 400;\">Wenden Sie sich an Ihre Bankfiliale und beantragen Sie die Aktivierung des sicheren Zahlungsdienstes f\u00fcr Online-Eink\u00e4ufe. Dieses System besteht aus einem Passwort, einer Phrase, die nur Sie kennen, einem Zufallscode, der an Ihr Mobiltelefon gesendet wird, usw. Jede Bank hat ihr eigenes Identifikationssystem. Viele Institutionen bieten sogar eine Online-Anmeldung an, ohne dass Sie Ihre Filiale aufsuchen m\u00fcssen. Erkundigen Sie sich bei Ihrer Bank.<\/p>\n<p style=\"font-weight: 400;\">Das System besteht darin, dass, sobald Sie die Zahlungsmethode ausgew\u00e4hlt haben und OHNE dass Sie Ihre Kartendaten bei STARMODUL S.L. eingeben m\u00fcssen, unser Shop Sie und Ihre Bestelldaten direkt an den sicheren Gateway der Bank sendet, damit Sie den Kaufvorgang mit Ihrer Karte abschlie\u00dfen k\u00f6nnen. Auf diese Weise erf\u00e4hrt Ihr Inserent NIEMALS Ihre Kartendaten.<\/p>\n\t\t\t\t\t\t\t\t<\/div>\n\t\t\t\t<\/div>\n\t\t\t\t\t<\/div>\n\t\t<\/div>\n\t\t\t\t\t<\/div>\n\t\t<\/section>\n\t\t\t\t<\/div>\n\t\t","protected":false},"excerpt":{"rendered":"<p>Sichere Bezahlung Unser Ziel ist es, Ihren Einkauf schnell und einfach zu gestalten, indem wir Ihnen eine Vielzahl von Zahlungsm\u00f6glichkeiten anbieten, damit Sie die f\u00fcr Sie passende ausw\u00e4hlen k\u00f6nnen. Zahlungen per Kredit-\/Debitkarte, Bank\u00fcberweisung oder PayPal werden akzeptiert. Der Kunde verpflichtet sich, zum Zeitpunkt der Bestellung zu zahlen. Der von Starmodul S.L. angegebene Ausgangspreis f\u00fcr jedes [&hellip;]<\/p>\n","protected":false},"author":303,"featured_media":0,"parent":0,"menu_order":0,"comment_status":"closed","ping_status":"closed","template":"elementor_header_footer","meta":{"footnotes":""},"class_list":["post-11056","page","type-page","status-publish","hentry"],"_links":{"self":[{"href":"https:\/\/starmodul.com\/de\/wp-json\/wp\/v2\/pages\/11056","targetHints":{"allow":["GET"]}}],"collection":[{"href":"https:\/\/starmodul.com\/de\/wp-json\/wp\/v2\/pages"}],"about":[{"href":"https:\/\/starmodul.com\/de\/wp-json\/wp\/v2\/types\/page"}],"author":[{"embeddable":true,"href":"https:\/\/starmodul.com\/de\/wp-json\/wp\/v2\/users\/303"}],"replies":[{"embeddable":true,"href":"https:\/\/starmodul.com\/de\/wp-json\/wp\/v2\/comments?post=11056"}],"version-history":[{"count":0,"href":"https:\/\/starmodul.com\/de\/wp-json\/wp\/v2\/pages\/11056\/revisions"}],"wp:attachment":[{"href":"https:\/\/starmodul.com\/de\/wp-json\/wp\/v2\/media?parent=11056"}],"curies":[{"name":"wp","href":"https:\/\/api.w.org\/{rel}","templated":true}]}}