{"id":11034,"date":"2023-01-04T18:03:33","date_gmt":"2023-01-04T17:03:33","guid":{"rendered":"https:\/\/starmodul.com\/katalog-stahlkonstruktionen-starmodul\/"},"modified":"2026-01-16T06:29:56","modified_gmt":"2026-01-16T05:29:56","slug":"katalog-stahlkonstruktionen-starmodul","status":"publish","type":"page","link":"https:\/\/starmodul.com\/de\/katalog-stahlkonstruktionen-starmodul\/","title":{"rendered":"Katalog Stahlkonstruktionen &#8211; StarModul"},"content":{"rendered":"\t\t<div data-elementor-type=\"wp-page\" data-elementor-id=\"11034\" class=\"elementor elementor-11034 elementor-1343\" data-elementor-post-type=\"page\">\n\t\t\t\t\t\t<section class=\"elementor-section elementor-top-section elementor-element elementor-element-81f1fe3 elementor-section-full_width elementor-section-height-min-height elementor-section-items-stretch elementor-section-height-default\" data-id=\"81f1fe3\" data-element_type=\"section\" data-e-type=\"section\" data-settings=\"{&quot;background_background&quot;:&quot;classic&quot;,&quot;jet_parallax_layout_list&quot;:[]}\">\n\t\t\t\t\t\t<div class=\"elementor-container elementor-column-gap-default\">\n\t\t\t\t\t<div class=\"elementor-column elementor-col-50 elementor-top-column elementor-element elementor-element-9a468d6\" data-id=\"9a468d6\" data-element_type=\"column\" data-e-type=\"column\">\n\t\t\t<div class=\"elementor-widget-wrap elementor-element-populated\">\n\t\t\t\t\t\t<div class=\"elementor-element elementor-element-6df260e elementor-widget elementor-widget-heading\" data-id=\"6df260e\" data-element_type=\"widget\" data-e-type=\"widget\" data-widget_type=\"heading.default\">\n\t\t\t\t<div class=\"elementor-widget-container\">\n\t\t\t\t\t<h2 class=\"elementor-heading-title elementor-size-default\">StarModul Stahlkonstruktionen Katalog<\/h2>\t\t\t\t<\/div>\n\t\t\t\t<\/div>\n\t\t\t\t<div class=\"elementor-element elementor-element-2ac809b elementor-widget__width-initial elementor-widget elementor-widget-text-editor\" data-id=\"2ac809b\" data-element_type=\"widget\" data-e-type=\"widget\" data-widget_type=\"text-editor.default\">\n\t\t\t\t<div class=\"elementor-widget-container\">\n\t\t\t\t\t\t\t\t\t<p data-path-to-node=\"1\">Laden Sie jetzt unseren <b data-path-to-node=\"1\" data-index-in-node=\"23\">digitalen Katalog<\/b> herunter und erhalten Sie alle detaillierten technischen Informationen \u00fcber unsere innovativen Konstruktionssysteme. Entdecken Sie die gesamte Palette an <b data-path-to-node=\"1\" data-index-in-node=\"171\">Schraubverbindungen<\/b>, Profilen und Zubeh\u00f6r, die Ihre Projekte vereinfachen und beschleunigen, ohne dass Sie schwei\u00dfen m\u00fcssen. <\/p><h1 data-path-to-node=\"2\"> <\/h1>\t\t\t\t\t\t\t\t<\/div>\n\t\t\t\t<\/div>\n\t\t\t\t<div class=\"elementor-element elementor-element-5fc07a3 elementor-align-justify elementor-widget elementor-widget-button\" data-id=\"5fc07a3\" data-element_type=\"widget\" data-e-type=\"widget\" data-widget_type=\"button.default\">\n\t\t\t\t<div class=\"elementor-widget-container\">\n\t\t\t\t\t\t\t\t\t<div class=\"elementor-button-wrapper\">\n\t\t\t\t\t<a class=\"elementor-button elementor-button-link elementor-size-lg\" href=\"https:\/\/starmodul.com\/wp-content\/uploads\/2023\/01\/catalogo17.pdf\" target=\"_blank\">\n\t\t\t\t\t\t<span class=\"elementor-button-content-wrapper\">\n\t\t\t\t\t\t\t\t\t<span class=\"elementor-button-text\">StarModul-Katalog herunterladen<\/span>\n\t\t\t\t\t<\/span>\n\t\t\t\t\t<\/a>\n\t\t\t\t<\/div>\n\t\t\t\t\t\t\t\t<\/div>\n\t\t\t\t<\/div>\n\t\t\t\t\t<\/div>\n\t\t<\/div>\n\t\t\t\t<div class=\"elementor-column elementor-col-50 elementor-top-column elementor-element elementor-element-c7006f6\" data-id=\"c7006f6\" data-element_type=\"column\" data-e-type=\"column\">\n\t\t\t<div class=\"elementor-widget-wrap elementor-element-populated\">\n\t\t\t\t\t\t<div class=\"elementor-element elementor-element-2bff436 elementor-widget elementor-widget-image\" data-id=\"2bff436\" data-element_type=\"widget\" data-e-type=\"widget\" data-widget_type=\"image.default\">\n\t\t\t\t<div class=\"elementor-widget-container\">\n\t\t\t\t\t\t\t\t\t\t\t\t\t\t\t\t<a href=\"https:\/\/starmodul.com\/wp-content\/uploads\/2023\/01\/catalogo17.pdf\" target=\"_blank\">\n\t\t\t\t\t\t\t<img fetchpriority=\"high\" decoding=\"async\" width=\"560\" height=\"797\" src=\"https:\/\/starmodul.com\/wp-content\/uploads\/2023\/01\/Portada-Folleto.jpeg\" class=\"attachment-large size-large wp-image-11040\" alt=\"\" srcset=\"https:\/\/starmodul.com\/wp-content\/uploads\/2023\/01\/Portada-Folleto.jpeg 560w, https:\/\/starmodul.com\/wp-content\/uploads\/2023\/01\/Portada-Folleto-211x300.jpeg 211w\" sizes=\"(max-width: 560px) 100vw, 560px\" title=\"\">\t\t\t\t\t\t\t\t<\/a>\n\t\t\t\t\t\t\t\t\t\t\t\t\t\t\t<\/div>\n\t\t\t\t<\/div>\n\t\t\t\t\t<\/div>\n\t\t<\/div>\n\t\t\t\t\t<\/div>\n\t\t<\/section>\n\t\t\t\t<section class=\"elementor-section elementor-top-section elementor-element elementor-element-104c891 elementor-section-full_width elementor-section-height-min-height elementor-section-items-stretch elementor-section-height-default\" data-id=\"104c891\" data-element_type=\"section\" data-e-type=\"section\" data-settings=\"{&quot;background_background&quot;:&quot;classic&quot;,&quot;jet_parallax_layout_list&quot;:[]}\">\n\t\t\t\t\t\t<div class=\"elementor-container elementor-column-gap-default\">\n\t\t\t\t\t<div class=\"elementor-column elementor-col-50 elementor-top-column elementor-element elementor-element-09fc297\" data-id=\"09fc297\" data-element_type=\"column\" data-e-type=\"column\">\n\t\t\t<div class=\"elementor-widget-wrap elementor-element-populated\">\n\t\t\t\t\t\t<div class=\"elementor-element elementor-element-89d7222 elementor-widget elementor-widget-image\" data-id=\"89d7222\" data-element_type=\"widget\" data-e-type=\"widget\" data-widget_type=\"image.default\">\n\t\t\t\t<div class=\"elementor-widget-container\">\n\t\t\t\t\t\t\t\t\t\t\t\t\t\t\t\t<a href=\"https:\/\/starmodul.com\/wp-content\/uploads\/2023\/08\/TOTS-FULLETONS.pdf\" target=\"_blank\">\n\t\t\t\t\t\t\t<img decoding=\"async\" width=\"556\" height=\"789\" data-src=\"https:\/\/starmodul.com\/wp-content\/uploads\/2023\/08\/portada-fulletons.jpg\" class=\"attachment-large size-large wp-image-11043 lazyload\" alt=\"\" data-srcset=\"https:\/\/starmodul.com\/wp-content\/uploads\/2023\/08\/portada-fulletons.jpg 556w, https:\/\/starmodul.com\/wp-content\/uploads\/2023\/08\/portada-fulletons-211x300.jpg 211w\" data-sizes=\"(max-width: 556px) 100vw, 556px\" title=\"\" src=\"data:image\/svg+xml;base64,PHN2ZyB3aWR0aD0iMSIgaGVpZ2h0PSIxIiB4bWxucz0iaHR0cDovL3d3dy53My5vcmcvMjAwMC9zdmciPjwvc3ZnPg==\" style=\"--smush-placeholder-width: 556px; --smush-placeholder-aspect-ratio: 556\/789;\">\t\t\t\t\t\t\t\t<\/a>\n\t\t\t\t\t\t\t\t\t\t\t\t\t\t\t<\/div>\n\t\t\t\t<\/div>\n\t\t\t\t\t<\/div>\n\t\t<\/div>\n\t\t\t\t<div class=\"elementor-column elementor-col-50 elementor-top-column elementor-element elementor-element-661ffcc\" data-id=\"661ffcc\" data-element_type=\"column\" data-e-type=\"column\">\n\t\t\t<div class=\"elementor-widget-wrap elementor-element-populated\">\n\t\t\t\t\t\t<div class=\"elementor-element elementor-element-5d62125 elementor-widget elementor-widget-heading\" data-id=\"5d62125\" data-element_type=\"widget\" data-e-type=\"widget\" data-widget_type=\"heading.default\">\n\t\t\t\t<div class=\"elementor-widget-container\">\n\t\t\t\t\t<h2 class=\"elementor-heading-title elementor-size-default\">Vollst\u00e4ndiger Katalog unserer professionellen Dienstleistungen<\/h2>\t\t\t\t<\/div>\n\t\t\t\t<\/div>\n\t\t\t\t<div class=\"elementor-element elementor-element-26c9ec3 elementor-widget__width-initial elementor-widget elementor-widget-text-editor\" data-id=\"26c9ec3\" data-element_type=\"widget\" data-e-type=\"widget\" data-widget_type=\"text-editor.default\">\n\t\t\t\t<div class=\"elementor-widget-container\">\n\t\t\t\t\t\t\t\t\t<p>Holen Sie sich unser <b data-path-to-node=\"3\" data-index-in-node=\"14\">Unternehmensdossier<\/b> mit einer umfassenden Beschreibung aller von uns angebotenen Komplettl\u00f6sungen. Von der Lieferung von Sandwichpaneelen bis hin zu den spezialisierten Dienstleistungen der <b data-path-to-node=\"3\" data-index-in-node=\"192\">professionellen Montage, Asbestsanierung und technischen Beratung<\/b> finden Sie hier alles, was Sie f\u00fcr den Erfolg Ihres Projekts ben\u00f6tigen. <\/p>\t\t\t\t\t\t\t\t<\/div>\n\t\t\t\t<\/div>\n\t\t\t\t<div class=\"elementor-element elementor-element-90dd91d elementor-align-justify elementor-widget elementor-widget-button\" data-id=\"90dd91d\" data-element_type=\"widget\" data-e-type=\"widget\" data-widget_type=\"button.default\">\n\t\t\t\t<div class=\"elementor-widget-container\">\n\t\t\t\t\t\t\t\t\t<div class=\"elementor-button-wrapper\">\n\t\t\t\t\t<a class=\"elementor-button elementor-button-link elementor-size-lg\" href=\"https:\/\/starmodul.com\/wp-content\/uploads\/2023\/08\/TOTS-FULLETONS.pdf\" target=\"_blank\">\n\t\t\t\t\t\t<span class=\"elementor-button-content-wrapper\">\n\t\t\t\t\t\t\t\t\t<span class=\"elementor-button-text\">StarModul-Katalog herunterladen<\/span>\n\t\t\t\t\t<\/span>\n\t\t\t\t\t<\/a>\n\t\t\t\t<\/div>\n\t\t\t\t\t\t\t\t<\/div>\n\t\t\t\t<\/div>\n\t\t\t\t\t<\/div>\n\t\t<\/div>\n\t\t\t\t\t<\/div>\n\t\t<\/section>\n\t\t\t\t<\/div>\n\t\t","protected":false},"excerpt":{"rendered":"<p>StarModul Stahlkonstruktionen Katalog Laden Sie jetzt unseren digitalen Katalog herunter und erhalten Sie alle detaillierten technischen Informationen \u00fcber unsere innovativen Konstruktionssysteme. Entdecken Sie die gesamte Palette an Schraubverbindungen, Profilen und Zubeh\u00f6r, die Ihre Projekte vereinfachen und beschleunigen, ohne dass Sie schwei\u00dfen m\u00fcssen. StarModul-Katalog herunterladen Vollst\u00e4ndiger Katalog unserer professionellen Dienstleistungen Holen Sie sich unser Unternehmensdossier mit [&hellip;]<\/p>\n","protected":false},"author":303,"featured_media":0,"parent":0,"menu_order":0,"comment_status":"closed","ping_status":"closed","template":"elementor_header_footer","meta":{"footnotes":""},"class_list":["post-11034","page","type-page","status-publish","hentry"],"_links":{"self":[{"href":"https:\/\/starmodul.com\/de\/wp-json\/wp\/v2\/pages\/11034","targetHints":{"allow":["GET"]}}],"collection":[{"href":"https:\/\/starmodul.com\/de\/wp-json\/wp\/v2\/pages"}],"about":[{"href":"https:\/\/starmodul.com\/de\/wp-json\/wp\/v2\/types\/page"}],"author":[{"embeddable":true,"href":"https:\/\/starmodul.com\/de\/wp-json\/wp\/v2\/users\/303"}],"replies":[{"embeddable":true,"href":"https:\/\/starmodul.com\/de\/wp-json\/wp\/v2\/comments?post=11034"}],"version-history":[{"count":0,"href":"https:\/\/starmodul.com\/de\/wp-json\/wp\/v2\/pages\/11034\/revisions"}],"wp:attachment":[{"href":"https:\/\/starmodul.com\/de\/wp-json\/wp\/v2\/media?parent=11034"}],"curies":[{"name":"wp","href":"https:\/\/api.w.org\/{rel}","templated":true}]}}