{"id":11023,"date":"2022-12-25T10:03:11","date_gmt":"2022-12-25T09:03:11","guid":{"rendered":"https:\/\/starmodul.com\/bedingungen-und-konditionen\/"},"modified":"2024-07-11T08:32:54","modified_gmt":"2024-07-11T06:32:54","slug":"bedingungen-und-konditionen","status":"publish","type":"page","link":"https:\/\/starmodul.com\/de\/bedingungen-und-konditionen\/","title":{"rendered":"Bedingungen und Konditionen"},"content":{"rendered":"\t\t<div data-elementor-type=\"wp-page\" data-elementor-id=\"11023\" class=\"elementor elementor-11023 elementor-1299\" data-elementor-post-type=\"page\">\n\t\t\t\t\t\t<section class=\"elementor-section elementor-top-section elementor-element elementor-element-317c167 elementor-section-boxed elementor-section-height-default elementor-section-height-default\" data-id=\"317c167\" data-element_type=\"section\" data-e-type=\"section\" data-settings=\"{&quot;background_background&quot;:&quot;classic&quot;,&quot;jet_parallax_layout_list&quot;:[]}\">\n\t\t\t\t\t\t<div class=\"elementor-container elementor-column-gap-default\">\n\t\t\t\t\t<div class=\"elementor-column elementor-col-100 elementor-top-column elementor-element elementor-element-a70002e\" data-id=\"a70002e\" data-element_type=\"column\" data-e-type=\"column\">\n\t\t\t<div class=\"elementor-widget-wrap elementor-element-populated\">\n\t\t\t\t\t\t<div class=\"elementor-element elementor-element-40bd93a elementor-widget elementor-widget-heading\" data-id=\"40bd93a\" data-element_type=\"widget\" data-e-type=\"widget\" data-widget_type=\"heading.default\">\n\t\t\t\t<div class=\"elementor-widget-container\">\n\t\t\t\t\t<h2 class=\"elementor-heading-title elementor-size-default\">Bedingungen und Konditionen<\/h2>\t\t\t\t<\/div>\n\t\t\t\t<\/div>\n\t\t\t\t\t<\/div>\n\t\t<\/div>\n\t\t\t\t\t<\/div>\n\t\t<\/section>\n\t\t\t\t<section class=\"elementor-section elementor-top-section elementor-element elementor-element-941678d elementor-section-boxed elementor-section-height-default elementor-section-height-default\" data-id=\"941678d\" data-element_type=\"section\" data-e-type=\"section\" data-settings=\"{&quot;jet_parallax_layout_list&quot;:[]}\">\n\t\t\t\t\t\t<div class=\"elementor-container elementor-column-gap-default\">\n\t\t\t\t\t<div class=\"elementor-column elementor-col-100 elementor-top-column elementor-element elementor-element-41db047\" data-id=\"41db047\" data-element_type=\"column\" data-e-type=\"column\">\n\t\t\t<div class=\"elementor-widget-wrap elementor-element-populated\">\n\t\t\t\t\t\t<div class=\"elementor-element elementor-element-13c2338 elementor-widget elementor-widget-heading\" data-id=\"13c2338\" data-element_type=\"widget\" data-e-type=\"widget\" data-widget_type=\"heading.default\">\n\t\t\t\t<div class=\"elementor-widget-container\">\n\t\t\t\t\t<h2 class=\"elementor-heading-title elementor-size-default\">BESCHAFFUNGS- UND\/ODER AUFTRAGSVERGABEVERFAHREN<\/h2>\t\t\t\t<\/div>\n\t\t\t\t<\/div>\n\t\t\t\t<div class=\"elementor-element elementor-element-021ee4a elementor-widget elementor-widget-text-editor\" data-id=\"021ee4a\" data-element_type=\"widget\" data-e-type=\"widget\" data-widget_type=\"text-editor.default\">\n\t\t\t\t<div class=\"elementor-widget-container\">\n\t\t\t\t\t\t\t\t\t<p>Um einen Einkauf auf www.starmodul.com zu t\u00e4tigen, muss der Kunde vollj\u00e4hrig sein.<\/p>\n<p>Dar\u00fcber hinaus ist es erforderlich, dass sich der Kunde auf www.starmodul.com \u00fcber ein Datenerhebungsformular registriert, in dem CUATELART die f\u00fcr den Vertrag erforderlichen Daten mitgeteilt werden; Daten, die in jedem Fall wahrheitsgem\u00e4\u00df, genau und vollst\u00e4ndig \u00fcber seine Identit\u00e4t Auskunft geben und denen der Kunde ausdr\u00fccklich zustimmen muss, indem er die Datenschutzbestimmungen von CUATELART akzeptiert.<\/p>\n<p>Die folgenden Schritte sind f\u00fcr den Kauf erforderlich:<\/p>\n<ol>\n<li>W\u00e4hlen Sie das Produkt aus und legen Sie es in den &#8222;Warenkorb&#8220;.<\/li>\n<li>Auswahl der Lieferadresse.<\/li>\n<li>Auswahl der Rechnungsadresse.<\/li>\n<li>Auswahl der Versandart.<\/li>\n<li>Auswahl der Zahlungsmethode.\n<\/li>\n<\/ol>\n<p>Es wird auch empfohlen, dass der Kunde eine Kopie der Verkaufsbedingungen ausdruckt und\/oder auf einem dauerhaften Datentr\u00e4ger aufbewahrt, wenn er seine Bestellung aufgibt, ebenso wie die von CUATELART per E-Mail gesendete Quittung.<\/p>\n<h4>BILLING<\/h4>\n<p>Sie erhalten eine Rechnung mit Ihrer Bestellung.<\/p>\n<p>Diese Rechnung wird auf dem Postweg versandt.<\/p>\n\t\t\t\t\t\t\t\t<\/div>\n\t\t\t\t<\/div>\n\t\t\t\t\t<\/div>\n\t\t<\/div>\n\t\t\t\t\t<\/div>\n\t\t<\/section>\n\t\t\t\t<section class=\"elementor-section elementor-top-section elementor-element elementor-element-844b8b9 elementor-section-boxed elementor-section-height-default elementor-section-height-default\" data-id=\"844b8b9\" data-element_type=\"section\" data-e-type=\"section\" data-settings=\"{&quot;jet_parallax_layout_list&quot;:[],&quot;background_background&quot;:&quot;classic&quot;}\">\n\t\t\t\t\t\t<div class=\"elementor-container elementor-column-gap-default\">\n\t\t\t\t\t<div class=\"elementor-column elementor-col-100 elementor-top-column elementor-element elementor-element-ef98e42\" data-id=\"ef98e42\" data-element_type=\"column\" data-e-type=\"column\">\n\t\t\t<div class=\"elementor-widget-wrap elementor-element-populated\">\n\t\t\t\t\t\t<div class=\"elementor-element elementor-element-5cccde6 elementor-widget elementor-widget-heading\" data-id=\"5cccde6\" data-element_type=\"widget\" data-e-type=\"widget\" data-widget_type=\"heading.default\">\n\t\t\t\t<div class=\"elementor-widget-container\">\n\t\t\t\t\t<h2 class=\"elementor-heading-title elementor-size-default\">POLITIK DER WARENLIEFERUNG\n<\/h2>\t\t\t\t<\/div>\n\t\t\t\t<\/div>\n\t\t\t\t<div class=\"elementor-element elementor-element-77a9818 elementor-widget elementor-widget-text-editor\" data-id=\"77a9818\" data-element_type=\"widget\" data-e-type=\"widget\" data-widget_type=\"text-editor.default\">\n\t\t\t\t<div class=\"elementor-widget-container\">\n\t\t\t\t\t\t\t\t\t<p>Die Bestellung wird an die vom Kunden zum Zeitpunkt des Vertragsabschlusses angegebene Adresse geliefert.<\/p>\n<h4><strong>LIEFERZEITEN<\/strong><\/h4>\n<ul>\n<li><u>Vorr\u00e4tig<\/u>:<br \/>F\u00fcr Katalonien und Aragonien: 2-3 Tage  <br \/>Rest der Gemeinden: 7-8 Tage<\/li>\n<li><u>Nicht auf Lager<\/u>:<br \/>2-3 Wochen in allen Provinzen<\/li>\n<\/ul>\n\t\t\t\t\t\t\t\t<\/div>\n\t\t\t\t<\/div>\n\t\t\t\t\t<\/div>\n\t\t<\/div>\n\t\t\t\t\t<\/div>\n\t\t<\/section>\n\t\t\t\t<section class=\"elementor-section elementor-top-section elementor-element elementor-element-24cf5ee elementor-section-boxed elementor-section-height-default elementor-section-height-default\" data-id=\"24cf5ee\" data-element_type=\"section\" data-e-type=\"section\" data-settings=\"{&quot;jet_parallax_layout_list&quot;:[],&quot;background_background&quot;:&quot;classic&quot;}\">\n\t\t\t\t\t\t<div class=\"elementor-container elementor-column-gap-default\">\n\t\t\t\t\t<div class=\"elementor-column elementor-col-100 elementor-top-column elementor-element elementor-element-547555a\" data-id=\"547555a\" data-element_type=\"column\" data-e-type=\"column\">\n\t\t\t<div class=\"elementor-widget-wrap elementor-element-populated\">\n\t\t\t\t\t\t<div class=\"elementor-element elementor-element-fff86d8 elementor-widget elementor-widget-heading\" data-id=\"fff86d8\" data-element_type=\"widget\" data-e-type=\"widget\" data-widget_type=\"heading.default\">\n\t\t\t\t<div class=\"elementor-widget-container\">\n\t\t\t\t\t<h2 class=\"elementor-heading-title elementor-size-default\">PREISE, KOSTEN UND STEUERN<\/h2>\t\t\t\t<\/div>\n\t\t\t\t<\/div>\n\t\t\t\t<div class=\"elementor-element elementor-element-00c0cd2 elementor-widget elementor-widget-text-editor\" data-id=\"00c0cd2\" data-element_type=\"widget\" data-e-type=\"widget\" data-widget_type=\"text-editor.default\">\n\t\t\t\t<div class=\"elementor-widget-container\">\n\t\t\t\t\t\t\t\t\t<p>Die Preise der auf www.starmodul.com aufgef\u00fchrten Produkte sind, sofern nicht anders angegeben, in Euro ausgedr\u00fcckt und werden f\u00fcr die Dauer ihrer G\u00fcltigkeit garantiert, au\u00dfer im Falle von Druckfehlern und unabh\u00e4ngig vom Bestimmungsort der Bestellung.<\/p>\n<h4>PRODUKTE<\/h4>\n<p>Die Endpreise aller Produkte (und gegebenenfalls die Endpreise pro Ma\u00dfeinheit, wenn dies vorgeschrieben ist) zusammen mit ihren Merkmalen, Angeboten, Rabatten usw. sind in jedem der im Katalog von http:\/\/panelsandwich.org aufgef\u00fchrten Artikel angegeben.<\/p>\n<ul>\n<li>Die Produkte enthalten KEINE Mehrwertsteuer.<\/li>\n<li>Der Mehrwertsteuersatz betr\u00e4gt 21 %.<\/li>\n<li>Versandkosten: sind die zum Zeitpunkt des Kaufs angegebenen Kosten.\n<\/li>\n<\/ul>\n<p>Die Produktpreise k\u00f6nnen jederzeit ge\u00e4ndert werden. In diesem Fall wird der am Tag der Bestellung geltende Preis angewandt. In jedem Fall werden die endg\u00fcltigen Kosten dem Kunden im Rahmen des elektronischen Kaufprozesses mitgeteilt, bevor er seine Annahme formell erkl\u00e4rt.<\/p>\n<p>Die Produkte haben eine Garantie von drei Jahren<\/p>\n\t\t\t\t\t\t\t\t<\/div>\n\t\t\t\t<\/div>\n\t\t\t\t\t<\/div>\n\t\t<\/div>\n\t\t\t\t\t<\/div>\n\t\t<\/section>\n\t\t\t\t<section class=\"elementor-section elementor-top-section elementor-element elementor-element-ae70b74 elementor-section-boxed elementor-section-height-default elementor-section-height-default\" data-id=\"ae70b74\" data-element_type=\"section\" data-e-type=\"section\" data-settings=\"{&quot;jet_parallax_layout_list&quot;:[],&quot;background_background&quot;:&quot;classic&quot;}\">\n\t\t\t\t\t\t<div class=\"elementor-container elementor-column-gap-default\">\n\t\t\t\t\t<div class=\"elementor-column elementor-col-100 elementor-top-column elementor-element elementor-element-3c85037\" data-id=\"3c85037\" data-element_type=\"column\" data-e-type=\"column\">\n\t\t\t<div class=\"elementor-widget-wrap elementor-element-populated\">\n\t\t\t\t\t\t<div class=\"elementor-element elementor-element-9bc8261 elementor-widget elementor-widget-heading\" data-id=\"9bc8261\" data-element_type=\"widget\" data-e-type=\"widget\" data-widget_type=\"heading.default\">\n\t\t\t\t<div class=\"elementor-widget-container\">\n\t\t\t\t\t<h2 class=\"elementor-heading-title elementor-size-default\">R\u00dcCKGABE- UND WIDERRUFSBELEHRUNG<\/h2>\t\t\t\t<\/div>\n\t\t\t\t<\/div>\n\t\t\t\t<div class=\"elementor-element elementor-element-7b2b3db elementor-widget elementor-widget-text-editor\" data-id=\"7b2b3db\" data-element_type=\"widget\" data-e-type=\"widget\" data-widget_type=\"text-editor.default\">\n\t\t\t\t<div class=\"elementor-widget-container\">\n\t\t\t\t\t\t\t\t\t<p>Gem\u00e4\u00df den Bestimmungen haben der Verbraucher und der Nutzer das Recht, den Vertrag innerhalb von 15 Kalendertagen ohne Angabe von Gr\u00fcnden und ohne Kosten zu widerrufen, mit Ausnahme der in Art. 107.2 und 108 des RD 1\/2007 vom 16. November, der den im Allgemeinen Gesetz zum Schutz von Verbrauchern und Nutzern erw\u00e4hnten Text genehmigt, vorgesehenen. Der Kunde tr\u00e4gt die Kosten der R\u00fccksendung der Waren.<\/p>\n<p>Dieses R\u00fccktrittsrecht gilt u.a. nicht f\u00fcr:<\/p>\n<ul>\n<li>Vertr\u00e4ge \u00fcber die Lieferung von Waren, die nach Kundenspezifikationen angefertigt werden oder eindeutig auf die pers\u00f6nlichen Bed\u00fcrfnisse zugeschnitten sind oder die aufgrund ihrer Beschaffenheit nicht f\u00fcr eine R\u00fccksendung geeignet sind oder schnell verderben k\u00f6nnen oder deren Verfallsdatum \u00fcberschritten w\u00fcrde.\n<\/li>\n<\/ul>\n<h4>PRODUKTE<\/h4>\n<p>Der Kunde verf\u00fcgt \u00fcber eine Frist von h\u00f6chstens 15 Kalendertagen ab dem Tag des Erhalts der bestellten Ware oder des bestellten Produkts, um CUATELART \u00fcber seinen Wunsch zu informieren, vom Vertrag zur\u00fcckzutreten.<\/p>\n<p>Der Widerruf hat zur Folge, dass CUATELART den vom Kunden bereits gezahlten Betrag innerhalb einer Frist von h\u00f6chstens einem Monat auf demselben Weg zur\u00fcckerstattet, den der Kunde f\u00fcr die Zahlung gew\u00e4hlt hat (vorausgesetzt, dass das gekaufte Produkt nicht unter die oben genannten Ausnahmen f\u00e4llt).<\/p>\n<p>Innerhalb dieser Frist muss der Verbraucher den Unternehmer \u00fcber seinen Entschluss, den Vertrag zu widerrufen, informieren, indem er das Formular am Ende dieses Dokuments ausf\u00fcllt und an die E-Mail-Adresse von CUATELART schickt.<\/p>\n<p>Die CUATELART stellt dem Verbraucher eine Empfangsbest\u00e4tigung f\u00fcr den Widerruf auf einem dauerhaften Datentr\u00e4ger aus.<\/p>\n<p>Um ein Produkt zur\u00fcckgeben zu k\u00f6nnen, muss es sich in einwandfreiem Zustand und in der Originalverpackung befinden, mit allem Zubeh\u00f6r und unbenutzt sein.<\/p>\n<p>Sobald wir Ihren Antrag erhalten haben, werden wir uns mit Ihnen in Verbindung setzen und Ihnen die Einzelheiten der R\u00fccksendung mitteilen.<\/p>\n<p>Der Kunde tr\u00e4gt die Kosten der R\u00fccksendung der Waren.<\/p>\n<\/p>\n<h4>BEMERKUNGEN<\/h4>\n<p>Sie m\u00fcssen den\/die Artikel in der Originalverpackung, in der er\/sie vom Logistikunternehmen geliefert wurde, und mit einem Vermerk, der das festgestellte Problem erkl\u00e4rt, einsenden. Nach Eingang der R\u00fccksendung pr\u00fcfen wir, ob die zur\u00fcckgesandten Artikel mit dem R\u00fccklieferschein \u00fcbereinstimmen und ob sie in einwandfreiem Zustand und vollst\u00e4ndig sind. Wenn die R\u00fccksendung zufriedenstellend ist, erstatten wir Ihnen das Geld auf demselben Weg zur\u00fcck, auf dem Sie die Zahlung geleistet haben, und zwar innerhalb eines Monats.<\/p>\n\t\t\t\t\t\t\t\t<\/div>\n\t\t\t\t<\/div>\n\t\t\t\t\t<\/div>\n\t\t<\/div>\n\t\t\t\t\t<\/div>\n\t\t<\/section>\n\t\t\t\t<section class=\"elementor-section elementor-top-section elementor-element elementor-element-f23d4d5 elementor-section-boxed elementor-section-height-default elementor-section-height-default\" data-id=\"f23d4d5\" data-element_type=\"section\" data-e-type=\"section\" data-settings=\"{&quot;jet_parallax_layout_list&quot;:[],&quot;background_background&quot;:&quot;classic&quot;}\">\n\t\t\t\t\t\t<div class=\"elementor-container elementor-column-gap-default\">\n\t\t\t\t\t<div class=\"elementor-column elementor-col-100 elementor-top-column elementor-element elementor-element-0d5c967\" data-id=\"0d5c967\" data-element_type=\"column\" data-e-type=\"column\">\n\t\t\t<div class=\"elementor-widget-wrap elementor-element-populated\">\n\t\t\t\t\t\t<div class=\"elementor-element elementor-element-0d6ec29 elementor-widget elementor-widget-heading\" data-id=\"0d6ec29\" data-element_type=\"widget\" data-e-type=\"widget\" data-widget_type=\"heading.default\">\n\t\t\t\t<div class=\"elementor-widget-container\">\n\t\t\t\t\t<h2 class=\"elementor-heading-title elementor-size-default\">DAUER, VERL\u00c4NGERUNG UND K\u00dcNDIGUNG DER VERTRAGSLAUFZEIT<\/h2>\t\t\t\t<\/div>\n\t\t\t\t<\/div>\n\t\t\t\t<div class=\"elementor-element elementor-element-d613532 elementor-widget elementor-widget-text-editor\" data-id=\"d613532\" data-element_type=\"widget\" data-e-type=\"widget\" data-widget_type=\"text-editor.default\">\n\t\t\t\t<div class=\"elementor-widget-container\">\n\t\t\t\t\t\t\t\t\t<h4>DAUER<\/h4>\n<p>Der Kunde verf\u00fcgt \u00fcber eine Frist von h\u00f6chstens 15 Kalendertagen ab der Lieferung des Produkts, um seine vollst\u00e4ndige oder teilweise Stornierung des Kaufs des Produkts oder der Dienstleistung in \u00dcbereinstimmung mit den geltenden Rechtsvorschriften mitzuteilen.<\/p>\n<h4>ANNULLIERUNG<\/h4>\n<p>Bei fristgerechter Erstattung werden keine Sanktionen verh\u00e4ngt. Der Kunde tr\u00e4gt die Kosten der R\u00fccksendung der Waren. Sie m\u00fcssen den\/die Artikel in der Originalverpackung, in der er\/sie vom Logistikunternehmen geliefert wurde, und mit einem Vermerk, der das festgestellte Problem erkl\u00e4rt, einsenden. Sobald die R\u00fccksendung bei uns eingegangen ist, \u00fcberpr\u00fcfen wir, ob die zur\u00fcckgesandten Artikel physisch mit dem R\u00fccksendeschein \u00fcbereinstimmen und ob sie au\u00dferdem in einwandfreiem Zustand, vollst\u00e4ndig, in der Originalverpackung und ohne Gebrauchsspuren eingegangen sind. Wenn die \u00dcberpr\u00fcfung des Auftragsstatus zufriedenstellend ausf\u00e4llt, erstatten wir Ihnen den Betrag innerhalb eines Monats auf demselben Weg, auf dem Sie die Zahlung geleistet haben. Sollte dies nicht der Fall sein, werden wir uns mit Ihnen in Verbindung setzen, um den Artikel erneut zu versenden (Sie sind f\u00fcr die mit dieser R\u00fccksendung verbundenen Transportkosten verantwortlich).<\/p>\n\t\t\t\t\t\t\t\t<\/div>\n\t\t\t\t<\/div>\n\t\t\t\t\t<\/div>\n\t\t<\/div>\n\t\t\t\t\t<\/div>\n\t\t<\/section>\n\t\t\t\t<section class=\"elementor-section elementor-top-section elementor-element elementor-element-dab5026 elementor-section-boxed elementor-section-height-default elementor-section-height-default\" data-id=\"dab5026\" data-element_type=\"section\" data-e-type=\"section\" data-settings=\"{&quot;jet_parallax_layout_list&quot;:[],&quot;background_background&quot;:&quot;classic&quot;}\">\n\t\t\t\t\t\t<div class=\"elementor-container elementor-column-gap-default\">\n\t\t\t\t\t<div class=\"elementor-column elementor-col-100 elementor-top-column elementor-element elementor-element-abd5df8\" data-id=\"abd5df8\" data-element_type=\"column\" data-e-type=\"column\">\n\t\t\t<div class=\"elementor-widget-wrap elementor-element-populated\">\n\t\t\t\t\t\t<div class=\"elementor-element elementor-element-9cfae3d elementor-widget elementor-widget-heading\" data-id=\"9cfae3d\" data-element_type=\"widget\" data-e-type=\"widget\" data-widget_type=\"heading.default\">\n\t\t\t\t<div class=\"elementor-widget-container\">\n\t\t\t\t\t<h2 class=\"elementor-heading-title elementor-size-default\">ZAHLUNGSVERFAHREN<\/h2>\t\t\t\t<\/div>\n\t\t\t\t<\/div>\n\t\t\t\t<div class=\"elementor-element elementor-element-ba5f471 elementor-widget elementor-widget-text-editor\" data-id=\"ba5f471\" data-element_type=\"widget\" data-e-type=\"widget\" data-widget_type=\"text-editor.default\">\n\t\t\t\t<div class=\"elementor-widget-container\">\n\t\t\t\t\t\t\t\t\t<p>Diese Zahlungsm\u00f6glichkeiten stehen Ihnen zur Verf\u00fcgung:<\/p>\n<p><strong>Per Kredit- oder Debitkarte<\/strong><\/p>\n<p>Sie k\u00f6nnen sofort \u00fcber das SSL-gesicherte Zahlungsportal unserer Bank bezahlen. Sollte eine R\u00fcckerstattung oder Stornierung der Bestellung erforderlich sein, wird der Betrag \u00fcber dieselbe Zahlungskarte zur\u00fcckerstattet. Sowohl die pers\u00f6nlichen Daten als auch die Bankdaten werden mit allen durch die <em>VERORDNUNG<\/em><em> (EU) 2016\/679<\/em> festgelegten Sicherheitsma\u00dfnahmen gesch\u00fctzt und absolut vertraulich behandelt.<\/p>\n\t\t\t\t\t\t\t\t<\/div>\n\t\t\t\t<\/div>\n\t\t\t\t\t<\/div>\n\t\t<\/div>\n\t\t\t\t\t<\/div>\n\t\t<\/section>\n\t\t\t\t<section class=\"elementor-section elementor-top-section elementor-element elementor-element-40b5eb6 elementor-section-boxed elementor-section-height-default elementor-section-height-default\" data-id=\"40b5eb6\" data-element_type=\"section\" data-e-type=\"section\" data-settings=\"{&quot;jet_parallax_layout_list&quot;:[]}\">\n\t\t\t\t\t\t<div class=\"elementor-container elementor-column-gap-default\">\n\t\t\t\t\t<div class=\"elementor-column elementor-col-100 elementor-top-column elementor-element elementor-element-a949861\" data-id=\"a949861\" data-element_type=\"column\" data-e-type=\"column\">\n\t\t\t<div class=\"elementor-widget-wrap elementor-element-populated\">\n\t\t\t\t\t\t<div class=\"elementor-element elementor-element-94d166f elementor-widget elementor-widget-heading\" data-id=\"94d166f\" data-element_type=\"widget\" data-e-type=\"widget\" data-widget_type=\"heading.default\">\n\t\t\t\t<div class=\"elementor-widget-container\">\n\t\t\t\t\t<h2 class=\"elementor-heading-title elementor-size-default\">KUNDENDIENST UND BESCHWERDEN<\/h2>\t\t\t\t<\/div>\n\t\t\t\t<\/div>\n\t\t\t\t<div class=\"elementor-element elementor-element-524c5ed elementor-widget elementor-widget-text-editor\" data-id=\"524c5ed\" data-element_type=\"widget\" data-e-type=\"widget\" data-widget_type=\"text-editor.default\">\n\t\t\t\t<div class=\"elementor-widget-container\">\n\t\t\t\t\t\t\t\t\t<p>Um eine Beschwerde oder Reklamation bei CUATELART einzureichen, sollte der Kunde den Kundendienst entweder telefonisch unter Tel. 973 22 81 64 \/WhatsApp 683 44 26 08 oder \u00fcber die E-Mail-Adresse info@starmodul.com kontaktieren.<\/p>\n<p>Gem\u00e4\u00df der EU-Verbraucher-Online-Streitbeilegung und in \u00dcbereinstimmung mit Art. 14.1 der Verordnung (EU) 524\/2013 informieren wir Sie dar\u00fcber, dass die Europ\u00e4ische Kommission allen Verbrauchern eine Plattform zur Online-Streitbeilegung zur Verf\u00fcgung stellt, die unter folgendem Link zu finden ist: http:\/\/ec.europa.eu\/consumers\/odr\/.<\/p>\n\t\t\t\t\t\t\t\t<\/div>\n\t\t\t\t<\/div>\n\t\t\t\t\t<\/div>\n\t\t<\/div>\n\t\t\t\t\t<\/div>\n\t\t<\/section>\n\t\t\t\t<\/div>\n\t\t","protected":false},"excerpt":{"rendered":"<p>Bedingungen und Konditionen BESCHAFFUNGS- UND\/ODER AUFTRAGSVERGABEVERFAHREN Um einen Einkauf auf www.starmodul.com zu t\u00e4tigen, muss der Kunde vollj\u00e4hrig sein. Dar\u00fcber hinaus ist es erforderlich, dass sich der Kunde auf www.starmodul.com \u00fcber ein Datenerhebungsformular registriert, in dem CUATELART die f\u00fcr den Vertrag erforderlichen Daten mitgeteilt werden; Daten, die in jedem Fall wahrheitsgem\u00e4\u00df, genau und vollst\u00e4ndig \u00fcber seine [&hellip;]<\/p>\n","protected":false},"author":303,"featured_media":0,"parent":0,"menu_order":0,"comment_status":"closed","ping_status":"closed","template":"elementor_header_footer","meta":{"footnotes":""},"class_list":["post-11023","page","type-page","status-publish","hentry"],"_links":{"self":[{"href":"https:\/\/starmodul.com\/de\/wp-json\/wp\/v2\/pages\/11023","targetHints":{"allow":["GET"]}}],"collection":[{"href":"https:\/\/starmodul.com\/de\/wp-json\/wp\/v2\/pages"}],"about":[{"href":"https:\/\/starmodul.com\/de\/wp-json\/wp\/v2\/types\/page"}],"author":[{"embeddable":true,"href":"https:\/\/starmodul.com\/de\/wp-json\/wp\/v2\/users\/303"}],"replies":[{"embeddable":true,"href":"https:\/\/starmodul.com\/de\/wp-json\/wp\/v2\/comments?post=11023"}],"version-history":[{"count":0,"href":"https:\/\/starmodul.com\/de\/wp-json\/wp\/v2\/pages\/11023\/revisions"}],"wp:attachment":[{"href":"https:\/\/starmodul.com\/de\/wp-json\/wp\/v2\/media?parent=11023"}],"curies":[{"name":"wp","href":"https:\/\/api.w.org\/{rel}","templated":true}]}}