{"id":9960,"date":"2023-01-05T03:54:56","date_gmt":"2023-01-05T02:54:56","guid":{"rendered":"https:\/\/starmodul.com\/0105-15-peca-dunio-tipus-omega-10x5cm\/"},"modified":"2024-02-09T13:22:25","modified_gmt":"2024-02-09T12:22:25","slug":"0105-15-peca-dunio-tipus-omega-10x5cm","status":"publish","type":"product","link":"https:\/\/starmodul.com\/ca\/0105-15-peca-dunio-tipus-omega-10x5cm\/","title":{"rendered":"0105-15 Pe\u00e7a d&#8217;Uni\u00f3 Tipus Omega &#8211; 10x5cm"},"content":{"rendered":"<p>0105-15 Pe\u00e7a d&#8217;Uni\u00f3 Tipus Omega \/ Mida del Tub: 10,00 cm x 5,00 cm<\/p>\n","protected":false},"excerpt":{"rendered":"[3d_viewer id=\"4393\"]\n","protected":false},"featured_media":1498,"comment_status":"open","ping_status":"closed","template":"","meta":[],"product_brand":[],"product_cat":[122,105,132],"product_tag":[],"class_list":{"0":"post-9960","1":"product","2":"type-product","3":"status-publish","4":"has-post-thumbnail","6":"product_cat-unions-cargolades-amb-aletes","7":"product_cat-unions-cargolades-estructures-metalliques","8":"product_cat-unions-tub-10x5-cm-amb-aletes","10":"first","11":"instock","12":"taxable","13":"shipping-taxable","14":"purchasable","15":"product-type-simple"},"_links":{"self":[{"href":"https:\/\/starmodul.com\/ca\/wp-json\/wp\/v2\/product\/9960","targetHints":{"allow":["GET"]}}],"collection":[{"href":"https:\/\/starmodul.com\/ca\/wp-json\/wp\/v2\/product"}],"about":[{"href":"https:\/\/starmodul.com\/ca\/wp-json\/wp\/v2\/types\/product"}],"replies":[{"embeddable":true,"href":"https:\/\/starmodul.com\/ca\/wp-json\/wp\/v2\/comments?post=9960"}],"version-history":[{"count":0,"href":"https:\/\/starmodul.com\/ca\/wp-json\/wp\/v2\/product\/9960\/revisions"}],"wp:featuredmedia":[{"embeddable":true,"href":"https:\/\/starmodul.com\/ca\/wp-json\/wp\/v2\/media\/1498"}],"wp:attachment":[{"href":"https:\/\/starmodul.com\/ca\/wp-json\/wp\/v2\/media?parent=9960"}],"wp:term":[{"taxonomy":"product_brand","embeddable":true,"href":"https:\/\/starmodul.com\/ca\/wp-json\/wp\/v2\/product_brand?post=9960"},{"taxonomy":"product_cat","embeddable":true,"href":"https:\/\/starmodul.com\/ca\/wp-json\/wp\/v2\/product_cat?post=9960"},{"taxonomy":"product_tag","embeddable":true,"href":"https:\/\/starmodul.com\/ca\/wp-json\/wp\/v2\/product_tag?post=9960"}],"curies":[{"name":"wp","href":"https:\/\/api.w.org\/{rel}","templated":true}]}}