{"id":9761,"date":"2023-01-05T03:55:23","date_gmt":"2023-01-05T02:55:23","guid":{"rendered":"https:\/\/starmodul.com\/sl25-06-peca-dunio-tipus-t-sortida-recta-2-5cmx2-5cm\/"},"modified":"2025-11-17T10:56:56","modified_gmt":"2025-11-17T09:56:56","slug":"sl25-06-peca-dunio-tipus-t-sortida-recta-2-5cmx2-5cm","status":"publish","type":"product","link":"https:\/\/starmodul.com\/ca\/sl25-06-peca-dunio-tipus-t-sortida-recta-2-5cmx2-5cm\/","title":{"rendered":"SL25-06 Pe\u00e7a d&#8217;Uni\u00f3 Tipus T &#8211; Sortida Recta &#8211; 2.5cmx2.5cm"},"content":{"rendered":"<p>SL25-06 Pe\u00e7a d&#8217;Uni\u00f3 Tipus T &#8211; Sortida Recta \/ Mida del Tub: 2,50 cm x 2,50 cm<\/p>\n","protected":false},"excerpt":{"rendered":"[3d_viewer id=\"4533\"]\n","protected":false},"featured_media":6549,"comment_status":"closed","ping_status":"closed","template":"","meta":[],"product_brand":[],"product_cat":[105,106,118],"product_tag":[],"class_list":{"0":"post-9761","1":"product","2":"type-product","3":"status-publish","4":"has-post-thumbnail","6":"product_cat-unions-cargolades-estructures-metalliques","7":"product_cat-unions-cargolades-sense-aletes","8":"product_cat-unions-tub-2-5x2-5-cm-sense-aletes","10":"first","11":"instock","12":"taxable","13":"shipping-taxable","14":"purchasable","15":"product-type-simple"},"_links":{"self":[{"href":"https:\/\/starmodul.com\/ca\/wp-json\/wp\/v2\/product\/9761","targetHints":{"allow":["GET"]}}],"collection":[{"href":"https:\/\/starmodul.com\/ca\/wp-json\/wp\/v2\/product"}],"about":[{"href":"https:\/\/starmodul.com\/ca\/wp-json\/wp\/v2\/types\/product"}],"replies":[{"embeddable":true,"href":"https:\/\/starmodul.com\/ca\/wp-json\/wp\/v2\/comments?post=9761"}],"version-history":[{"count":0,"href":"https:\/\/starmodul.com\/ca\/wp-json\/wp\/v2\/product\/9761\/revisions"}],"wp:featuredmedia":[{"embeddable":true,"href":"https:\/\/starmodul.com\/ca\/wp-json\/wp\/v2\/media\/6549"}],"wp:attachment":[{"href":"https:\/\/starmodul.com\/ca\/wp-json\/wp\/v2\/media?parent=9761"}],"wp:term":[{"taxonomy":"product_brand","embeddable":true,"href":"https:\/\/starmodul.com\/ca\/wp-json\/wp\/v2\/product_brand?post=9761"},{"taxonomy":"product_cat","embeddable":true,"href":"https:\/\/starmodul.com\/ca\/wp-json\/wp\/v2\/product_cat?post=9761"},{"taxonomy":"product_tag","embeddable":true,"href":"https:\/\/starmodul.com\/ca\/wp-json\/wp\/v2\/product_tag?post=9761"}],"curies":[{"name":"wp","href":"https:\/\/api.w.org\/{rel}","templated":true}]}}