{"id":9722,"date":"2023-01-05T03:55:33","date_gmt":"2023-01-05T02:55:33","guid":{"rendered":"https:\/\/starmodul.com\/sl55-11-peca-dunio-tipus-5x5cm\/"},"modified":"2025-02-07T13:43:35","modified_gmt":"2025-02-07T12:43:35","slug":"sl55-11-peca-dunio-tipus-5x5cm","status":"publish","type":"product","link":"https:\/\/starmodul.com\/ca\/sl55-11-peca-dunio-tipus-5x5cm\/","title":{"rendered":"SL55-11 Pe\u00e7a d&#8217;Uni\u00f3 Tipus + &#8211; 5x5cm"},"content":{"rendered":"<p>SL55-11 Pe\u00e7a d&#8217;Uni\u00f3 Tipus + \/ Mida del Tub: 5,00 cm x 5,00 cm<\/p>\n","protected":false},"excerpt":{"rendered":"[3d_viewer id=\"4610\"]\n","protected":false},"featured_media":6618,"comment_status":"closed","ping_status":"closed","template":"","meta":[],"product_brand":[],"product_cat":[105,106,107],"product_tag":[],"class_list":{"0":"post-9722","1":"product","2":"type-product","3":"status-publish","4":"has-post-thumbnail","6":"product_cat-unions-cargolades-estructures-metalliques","7":"product_cat-unions-cargolades-sense-aletes","8":"product_cat-unions-tub-5x5-cm-sense-aletes","10":"first","11":"instock","12":"taxable","13":"shipping-taxable","14":"purchasable","15":"product-type-simple"},"_links":{"self":[{"href":"https:\/\/starmodul.com\/ca\/wp-json\/wp\/v2\/product\/9722","targetHints":{"allow":["GET"]}}],"collection":[{"href":"https:\/\/starmodul.com\/ca\/wp-json\/wp\/v2\/product"}],"about":[{"href":"https:\/\/starmodul.com\/ca\/wp-json\/wp\/v2\/types\/product"}],"replies":[{"embeddable":true,"href":"https:\/\/starmodul.com\/ca\/wp-json\/wp\/v2\/comments?post=9722"}],"version-history":[{"count":0,"href":"https:\/\/starmodul.com\/ca\/wp-json\/wp\/v2\/product\/9722\/revisions"}],"wp:featuredmedia":[{"embeddable":true,"href":"https:\/\/starmodul.com\/ca\/wp-json\/wp\/v2\/media\/6618"}],"wp:attachment":[{"href":"https:\/\/starmodul.com\/ca\/wp-json\/wp\/v2\/media?parent=9722"}],"wp:term":[{"taxonomy":"product_brand","embeddable":true,"href":"https:\/\/starmodul.com\/ca\/wp-json\/wp\/v2\/product_brand?post=9722"},{"taxonomy":"product_cat","embeddable":true,"href":"https:\/\/starmodul.com\/ca\/wp-json\/wp\/v2\/product_cat?post=9722"},{"taxonomy":"product_tag","embeddable":true,"href":"https:\/\/starmodul.com\/ca\/wp-json\/wp\/v2\/product_tag?post=9722"}],"curies":[{"name":"wp","href":"https:\/\/api.w.org\/{rel}","templated":true}]}}