{"id":10027,"date":"2023-01-05T03:54:47","date_gmt":"2023-01-05T02:54:47","guid":{"rendered":"https:\/\/starmodul.com\/0055-17-peca-dunio-u-doble-recte-5x5cm\/"},"modified":"2026-02-06T01:56:57","modified_gmt":"2026-02-06T00:56:57","slug":"0055-17-peca-dunio-u-doble-recte-5x5cm","status":"publish","type":"product","link":"https:\/\/starmodul.com\/ca\/0055-17-peca-dunio-u-doble-recte-5x5cm\/","title":{"rendered":"0055-17 Pe\u00e7a d&#8217;Uni\u00f3 U &#8211; Doble Recte &#8211; 5x5cm"},"content":{"rendered":"<p>0055-17 Pe\u00e7a d&#8217;Uni\u00f3 U &#8211; Doble Recte \/ Mida del Tub: 5,00 cm x 5,00 cm<\/p>\n","protected":false},"excerpt":{"rendered":"[3d_viewer id=\"4198\"]\n","protected":false},"featured_media":6300,"comment_status":"open","ping_status":"closed","template":"","meta":[],"product_brand":[],"product_cat":[122,105,134],"product_tag":[],"class_list":{"0":"post-10027","1":"product","2":"type-product","3":"status-publish","4":"has-post-thumbnail","6":"product_cat-unions-cargolades-amb-aletes","7":"product_cat-unions-cargolades-estructures-metalliques","8":"product_cat-unions-tub-5x5-cm-amb-aletes","10":"first","11":"instock","12":"taxable","13":"shipping-taxable","14":"purchasable","15":"product-type-simple"},"_links":{"self":[{"href":"https:\/\/starmodul.com\/ca\/wp-json\/wp\/v2\/product\/10027","targetHints":{"allow":["GET"]}}],"collection":[{"href":"https:\/\/starmodul.com\/ca\/wp-json\/wp\/v2\/product"}],"about":[{"href":"https:\/\/starmodul.com\/ca\/wp-json\/wp\/v2\/types\/product"}],"replies":[{"embeddable":true,"href":"https:\/\/starmodul.com\/ca\/wp-json\/wp\/v2\/comments?post=10027"}],"version-history":[{"count":0,"href":"https:\/\/starmodul.com\/ca\/wp-json\/wp\/v2\/product\/10027\/revisions"}],"wp:featuredmedia":[{"embeddable":true,"href":"https:\/\/starmodul.com\/ca\/wp-json\/wp\/v2\/media\/6300"}],"wp:attachment":[{"href":"https:\/\/starmodul.com\/ca\/wp-json\/wp\/v2\/media?parent=10027"}],"wp:term":[{"taxonomy":"product_brand","embeddable":true,"href":"https:\/\/starmodul.com\/ca\/wp-json\/wp\/v2\/product_brand?post=10027"},{"taxonomy":"product_cat","embeddable":true,"href":"https:\/\/starmodul.com\/ca\/wp-json\/wp\/v2\/product_cat?post=10027"},{"taxonomy":"product_tag","embeddable":true,"href":"https:\/\/starmodul.com\/ca\/wp-json\/wp\/v2\/product_tag?post=10027"}],"curies":[{"name":"wp","href":"https:\/\/api.w.org\/{rel}","templated":true}]}}