{"id":10237,"date":"2022-11-25T00:06:59","date_gmt":"2022-11-24T23:06:59","guid":{"rendered":"https:\/\/starmodul.com\/safareigs-de-cotxes\/"},"modified":"2026-02-17T12:56:30","modified_gmt":"2026-02-17T11:56:30","slug":"safareigs-de-cotxes","status":"publish","type":"page","link":"https:\/\/starmodul.com\/ca\/safareigs-de-cotxes\/","title":{"rendered":"Safareigs de cotxes"},"content":{"rendered":"\t\t<div data-elementor-type=\"wp-page\" data-elementor-id=\"10237\" class=\"elementor elementor-10237 elementor-293\" data-elementor-post-type=\"page\">\n\t\t\t\t\t\t<section class=\"elementor-section elementor-top-section elementor-element elementor-element-cf728e3 elementor-section-full_width elementor-section-height-min-height elementor-section-items-stretch elementor-section-height-default\" data-id=\"cf728e3\" data-element_type=\"section\" data-e-type=\"section\" data-settings=\"{&quot;background_background&quot;:&quot;classic&quot;,&quot;jet_parallax_layout_list&quot;:[]}\">\n\t\t\t\t\t\t<div class=\"elementor-container elementor-column-gap-default\">\n\t\t\t\t\t<div class=\"elementor-column elementor-col-50 elementor-top-column elementor-element elementor-element-0225b3b\" data-id=\"0225b3b\" data-element_type=\"column\" data-e-type=\"column\">\n\t\t\t<div class=\"elementor-widget-wrap elementor-element-populated\">\n\t\t\t\t\t\t<div class=\"elementor-element elementor-element-6263ab5 elementor-widget elementor-widget-heading\" data-id=\"6263ab5\" data-element_type=\"widget\" data-e-type=\"widget\" data-widget_type=\"heading.default\">\n\t\t\t\t<div class=\"elementor-widget-container\">\n\t\t\t\t\t<h1 class=\"elementor-heading-title elementor-size-default\">Sistema d'estructures met\u00e0l\u00b7liques sense soldadura per a safareig de cotxes<\/h1>\t\t\t\t<\/div>\n\t\t\t\t<\/div>\n\t\t\t\t<div class=\"elementor-element elementor-element-c2cb9b4 elementor-widget__width-initial elementor-widget elementor-widget-text-editor\" data-id=\"c2cb9b4\" data-element_type=\"widget\" data-e-type=\"widget\" data-widget_type=\"text-editor.default\">\n\t\t\t\t<div class=\"elementor-widget-container\">\n\t\t\t\t\t\t\t\t\t<p data-path-to-node=\"3\">El sistema constructiu StarModul representa una revoluci\u00f3 log\u00edstica i econ\u00f2mica per a la instal\u00b7laci\u00f3 de negocis de rentat de vehicles. La nostra tecnologia permet fabricar <b data-path-to-node=\"3\" data-index-in-node=\"174\">conjunts estructurals lleugers<\/b> d&#8217;acer galvanitzat que optimitzen al m\u00e0xim el transport: en ser perfils dissenyats per acoblar-se a la destinaci\u00f3, \u00e9s possible traslladar una gran quantitat de metres quadrats d&#8217;estructura en un sol viatge, reduint dr\u00e0sticament la petjada de carboni i els costos de noli. <\/p><p data-path-to-node=\"4\">Al lloc del muntatge, la incid\u00e8ncia \u00e9s m\u00ednima. Com que es tracta d&#8217;un sistema 100% cargolat que no requereix soldadura ni talls a l&#8217;obra, la log\u00edstica d&#8217;instal\u00b7laci\u00f3 se simplifica notablement, eliminant la necessitat de maquin\u00e0ria pesada o llargs temps d&#8217;espera. Aix\u00f2 es tradueix en una execuci\u00f3 r\u00e0pida, neta i segura, oferint un <b data-path-to-node=\"4\" data-index-in-node=\"339\">preu sense compet\u00e8ncia<\/b> al mercat actual per a qui busca rendibilitat immediata en la seva inversi\u00f3.  <\/p><p>StarModul facilita conjunts lleugers, que poden transportar-se en gran quantitat, i una incid\u00e8ncia i log\u00edstica m\u00ednimes al lloc del muntatge&#8230; I a un preu sense compet\u00e8ncia.<\/p>\t\t\t\t\t\t\t\t<\/div>\n\t\t\t\t<\/div>\n\t\t\t\t<div class=\"elementor-element elementor-element-232fcf0 elementor-align-justify elementor-widget elementor-widget-button\" data-id=\"232fcf0\" data-element_type=\"widget\" data-e-type=\"widget\" data-widget_type=\"button.default\">\n\t\t\t\t<div class=\"elementor-widget-container\">\n\t\t\t\t\t\t\t\t\t<div class=\"elementor-button-wrapper\">\n\t\t\t\t\t<a class=\"elementor-button elementor-button-link elementor-size-lg\" href=\"https:\/\/starmodul.com\/calculadora\/\" target=\"_blank\">\n\t\t\t\t\t\t<span class=\"elementor-button-content-wrapper\">\n\t\t\t\t\t\t\t\t\t<span class=\"elementor-button-text\">Utilitza calculadora 3D<\/span>\n\t\t\t\t\t<\/span>\n\t\t\t\t\t<\/a>\n\t\t\t\t<\/div>\n\t\t\t\t\t\t\t\t<\/div>\n\t\t\t\t<\/div>\n\t\t\t\t\t<\/div>\n\t\t<\/div>\n\t\t\t\t<div class=\"elementor-column elementor-col-50 elementor-top-column elementor-element elementor-element-27076f8\" data-id=\"27076f8\" data-element_type=\"column\" data-e-type=\"column\">\n\t\t\t<div class=\"elementor-widget-wrap elementor-element-populated\">\n\t\t\t\t\t\t<div class=\"elementor-element elementor-element-7a894ef elementor-widget elementor-widget-image\" data-id=\"7a894ef\" data-element_type=\"widget\" data-e-type=\"widget\" data-widget_type=\"image.default\">\n\t\t\t\t<div class=\"elementor-widget-container\">\n\t\t\t\t\t\t\t\t\t\t\t\t\t\t\t<img fetchpriority=\"high\" decoding=\"async\" width=\"800\" height=\"440\" src=\"https:\/\/starmodul.com\/wp-content\/uploads\/2022\/11\/10-Marquesina-a-1024x563.jpg\" class=\"attachment-large size-large wp-image-6027\" alt=\"\" srcset=\"https:\/\/starmodul.com\/wp-content\/uploads\/2022\/11\/10-Marquesina-a-1024x563.jpg 1024w, https:\/\/starmodul.com\/wp-content\/uploads\/2022\/11\/10-Marquesina-a-300x165.jpg 300w, https:\/\/starmodul.com\/wp-content\/uploads\/2022\/11\/10-Marquesina-a-768x422.jpg 768w, https:\/\/starmodul.com\/wp-content\/uploads\/2022\/11\/10-Marquesina-a-1536x844.jpg 1536w, https:\/\/starmodul.com\/wp-content\/uploads\/2022\/11\/10-Marquesina-a-600x330.jpg 600w, https:\/\/starmodul.com\/wp-content\/uploads\/2022\/11\/10-Marquesina-a.jpg 2048w\" sizes=\"(max-width: 800px) 100vw, 800px\" title=\"\">\t\t\t\t\t\t\t\t\t\t\t\t\t\t\t<\/div>\n\t\t\t\t<\/div>\n\t\t\t\t\t<\/div>\n\t\t<\/div>\n\t\t\t\t\t<\/div>\n\t\t<\/section>\n\t\t\t\t<section class=\"elementor-section elementor-top-section elementor-element elementor-element-1cfd26bb elementor-section-boxed elementor-section-height-default elementor-section-height-default\" data-id=\"1cfd26bb\" data-element_type=\"section\" data-e-type=\"section\" data-settings=\"{&quot;background_background&quot;:&quot;classic&quot;,&quot;jet_parallax_layout_list&quot;:[]}\">\n\t\t\t\t\t\t<div class=\"elementor-container elementor-column-gap-default\">\n\t\t\t\t\t<div class=\"elementor-column elementor-col-50 elementor-top-column elementor-element elementor-element-299a844a\" data-id=\"299a844a\" data-element_type=\"column\" data-e-type=\"column\">\n\t\t\t<div class=\"elementor-widget-wrap elementor-element-populated\">\n\t\t\t\t\t\t<section class=\"elementor-section elementor-inner-section elementor-element elementor-element-342aa26e elementor-section-boxed elementor-section-height-default elementor-section-height-default\" data-id=\"342aa26e\" data-element_type=\"section\" data-e-type=\"section\" data-settings=\"{&quot;jet_parallax_layout_list&quot;:[]}\">\n\t\t\t\t\t\t<div class=\"elementor-container elementor-column-gap-default\">\n\t\t\t\t\t<div class=\"elementor-column elementor-col-100 elementor-inner-column elementor-element elementor-element-11b82544\" data-id=\"11b82544\" data-element_type=\"column\" data-e-type=\"column\">\n\t\t\t<div class=\"elementor-widget-wrap elementor-element-populated\">\n\t\t\t\t\t\t<div class=\"elementor-element elementor-element-6a6f8a64 elementor-widget__width-initial elementor-widget elementor-widget-jet-carousel\" data-id=\"6a6f8a64\" data-element_type=\"widget\" data-e-type=\"widget\" data-settings=\"{&quot;slides_to_show&quot;:&quot;1&quot;,&quot;slides_to_scroll&quot;:&quot;1&quot;}\" data-widget_type=\"jet-carousel.default\">\n\t\t\t\t<div class=\"elementor-widget-container\">\n\t\t\t\t\t<div class=\"elementor-jet-carousel jet-elements\"><div class=\"jet-carousel-wrap jet-equal-cols\">\n\t<div class=\"jet-carousel\" data-slider_options=\"{&quot;autoplaySpeed&quot;:5000,&quot;autoplay&quot;:false,&quot;infinite&quot;:true,&quot;centerMode&quot;:false,&quot;centerPadding&quot;:&quot;30px&quot;,&quot;pauseOnHover&quot;:false,&quot;speed&quot;:200,&quot;arrows&quot;:true,&quot;dots&quot;:true,&quot;variableWidth&quot;:false,&quot;prevArrow&quot;:&quot;.jet-carousel__prev-arrow-6a6f8a64&quot;,&quot;nextArrow&quot;:&quot;.jet-carousel__next-arrow-6a6f8a64&quot;,&quot;rtl&quot;:false,&quot;fractionNav&quot;:false,&quot;fade&quot;:false}\" dir=\"ltr\">\n\t<div class=\"elementor-slick-slider\">\n\n<div class=\"jet-carousel__item\">\n\t<div class=\"jet-carousel__item-inner\"><img decoding=\"async\" data-src=\"https:\/\/starmodul.com\/wp-content\/uploads\/2022\/11\/07-lavadero-02-b.jpg\" class=\"jet-carousel__item-img lazyload\" alt=\"07 lavadero 02 b\" title=\"\" src=\"data:image\/svg+xml;base64,PHN2ZyB3aWR0aD0iMSIgaGVpZ2h0PSIxIiB4bWxucz0iaHR0cDovL3d3dy53My5vcmcvMjAwMC9zdmciPjwvc3ZnPg==\" style=\"--smush-placeholder-width: 1950px; --smush-placeholder-aspect-ratio: 1950\/1536;\"><div class=\"jet-carousel__content\"><\/div><\/div>\n<\/div>\n\n<div class=\"jet-carousel__item\">\n\t<div class=\"jet-carousel__item-inner\"><img decoding=\"async\" data-src=\"https:\/\/starmodul.com\/wp-content\/uploads\/2022\/11\/09-Lavadero-03-a.jpg\" class=\"jet-carousel__item-img lazyload\" alt=\"Lavaderos de coches con estructura met\u00e1lica\" title=\"\" src=\"data:image\/svg+xml;base64,PHN2ZyB3aWR0aD0iMSIgaGVpZ2h0PSIxIiB4bWxucz0iaHR0cDovL3d3dy53My5vcmcvMjAwMC9zdmciPjwvc3ZnPg==\" style=\"--smush-placeholder-width: 1934px; --smush-placeholder-aspect-ratio: 1934\/1207;\"><div class=\"jet-carousel__content\"><\/div><\/div>\n<\/div>\n<\/div><div class=\"jet-carousel__prev-arrow-6a6f8a64 jet-arrow prev-arrow\"><svg aria-hidden=\"true\" class=\"e-font-icon-svg e-fas-angle-left\" viewBox=\"0 0 256 512\" xmlns=\"http:\/\/www.w3.org\/2000\/svg\"><path d=\"M31.7 239l136-136c9.4-9.4 24.6-9.4 33.9 0l22.6 22.6c9.4 9.4 9.4 24.6 0 33.9L127.9 256l96.4 96.4c9.4 9.4 9.4 24.6 0 33.9L201.7 409c-9.4 9.4-24.6 9.4-33.9 0l-136-136c-9.5-9.4-9.5-24.6-.1-34z\"><\/path><\/svg><\/div><div class=\"jet-carousel__next-arrow-6a6f8a64 jet-arrow next-arrow\"><svg aria-hidden=\"true\" class=\"e-font-icon-svg e-fas-angle-right\" viewBox=\"0 0 256 512\" xmlns=\"http:\/\/www.w3.org\/2000\/svg\"><path d=\"M224.3 273l-136 136c-9.4 9.4-24.6 9.4-33.9 0l-22.6-22.6c-9.4-9.4-9.4-24.6 0-33.9l96.4-96.4-96.4-96.4c-9.4-9.4-9.4-24.6 0-33.9L54.3 103c9.4-9.4 24.6-9.4 33.9 0l136 136c9.5 9.4 9.5 24.6.1 34z\"><\/path><\/svg><\/div><\/div>\n<\/div>\n<\/div>\t\t\t\t<\/div>\n\t\t\t\t<\/div>\n\t\t\t\t\t<\/div>\n\t\t<\/div>\n\t\t\t\t\t<\/div>\n\t\t<\/section>\n\t\t\t\t\t<\/div>\n\t\t<\/div>\n\t\t\t\t<div class=\"elementor-column elementor-col-50 elementor-top-column elementor-element elementor-element-50884c25\" data-id=\"50884c25\" data-element_type=\"column\" data-e-type=\"column\">\n\t\t\t<div class=\"elementor-widget-wrap elementor-element-populated\">\n\t\t\t\t\t\t<div class=\"elementor-element elementor-element-107a47f9 elementor-widget elementor-widget-heading\" data-id=\"107a47f9\" data-element_type=\"widget\" data-e-type=\"widget\" data-widget_type=\"heading.default\">\n\t\t\t\t<div class=\"elementor-widget-container\">\n\t\t\t\t\t<h2 class=\"elementor-heading-title elementor-size-default\">Exemples d'aplicacions a safareigs i boxes amb StarModul<\/h2>\t\t\t\t<\/div>\n\t\t\t\t<\/div>\n\t\t\t\t<div class=\"elementor-element elementor-element-76a681c0 elementor-widget__width-initial elementor-widget elementor-widget-text-editor\" data-id=\"76a681c0\" data-element_type=\"widget\" data-e-type=\"widget\" data-widget_type=\"text-editor.default\">\n\t\t\t\t<div class=\"elementor-widget-container\">\n\t\t\t\t\t\t\t\t\t<div class=\"container\"><div id=\"model-response-message-contentr_e3ba410c7dff378c\" class=\"markdown markdown-main-panel stronger enable-updated-hr-color preserve-whitespaces-in-response\" dir=\"ltr\" aria-live=\"polite\" aria-busy=\"false\"><p data-path-to-node=\"6\">La versatilitat del nostre sistema el converteix en la soluci\u00f3 ideal per a la realitzaci\u00f3 d&#8217; <b data-path-to-node=\"6\" data-index-in-node=\"92\">estructures autoportants<\/b> de cobriment exterior, fonamentals a qualsevol centre de rentat modern. Gr\u00e0cies a la resist\u00e8ncia de l&#8217;acer i al tractament anticorrosiu, les nostres estructures suporten perfectament la humitat constant i les condicions clim\u00e0tiques adverses sense deteriorar-se. <\/p><p data-path-to-node=\"7\">Ja sigui per a la construcci\u00f3 de <b data-path-to-node=\"7\" data-index-in-node=\"31\">marquesines<\/b> per a zones d&#8217;aspirat, <b data-path-to-node=\"7\" data-index-in-node=\"67\">boxes de rentat<\/b> a pressi\u00f3 o t\u00fanels d&#8217;autorentat, StarModul ofereix el suport ideal. La flexibilitat del disseny permet crear espais di\u00e0fans i funcionals, adaptables a qualsevol configuraci\u00f3 de terreny, assegurant que cada element d&#8217;aquestes caracter\u00edstiques compleixi la normativa i ofereixi una est\u00e8tica professional i duradora. <\/p><\/div><\/div>\t\t\t\t\t\t\t\t<\/div>\n\t\t\t\t<\/div>\n\t\t\t\t\t<\/div>\n\t\t<\/div>\n\t\t\t\t\t<\/div>\n\t\t<\/section>\n\t\t\t\t<\/div>\n\t\t","protected":false},"excerpt":{"rendered":"<p>Sistema d&#8217;estructures met\u00e0l\u00b7liques sense soldadura per a safareig de cotxes El sistema constructiu StarModul representa una revoluci\u00f3 log\u00edstica i econ\u00f2mica per a la instal\u00b7laci\u00f3 de negocis de rentat de vehicles. La nostra tecnologia permet fabricar conjunts estructurals lleugers d&#8217;acer galvanitzat que optimitzen al m\u00e0xim el transport: en ser perfils dissenyats per acoblar-se a la destinaci\u00f3, [&hellip;]<\/p>\n","protected":false},"author":303,"featured_media":0,"parent":0,"menu_order":0,"comment_status":"closed","ping_status":"closed","template":"elementor_header_footer","meta":{"footnotes":""},"class_list":["post-10237","page","type-page","status-publish","hentry"],"_links":{"self":[{"href":"https:\/\/starmodul.com\/ca\/wp-json\/wp\/v2\/pages\/10237","targetHints":{"allow":["GET"]}}],"collection":[{"href":"https:\/\/starmodul.com\/ca\/wp-json\/wp\/v2\/pages"}],"about":[{"href":"https:\/\/starmodul.com\/ca\/wp-json\/wp\/v2\/types\/page"}],"author":[{"embeddable":true,"href":"https:\/\/starmodul.com\/ca\/wp-json\/wp\/v2\/users\/303"}],"replies":[{"embeddable":true,"href":"https:\/\/starmodul.com\/ca\/wp-json\/wp\/v2\/comments?post=10237"}],"version-history":[{"count":0,"href":"https:\/\/starmodul.com\/ca\/wp-json\/wp\/v2\/pages\/10237\/revisions"}],"wp:attachment":[{"href":"https:\/\/starmodul.com\/ca\/wp-json\/wp\/v2\/media?parent=10237"}],"curies":[{"name":"wp","href":"https:\/\/api.w.org\/{rel}","templated":true}]}}