{"id":10208,"date":"2022-12-25T10:40:12","date_gmt":"2022-12-25T09:40:12","guid":{"rendered":"https:\/\/starmodul.com\/politica-de-cookies\/"},"modified":"2024-07-11T08:33:11","modified_gmt":"2024-07-11T06:33:11","slug":"politica-de-cookies","status":"publish","type":"page","link":"https:\/\/starmodul.com\/ca\/politica-de-cookies\/","title":{"rendered":"Pol\u00edtica de Cookies"},"content":{"rendered":"\t\t<div data-elementor-type=\"wp-page\" data-elementor-id=\"10208\" class=\"elementor elementor-10208 elementor-1329\" data-elementor-post-type=\"page\">\n\t\t\t\t\t\t<section class=\"elementor-section elementor-top-section elementor-element elementor-element-317c167 elementor-section-boxed elementor-section-height-default elementor-section-height-default\" data-id=\"317c167\" data-element_type=\"section\" data-e-type=\"section\" data-settings=\"{&quot;background_background&quot;:&quot;classic&quot;,&quot;jet_parallax_layout_list&quot;:[]}\">\n\t\t\t\t\t\t<div class=\"elementor-container elementor-column-gap-default\">\n\t\t\t\t\t<div class=\"elementor-column elementor-col-100 elementor-top-column elementor-element elementor-element-a70002e\" data-id=\"a70002e\" data-element_type=\"column\" data-e-type=\"column\">\n\t\t\t<div class=\"elementor-widget-wrap elementor-element-populated\">\n\t\t\t\t\t\t<div class=\"elementor-element elementor-element-40bd93a elementor-widget elementor-widget-heading\" data-id=\"40bd93a\" data-element_type=\"widget\" data-e-type=\"widget\" data-widget_type=\"heading.default\">\n\t\t\t\t<div class=\"elementor-widget-container\">\n\t\t\t\t\t<h2 class=\"elementor-heading-title elementor-size-default\">Pol\u00edtica de cookies ( Portugal)<\/h2>\t\t\t\t<\/div>\n\t\t\t\t<\/div>\n\t\t\t\t\t<\/div>\n\t\t<\/div>\n\t\t\t\t\t<\/div>\n\t\t<\/section>\n\t\t\t\t<section class=\"elementor-section elementor-top-section elementor-element elementor-element-f23d4d5 elementor-section-boxed elementor-section-height-default elementor-section-height-default\" data-id=\"f23d4d5\" data-element_type=\"section\" data-e-type=\"section\" data-settings=\"{&quot;jet_parallax_layout_list&quot;:[]}\">\n\t\t\t\t\t\t<div class=\"elementor-container elementor-column-gap-default\">\n\t\t\t\t\t<div class=\"elementor-column elementor-col-100 elementor-top-column elementor-element elementor-element-0d5c967\" data-id=\"0d5c967\" data-element_type=\"column\" data-e-type=\"column\">\n\t\t\t<div class=\"elementor-widget-wrap elementor-element-populated\">\n\t\t\t\t\t\t<div class=\"elementor-element elementor-element-d613532 elementor-widget elementor-widget-text-editor\" data-id=\"d613532\" data-element_type=\"widget\" data-e-type=\"widget\" data-widget_type=\"text-editor.default\">\n\t\t\t\t<div class=\"elementor-widget-container\">\n\t\t\t\t\t\t\t\t\t<p>Aquest lloc web utilitza galetes i\/o tecnologies similars que emmagatzemen i recuperen informaci\u00f3 quan navegues. A la present Pol\u00edtica de Cookies, t&#8217;expliquem qu\u00e8 s\u00f3n les cookies, per a qu\u00e8 serveixen, i com pots configurar-les i\/o desactivar-les si aix\u00ed ho desitges. A m\u00e9s, t&#8217;indiquem quins tipus de cookies utilitza, i amb quina finalitat ho fa, la societat pertanyent al Grupo Sanitas responsable del lloc web a trav\u00e9s del qual has accedit a la present Pol\u00edtica de Cookies (el \u201clloc web\u201d), i que es troba degudament identificada a l&#8217;Av\u00eds Legal que hi figura.  <\/p>\n<p>Et convidem a llegir atentament aquesta Pol\u00edtica de Cookies.  <\/p>\n\t\t\t\t\t\t\t\t<\/div>\n\t\t\t\t<\/div>\n\t\t\t\t\t<\/div>\n\t\t<\/div>\n\t\t\t\t\t<\/div>\n\t\t<\/section>\n\t\t\t\t<section class=\"elementor-section elementor-top-section elementor-element elementor-element-093c60a elementor-section-boxed elementor-section-height-default elementor-section-height-default\" data-id=\"093c60a\" data-element_type=\"section\" data-e-type=\"section\" data-settings=\"{&quot;jet_parallax_layout_list&quot;:[],&quot;background_background&quot;:&quot;classic&quot;}\">\n\t\t\t\t\t\t<div class=\"elementor-container elementor-column-gap-default\">\n\t\t\t\t\t<div class=\"elementor-column elementor-col-100 elementor-top-column elementor-element elementor-element-ee0b2dd\" data-id=\"ee0b2dd\" data-element_type=\"column\" data-e-type=\"column\">\n\t\t\t<div class=\"elementor-widget-wrap elementor-element-populated\">\n\t\t\t\t\t\t<div class=\"elementor-element elementor-element-4157986 elementor-widget elementor-widget-heading\" data-id=\"4157986\" data-element_type=\"widget\" data-e-type=\"widget\" data-widget_type=\"heading.default\">\n\t\t\t\t<div class=\"elementor-widget-container\">\n\t\t\t\t\t<h2 class=\"elementor-heading-title elementor-size-default\">1. Qu\u00e8 s\u00f3n les galetes i per a qu\u00e8 serveixen?  \n\n<\/h2>\t\t\t\t<\/div>\n\t\t\t\t<\/div>\n\t\t\t\t<div class=\"elementor-element elementor-element-7ff2154 elementor-widget elementor-widget-text-editor\" data-id=\"7ff2154\" data-element_type=\"widget\" data-e-type=\"widget\" data-widget_type=\"text-editor.default\">\n\t\t\t\t<div class=\"elementor-widget-container\">\n\t\t\t\t\t\t\t\t\t<p>Les galetes s\u00f3n dispositius d&#8217;emmagatzematge i recuperaci\u00f3 de dades que s&#8217;utilitzen al vostre dispositiu (per exemple el vostre ordinador, tauleta o tel\u00e8fon m\u00f2bil), amb la finalitat d&#8217;emmagatzemar informaci\u00f3 i recuperar la informaci\u00f3 ja emmagatzemada. Les cookies s&#8217;utilitzen per garantir la qualitat, usabilitat i funcionament correcte dels llocs web, a m\u00e9s de per emmagatzemar i recuperar informaci\u00f3 sobre els h\u00e0bits de navegaci\u00f3 en aquests i personalitzar els seus continguts, podent utilitzar-se de vegades per recon\u00e8ixer l&#8217;usuari d&#8217;un lloc web .  <\/p>\n<p>Per tant, les galetes s\u00f3n essencials per al funcionament d&#8217;Internet, i en cap cas suposen un risc per al teu equip o dispositiu. \u00c9s m\u00e9s, ens poden ajudar a recon\u00e8ixer la necessitat de millores en parts del Lloc web ia detectar errors de funcionament.<\/p>\n\t\t\t\t\t\t\t\t<\/div>\n\t\t\t\t<\/div>\n\t\t\t\t\t<\/div>\n\t\t<\/div>\n\t\t\t\t\t<\/div>\n\t\t<\/section>\n\t\t\t\t<section class=\"elementor-section elementor-top-section elementor-element elementor-element-24cf5ee elementor-section-boxed elementor-section-height-default elementor-section-height-default\" data-id=\"24cf5ee\" data-element_type=\"section\" data-e-type=\"section\" data-settings=\"{&quot;jet_parallax_layout_list&quot;:[]}\">\n\t\t\t\t\t\t<div class=\"elementor-container elementor-column-gap-default\">\n\t\t\t\t\t<div class=\"elementor-column elementor-col-100 elementor-top-column elementor-element elementor-element-547555a\" data-id=\"547555a\" data-element_type=\"column\" data-e-type=\"column\">\n\t\t\t<div class=\"elementor-widget-wrap elementor-element-populated\">\n\t\t\t\t\t\t<div class=\"elementor-element elementor-element-fff86d8 elementor-widget elementor-widget-heading\" data-id=\"fff86d8\" data-element_type=\"widget\" data-e-type=\"widget\" data-widget_type=\"heading.default\">\n\t\t\t\t<div class=\"elementor-widget-container\">\n\t\t\t\t\t<h2 class=\"elementor-heading-title elementor-size-default\">2. Quins tipus de galetes s'utilitzen en aquest Lloc Web, i quina \u00e9s la seva finalitat?  \n\n<\/h2>\t\t\t\t<\/div>\n\t\t\t\t<\/div>\n\t\t\t\t<div class=\"elementor-element elementor-element-00c0cd2 elementor-widget elementor-widget-text-editor\" data-id=\"00c0cd2\" data-element_type=\"widget\" data-e-type=\"widget\" data-widget_type=\"text-editor.default\">\n\t\t\t\t<div class=\"elementor-widget-container\">\n\t\t\t\t\t\t\t\t\t<p>A continuaci\u00f3, us oferim informaci\u00f3 sobre els diferents tipus de cookies que utilitzem al Lloc web.  <\/p>\n<ul>\n<li>Cookies de t\u00e8cniques: s\u00f3n aquelles que et permeten navegar pel Lloc web i et permeten utilitzar les diferents funcionalitats i serveis, per exemple, l&#8217;inici de sessi\u00f3 amb el teu identificador, recordar els elements que integren una comanda, realitzar un proc\u00e9s de compra, gestionar un pagament, i controlar el frau vinculat a la seguretat del servei. Aquestes galetes s&#8217;instal\u00b7len autom\u00e0ticament al dispositiu.  <\/li>\n<li>Cookies de prefer\u00e8ncies o de personalitzaci\u00f3: s\u00f3n aquelles que permeten recordar informaci\u00f3 perqu\u00e8 puguis accedir al Lloc web amb caracter\u00edstiques que poden diferenciar la teva experi\u00e8ncia de les d&#8217;altres usuaris, com ara l&#8217;aspecte o contingut del Lloc Web o el seu idioma (en cas de comptar amb aquesta possibilitat), que podr\u00e0 variar en funci\u00f3 del tipus de navegador que utilitzes.  <\/li>\n<li>Galetes d&#8217;an\u00e0lisi o mesura: s\u00f3n aquelles que permeten el seguiment i an\u00e0lisi del seu comportament al Lloc web. Aquesta informaci\u00f3 permet mesurar i analitzar l&#8217;activitat del Lloc web, amb l&#8217;objectiu d&#8217;introduir les millores necess\u00e0ries a Lloc web segons l&#8217;an\u00e0lisi de les dades de navegaci\u00f3 recollides.  <\/li>\n<li>Cookies de publicitat comportamental: s\u00f3n aquelles que emmagatzemen informaci\u00f3 del comportament dels usuaris obtinguda a trav\u00e9s de l&#8217;observaci\u00f3 continuada dels seus h\u00e0bits de navegaci\u00f3, cosa que permet desenvolupar un perfil espec\u00edfic per mostrar publicitat en funci\u00f3 del mateix.  <\/li>\n<\/ul>\n<p>Podeu con\u00e8ixer el llistat de cookies que utilitza el Lloc web que esteu visitant, i les caracter\u00edstiques d&#8217;aquestes cookies, a l&#8217;apartat 4 d&#8217;aquesta Pol\u00edtica: \u201cLlistat de cookies\u201d.  <\/p>\n\t\t\t\t\t\t\t\t<\/div>\n\t\t\t\t<\/div>\n\t\t\t\t\t<\/div>\n\t\t<\/div>\n\t\t\t\t\t<\/div>\n\t\t<\/section>\n\t\t\t\t<section class=\"elementor-section elementor-top-section elementor-element elementor-element-dab5026 elementor-section-boxed elementor-section-height-default elementor-section-height-default\" data-id=\"dab5026\" data-element_type=\"section\" data-e-type=\"section\" data-settings=\"{&quot;jet_parallax_layout_list&quot;:[],&quot;background_background&quot;:&quot;classic&quot;}\">\n\t\t\t\t\t\t<div class=\"elementor-container elementor-column-gap-default\">\n\t\t\t\t\t<div class=\"elementor-column elementor-col-100 elementor-top-column elementor-element elementor-element-abd5df8\" data-id=\"abd5df8\" data-element_type=\"column\" data-e-type=\"column\">\n\t\t\t<div class=\"elementor-widget-wrap elementor-element-populated\">\n\t\t\t\t\t\t<div class=\"elementor-element elementor-element-9cfae3d elementor-widget elementor-widget-heading\" data-id=\"9cfae3d\" data-element_type=\"widget\" data-e-type=\"widget\" data-widget_type=\"heading.default\">\n\t\t\t\t<div class=\"elementor-widget-container\">\n\t\t\t\t\t<h2 class=\"elementor-heading-title elementor-size-default\">3. Com pots configurar les galetes al Lloc web?  \n<\/h2>\t\t\t\t<\/div>\n\t\t\t\t<\/div>\n\t\t\t\t<div class=\"elementor-element elementor-element-ba5f471 elementor-widget elementor-widget-text-editor\" data-id=\"ba5f471\" data-element_type=\"widget\" data-e-type=\"widget\" data-widget_type=\"text-editor.default\">\n\t\t\t\t<div class=\"elementor-widget-container\">\n\t\t\t\t\t\t\t\t\t<p><b>3.1. Configuraci\u00f3 de cookies a trav\u00e9s del centre de configuraci\u00f3 de cookies<\/b> <\/p>\n<p>Pots acceptar o rebutjar l&#8217;\u00fas de galetes a trav\u00e9s del centre de configuraci\u00f3 de galetes que posem a la teva disposici\u00f3, i al que pots accedir tant a trav\u00e9s del missatge d&#8217;informaci\u00f3 b\u00e0sica sobre galetes que apareix en visitar el Lloc web per primera vegada, i al sol\u00b7licitar-te l&#8217;actualitzaci\u00f3 del teu consentiment, com a trav\u00e9s del seg\u00fcent enlla\u00e7, que t&#8217;adre\u00e7ar\u00e0 al centre de configuraci\u00f3 de cookies: configurar o rebutjar l&#8217;\u00fas de cookies.  <\/p>\n<p>Tingues en compte que, si acceptes les galetes de tercers, haur\u00e0s d&#8217;eliminar-les, si aix\u00ed ho desitges, directament a trav\u00e9s de les opcions de gesti\u00f3 de galetes del teu navegador, tal com expliquem al seg\u00fcent punt 3.2.  <\/p>\n<\/p>\n<p><b>3.2. Configuraci\u00f3 de cookies a trav\u00e9s del teu navegador<\/b> <\/p>\n<p>Pots permetre, bloquejar o eliminar les cookies instal\u00b7lades al teu equip en qualsevol moment a trav\u00e9s de les opcions que posa a la teva disposici\u00f3 el navegador que utilitzes. T&#8217;expliquem com fer-ho:  <\/p>\n<ul>\n<li>Si utilitzeu Microsoft Internet Explorer: feu clic al bot\u00f3 Eines d&#8217;Internet Explorer i, despr\u00e9s, a Opcions d&#8217;Internet&gt; Privadesa&gt; Configuraci\u00f3&gt; Acceptar. Per a m\u00e9s informaci\u00f3, clica <a href=\"https:\/\/support.microsoft.com\/es-es\/help\/17442\/windows-internet-explorer-delete-manage-cookies\" target=\"_blank\" rel=\"noopener\">aqu\u00ed<\/a> <\/li>\n<li>Si utilitzes Firefox: fes clic al bot\u00f3 Firefox i selecciona Opcions&gt; Privadesa&gt; Usar una configuraci\u00f3 personalitzada per a l&#8217;historial&gt; Marca l&#8217;opci\u00f3 Acceptar cookies per activar-les, i desmarca-la per desactivar-les&gt; Tria durant quant de temps les cookies seran emmagatzemades&gt; Acceptar. Per a m\u00e9s informaci\u00f3, clica <a href=\"https:\/\/support.mozilla.org\/es\/products\/firefox\/privacy-and-security\" target=\"_blank\" rel=\"noopener\">aqu\u00ed<\/a> <\/li>\n<li>Si utilitzeu Google Chrome: feu clic al men\u00fa de Chrome a la barra d&#8217;eines del navegador&gt; Configuraci\u00f3&gt; Mostrar opcions avan\u00e7ades&gt; A la secci\u00f3 &#8220;Privadesa&#8221;, feu clic a Configuraci\u00f3 de contingut&gt; A la secci\u00f3 &#8220;Cookies&#8221;, pots configurar les cookies. Per a m\u00e9s informaci\u00f3, clica <a href=\"https:\/\/support.google.com\/chrome\/answer\/95647?hl=es\" target=\"_blank\" rel=\"noopener\">aqu\u00ed<\/a> <\/li>\n<li>Si utilitzeu Safari: aneu a Prefer\u00e8ncies i, al panell Privadesa, trieu Bloquejar Cookies, i seleccioneu l&#8217;opci\u00f3 que preferiu de les que el navegador us ofereix. Per a m\u00e9s informaci\u00f3, clica <a href=\"https:\/\/support.apple.com\/es-es\/guide\/safari\/sfri11471\/mac\" target=\"_blank\" rel=\"noopener\">aqu\u00ed<\/a> <\/li>\n<li>Si utilitzes Opera: fes clic a Configuraci\u00f3&gt; Opcions&gt; Avan\u00e7at&gt; Galetes. Per a m\u00e9s informaci\u00f3, clica <a href=\"https:\/\/help.opera.com\/en\/latest\/web-preferences\/#cookies\" target=\"_blank\" rel=\"noopener\">aqu\u00ed<\/a> <\/li>\n<li>Si utilitzeu un IPhone o un IPADE: a la pantalla inicial, seleccioneu Configuraci\u00f3&gt; Safari i, a continuaci\u00f3, tria l&#8217;opci\u00f3 de configuraci\u00f3 que prefereixis. Per a m\u00e9s informaci\u00f3, clica <a href=\"https:\/\/support.apple.com\/es-es\/HT201265\" target=\"_blank\" rel=\"noopener\">aqu\u00ed<\/a> <\/li>\n<li>Si utilitzes Android: fes clic a Men\u00fa&gt; Ajustaments&gt; Seguretat i Privadesa&gt; activa o desactiva la casella \u201cAcceptar cookies\u201d&gt; Reinicieu el navegador perqu\u00e8 els canvis siguin efectius.  <\/li>\n<li>Si utilitzes Windows Phone: a Internet Explorer, fes clic a M\u00e9s&gt; Configuraci\u00f3. Tamb\u00e9 podeu accedir a la configuraci\u00f3 d&#8217;Internet Explorer a trav\u00e9s de Configuraci\u00f3, a la llista d&#8217;aplicacions. Selecciona o desactiva l&#8217;opci\u00f3 Permet cookies.  <\/li>\n<\/ul>\n\t\t\t\t\t\t\t\t<\/div>\n\t\t\t\t<\/div>\n\t\t\t\t\t<\/div>\n\t\t<\/div>\n\t\t\t\t\t<\/div>\n\t\t<\/section>\n\t\t\t\t<section class=\"elementor-section elementor-top-section elementor-element elementor-element-941678d elementor-section-boxed elementor-section-height-default elementor-section-height-default\" data-id=\"941678d\" data-element_type=\"section\" data-e-type=\"section\" data-settings=\"{&quot;jet_parallax_layout_list&quot;:[]}\">\n\t\t\t\t\t\t<div class=\"elementor-container elementor-column-gap-default\">\n\t\t\t\t\t<div class=\"elementor-column elementor-col-100 elementor-top-column elementor-element elementor-element-41db047\" data-id=\"41db047\" data-element_type=\"column\" data-e-type=\"column\">\n\t\t\t<div class=\"elementor-widget-wrap elementor-element-populated\">\n\t\t\t\t\t\t<div class=\"elementor-element elementor-element-13c2338 elementor-widget elementor-widget-heading\" data-id=\"13c2338\" data-element_type=\"widget\" data-e-type=\"widget\" data-widget_type=\"heading.default\">\n\t\t\t\t<div class=\"elementor-widget-container\">\n\t\t\t\t\t<h2 class=\"elementor-heading-title elementor-size-default\">4. Informaci\u00f3 addicional  \n\n<\/h2>\t\t\t\t<\/div>\n\t\t\t\t<\/div>\n\t\t\t\t<div class=\"elementor-element elementor-element-021ee4a elementor-widget elementor-widget-text-editor\" data-id=\"021ee4a\" data-element_type=\"widget\" data-e-type=\"widget\" data-widget_type=\"text-editor.default\">\n\t\t\t\t<div class=\"elementor-widget-container\">\n\t\t\t\t\t\t\t\t\t<p>Podeu consultar informaci\u00f3 addicional sobre el tractament de la vostra informaci\u00f3, en particular sobre els vostres drets i les modalitats d&#8217;exercici, en l&#8217;av\u00eds legal i la pol\u00edtica de privadesa que trobareu disponible a trav\u00e9s de l&#8217;enlla\u00e7 que figura al peu de p\u00e0gina del Lloc Web , i que et convidem a consultar.  <\/p>\n\t\t\t\t\t\t\t\t<\/div>\n\t\t\t\t<\/div>\n\t\t\t\t\t<\/div>\n\t\t<\/div>\n\t\t\t\t\t<\/div>\n\t\t<\/section>\n\t\t\t\t<\/div>\n\t\t","protected":false},"excerpt":{"rendered":"<p>Pol\u00edtica de cookies ( Portugal) Aquest lloc web utilitza galetes i\/o tecnologies similars que emmagatzemen i recuperen informaci\u00f3 quan navegues. A la present Pol\u00edtica de Cookies, t&#8217;expliquem qu\u00e8 s\u00f3n les cookies, per a qu\u00e8 serveixen, i com pots configurar-les i\/o desactivar-les si aix\u00ed ho desitges. A m\u00e9s, t&#8217;indiquem quins tipus de cookies utilitza, i amb [&hellip;]<\/p>\n","protected":false},"author":303,"featured_media":0,"parent":0,"menu_order":0,"comment_status":"closed","ping_status":"closed","template":"elementor_header_footer","meta":{"footnotes":""},"class_list":["post-10208","page","type-page","status-publish","hentry"],"_links":{"self":[{"href":"https:\/\/starmodul.com\/ca\/wp-json\/wp\/v2\/pages\/10208","targetHints":{"allow":["GET"]}}],"collection":[{"href":"https:\/\/starmodul.com\/ca\/wp-json\/wp\/v2\/pages"}],"about":[{"href":"https:\/\/starmodul.com\/ca\/wp-json\/wp\/v2\/types\/page"}],"author":[{"embeddable":true,"href":"https:\/\/starmodul.com\/ca\/wp-json\/wp\/v2\/users\/303"}],"replies":[{"embeddable":true,"href":"https:\/\/starmodul.com\/ca\/wp-json\/wp\/v2\/comments?post=10208"}],"version-history":[{"count":0,"href":"https:\/\/starmodul.com\/ca\/wp-json\/wp\/v2\/pages\/10208\/revisions"}],"wp:attachment":[{"href":"https:\/\/starmodul.com\/ca\/wp-json\/wp\/v2\/media?parent=10208"}],"curies":[{"name":"wp","href":"https:\/\/api.w.org\/{rel}","templated":true}]}}