{"id":10188,"date":"2022-12-25T09:58:52","date_gmt":"2022-12-25T08:58:52","guid":{"rendered":"https:\/\/starmodul.com\/nota-legal\/"},"modified":"2024-07-11T08:33:11","modified_gmt":"2024-07-11T06:33:11","slug":"nota-legal","status":"publish","type":"page","link":"https:\/\/starmodul.com\/ca\/nota-legal\/","title":{"rendered":"Nota legal"},"content":{"rendered":"\t\t<div data-elementor-type=\"wp-page\" data-elementor-id=\"10188\" class=\"elementor elementor-10188 elementor-1290\" data-elementor-post-type=\"page\">\n\t\t\t\t\t\t<section class=\"elementor-section elementor-top-section elementor-element elementor-element-306f71e elementor-section-boxed elementor-section-height-default elementor-section-height-default\" data-id=\"306f71e\" data-element_type=\"section\" data-e-type=\"section\" data-settings=\"{&quot;background_background&quot;:&quot;classic&quot;,&quot;jet_parallax_layout_list&quot;:[]}\">\n\t\t\t\t\t\t<div class=\"elementor-container elementor-column-gap-default\">\n\t\t\t\t\t<div class=\"elementor-column elementor-col-100 elementor-top-column elementor-element elementor-element-78e4442\" data-id=\"78e4442\" data-element_type=\"column\" data-e-type=\"column\">\n\t\t\t<div class=\"elementor-widget-wrap elementor-element-populated\">\n\t\t\t\t\t\t<div class=\"elementor-element elementor-element-7605007 elementor-widget elementor-widget-heading\" data-id=\"7605007\" data-element_type=\"widget\" data-e-type=\"widget\" data-widget_type=\"heading.default\">\n\t\t\t\t<div class=\"elementor-widget-container\">\n\t\t\t\t\t<h2 class=\"elementor-heading-title elementor-size-default\">Av\u00eds Legal<\/h2>\t\t\t\t<\/div>\n\t\t\t\t<\/div>\n\t\t\t\t\t<\/div>\n\t\t<\/div>\n\t\t\t\t\t<\/div>\n\t\t<\/section>\n\t\t\t\t<section class=\"elementor-section elementor-top-section elementor-element elementor-element-6cd7ae5 elementor-section-boxed elementor-section-height-default elementor-section-height-default\" data-id=\"6cd7ae5\" data-element_type=\"section\" data-e-type=\"section\" data-settings=\"{&quot;jet_parallax_layout_list&quot;:[]}\">\n\t\t\t\t\t\t<div class=\"elementor-container elementor-column-gap-default\">\n\t\t\t\t\t<div class=\"elementor-column elementor-col-100 elementor-top-column elementor-element elementor-element-490afc2\" data-id=\"490afc2\" data-element_type=\"column\" data-e-type=\"column\">\n\t\t\t<div class=\"elementor-widget-wrap elementor-element-populated\">\n\t\t\t\t\t\t<div class=\"elementor-element elementor-element-0d6ce2d elementor-widget elementor-widget-heading\" data-id=\"0d6ce2d\" data-element_type=\"widget\" data-e-type=\"widget\" data-widget_type=\"heading.default\">\n\t\t\t\t<div class=\"elementor-widget-container\">\n\t\t\t\t\t<h2 class=\"elementor-heading-title elementor-size-default\">OBJECTE<\/h2>\t\t\t\t<\/div>\n\t\t\t\t<\/div>\n\t\t\t\t<div class=\"elementor-element elementor-element-1939a40 elementor-widget elementor-widget-text-editor\" data-id=\"1939a40\" data-element_type=\"widget\" data-e-type=\"widget\" data-widget_type=\"text-editor.default\">\n\t\t\t\t<div class=\"elementor-widget-container\">\n\t\t\t\t\t\t\t\t\t<h2><span style=\"color: var( --e-global-color-text ); font-family: var( --e-global-typography-text-font-family ), Sans-serif; font-weight: var( --e-global-typography-text-font-weight ); font-size: 1rem;\">Aquestes Condicions Generals regulen l&#8217;adquisici\u00f3 dels productes oferts al lloc web www.starmodul.com, del qual \u00e9s titular CUATELART, SL (d&#8217;ara endavant, CUATELART).<\/span><\/h2>\n<p>L&#8217;adquisici\u00f3 de qualsevol dels productes comporta l&#8217;acceptaci\u00f3 plena i sense reserves de totes i cadascuna de les Condicions Generals que s&#8217;hi indiquen, sens perjudici de l&#8217;acceptaci\u00f3 de les Condicions Particulars que puguin ser aplicables en adquirir determinats productes.<\/p>\n<p>Aquestes Condicions Generals podran ser modificades sense notificaci\u00f3 pr\u00e8via, per tant, \u00e9s recomanable llegir-ne atentament el contingut abans de procedir a l&#8217;adquisici\u00f3 de qualsevol dels productes oferts.<\/p>\n\t\t\t\t\t\t\t\t<\/div>\n\t\t\t\t<\/div>\n\t\t\t\t\t<\/div>\n\t\t<\/div>\n\t\t\t\t\t<\/div>\n\t\t<\/section>\n\t\t\t\t<section class=\"elementor-section elementor-top-section elementor-element elementor-element-77cc154 elementor-section-boxed elementor-section-height-default elementor-section-height-default\" data-id=\"77cc154\" data-element_type=\"section\" data-e-type=\"section\" data-settings=\"{&quot;jet_parallax_layout_list&quot;:[],&quot;background_background&quot;:&quot;classic&quot;}\">\n\t\t\t\t\t\t<div class=\"elementor-container elementor-column-gap-default\">\n\t\t\t\t\t<div class=\"elementor-column elementor-col-100 elementor-top-column elementor-element elementor-element-0341e3d\" data-id=\"0341e3d\" data-element_type=\"column\" data-e-type=\"column\">\n\t\t\t<div class=\"elementor-widget-wrap elementor-element-populated\">\n\t\t\t\t\t\t<div class=\"elementor-element elementor-element-fdf62f1 elementor-widget elementor-widget-heading\" data-id=\"fdf62f1\" data-element_type=\"widget\" data-e-type=\"widget\" data-widget_type=\"heading.default\">\n\t\t\t\t<div class=\"elementor-widget-container\">\n\t\t\t\t\t<h2 class=\"elementor-heading-title elementor-size-default\">IDENTIFICACI\u00d3<\/h2>\t\t\t\t<\/div>\n\t\t\t\t<\/div>\n\t\t\t\t<div class=\"elementor-element elementor-element-72eead1 elementor-widget elementor-widget-text-editor\" data-id=\"72eead1\" data-element_type=\"widget\" data-e-type=\"widget\" data-widget_type=\"text-editor.default\">\n\t\t\t\t<div class=\"elementor-widget-container\">\n\t\t\t\t\t\t\t\t\t<h2><span style=\"color: var( --e-global-color-text ); font-family: var( --e-global-typography-text-font-family ), Sans-serif; font-weight: var( --e-global-typography-text-font-weight ); font-size: 1rem;\">CUATELART, en compliment de la Llei 34\/2002, d&#8217;11 de juliol, de Serveis de la Societat de la Informaci\u00f3 i de Comer\u00e7 Electr\u00f2nic, us informa que:<\/span><\/h2>\n<ul>\n<li>La seva denominaci\u00f3 social \u00e9s: CUATELART, SL<\/li>\n<li>El seu nom comercial \u00e9s: CUATELART<\/li>\n<li>El seu CIF \u00e9s: B25396128<\/li>\n<li>El seu domicili social \u00e9s a: PALAUET, 131. 25001-LLEIDA.<\/li>\n<li>Dades Registrals: Registre Mercantil tom 491, foli 41 full numero L-9.125<\/li>\n<\/ul>\n\t\t\t\t\t\t\t\t<\/div>\n\t\t\t\t<\/div>\n\t\t\t\t\t<\/div>\n\t\t<\/div>\n\t\t\t\t\t<\/div>\n\t\t<\/section>\n\t\t\t\t<section class=\"elementor-section elementor-top-section elementor-element elementor-element-7376b88 elementor-section-boxed elementor-section-height-default elementor-section-height-default\" data-id=\"7376b88\" data-element_type=\"section\" data-e-type=\"section\" data-settings=\"{&quot;jet_parallax_layout_list&quot;:[]}\">\n\t\t\t\t\t\t<div class=\"elementor-container elementor-column-gap-default\">\n\t\t\t\t\t<div class=\"elementor-column elementor-col-100 elementor-top-column elementor-element elementor-element-a4d5c73\" data-id=\"a4d5c73\" data-element_type=\"column\" data-e-type=\"column\">\n\t\t\t<div class=\"elementor-widget-wrap elementor-element-populated\">\n\t\t\t\t\t\t<div class=\"elementor-element elementor-element-12ffb58 elementor-widget elementor-widget-heading\" data-id=\"12ffb58\" data-element_type=\"widget\" data-e-type=\"widget\" data-widget_type=\"heading.default\">\n\t\t\t\t<div class=\"elementor-widget-container\">\n\t\t\t\t\t<h2 class=\"elementor-heading-title elementor-size-default\">COMUNICACIONS<\/h2>\t\t\t\t<\/div>\n\t\t\t\t<\/div>\n\t\t\t\t<div class=\"elementor-element elementor-element-1e1cf95 elementor-widget elementor-widget-text-editor\" data-id=\"1e1cf95\" data-element_type=\"widget\" data-e-type=\"widget\" data-widget_type=\"text-editor.default\">\n\t\t\t\t<div class=\"elementor-widget-container\">\n\t\t\t\t\t\t\t\t\t<ul>\n<li>Telf. \u200b\u200b973 22 81 64<\/li>\n<li>WhatsApp 683 44 26 08<\/li>\n<li>info@starmodul.com<\/li>\n<\/ul>\n\t\t\t\t\t\t\t\t<\/div>\n\t\t\t\t<\/div>\n\t\t\t\t\t<\/div>\n\t\t<\/div>\n\t\t\t\t\t<\/div>\n\t\t<\/section>\n\t\t\t\t<section class=\"elementor-section elementor-top-section elementor-element elementor-element-ad8ef07 elementor-section-boxed elementor-section-height-default elementor-section-height-default\" data-id=\"ad8ef07\" data-element_type=\"section\" data-e-type=\"section\" data-settings=\"{&quot;jet_parallax_layout_list&quot;:[],&quot;background_background&quot;:&quot;classic&quot;}\">\n\t\t\t\t\t\t<div class=\"elementor-container elementor-column-gap-default\">\n\t\t\t\t\t<div class=\"elementor-column elementor-col-100 elementor-top-column elementor-element elementor-element-de9d905\" data-id=\"de9d905\" data-element_type=\"column\" data-e-type=\"column\">\n\t\t\t<div class=\"elementor-widget-wrap elementor-element-populated\">\n\t\t\t\t\t\t<div class=\"elementor-element elementor-element-4fade27 elementor-widget elementor-widget-heading\" data-id=\"4fade27\" data-element_type=\"widget\" data-e-type=\"widget\" data-widget_type=\"heading.default\">\n\t\t\t\t<div class=\"elementor-widget-container\">\n\t\t\t\t\t<h2 class=\"elementor-heading-title elementor-size-default\">PRODUCTES<\/h2>\t\t\t\t<\/div>\n\t\t\t\t<\/div>\n\t\t\t\t<div class=\"elementor-element elementor-element-6aa557f elementor-widget elementor-widget-text-editor\" data-id=\"6aa557f\" data-element_type=\"widget\" data-e-type=\"widget\" data-widget_type=\"text-editor.default\">\n\t\t\t\t<div class=\"elementor-widget-container\">\n\t\t\t\t\t\t\t\t\t<div><span style=\"color: var( --e-global-color-text ); font-family: var( --e-global-typography-text-font-family ), Sans-serif; font-weight: var( --e-global-typography-text-font-weight ); font-size: 1rem;\">Els productes oferts, juntament amb les caracter\u00edstiques principals dels mateixos i el seu preu apareixen a la pantalla.<\/span><\/div>\n<p>CUATELART es reserva el dret de decidir, a cada moment, els productes i\/o serveis que s&#8217;ofereixen als Clients. D&#8217;aquesta manera, CUATELART podr\u00e0, en qualsevol moment, afegir nous productes i\/o serveis als oferts actualment. Aix\u00ed mateix, CUATELART es reserva el dret a retirar o deixar d&#8217;oferir, en qualsevol moment, i sense av\u00eds previ, qualsevol dels productes oferts.<\/p>\n<p>Tot aix\u00f2 sense perjudici que l&#8217;adquisici\u00f3 d&#8217;algun dels productes nom\u00e9s es podr\u00e0 fer mitjan\u00e7ant la subscripci\u00f3 o registre de l&#8217;USUARI, mitjan\u00e7ant un nom d&#8217;usuari i una contrasenya, els quals us identificaran i habilitaran personalment per poder tenir acc\u00e9s als productes.<\/p>\n<p>Un cop dins de www.starmodul.com , i per accedir a la contractaci\u00f3 dels diferents productes, l&#8217;Usuari haur\u00e0 de seguir totes les instruccions indicades al proc\u00e9s de compra, la qual cosa suposar\u00e0 la lectura i acceptaci\u00f3 de totes les condicions generals i particulars fixades a www.starmodul.com.<\/p>\n\t\t\t\t\t\t\t\t<\/div>\n\t\t\t\t<\/div>\n\t\t\t\t<div class=\"elementor-element elementor-element-9f821f7 elementor-align-center elementor-mobile-align-justify elementor-widget elementor-widget-button\" data-id=\"9f821f7\" data-element_type=\"widget\" data-e-type=\"widget\" data-widget_type=\"button.default\">\n\t\t\t\t<div class=\"elementor-widget-container\">\n\t\t\t\t\t\t\t\t\t<div class=\"elementor-button-wrapper\">\n\t\t\t\t\t<a class=\"elementor-button elementor-button-link elementor-size-sm\" href=\"https:\/\/starmodul.com\/ca\/contacte\/\">\n\t\t\t\t\t\t<span class=\"elementor-button-content-wrapper\">\n\t\t\t\t\t\t\t\t\t<span class=\"elementor-button-text\">Contacta amb nosaltres<\/span>\n\t\t\t\t\t<\/span>\n\t\t\t\t\t<\/a>\n\t\t\t\t<\/div>\n\t\t\t\t\t\t\t\t<\/div>\n\t\t\t\t<\/div>\n\t\t\t\t\t<\/div>\n\t\t<\/div>\n\t\t\t\t\t<\/div>\n\t\t<\/section>\n\t\t\t\t<\/div>\n\t\t","protected":false},"excerpt":{"rendered":"<p>Av\u00eds Legal OBJECTE Aquestes Condicions Generals regulen l&#8217;adquisici\u00f3 dels productes oferts al lloc web www.starmodul.com, del qual \u00e9s titular CUATELART, SL (d&#8217;ara endavant, CUATELART). L&#8217;adquisici\u00f3 de qualsevol dels productes comporta l&#8217;acceptaci\u00f3 plena i sense reserves de totes i cadascuna de les Condicions Generals que s&#8217;hi indiquen, sens perjudici de l&#8217;acceptaci\u00f3 de les Condicions Particulars que [&hellip;]<\/p>\n","protected":false},"author":303,"featured_media":0,"parent":0,"menu_order":0,"comment_status":"closed","ping_status":"closed","template":"elementor_header_footer","meta":{"footnotes":""},"class_list":["post-10188","page","type-page","status-publish","hentry"],"_links":{"self":[{"href":"https:\/\/starmodul.com\/ca\/wp-json\/wp\/v2\/pages\/10188","targetHints":{"allow":["GET"]}}],"collection":[{"href":"https:\/\/starmodul.com\/ca\/wp-json\/wp\/v2\/pages"}],"about":[{"href":"https:\/\/starmodul.com\/ca\/wp-json\/wp\/v2\/types\/page"}],"author":[{"embeddable":true,"href":"https:\/\/starmodul.com\/ca\/wp-json\/wp\/v2\/users\/303"}],"replies":[{"embeddable":true,"href":"https:\/\/starmodul.com\/ca\/wp-json\/wp\/v2\/comments?post=10188"}],"version-history":[{"count":0,"href":"https:\/\/starmodul.com\/ca\/wp-json\/wp\/v2\/pages\/10188\/revisions"}],"wp:attachment":[{"href":"https:\/\/starmodul.com\/ca\/wp-json\/wp\/v2\/media?parent=10188"}],"curies":[{"name":"wp","href":"https:\/\/api.w.org\/{rel}","templated":true}]}}