{"id":10167,"date":"2022-12-25T10:36:06","date_gmt":"2022-12-25T09:36:06","guid":{"rendered":"https:\/\/starmodul.com\/pagament-segur\/"},"modified":"2024-07-11T08:33:22","modified_gmt":"2024-07-11T06:33:22","slug":"pagament-segur","status":"publish","type":"page","link":"https:\/\/starmodul.com\/ca\/pagament-segur\/","title":{"rendered":"Pagament segur"},"content":{"rendered":"\t\t<div data-elementor-type=\"wp-page\" data-elementor-id=\"10167\" class=\"elementor elementor-10167 elementor-1320\" data-elementor-post-type=\"page\">\n\t\t\t\t\t\t<section class=\"elementor-section elementor-top-section elementor-element elementor-element-317c167 elementor-section-boxed elementor-section-height-default elementor-section-height-default\" data-id=\"317c167\" data-element_type=\"section\" data-e-type=\"section\" data-settings=\"{&quot;background_background&quot;:&quot;classic&quot;,&quot;jet_parallax_layout_list&quot;:[]}\">\n\t\t\t\t\t\t<div class=\"elementor-container elementor-column-gap-default\">\n\t\t\t\t\t<div class=\"elementor-column elementor-col-100 elementor-top-column elementor-element elementor-element-a70002e\" data-id=\"a70002e\" data-element_type=\"column\" data-e-type=\"column\">\n\t\t\t<div class=\"elementor-widget-wrap elementor-element-populated\">\n\t\t\t\t\t\t<div class=\"elementor-element elementor-element-40bd93a elementor-widget elementor-widget-heading\" data-id=\"40bd93a\" data-element_type=\"widget\" data-e-type=\"widget\" data-widget_type=\"heading.default\">\n\t\t\t\t<div class=\"elementor-widget-container\">\n\t\t\t\t\t<h2 class=\"elementor-heading-title elementor-size-default\">Pagament segur<\/h2>\t\t\t\t<\/div>\n\t\t\t\t<\/div>\n\t\t\t\t\t<\/div>\n\t\t<\/div>\n\t\t\t\t\t<\/div>\n\t\t<\/section>\n\t\t\t\t<section class=\"elementor-section elementor-top-section elementor-element elementor-element-f23d4d5 elementor-section-boxed elementor-section-height-default elementor-section-height-default\" data-id=\"f23d4d5\" data-element_type=\"section\" data-e-type=\"section\" data-settings=\"{&quot;jet_parallax_layout_list&quot;:[]}\">\n\t\t\t\t\t\t<div class=\"elementor-container elementor-column-gap-default\">\n\t\t\t\t\t<div class=\"elementor-column elementor-col-100 elementor-top-column elementor-element elementor-element-0d5c967\" data-id=\"0d5c967\" data-element_type=\"column\" data-e-type=\"column\">\n\t\t\t<div class=\"elementor-widget-wrap elementor-element-populated\">\n\t\t\t\t\t\t<div class=\"elementor-element elementor-element-d613532 elementor-widget elementor-widget-text-editor\" data-id=\"d613532\" data-element_type=\"widget\" data-e-type=\"widget\" data-widget_type=\"text-editor.default\">\n\t\t\t\t<div class=\"elementor-widget-container\">\n\t\t\t\t\t\t\t\t\t<p style=\"font-weight: 400;\">El nostre objectiu \u00e9s fer que la vostra compra sigui f\u00e0cil i r\u00e0pida oferint-vos varietat de formes de pagament, perqu\u00e8 pugueu triar la que m\u00e9s us convingui. S&#8217;accepta pagament amb targeta de cr\u00e8dit\/d\u00e8bit, per transfer\u00e8ncia banc\u00e0ria o per PayPal.<\/p>\n<p style=\"font-weight: 400;\">El Client es compromet a pagar en el moment que fa la comanda. Al preu inicial que figuri a Starmodul SL per a cadascun dels productes oferts se&#8217;ls sumaran les tarifes corresponents a les despeses d&#8217;enviament pertinents. En qualsevol cas, les tarifes esmentades seran comunicades pr\u00e8viament al Client abans de formalitzar la pr\u00f2pia compra.<\/p>\n<p style=\"font-weight: 400;\">El tiquet o comprovant de compra que correspon a la comanda de compra estar\u00e0 disponible i es podr\u00e0 visualitzar a www.starmodul.com a la secci\u00f3 \u201cEl meu compte\u201c, \u201cComandes\u201c.<\/p>\n<p style=\"font-weight: 400;\">El Client haur\u00e0 d&#8217;abonar l&#8217;import corresponent a la comanda mitjan\u00e7ant pagament a trav\u00e9s de targeta de cr\u00e8dit o de d\u00e8bit (Visa, Mastercard, Visa Electr\u00f3 i\/o altres targetes an\u00e0logues), transfer\u00e8ncia o Paypal. La targeta amb qu\u00e8 es faci el pagament haur\u00e0 de tenir com a entitat financera emissora un banc o caixa d&#8217;estalvis Europea. El pagament amb targeta es fa a trav\u00e9s de Cajamar amb els seus protocols de seguretat.<\/p>\n<p style=\"font-weight: 400;\">El Client haur\u00e0 de notificar a Starmodul SL qualsevol c\u00e0rrec indegut o fraudulent a la targeta utilitzada per a les compres, mitjan\u00e7ant correu electr\u00f2nic o via telef\u00f2nica, en el menor termini de temps possible perqu\u00e8 Starmodul SL pugui realitzar les gestions oportunes.<\/p>\n\t\t\t\t\t\t\t\t<\/div>\n\t\t\t\t<\/div>\n\t\t\t\t\t<\/div>\n\t\t<\/div>\n\t\t\t\t\t<\/div>\n\t\t<\/section>\n\t\t\t\t<section class=\"elementor-section elementor-top-section elementor-element elementor-element-093c60a elementor-section-boxed elementor-section-height-default elementor-section-height-default\" data-id=\"093c60a\" data-element_type=\"section\" data-e-type=\"section\" data-settings=\"{&quot;jet_parallax_layout_list&quot;:[],&quot;background_background&quot;:&quot;classic&quot;}\">\n\t\t\t\t\t\t<div class=\"elementor-container elementor-column-gap-default\">\n\t\t\t\t\t<div class=\"elementor-column elementor-col-100 elementor-top-column elementor-element elementor-element-ee0b2dd\" data-id=\"ee0b2dd\" data-element_type=\"column\" data-e-type=\"column\">\n\t\t\t<div class=\"elementor-widget-wrap elementor-element-populated\">\n\t\t\t\t\t\t<div class=\"elementor-element elementor-element-4157986 elementor-widget elementor-widget-heading\" data-id=\"4157986\" data-element_type=\"widget\" data-e-type=\"widget\" data-widget_type=\"heading.default\">\n\t\t\t\t<div class=\"elementor-widget-container\">\n\t\t\t\t\t<h2 class=\"elementor-heading-title elementor-size-default\">Pagament segur amb targeta<\/h2>\t\t\t\t<\/div>\n\t\t\t\t<\/div>\n\t\t\t\t<div class=\"elementor-element elementor-element-7ff2154 elementor-widget elementor-widget-text-editor\" data-id=\"7ff2154\" data-element_type=\"widget\" data-e-type=\"widget\" data-widget_type=\"text-editor.default\">\n\t\t\t\t<div class=\"elementor-widget-container\">\n\t\t\t\t\t\t\t\t\t<p style=\"font-weight: 400;\">Starmodul SL us ofereix el Sistema de Pagaments Assegurances per Internet amb targeta, amb el qual podreu realitzar les vostres compres per internet amb la m\u00e0xima tranquil\u00b7litat i seguretat. Totes les dades proporcionades en el proc\u00e9s s\u00f3n encriptades sota protocol segur SSL (Secure Socket Layers) per garantir la major seguretat, no podent ser interceptades mentre es transmeten.<\/p>\n<p style=\"font-weight: 400;\">Per aix\u00f2, Starmodul SL ha adoptat l&#8217;est\u00e0ndard de seguretat de VISA internacional, anomenat Verified by VISA, implantat des d&#8217;abril de 2002. Per a Mastercard rep el nom de \u201cMasterCard SecureCode\u201d.<\/p>\n<ul style=\"font-weight: 400;\">\n<li><a href=\"https:\/\/sis-t.redsys.es:25443\/sis\/html\/verifiedByVisa1.html\" target=\"_blank\" rel=\"noopener\">VERIFIED BY VISA<\/a><\/li>\n<li><a href=\"https:\/\/www.mastercard.us\/en-us.html\" target=\"_blank\" rel=\"noopener\">MASTERCARD SECURECODE<\/a><\/li>\n<\/ul>\n<p style=\"font-weight: 400;\">A la p\u00e0gina de Verified by VISA, trobareu m\u00e9s informaci\u00f3 sobre aquest servei.<\/p>\n\t\t\t\t\t\t\t\t<\/div>\n\t\t\t\t<\/div>\n\t\t\t\t\t<\/div>\n\t\t<\/div>\n\t\t\t\t\t<\/div>\n\t\t<\/section>\n\t\t\t\t<section class=\"elementor-section elementor-top-section elementor-element elementor-element-24cf5ee elementor-section-boxed elementor-section-height-default elementor-section-height-default\" data-id=\"24cf5ee\" data-element_type=\"section\" data-e-type=\"section\" data-settings=\"{&quot;jet_parallax_layout_list&quot;:[]}\">\n\t\t\t\t\t\t<div class=\"elementor-container elementor-column-gap-default\">\n\t\t\t\t\t<div class=\"elementor-column elementor-col-100 elementor-top-column elementor-element elementor-element-547555a\" data-id=\"547555a\" data-element_type=\"column\" data-e-type=\"column\">\n\t\t\t<div class=\"elementor-widget-wrap elementor-element-populated\">\n\t\t\t\t\t\t<div class=\"elementor-element elementor-element-fff86d8 elementor-widget elementor-widget-heading\" data-id=\"fff86d8\" data-element_type=\"widget\" data-e-type=\"widget\" data-widget_type=\"heading.default\">\n\t\t\t\t<div class=\"elementor-widget-container\">\n\t\t\t\t\t<h2 class=\"elementor-heading-title elementor-size-default\">Com funcionen els sistemes Verified By Visa \u2013 MasterCard SecureCode?<\/h2>\t\t\t\t<\/div>\n\t\t\t\t<\/div>\n\t\t\t\t<div class=\"elementor-element elementor-element-00c0cd2 elementor-widget elementor-widget-text-editor\" data-id=\"00c0cd2\" data-element_type=\"widget\" data-e-type=\"widget\" data-widget_type=\"text-editor.default\">\n\t\t\t\t<div class=\"elementor-widget-container\">\n\t\t\t\t\t\t\t\t\t<p style=\"font-weight: 400;\">Cal que us poseu en contacte amb la vostra oficina banc\u00e0ria i sol\u00b7liciteu l&#8217;activaci\u00f3 del Servei de Pagaments Assegurances per a compres Online. Aquest sistema consisteix en una clau, una frase que vost\u00e8 nom\u00e9s sap, un codi aleatori enviat al tel\u00e8fon m\u00f2bil, etc. Cada entitat banc\u00e0ria t\u00e9 el vostre sistema d&#8217;identificaci\u00f3. Moltes entitats tenen fins i tot possibilitat de realitzar alta en l\u00ednia sense necessitat de despla\u00e7ar-se a la seva oficina. Consulteu amb el vostre Banc.<\/p>\n<p style=\"font-weight: 400;\">El sistema consisteix que quan vost\u00e8 acaba de seleccionar el m\u00e8tode de pagament i SENSE NECESSITAT DE POSAR DADES DE LA SEVA TARGETA A STARMODUL SL, la nostra botiga li envia a vost\u00e8 juntament amb la informaci\u00f3 de la seva comanda directament a la passarel\u00b7la segura del banc perqu\u00e8 finalitzi el proc\u00e9s de compra amb la targeta. D&#8217;aquesta manera la seva Publicitat MAI sap les dades de la targeta.<\/p>\n\t\t\t\t\t\t\t\t<\/div>\n\t\t\t\t<\/div>\n\t\t\t\t\t<\/div>\n\t\t<\/div>\n\t\t\t\t\t<\/div>\n\t\t<\/section>\n\t\t\t\t<\/div>\n\t\t","protected":false},"excerpt":{"rendered":"<p>Pagament segur El nostre objectiu \u00e9s fer que la vostra compra sigui f\u00e0cil i r\u00e0pida oferint-vos varietat de formes de pagament, perqu\u00e8 pugueu triar la que m\u00e9s us convingui. S&#8217;accepta pagament amb targeta de cr\u00e8dit\/d\u00e8bit, per transfer\u00e8ncia banc\u00e0ria o per PayPal. El Client es compromet a pagar en el moment que fa la comanda. Al [&hellip;]<\/p>\n","protected":false},"author":303,"featured_media":0,"parent":0,"menu_order":0,"comment_status":"closed","ping_status":"closed","template":"elementor_header_footer","meta":{"footnotes":""},"class_list":["post-10167","page","type-page","status-publish","hentry"],"_links":{"self":[{"href":"https:\/\/starmodul.com\/ca\/wp-json\/wp\/v2\/pages\/10167","targetHints":{"allow":["GET"]}}],"collection":[{"href":"https:\/\/starmodul.com\/ca\/wp-json\/wp\/v2\/pages"}],"about":[{"href":"https:\/\/starmodul.com\/ca\/wp-json\/wp\/v2\/types\/page"}],"author":[{"embeddable":true,"href":"https:\/\/starmodul.com\/ca\/wp-json\/wp\/v2\/users\/303"}],"replies":[{"embeddable":true,"href":"https:\/\/starmodul.com\/ca\/wp-json\/wp\/v2\/comments?post=10167"}],"version-history":[{"count":0,"href":"https:\/\/starmodul.com\/ca\/wp-json\/wp\/v2\/pages\/10167\/revisions"}],"wp:attachment":[{"href":"https:\/\/starmodul.com\/ca\/wp-json\/wp\/v2\/media?parent=10167"}],"curies":[{"name":"wp","href":"https:\/\/api.w.org\/{rel}","templated":true}]}}